{"id":17358,"date":"2025-01-15T14:18:42","date_gmt":"2025-01-15T13:18:42","guid":{"rendered":"https:\/\/hello-suns.com\/producten\/nova\/"},"modified":"2026-03-02T12:35:51","modified_gmt":"2026-03-02T11:35:51","slug":"nova","status":"publish","type":"product","link":"https:\/\/hello-suns.com\/es\/productos\/nova\/","title":{"rendered":"Nova"},"content":{"rendered":"<h2 style=\"font-weight: 400;\">Nova es nuevo<\/h2>\n<p style=\"font-weight: 400;\">Novedad de SUNS: una mesa de comedor baja ante la que realmente te sientas. Descubre lo vers\u00e1til que puede ser el redondo.<\/p>\n","protected":false},"excerpt":{"rendered":"<h3 style=\"font-weight: 400;\">Tablero resistente a los ara\u00f1azos hecho de material 100% natural<\/h3>\n<p style=\"font-weight: 400;\">Al comedor bajo Nova le gusta ser el centro de atenci\u00f3n. Con su ic\u00f3nico dise\u00f1o de los a\u00f1os 50 y su tablero redondo, esta mesa es un complemento vers\u00e1til para tu jard\u00edn o patio. El tablero de la mesa es de piedra sinterizada: un material duradero, resistente a los ara\u00f1azos y al desgaste, compuesto por materias primas 100% naturales y que proporciona un aspecto \u00fanico. La mesa de comedor baja Nova est\u00e1 disponible en varios tama\u00f1os. Por tanto, puedes combinarla perfectamente con un gran n\u00famero de sillas de comedor bajas de las colecciones SUNS.<\/p>\n","protected":false},"featured_media":17363,"comment_status":"closed","ping_status":"closed","template":"","meta":{"_acf_changed":false},"product_brand":[],"product_cat":[838],"product_tag":[],"material":[],"class_list":{"0":"post-17358","1":"product","2":"type-product","3":"status-publish","4":"has-post-thumbnail","6":"product_cat-mesas-de-low-dining","8":"first","9":"instock","10":"shipping-taxable","11":"product-type-simple"},"acf":[],"yoast_head":"<!-- This site is optimized with the Yoast SEO plugin v26.8 - https:\/\/yoast.com\/product\/yoast-seo-wordpress\/ -->\n<title>Descubre Nova Lowdiningtable | SUNS Outdoor Lifestyle<\/title>\n<meta name=\"description\" content=\"\u00bfBuscas una elegante mesa baja de comedor nova? SUNS ofrece mesas bajas de comedor elegantes y duraderas con un dise\u00f1o moderno, perfectas para un jard\u00edn relajante.\" \/>\n<meta name=\"robots\" content=\"index, follow, max-snippet:-1, max-image-preview:large, max-video-preview:-1\" \/>\n<link rel=\"canonical\" href=\"https:\/\/hello-suns.com\/es\/productos\/nova\/\" \/>\n<meta property=\"og:locale\" content=\"es_ES\" \/>\n<meta property=\"og:type\" content=\"article\" \/>\n<meta property=\"og:title\" content=\"Descubre Nova Lowdiningtable | SUNS Outdoor Lifestyle\" \/>\n<meta property=\"og:description\" content=\"\u00bfBuscas una elegante mesa baja de comedor nova? SUNS ofrece mesas bajas de comedor elegantes y duraderas con un dise\u00f1o moderno, perfectas para un jard\u00edn relajante.\" \/>\n<meta property=\"og:url\" content=\"https:\/\/hello-suns.com\/es\/productos\/nova\/\" \/>\n<meta property=\"og:site_name\" content=\"SUNS\" \/>\n<meta property=\"article:modified_time\" content=\"2026-03-02T11:35:51+00:00\" \/>\n<meta property=\"og:image\" content=\"https:\/\/hello-suns.com\/app\/uploads\/2025\/01\/01_Nova-SUNS-diningtable-CS-Free-25-2500-2-02.png\" \/>\n\t<meta property=\"og:image:width\" content=\"2500\" \/>\n\t<meta property=\"og:image:height\" content=\"1667\" \/>\n\t<meta property=\"og:image:type\" content=\"image\/png\" \/>\n<meta name=\"twitter:card\" content=\"summary_large_image\" \/>\n<meta name=\"twitter:label1\" content=\"Est. reading time\" \/>\n\t<meta name=\"twitter:data1\" content=\"3 minutes\" \/>\n<script type=\"application\/ld+json\" class=\"yoast-schema-graph\">{\"@context\":\"https:\/\/schema.org\",\"@graph\":[{\"@type\":\"WebPage\",\"@id\":\"https:\/\/hello-suns.com\/es\/productos\/nova\/\",\"url\":\"https:\/\/hello-suns.com\/es\/productos\/nova\/\",\"name\":\"Descubre Nova Lowdiningtable | SUNS Outdoor Lifestyle\",\"isPartOf\":{\"@id\":\"https:\/\/hello-suns.com\/es\/#website\"},\"primaryImageOfPage\":{\"@id\":\"https:\/\/hello-suns.com\/es\/productos\/nova\/#primaryimage\"},\"image\":{\"@id\":\"https:\/\/hello-suns.com\/es\/productos\/nova\/#primaryimage\"},\"thumbnailUrl\":\"https:\/\/hello-suns.com\/app\/uploads\/2025\/01\/01_Nova-SUNS-diningtable-CS-Free-25-2500-2-02.png\",\"datePublished\":\"2025-01-15T13:18:42+00:00\",\"dateModified\":\"2026-03-02T11:35:51+00:00\",\"description\":\"\u00bfBuscas una elegante mesa baja de comedor nova? SUNS ofrece mesas bajas de comedor elegantes y duraderas con un dise\u00f1o moderno, perfectas para un jard\u00edn relajante.\",\"breadcrumb\":{\"@id\":\"https:\/\/hello-suns.com\/es\/productos\/nova\/#breadcrumb\"},\"inLanguage\":\"es-ES\",\"potentialAction\":[{\"@type\":\"ReadAction\",\"target\":[\"https:\/\/hello-suns.com\/es\/productos\/nova\/\"]}]},{\"@type\":\"ImageObject\",\"inLanguage\":\"es-ES\",\"@id\":\"https:\/\/hello-suns.com\/es\/productos\/nova\/#primaryimage\",\"url\":\"https:\/\/hello-suns.com\/app\/uploads\/2025\/01\/01_Nova-SUNS-diningtable-CS-Free-25-2500-2-02.png\",\"contentUrl\":\"https:\/\/hello-suns.com\/app\/uploads\/2025\/01\/01_Nova-SUNS-diningtable-CS-Free-25-2500-2-02.png\",\"width\":2500,\"height\":1667},{\"@type\":\"BreadcrumbList\",\"@id\":\"https:\/\/hello-suns.com\/es\/productos\/nova\/#breadcrumb\",\"itemListElement\":[{\"@type\":\"ListItem\",\"position\":1,\"name\":\"\",\"item\":\"https:\/\/hello-suns.com\/es\/\"},{\"@type\":\"ListItem\",\"position\":2,\"name\":\"Productos\",\"item\":\"https:\/\/hello-suns.com\/es\/productos\/\"},{\"@type\":\"ListItem\",\"position\":3,\"name\":\"Nova\"}]},{\"@type\":\"WebSite\",\"@id\":\"https:\/\/hello-suns.com\/es\/#website\",\"url\":\"https:\/\/hello-suns.com\/es\/\",\"name\":\"SUNS\",\"description\":\"Outdoor Lifestyle\",\"potentialAction\":[{\"@type\":\"SearchAction\",\"target\":{\"@type\":\"EntryPoint\",\"urlTemplate\":\"https:\/\/hello-suns.com\/es\/?s={search_term_string}\"},\"query-input\":{\"@type\":\"PropertyValueSpecification\",\"valueRequired\":true,\"valueName\":\"search_term_string\"}}],\"inLanguage\":\"es-ES\"}]}<\/script>\n<!-- \/ Yoast SEO plugin. -->","yoast_head_json":{"title":"Descubre Nova Lowdiningtable | SUNS Outdoor Lifestyle","description":"\u00bfBuscas una elegante mesa baja de comedor nova? SUNS ofrece mesas bajas de comedor elegantes y duraderas con un dise\u00f1o moderno, perfectas para un jard\u00edn relajante.","robots":{"index":"index","follow":"follow","max-snippet":"max-snippet:-1","max-image-preview":"max-image-preview:large","max-video-preview":"max-video-preview:-1"},"canonical":"https:\/\/hello-suns.com\/es\/productos\/nova\/","og_locale":"es_ES","og_type":"article","og_title":"Descubre Nova Lowdiningtable | SUNS Outdoor Lifestyle","og_description":"\u00bfBuscas una elegante mesa baja de comedor nova? SUNS ofrece mesas bajas de comedor elegantes y duraderas con un dise\u00f1o moderno, perfectas para un jard\u00edn relajante.","og_url":"https:\/\/hello-suns.com\/es\/productos\/nova\/","og_site_name":"SUNS","article_modified_time":"2026-03-02T11:35:51+00:00","og_image":[{"width":2500,"height":1667,"url":"https:\/\/hello-suns.com\/app\/uploads\/2025\/01\/01_Nova-SUNS-diningtable-CS-Free-25-2500-2-02.png","type":"image\/png"}],"twitter_card":"summary_large_image","twitter_misc":{"Est. reading time":"3 minutes"},"schema":{"@context":"https:\/\/schema.org","@graph":[{"@type":"WebPage","@id":"https:\/\/hello-suns.com\/es\/productos\/nova\/","url":"https:\/\/hello-suns.com\/es\/productos\/nova\/","name":"Descubre Nova Lowdiningtable | SUNS Outdoor Lifestyle","isPartOf":{"@id":"https:\/\/hello-suns.com\/es\/#website"},"primaryImageOfPage":{"@id":"https:\/\/hello-suns.com\/es\/productos\/nova\/#primaryimage"},"image":{"@id":"https:\/\/hello-suns.com\/es\/productos\/nova\/#primaryimage"},"thumbnailUrl":"https:\/\/hello-suns.com\/app\/uploads\/2025\/01\/01_Nova-SUNS-diningtable-CS-Free-25-2500-2-02.png","datePublished":"2025-01-15T13:18:42+00:00","dateModified":"2026-03-02T11:35:51+00:00","description":"\u00bfBuscas una elegante mesa baja de comedor nova? SUNS ofrece mesas bajas de comedor elegantes y duraderas con un dise\u00f1o moderno, perfectas para un jard\u00edn relajante.","breadcrumb":{"@id":"https:\/\/hello-suns.com\/es\/productos\/nova\/#breadcrumb"},"inLanguage":"es-ES","potentialAction":[{"@type":"ReadAction","target":["https:\/\/hello-suns.com\/es\/productos\/nova\/"]}]},{"@type":"ImageObject","inLanguage":"es-ES","@id":"https:\/\/hello-suns.com\/es\/productos\/nova\/#primaryimage","url":"https:\/\/hello-suns.com\/app\/uploads\/2025\/01\/01_Nova-SUNS-diningtable-CS-Free-25-2500-2-02.png","contentUrl":"https:\/\/hello-suns.com\/app\/uploads\/2025\/01\/01_Nova-SUNS-diningtable-CS-Free-25-2500-2-02.png","width":2500,"height":1667},{"@type":"BreadcrumbList","@id":"https:\/\/hello-suns.com\/es\/productos\/nova\/#breadcrumb","itemListElement":[{"@type":"ListItem","position":1,"name":"","item":"https:\/\/hello-suns.com\/es\/"},{"@type":"ListItem","position":2,"name":"Productos","item":"https:\/\/hello-suns.com\/es\/productos\/"},{"@type":"ListItem","position":3,"name":"Nova"}]},{"@type":"WebSite","@id":"https:\/\/hello-suns.com\/es\/#website","url":"https:\/\/hello-suns.com\/es\/","name":"SUNS","description":"Outdoor Lifestyle","potentialAction":[{"@type":"SearchAction","target":{"@type":"EntryPoint","urlTemplate":"https:\/\/hello-suns.com\/es\/?s={search_term_string}"},"query-input":{"@type":"PropertyValueSpecification","valueRequired":true,"valueName":"search_term_string"}}],"inLanguage":"es-ES"}]}},"_links":{"self":[{"href":"https:\/\/hello-suns.com\/es\/wp-json\/wp\/v2\/product\/17358","targetHints":{"allow":["GET"]}}],"collection":[{"href":"https:\/\/hello-suns.com\/es\/wp-json\/wp\/v2\/product"}],"about":[{"href":"https:\/\/hello-suns.com\/es\/wp-json\/wp\/v2\/types\/product"}],"replies":[{"embeddable":true,"href":"https:\/\/hello-suns.com\/es\/wp-json\/wp\/v2\/comments?post=17358"}],"wp:featuredmedia":[{"embeddable":true,"href":"https:\/\/hello-suns.com\/es\/wp-json\/wp\/v2\/media\/17363"}],"wp:attachment":[{"href":"https:\/\/hello-suns.com\/es\/wp-json\/wp\/v2\/media?parent=17358"}],"wp:term":[{"taxonomy":"product_brand","embeddable":true,"href":"https:\/\/hello-suns.com\/es\/wp-json\/wp\/v2\/product_brand?post=17358"},{"taxonomy":"product_cat","embeddable":true,"href":"https:\/\/hello-suns.com\/es\/wp-json\/wp\/v2\/product_cat?post=17358"},{"taxonomy":"product_tag","embeddable":true,"href":"https:\/\/hello-suns.com\/es\/wp-json\/wp\/v2\/product_tag?post=17358"},{"taxonomy":"material","embeddable":true,"href":"https:\/\/hello-suns.com\/es\/wp-json\/wp\/v2\/material?post=17358"}],"curies":[{"name":"wp","href":"https:\/\/api.w.org\/{rel}","templated":true}]}}