{"id":17336,"date":"2025-01-15T13:47:29","date_gmt":"2025-01-15T13:47:29","guid":{"rendered":"https:\/\/hello-suns.com\/producten\/jane\/"},"modified":"2025-09-24T14:50:22","modified_gmt":"2025-09-24T14:50:22","slug":"jane-lamparas","status":"publish","type":"product","link":"https:\/\/hello-suns.com\/es\/productos\/jane-lamparas\/","title":{"rendered":"Jane"},"content":{"rendered":"<h2 style=\"font-weight: 400;\"><span class=\"TextRun SCXW12765819 BCX0\" lang=\"NL-NL\" xml:lang=\"NL-NL\" data-contrast=\"none\"><span class=\"NormalTextRun SCXW12765819 BCX0\">Vida al aire libre<\/span><\/span><\/h2>\n<p><span class=\"TextRun SCXW32321120 BCX0\" lang=\"NL-NL\" xml:lang=\"NL-NL\" data-contrast=\"auto\"><span class=\"NormalTextRun SCXW32321120 BCX0\">SUNS resalta la calidad del sal\u00f3n.<\/span> <span class=\"NormalTextRun SCXW32321120 BCX0\">Con<\/span><span class=\"NormalTextRun SCXW32321120 BCX0\"> Jane &#8211; con energ\u00eda solar <\/span><span class=\"NormalTextRun SCXW32321120 BCX0\">&#8211; da a tu <\/span><span class=\"NormalTextRun SCXW32321120 BCX0\">jard\u00edn o terraza un ambiente \u00fanico.<\/span><\/span><\/p>\n","protected":false},"excerpt":{"rendered":"<h3><span class=\"TextRun SCXW66834808 BCX0\" lang=\"NL-NL\" xml:lang=\"NL-NL\" data-contrast=\"none\"><span class=\"NormalTextRun SCXW66834808 BCX0\">Iluminaci\u00f3n inal\u00e1mbrica de salones para exteriores<\/span><\/span><\/h3>\n<p><span data-contrast=\"none\">Jane es la cr\u00e8me-de-la-cr\u00e8me de las l\u00e1mparas de exterior. Su hermoso dise\u00f1o a\u00f1ade un ambiente \u00fanico a tu jard\u00edn o terraza. Adem\u00e1s, aqu\u00ed ambiente y funcionalidad van de la mano. \u00a1Esta l\u00e1mpara de exterior ni siquiera necesita fuente de alimentaci\u00f3n!<\/span> <span data-contrast=\"none\">Jane tiene una c\u00e9lula solar integrada y recoge suficiente energ\u00eda durante el d\u00eda para proporcionarte luz por la noche. La l\u00e1mpara tambi\u00e9n es recargable en d\u00edas oscuros mediante un cable USB-C. <\/span><span data-contrast=\"none\">Una bater\u00eda totalmente cargada proporciona hasta 18 horas de luz. La luz es conmutable en tres modos para obtener la intensidad luminosa adecuada para leer o relajarse, por ejemplo. <\/span><span data-contrast=\"none\">Jane consta de soporte, l\u00e1mpara y m\u00f3dulo solar integrado. Dentro de la colecci\u00f3n, SUNS ofrece otras luces de exterior alimentadas por energ\u00eda solar. Dise\u00f1a libremente un plan completo de iluminaci\u00f3n inal\u00e1mbrica para tu jard\u00edn o terraza. <\/span><\/p>\n<p><b><span data-contrast=\"none\">Intensidad luminosa y horas de funcionamiento<\/span><\/b><br \/>\n<span data-contrast=\"none\">Tres posiciones de conmutaci\u00f3n: 30% | 50% | 100% de intensidad luminosa<\/span><br \/>\n<span data-contrast=\"none\">Tambi\u00e9n puede cambiar autom\u00e1ticamente.<\/span><\/p>\n<p><span data-contrast=\"none\">Horas de funcionamiento tras 5 horas de carga a la luz directa del sol:<\/span><br \/>\n<span data-contrast=\"none\">Ajuste 1 &#8211; intensidad de luz 30% | 10 horas<\/span><br \/>\n<span data-contrast=\"none\">Ajuste 2 &#8211; intensidad de luz 50% | 8 horas<\/span><br \/>\n<span data-contrast=\"none\">Ajuste 3 &#8211; intensidad de luz 100% | 5 horas<\/span><\/p>\n<p><span data-contrast=\"none\">Quema horas despu\u00e9s de cargarlo completamente con el cable USB-C:<\/span><br \/>\n<span data-contrast=\"none\">Ajuste 1 &#8211; intensidad de luz 30% | 18 horas<\/span><br \/>\n<span data-contrast=\"none\">Ajuste 2 &#8211; intensidad de luz 50% | 12 horas<\/span><br \/>\n<span data-contrast=\"none\">Ajuste 3 &#8211; intensidad de luz 100% | 7 horas<\/span><\/p>\n","protected":false},"featured_media":17337,"comment_status":"closed","ping_status":"closed","template":"","meta":{"_acf_changed":false},"product_brand":[],"product_cat":[817,840],"product_tag":[],"material":[],"class_list":{"0":"post-17336","1":"product","2":"type-product","3":"status-publish","4":"has-post-thumbnail","6":"product_cat-styling","7":"product_cat-lamparas","9":"first","10":"instock","11":"shipping-taxable","12":"product-type-simple"},"acf":[],"yoast_head":"<!-- This site is optimized with the Yoast SEO plugin v26.8 - https:\/\/yoast.com\/product\/yoast-seo-wordpress\/ -->\n<title>Descubre la l\u00e1mpara de exterior Jane | SUNS Outdoor Lifestyle<\/title>\n<meta name=\"description\" content=\"\u00bfBuscas una elegante l\u00e1mpara de exterior jane? SUNS ofrece l\u00e1mparas de exterior elegantes y duraderas que combinan a la perfecci\u00f3n ambiente, funcionalidad y dise\u00f1o moderno.\" \/>\n<meta name=\"robots\" content=\"index, follow, max-snippet:-1, max-image-preview:large, max-video-preview:-1\" \/>\n<link rel=\"canonical\" href=\"https:\/\/hello-suns.com\/es\/productos\/jane-lamparas\/\" \/>\n<meta property=\"og:locale\" content=\"es_ES\" \/>\n<meta property=\"og:type\" content=\"article\" \/>\n<meta property=\"og:title\" content=\"Descubre la l\u00e1mpara de exterior Jane | SUNS Outdoor Lifestyle\" \/>\n<meta property=\"og:description\" content=\"\u00bfBuscas una elegante l\u00e1mpara de exterior jane? SUNS ofrece l\u00e1mparas de exterior elegantes y duraderas que combinan a la perfecci\u00f3n ambiente, funcionalidad y dise\u00f1o moderno.\" \/>\n<meta property=\"og:url\" content=\"https:\/\/hello-suns.com\/es\/productos\/jane-lamparas\/\" \/>\n<meta property=\"og:site_name\" content=\"SUNS\" \/>\n<meta property=\"article:modified_time\" content=\"2025-09-24T14:50:22+00:00\" \/>\n<meta property=\"og:image\" content=\"https:\/\/hello-suns.com\/app\/uploads\/2025\/01\/Jane-SUNS-Solar-TK-CS-Free-22-1-2500_TBG.png\" \/>\n\t<meta property=\"og:image:width\" content=\"2500\" \/>\n\t<meta property=\"og:image:height\" content=\"1667\" \/>\n\t<meta property=\"og:image:type\" content=\"image\/png\" \/>\n<meta name=\"twitter:card\" content=\"summary_large_image\" \/>\n<meta name=\"twitter:label1\" content=\"Est. reading time\" \/>\n\t<meta name=\"twitter:data1\" content=\"2 minutes\" \/>\n<script type=\"application\/ld+json\" class=\"yoast-schema-graph\">{\"@context\":\"https:\/\/schema.org\",\"@graph\":[{\"@type\":\"WebPage\",\"@id\":\"https:\/\/hello-suns.com\/es\/productos\/jane-lamparas\/\",\"url\":\"https:\/\/hello-suns.com\/es\/productos\/jane-lamparas\/\",\"name\":\"Descubre la l\u00e1mpara de exterior Jane | SUNS Outdoor Lifestyle\",\"isPartOf\":{\"@id\":\"https:\/\/hello-suns.com\/es\/#website\"},\"primaryImageOfPage\":{\"@id\":\"https:\/\/hello-suns.com\/es\/productos\/jane-lamparas\/#primaryimage\"},\"image\":{\"@id\":\"https:\/\/hello-suns.com\/es\/productos\/jane-lamparas\/#primaryimage\"},\"thumbnailUrl\":\"https:\/\/hello-suns.com\/app\/uploads\/2025\/01\/Jane-SUNS-Solar-TK-CS-Free-22-1-2500_TBG.png\",\"datePublished\":\"2025-01-15T13:47:29+00:00\",\"dateModified\":\"2025-09-24T14:50:22+00:00\",\"description\":\"\u00bfBuscas una elegante l\u00e1mpara de exterior jane? SUNS ofrece l\u00e1mparas de exterior elegantes y duraderas que combinan a la perfecci\u00f3n ambiente, funcionalidad y dise\u00f1o moderno.\",\"breadcrumb\":{\"@id\":\"https:\/\/hello-suns.com\/es\/productos\/jane-lamparas\/#breadcrumb\"},\"inLanguage\":\"es-ES\",\"potentialAction\":[{\"@type\":\"ReadAction\",\"target\":[\"https:\/\/hello-suns.com\/es\/productos\/jane-lamparas\/\"]}]},{\"@type\":\"ImageObject\",\"inLanguage\":\"es-ES\",\"@id\":\"https:\/\/hello-suns.com\/es\/productos\/jane-lamparas\/#primaryimage\",\"url\":\"https:\/\/hello-suns.com\/app\/uploads\/2025\/01\/Jane-SUNS-Solar-TK-CS-Free-22-1-2500_TBG.png\",\"contentUrl\":\"https:\/\/hello-suns.com\/app\/uploads\/2025\/01\/Jane-SUNS-Solar-TK-CS-Free-22-1-2500_TBG.png\",\"width\":2500,\"height\":1667},{\"@type\":\"BreadcrumbList\",\"@id\":\"https:\/\/hello-suns.com\/es\/productos\/jane-lamparas\/#breadcrumb\",\"itemListElement\":[{\"@type\":\"ListItem\",\"position\":1,\"name\":\"\",\"item\":\"https:\/\/hello-suns.com\/es\/\"},{\"@type\":\"ListItem\",\"position\":2,\"name\":\"Productos\",\"item\":\"https:\/\/hello-suns.com\/es\/productos\/\"},{\"@type\":\"ListItem\",\"position\":3,\"name\":\"Jane\"}]},{\"@type\":\"WebSite\",\"@id\":\"https:\/\/hello-suns.com\/es\/#website\",\"url\":\"https:\/\/hello-suns.com\/es\/\",\"name\":\"SUNS\",\"description\":\"Outdoor Lifestyle\",\"potentialAction\":[{\"@type\":\"SearchAction\",\"target\":{\"@type\":\"EntryPoint\",\"urlTemplate\":\"https:\/\/hello-suns.com\/es\/?s={search_term_string}\"},\"query-input\":{\"@type\":\"PropertyValueSpecification\",\"valueRequired\":true,\"valueName\":\"search_term_string\"}}],\"inLanguage\":\"es-ES\"}]}<\/script>\n<!-- \/ Yoast SEO plugin. -->","yoast_head_json":{"title":"Descubre la l\u00e1mpara de exterior Jane | SUNS Outdoor Lifestyle","description":"\u00bfBuscas una elegante l\u00e1mpara de exterior jane? SUNS ofrece l\u00e1mparas de exterior elegantes y duraderas que combinan a la perfecci\u00f3n ambiente, funcionalidad y dise\u00f1o moderno.","robots":{"index":"index","follow":"follow","max-snippet":"max-snippet:-1","max-image-preview":"max-image-preview:large","max-video-preview":"max-video-preview:-1"},"canonical":"https:\/\/hello-suns.com\/es\/productos\/jane-lamparas\/","og_locale":"es_ES","og_type":"article","og_title":"Descubre la l\u00e1mpara de exterior Jane | SUNS Outdoor Lifestyle","og_description":"\u00bfBuscas una elegante l\u00e1mpara de exterior jane? SUNS ofrece l\u00e1mparas de exterior elegantes y duraderas que combinan a la perfecci\u00f3n ambiente, funcionalidad y dise\u00f1o moderno.","og_url":"https:\/\/hello-suns.com\/es\/productos\/jane-lamparas\/","og_site_name":"SUNS","article_modified_time":"2025-09-24T14:50:22+00:00","og_image":[{"width":2500,"height":1667,"url":"https:\/\/hello-suns.com\/app\/uploads\/2025\/01\/Jane-SUNS-Solar-TK-CS-Free-22-1-2500_TBG.png","type":"image\/png"}],"twitter_card":"summary_large_image","twitter_misc":{"Est. reading time":"2 minutes"},"schema":{"@context":"https:\/\/schema.org","@graph":[{"@type":"WebPage","@id":"https:\/\/hello-suns.com\/es\/productos\/jane-lamparas\/","url":"https:\/\/hello-suns.com\/es\/productos\/jane-lamparas\/","name":"Descubre la l\u00e1mpara de exterior Jane | SUNS Outdoor Lifestyle","isPartOf":{"@id":"https:\/\/hello-suns.com\/es\/#website"},"primaryImageOfPage":{"@id":"https:\/\/hello-suns.com\/es\/productos\/jane-lamparas\/#primaryimage"},"image":{"@id":"https:\/\/hello-suns.com\/es\/productos\/jane-lamparas\/#primaryimage"},"thumbnailUrl":"https:\/\/hello-suns.com\/app\/uploads\/2025\/01\/Jane-SUNS-Solar-TK-CS-Free-22-1-2500_TBG.png","datePublished":"2025-01-15T13:47:29+00:00","dateModified":"2025-09-24T14:50:22+00:00","description":"\u00bfBuscas una elegante l\u00e1mpara de exterior jane? SUNS ofrece l\u00e1mparas de exterior elegantes y duraderas que combinan a la perfecci\u00f3n ambiente, funcionalidad y dise\u00f1o moderno.","breadcrumb":{"@id":"https:\/\/hello-suns.com\/es\/productos\/jane-lamparas\/#breadcrumb"},"inLanguage":"es-ES","potentialAction":[{"@type":"ReadAction","target":["https:\/\/hello-suns.com\/es\/productos\/jane-lamparas\/"]}]},{"@type":"ImageObject","inLanguage":"es-ES","@id":"https:\/\/hello-suns.com\/es\/productos\/jane-lamparas\/#primaryimage","url":"https:\/\/hello-suns.com\/app\/uploads\/2025\/01\/Jane-SUNS-Solar-TK-CS-Free-22-1-2500_TBG.png","contentUrl":"https:\/\/hello-suns.com\/app\/uploads\/2025\/01\/Jane-SUNS-Solar-TK-CS-Free-22-1-2500_TBG.png","width":2500,"height":1667},{"@type":"BreadcrumbList","@id":"https:\/\/hello-suns.com\/es\/productos\/jane-lamparas\/#breadcrumb","itemListElement":[{"@type":"ListItem","position":1,"name":"","item":"https:\/\/hello-suns.com\/es\/"},{"@type":"ListItem","position":2,"name":"Productos","item":"https:\/\/hello-suns.com\/es\/productos\/"},{"@type":"ListItem","position":3,"name":"Jane"}]},{"@type":"WebSite","@id":"https:\/\/hello-suns.com\/es\/#website","url":"https:\/\/hello-suns.com\/es\/","name":"SUNS","description":"Outdoor Lifestyle","potentialAction":[{"@type":"SearchAction","target":{"@type":"EntryPoint","urlTemplate":"https:\/\/hello-suns.com\/es\/?s={search_term_string}"},"query-input":{"@type":"PropertyValueSpecification","valueRequired":true,"valueName":"search_term_string"}}],"inLanguage":"es-ES"}]}},"_links":{"self":[{"href":"https:\/\/hello-suns.com\/es\/wp-json\/wp\/v2\/product\/17336","targetHints":{"allow":["GET"]}}],"collection":[{"href":"https:\/\/hello-suns.com\/es\/wp-json\/wp\/v2\/product"}],"about":[{"href":"https:\/\/hello-suns.com\/es\/wp-json\/wp\/v2\/types\/product"}],"replies":[{"embeddable":true,"href":"https:\/\/hello-suns.com\/es\/wp-json\/wp\/v2\/comments?post=17336"}],"wp:featuredmedia":[{"embeddable":true,"href":"https:\/\/hello-suns.com\/es\/wp-json\/wp\/v2\/media\/17337"}],"wp:attachment":[{"href":"https:\/\/hello-suns.com\/es\/wp-json\/wp\/v2\/media?parent=17336"}],"wp:term":[{"taxonomy":"product_brand","embeddable":true,"href":"https:\/\/hello-suns.com\/es\/wp-json\/wp\/v2\/product_brand?post=17336"},{"taxonomy":"product_cat","embeddable":true,"href":"https:\/\/hello-suns.com\/es\/wp-json\/wp\/v2\/product_cat?post=17336"},{"taxonomy":"product_tag","embeddable":true,"href":"https:\/\/hello-suns.com\/es\/wp-json\/wp\/v2\/product_tag?post=17336"},{"taxonomy":"material","embeddable":true,"href":"https:\/\/hello-suns.com\/es\/wp-json\/wp\/v2\/material?post=17336"}],"curies":[{"name":"wp","href":"https:\/\/api.w.org\/{rel}","templated":true}]}}