{"id":17305,"date":"2025-01-15T14:40:12","date_gmt":"2025-01-15T13:40:12","guid":{"rendered":"https:\/\/hello-suns.com\/producten\/tom\/"},"modified":"2026-02-12T09:02:44","modified_gmt":"2026-02-12T08:02:44","slug":"tom-lamparas","status":"publish","type":"product","link":"https:\/\/hello-suns.com\/es\/productos\/tom-lamparas\/","title":{"rendered":"Tom"},"content":{"rendered":"<h2 style=\"font-weight: 400;\"><span class=\"TextRun SCXW236331166 BCX0\" lang=\"NL-NL\" xml:lang=\"NL-NL\" data-contrast=\"auto\"><span class=\"NormalTextRun SCXW236331166 BCX0\">Descubre los matices<\/span><\/span><\/h2>\n<p><span class=\"TextRun SCXW98686682 BCX0\" lang=\"NL-NL\" xml:lang=\"NL-NL\" data-contrast=\"auto\"><span class=\"NormalTextRun SCXW98686682 BCX0\">La luz es emoci\u00f3n. Descubre los matices y siente lo que te produce la luz ambiental. <\/span><\/span><\/p>\n","protected":false},"excerpt":{"rendered":"<h3><span class=\"TextRun SCXW263748667 BCX0\" lang=\"NL-NL\" xml:lang=\"NL-NL\" data-contrast=\"auto\"><span class=\"NormalTextRun SCXW263748667 BCX0\">Dise\u00f1o inal\u00e1mbrico<\/span><\/span><\/h3>\n<p><span data-contrast=\"none\">La l\u00e1mpara de exterior SUNS Tom sabe lo que necesitas por la noche: luz ambiental. Por eso Tom es conmutable en 3 posiciones diferentes y puedes colocarlo f\u00e1cilmente donde lo necesites. En el suelo, sobre una mesa o en un armario de exterior. <\/span><span data-contrast=\"none\">Como las dem\u00e1s l\u00e1mparas de la colecci\u00f3n, Tom obtiene su energ\u00eda del sol y proporciona hasta 18 horas de luz. SUNS Tom tambi\u00e9n se puede cargar en d\u00edas oscuros mediante el cable USB-C incluido. La l\u00e1mpara\/m\u00f3dulo solar tambi\u00e9n est\u00e1 disponible por separado. <\/span><span data-contrast=\"none\">Gracias a sus materiales de alta calidad, Tom es resistente a la intemperie y est\u00e1 disponible en 2 tama\u00f1os y 2 colores. Con esta l\u00e1mpara de exterior y las dem\u00e1s l\u00e1mparas de la colecci\u00f3n SUNS, ya no necesitar\u00e1s una fuente de alimentaci\u00f3n en el jard\u00edn. Esto te permite crear el plan de iluminaci\u00f3n ideal para tu jard\u00edn y terraza de forma totalmente inal\u00e1mbrica. <\/span><\/p>\n<p><b><span data-contrast=\"none\">Intensidad luminosa y horas de funcionamiento<\/span><\/b><br \/>\n<span data-contrast=\"none\">Tres posiciones de conmutaci\u00f3n: 30% | 50% | 100% de intensidad luminosa<\/span><br \/>\n<span data-contrast=\"none\">Tambi\u00e9n puede cambiar autom\u00e1ticamente.<\/span><\/p>\n<p><span data-contrast=\"none\">Horas de funcionamiento tras 5 horas de carga a la luz directa del sol:<\/span><br \/>\n<span data-contrast=\"none\">Ajuste 1 &#8211; intensidad de luz 30% | 10 horas<\/span><br \/>\n<span data-contrast=\"none\">Ajuste 2 &#8211; intensidad de luz 50% | 8 horas<\/span><br \/>\n<span data-contrast=\"none\">Ajuste 3 &#8211; intensidad de luz 100% | 5 horas<\/span><\/p>\n<p><span data-contrast=\"none\">Quema horas despu\u00e9s de cargarlo completamente con el cable USB-C:<\/span><br \/>\n<span data-contrast=\"none\">Ajuste 1 &#8211; intensidad de luz 30% | 18 horas<\/span><br \/>\n<span data-contrast=\"none\">Ajuste 2 &#8211; intensidad de luz 50% | 12 horas<\/span><br \/>\n<span data-contrast=\"none\">Ajuste 3 &#8211; intensidad de luz 100% | 7 horas<\/span><\/p>\n<p>&nbsp;<\/p>\n","protected":false},"featured_media":17307,"comment_status":"closed","ping_status":"closed","template":"","meta":{"_acf_changed":false},"product_brand":[],"product_cat":[817,840],"product_tag":[],"material":[],"class_list":{"0":"post-17305","1":"product","2":"type-product","3":"status-publish","4":"has-post-thumbnail","6":"product_cat-styling","7":"product_cat-lamparas","9":"first","10":"instock","11":"shipping-taxable","12":"product-type-simple"},"acf":[],"yoast_head":"<!-- This site is optimized with the Yoast SEO plugin v26.8 - https:\/\/yoast.com\/product\/yoast-seo-wordpress\/ -->\n<title>Descubre la l\u00e1mpara de exterior Tom | SUNS Outdoor Lifestyle<\/title>\n<meta name=\"description\" content=\"\u00bfBuscas una elegante l\u00e1mpara de exterior Tom? SUNS te ofrece l\u00e1mparas de ambiente con un dise\u00f1o moderno y materiales duraderos, perfectas para tu espacio exterior.\" \/>\n<meta name=\"robots\" content=\"index, follow, max-snippet:-1, max-image-preview:large, max-video-preview:-1\" \/>\n<link rel=\"canonical\" href=\"https:\/\/hello-suns.com\/es\/productos\/tom-lamparas\/\" \/>\n<meta property=\"og:locale\" content=\"es_ES\" \/>\n<meta property=\"og:type\" content=\"article\" \/>\n<meta property=\"og:title\" content=\"Descubre la l\u00e1mpara de exterior Tom | SUNS Outdoor Lifestyle\" \/>\n<meta property=\"og:description\" content=\"\u00bfBuscas una elegante l\u00e1mpara de exterior Tom? SUNS te ofrece l\u00e1mparas de ambiente con un dise\u00f1o moderno y materiales duraderos, perfectas para tu espacio exterior.\" \/>\n<meta property=\"og:url\" content=\"https:\/\/hello-suns.com\/es\/productos\/tom-lamparas\/\" \/>\n<meta property=\"og:site_name\" content=\"SUNS\" \/>\n<meta property=\"article:modified_time\" content=\"2026-02-12T08:02:44+00:00\" \/>\n<meta property=\"og:image\" content=\"https:\/\/hello-suns.com\/app\/uploads\/2025\/01\/Tom-SUNS-Solarlight-TK-SB-M-S-Free-23-1_TBG_Diptych.png\" \/>\n\t<meta property=\"og:image:width\" content=\"2500\" \/>\n\t<meta property=\"og:image:height\" content=\"1667\" \/>\n\t<meta property=\"og:image:type\" content=\"image\/png\" \/>\n<meta name=\"twitter:card\" content=\"summary_large_image\" \/>\n<meta name=\"twitter:label1\" content=\"Est. reading time\" \/>\n\t<meta name=\"twitter:data1\" content=\"2 minutes\" \/>\n<script type=\"application\/ld+json\" class=\"yoast-schema-graph\">{\"@context\":\"https:\/\/schema.org\",\"@graph\":[{\"@type\":\"WebPage\",\"@id\":\"https:\/\/hello-suns.com\/es\/productos\/tom-lamparas\/\",\"url\":\"https:\/\/hello-suns.com\/es\/productos\/tom-lamparas\/\",\"name\":\"Descubre la l\u00e1mpara de exterior Tom | SUNS Outdoor Lifestyle\",\"isPartOf\":{\"@id\":\"https:\/\/hello-suns.com\/es\/#website\"},\"primaryImageOfPage\":{\"@id\":\"https:\/\/hello-suns.com\/es\/productos\/tom-lamparas\/#primaryimage\"},\"image\":{\"@id\":\"https:\/\/hello-suns.com\/es\/productos\/tom-lamparas\/#primaryimage\"},\"thumbnailUrl\":\"https:\/\/hello-suns.com\/app\/uploads\/2025\/01\/Tom-SUNS-Solarlight-TK-SB-M-S-Free-23-1_TBG_Diptych.png\",\"datePublished\":\"2025-01-15T13:40:12+00:00\",\"dateModified\":\"2026-02-12T08:02:44+00:00\",\"description\":\"\u00bfBuscas una elegante l\u00e1mpara de exterior Tom? SUNS te ofrece l\u00e1mparas de ambiente con un dise\u00f1o moderno y materiales duraderos, perfectas para tu espacio exterior.\",\"breadcrumb\":{\"@id\":\"https:\/\/hello-suns.com\/es\/productos\/tom-lamparas\/#breadcrumb\"},\"inLanguage\":\"es-ES\",\"potentialAction\":[{\"@type\":\"ReadAction\",\"target\":[\"https:\/\/hello-suns.com\/es\/productos\/tom-lamparas\/\"]}]},{\"@type\":\"ImageObject\",\"inLanguage\":\"es-ES\",\"@id\":\"https:\/\/hello-suns.com\/es\/productos\/tom-lamparas\/#primaryimage\",\"url\":\"https:\/\/hello-suns.com\/app\/uploads\/2025\/01\/Tom-SUNS-Solarlight-TK-SB-M-S-Free-23-1_TBG_Diptych.png\",\"contentUrl\":\"https:\/\/hello-suns.com\/app\/uploads\/2025\/01\/Tom-SUNS-Solarlight-TK-SB-M-S-Free-23-1_TBG_Diptych.png\",\"width\":2500,\"height\":1667},{\"@type\":\"BreadcrumbList\",\"@id\":\"https:\/\/hello-suns.com\/es\/productos\/tom-lamparas\/#breadcrumb\",\"itemListElement\":[{\"@type\":\"ListItem\",\"position\":1,\"name\":\"\",\"item\":\"https:\/\/hello-suns.com\/es\/\"},{\"@type\":\"ListItem\",\"position\":2,\"name\":\"Productos\",\"item\":\"https:\/\/hello-suns.com\/es\/productos\/\"},{\"@type\":\"ListItem\",\"position\":3,\"name\":\"Tom\"}]},{\"@type\":\"WebSite\",\"@id\":\"https:\/\/hello-suns.com\/es\/#website\",\"url\":\"https:\/\/hello-suns.com\/es\/\",\"name\":\"SUNS\",\"description\":\"Outdoor Lifestyle\",\"potentialAction\":[{\"@type\":\"SearchAction\",\"target\":{\"@type\":\"EntryPoint\",\"urlTemplate\":\"https:\/\/hello-suns.com\/es\/?s={search_term_string}\"},\"query-input\":{\"@type\":\"PropertyValueSpecification\",\"valueRequired\":true,\"valueName\":\"search_term_string\"}}],\"inLanguage\":\"es-ES\"}]}<\/script>\n<!-- \/ Yoast SEO plugin. -->","yoast_head_json":{"title":"Descubre la l\u00e1mpara de exterior Tom | SUNS Outdoor Lifestyle","description":"\u00bfBuscas una elegante l\u00e1mpara de exterior Tom? SUNS te ofrece l\u00e1mparas de ambiente con un dise\u00f1o moderno y materiales duraderos, perfectas para tu espacio exterior.","robots":{"index":"index","follow":"follow","max-snippet":"max-snippet:-1","max-image-preview":"max-image-preview:large","max-video-preview":"max-video-preview:-1"},"canonical":"https:\/\/hello-suns.com\/es\/productos\/tom-lamparas\/","og_locale":"es_ES","og_type":"article","og_title":"Descubre la l\u00e1mpara de exterior Tom | SUNS Outdoor Lifestyle","og_description":"\u00bfBuscas una elegante l\u00e1mpara de exterior Tom? SUNS te ofrece l\u00e1mparas de ambiente con un dise\u00f1o moderno y materiales duraderos, perfectas para tu espacio exterior.","og_url":"https:\/\/hello-suns.com\/es\/productos\/tom-lamparas\/","og_site_name":"SUNS","article_modified_time":"2026-02-12T08:02:44+00:00","og_image":[{"width":2500,"height":1667,"url":"https:\/\/hello-suns.com\/app\/uploads\/2025\/01\/Tom-SUNS-Solarlight-TK-SB-M-S-Free-23-1_TBG_Diptych.png","type":"image\/png"}],"twitter_card":"summary_large_image","twitter_misc":{"Est. reading time":"2 minutes"},"schema":{"@context":"https:\/\/schema.org","@graph":[{"@type":"WebPage","@id":"https:\/\/hello-suns.com\/es\/productos\/tom-lamparas\/","url":"https:\/\/hello-suns.com\/es\/productos\/tom-lamparas\/","name":"Descubre la l\u00e1mpara de exterior Tom | SUNS Outdoor Lifestyle","isPartOf":{"@id":"https:\/\/hello-suns.com\/es\/#website"},"primaryImageOfPage":{"@id":"https:\/\/hello-suns.com\/es\/productos\/tom-lamparas\/#primaryimage"},"image":{"@id":"https:\/\/hello-suns.com\/es\/productos\/tom-lamparas\/#primaryimage"},"thumbnailUrl":"https:\/\/hello-suns.com\/app\/uploads\/2025\/01\/Tom-SUNS-Solarlight-TK-SB-M-S-Free-23-1_TBG_Diptych.png","datePublished":"2025-01-15T13:40:12+00:00","dateModified":"2026-02-12T08:02:44+00:00","description":"\u00bfBuscas una elegante l\u00e1mpara de exterior Tom? SUNS te ofrece l\u00e1mparas de ambiente con un dise\u00f1o moderno y materiales duraderos, perfectas para tu espacio exterior.","breadcrumb":{"@id":"https:\/\/hello-suns.com\/es\/productos\/tom-lamparas\/#breadcrumb"},"inLanguage":"es-ES","potentialAction":[{"@type":"ReadAction","target":["https:\/\/hello-suns.com\/es\/productos\/tom-lamparas\/"]}]},{"@type":"ImageObject","inLanguage":"es-ES","@id":"https:\/\/hello-suns.com\/es\/productos\/tom-lamparas\/#primaryimage","url":"https:\/\/hello-suns.com\/app\/uploads\/2025\/01\/Tom-SUNS-Solarlight-TK-SB-M-S-Free-23-1_TBG_Diptych.png","contentUrl":"https:\/\/hello-suns.com\/app\/uploads\/2025\/01\/Tom-SUNS-Solarlight-TK-SB-M-S-Free-23-1_TBG_Diptych.png","width":2500,"height":1667},{"@type":"BreadcrumbList","@id":"https:\/\/hello-suns.com\/es\/productos\/tom-lamparas\/#breadcrumb","itemListElement":[{"@type":"ListItem","position":1,"name":"","item":"https:\/\/hello-suns.com\/es\/"},{"@type":"ListItem","position":2,"name":"Productos","item":"https:\/\/hello-suns.com\/es\/productos\/"},{"@type":"ListItem","position":3,"name":"Tom"}]},{"@type":"WebSite","@id":"https:\/\/hello-suns.com\/es\/#website","url":"https:\/\/hello-suns.com\/es\/","name":"SUNS","description":"Outdoor Lifestyle","potentialAction":[{"@type":"SearchAction","target":{"@type":"EntryPoint","urlTemplate":"https:\/\/hello-suns.com\/es\/?s={search_term_string}"},"query-input":{"@type":"PropertyValueSpecification","valueRequired":true,"valueName":"search_term_string"}}],"inLanguage":"es-ES"}]}},"_links":{"self":[{"href":"https:\/\/hello-suns.com\/es\/wp-json\/wp\/v2\/product\/17305","targetHints":{"allow":["GET"]}}],"collection":[{"href":"https:\/\/hello-suns.com\/es\/wp-json\/wp\/v2\/product"}],"about":[{"href":"https:\/\/hello-suns.com\/es\/wp-json\/wp\/v2\/types\/product"}],"replies":[{"embeddable":true,"href":"https:\/\/hello-suns.com\/es\/wp-json\/wp\/v2\/comments?post=17305"}],"wp:featuredmedia":[{"embeddable":true,"href":"https:\/\/hello-suns.com\/es\/wp-json\/wp\/v2\/media\/17307"}],"wp:attachment":[{"href":"https:\/\/hello-suns.com\/es\/wp-json\/wp\/v2\/media?parent=17305"}],"wp:term":[{"taxonomy":"product_brand","embeddable":true,"href":"https:\/\/hello-suns.com\/es\/wp-json\/wp\/v2\/product_brand?post=17305"},{"taxonomy":"product_cat","embeddable":true,"href":"https:\/\/hello-suns.com\/es\/wp-json\/wp\/v2\/product_cat?post=17305"},{"taxonomy":"product_tag","embeddable":true,"href":"https:\/\/hello-suns.com\/es\/wp-json\/wp\/v2\/product_tag?post=17305"},{"taxonomy":"material","embeddable":true,"href":"https:\/\/hello-suns.com\/es\/wp-json\/wp\/v2\/material?post=17305"}],"curies":[{"name":"wp","href":"https:\/\/api.w.org\/{rel}","templated":true}]}}