{"id":17288,"date":"2025-01-15T14:43:03","date_gmt":"2025-01-15T13:43:03","guid":{"rendered":"https:\/\/hello-suns.com\/producten\/palermo\/"},"modified":"2026-02-05T13:14:09","modified_gmt":"2026-02-05T12:14:09","slug":"palermo-mesas","status":"publish","type":"product","link":"https:\/\/hello-suns.com\/es\/productos\/palermo-mesas\/","title":{"rendered":"Palermo"},"content":{"rendered":"<h2 style=\"font-weight: 400;\">Dise\u00f1o afilado<\/h2>\n<p style=\"font-weight: 400;\">Un punto de atracci\u00f3n en tu terraza. Un lugar donde a los invitados les gusta quedarse. Palermo no deja lugar a dudas sobre su calidad. Disfruta con estilo de los momentos al aire libre.<\/p>\n","protected":false},"excerpt":{"rendered":"<h3 style=\"font-weight: 400;\">Llama la atenci\u00f3n en varias longitudes<\/h3>\n<p style=\"font-weight: 400;\">Palermo es una mesa en optima forma. Con nada menos que 2,80, 3,40 o 4,20 metros de largo, la Palermo puede acomodar f\u00e1cilmente de 8 a 12 miembros de la familia, amigos e invitados. El armaz\u00f3n, de aluminio industrial de primera calidad, confiere a la mesa un aspecto caracter\u00edsticamente robusto y garantiza que todos los sentados puedan acomodar f\u00e1cilmente las piernas. El marco est\u00e1 disponible en 3 colores. El tablero de la mesa es de teca maciza con una elegante curva en el borde. La mesa Palermo tambi\u00e9n est\u00e1 disponible con tablero de Neolith\u00ae. Un tablero indestructible fabricado con materiales 100% naturales. Esta versi\u00f3n est\u00e1 disponible en tama\u00f1os de 2,80 y 3,20 metros.<\/p>\n","protected":false},"featured_media":17291,"comment_status":"closed","ping_status":"closed","template":"","meta":{"_acf_changed":false},"product_brand":[],"product_cat":[839],"product_tag":[],"material":[],"class_list":{"0":"post-17288","1":"product","2":"type-product","3":"status-publish","4":"has-post-thumbnail","6":"product_cat-mesas","8":"first","9":"instock","10":"shipping-taxable","11":"product-type-simple"},"acf":[],"yoast_head":"<!-- This site is optimized with the Yoast SEO plugin v26.8 - https:\/\/yoast.com\/product\/yoast-seo-wordpress\/ -->\n<title>Descubre la Mesa Palermo | SUNS Outdoor Lifestyle<\/title>\n<meta name=\"description\" content=\"\u00bfBuscas una elegante mesa palermo? SUNS ofrece mesas duraderas con un dise\u00f1o moderno, perfectas para un espacio exterior elegante y funcional.\" \/>\n<meta name=\"robots\" content=\"index, follow, max-snippet:-1, max-image-preview:large, max-video-preview:-1\" \/>\n<link rel=\"canonical\" href=\"https:\/\/hello-suns.com\/es\/productos\/palermo-mesas\/\" \/>\n<meta property=\"og:locale\" content=\"es_ES\" \/>\n<meta property=\"og:type\" content=\"article\" \/>\n<meta property=\"og:title\" content=\"Descubre la Mesa Palermo | SUNS Outdoor Lifestyle\" \/>\n<meta property=\"og:description\" content=\"\u00bfBuscas una elegante mesa palermo? SUNS ofrece mesas duraderas con un dise\u00f1o moderno, perfectas para un espacio exterior elegante y funcional.\" \/>\n<meta property=\"og:url\" content=\"https:\/\/hello-suns.com\/es\/productos\/palermo-mesas\/\" \/>\n<meta property=\"og:site_name\" content=\"SUNS\" \/>\n<meta property=\"article:modified_time\" content=\"2026-02-05T12:14:09+00:00\" \/>\n<meta property=\"og:image\" content=\"https:\/\/hello-suns.com\/app\/uploads\/2025\/01\/01_Palermo-SUNS-Diningtable-CS-NW-Free-23-1-2500-pix.png\" \/>\n\t<meta property=\"og:image:width\" content=\"2500\" \/>\n\t<meta property=\"og:image:height\" content=\"1667\" \/>\n\t<meta property=\"og:image:type\" content=\"image\/png\" \/>\n<meta name=\"twitter:card\" content=\"summary_large_image\" \/>\n<meta name=\"twitter:label1\" content=\"Est. reading time\" \/>\n\t<meta name=\"twitter:data1\" content=\"4 minutes\" \/>\n<script type=\"application\/ld+json\" class=\"yoast-schema-graph\">{\"@context\":\"https:\/\/schema.org\",\"@graph\":[{\"@type\":\"WebPage\",\"@id\":\"https:\/\/hello-suns.com\/es\/productos\/palermo-mesas\/\",\"url\":\"https:\/\/hello-suns.com\/es\/productos\/palermo-mesas\/\",\"name\":\"Descubre la Mesa Palermo | SUNS Outdoor Lifestyle\",\"isPartOf\":{\"@id\":\"https:\/\/hello-suns.com\/es\/#website\"},\"primaryImageOfPage\":{\"@id\":\"https:\/\/hello-suns.com\/es\/productos\/palermo-mesas\/#primaryimage\"},\"image\":{\"@id\":\"https:\/\/hello-suns.com\/es\/productos\/palermo-mesas\/#primaryimage\"},\"thumbnailUrl\":\"https:\/\/hello-suns.com\/app\/uploads\/2025\/01\/01_Palermo-SUNS-Diningtable-CS-NW-Free-23-1-2500-pix.png\",\"datePublished\":\"2025-01-15T13:43:03+00:00\",\"dateModified\":\"2026-02-05T12:14:09+00:00\",\"description\":\"\u00bfBuscas una elegante mesa palermo? SUNS ofrece mesas duraderas con un dise\u00f1o moderno, perfectas para un espacio exterior elegante y funcional.\",\"breadcrumb\":{\"@id\":\"https:\/\/hello-suns.com\/es\/productos\/palermo-mesas\/#breadcrumb\"},\"inLanguage\":\"es-ES\",\"potentialAction\":[{\"@type\":\"ReadAction\",\"target\":[\"https:\/\/hello-suns.com\/es\/productos\/palermo-mesas\/\"]}]},{\"@type\":\"ImageObject\",\"inLanguage\":\"es-ES\",\"@id\":\"https:\/\/hello-suns.com\/es\/productos\/palermo-mesas\/#primaryimage\",\"url\":\"https:\/\/hello-suns.com\/app\/uploads\/2025\/01\/01_Palermo-SUNS-Diningtable-CS-NW-Free-23-1-2500-pix.png\",\"contentUrl\":\"https:\/\/hello-suns.com\/app\/uploads\/2025\/01\/01_Palermo-SUNS-Diningtable-CS-NW-Free-23-1-2500-pix.png\",\"width\":2500,\"height\":1667},{\"@type\":\"BreadcrumbList\",\"@id\":\"https:\/\/hello-suns.com\/es\/productos\/palermo-mesas\/#breadcrumb\",\"itemListElement\":[{\"@type\":\"ListItem\",\"position\":1,\"name\":\"\",\"item\":\"https:\/\/hello-suns.com\/es\/\"},{\"@type\":\"ListItem\",\"position\":2,\"name\":\"Productos\",\"item\":\"https:\/\/hello-suns.com\/es\/productos\/\"},{\"@type\":\"ListItem\",\"position\":3,\"name\":\"Palermo\"}]},{\"@type\":\"WebSite\",\"@id\":\"https:\/\/hello-suns.com\/es\/#website\",\"url\":\"https:\/\/hello-suns.com\/es\/\",\"name\":\"SUNS\",\"description\":\"Outdoor Lifestyle\",\"potentialAction\":[{\"@type\":\"SearchAction\",\"target\":{\"@type\":\"EntryPoint\",\"urlTemplate\":\"https:\/\/hello-suns.com\/es\/?s={search_term_string}\"},\"query-input\":{\"@type\":\"PropertyValueSpecification\",\"valueRequired\":true,\"valueName\":\"search_term_string\"}}],\"inLanguage\":\"es-ES\"}]}<\/script>\n<!-- \/ Yoast SEO plugin. -->","yoast_head_json":{"title":"Descubre la Mesa Palermo | SUNS Outdoor Lifestyle","description":"\u00bfBuscas una elegante mesa palermo? SUNS ofrece mesas duraderas con un dise\u00f1o moderno, perfectas para un espacio exterior elegante y funcional.","robots":{"index":"index","follow":"follow","max-snippet":"max-snippet:-1","max-image-preview":"max-image-preview:large","max-video-preview":"max-video-preview:-1"},"canonical":"https:\/\/hello-suns.com\/es\/productos\/palermo-mesas\/","og_locale":"es_ES","og_type":"article","og_title":"Descubre la Mesa Palermo | SUNS Outdoor Lifestyle","og_description":"\u00bfBuscas una elegante mesa palermo? SUNS ofrece mesas duraderas con un dise\u00f1o moderno, perfectas para un espacio exterior elegante y funcional.","og_url":"https:\/\/hello-suns.com\/es\/productos\/palermo-mesas\/","og_site_name":"SUNS","article_modified_time":"2026-02-05T12:14:09+00:00","og_image":[{"width":2500,"height":1667,"url":"https:\/\/hello-suns.com\/app\/uploads\/2025\/01\/01_Palermo-SUNS-Diningtable-CS-NW-Free-23-1-2500-pix.png","type":"image\/png"}],"twitter_card":"summary_large_image","twitter_misc":{"Est. reading time":"4 minutes"},"schema":{"@context":"https:\/\/schema.org","@graph":[{"@type":"WebPage","@id":"https:\/\/hello-suns.com\/es\/productos\/palermo-mesas\/","url":"https:\/\/hello-suns.com\/es\/productos\/palermo-mesas\/","name":"Descubre la Mesa Palermo | SUNS Outdoor Lifestyle","isPartOf":{"@id":"https:\/\/hello-suns.com\/es\/#website"},"primaryImageOfPage":{"@id":"https:\/\/hello-suns.com\/es\/productos\/palermo-mesas\/#primaryimage"},"image":{"@id":"https:\/\/hello-suns.com\/es\/productos\/palermo-mesas\/#primaryimage"},"thumbnailUrl":"https:\/\/hello-suns.com\/app\/uploads\/2025\/01\/01_Palermo-SUNS-Diningtable-CS-NW-Free-23-1-2500-pix.png","datePublished":"2025-01-15T13:43:03+00:00","dateModified":"2026-02-05T12:14:09+00:00","description":"\u00bfBuscas una elegante mesa palermo? SUNS ofrece mesas duraderas con un dise\u00f1o moderno, perfectas para un espacio exterior elegante y funcional.","breadcrumb":{"@id":"https:\/\/hello-suns.com\/es\/productos\/palermo-mesas\/#breadcrumb"},"inLanguage":"es-ES","potentialAction":[{"@type":"ReadAction","target":["https:\/\/hello-suns.com\/es\/productos\/palermo-mesas\/"]}]},{"@type":"ImageObject","inLanguage":"es-ES","@id":"https:\/\/hello-suns.com\/es\/productos\/palermo-mesas\/#primaryimage","url":"https:\/\/hello-suns.com\/app\/uploads\/2025\/01\/01_Palermo-SUNS-Diningtable-CS-NW-Free-23-1-2500-pix.png","contentUrl":"https:\/\/hello-suns.com\/app\/uploads\/2025\/01\/01_Palermo-SUNS-Diningtable-CS-NW-Free-23-1-2500-pix.png","width":2500,"height":1667},{"@type":"BreadcrumbList","@id":"https:\/\/hello-suns.com\/es\/productos\/palermo-mesas\/#breadcrumb","itemListElement":[{"@type":"ListItem","position":1,"name":"","item":"https:\/\/hello-suns.com\/es\/"},{"@type":"ListItem","position":2,"name":"Productos","item":"https:\/\/hello-suns.com\/es\/productos\/"},{"@type":"ListItem","position":3,"name":"Palermo"}]},{"@type":"WebSite","@id":"https:\/\/hello-suns.com\/es\/#website","url":"https:\/\/hello-suns.com\/es\/","name":"SUNS","description":"Outdoor Lifestyle","potentialAction":[{"@type":"SearchAction","target":{"@type":"EntryPoint","urlTemplate":"https:\/\/hello-suns.com\/es\/?s={search_term_string}"},"query-input":{"@type":"PropertyValueSpecification","valueRequired":true,"valueName":"search_term_string"}}],"inLanguage":"es-ES"}]}},"_links":{"self":[{"href":"https:\/\/hello-suns.com\/es\/wp-json\/wp\/v2\/product\/17288","targetHints":{"allow":["GET"]}}],"collection":[{"href":"https:\/\/hello-suns.com\/es\/wp-json\/wp\/v2\/product"}],"about":[{"href":"https:\/\/hello-suns.com\/es\/wp-json\/wp\/v2\/types\/product"}],"replies":[{"embeddable":true,"href":"https:\/\/hello-suns.com\/es\/wp-json\/wp\/v2\/comments?post=17288"}],"wp:featuredmedia":[{"embeddable":true,"href":"https:\/\/hello-suns.com\/es\/wp-json\/wp\/v2\/media\/17291"}],"wp:attachment":[{"href":"https:\/\/hello-suns.com\/es\/wp-json\/wp\/v2\/media?parent=17288"}],"wp:term":[{"taxonomy":"product_brand","embeddable":true,"href":"https:\/\/hello-suns.com\/es\/wp-json\/wp\/v2\/product_brand?post=17288"},{"taxonomy":"product_cat","embeddable":true,"href":"https:\/\/hello-suns.com\/es\/wp-json\/wp\/v2\/product_cat?post=17288"},{"taxonomy":"product_tag","embeddable":true,"href":"https:\/\/hello-suns.com\/es\/wp-json\/wp\/v2\/product_tag?post=17288"},{"taxonomy":"material","embeddable":true,"href":"https:\/\/hello-suns.com\/es\/wp-json\/wp\/v2\/material?post=17288"}],"curies":[{"name":"wp","href":"https:\/\/api.w.org\/{rel}","templated":true}]}}