{"id":17133,"date":"2025-01-16T09:31:30","date_gmt":"2025-01-16T08:31:30","guid":{"rendered":"https:\/\/hello-suns.com\/producten\/zara\/"},"modified":"2026-02-12T09:09:15","modified_gmt":"2026-02-12T08:09:15","slug":"zara-faroles","status":"publish","type":"product","link":"https:\/\/hello-suns.com\/es\/productos\/zara-faroles\/","title":{"rendered":"Zara"},"content":{"rendered":"<h2 style=\"font-weight: 400;\"><span class=\"TextRun SCXW115124835 BCX0\" lang=\"NL-NL\" xml:lang=\"NL-NL\" data-contrast=\"none\"><span class=\"NormalTextRun SCXW115124835 BCX0\">Disfrute atmosf\u00e9rico<\/span><\/span><\/h2>\n<p><span class=\"TextRun SCXW229290121 BCX0\" lang=\"NL-NL\" xml:lang=\"NL-NL\" data-contrast=\"auto\"><span class=\"NormalTextRun SCXW229290121 BCX0\">Con este<\/span><span class=\"NormalTextRun SCXW229290121 BCX0\">linterna de estilo <\/span><span class=\"NormalTextRun SCXW229290121 BCX0\">crea <\/span><span class=\"NormalTextRun SCXW229290121 BCX0\">un ambiente \u00edntimo en tu jard\u00edn o terraza.<\/span><\/span><\/p>\n","protected":false},"excerpt":{"rendered":"<h3><span class=\"TextRun SCXW206213005 BCX0\" lang=\"NL-NL\" xml:lang=\"NL-NL\" data-contrast=\"auto\"><span class=\"NormalTextRun SCXW206213005 BCX0\">Marco estilizado para una distribuci\u00f3n \u00f3ptima de la luz<\/span><\/span><\/h3>\n<p><span data-contrast=\"auto\">El farol SUNS Zara es una opci\u00f3n elegante para la luz de las velas en el jard\u00edn. Su esbelto marco de aluminio deja pasar mucha luz. El farolillo encaja perfectamente con el estilo de las l\u00e1mparas de exterior SUNS y tiene una combinaci\u00f3n de colores que combina a la perfecci\u00f3n con los muebles de jard\u00edn SUNS. <\/span> <span data-contrast=\"none\">Zara est\u00e1 disponible en diferentes tallas y colores.<\/span><\/p>\n","protected":false},"featured_media":17136,"comment_status":"closed","ping_status":"closed","template":"","meta":{"_acf_changed":false},"product_brand":[],"product_cat":[817,825],"product_tag":[],"material":[],"class_list":{"0":"post-17133","1":"product","2":"type-product","3":"status-publish","4":"has-post-thumbnail","6":"product_cat-styling","7":"product_cat-faroles","9":"first","10":"instock","11":"shipping-taxable","12":"product-type-simple"},"acf":[],"yoast_head":"<!-- This site is optimized with the Yoast SEO plugin v26.8 - https:\/\/yoast.com\/product\/yoast-seo-wordpress\/ -->\n<title>Descubre la linterna Zara | SUNS Outdoor Lifestyle<\/title>\n<meta name=\"description\" content=\"\u00bfBuscas un farol de zara con estilo? SUNS ofrece faroles de exterior atmosf\u00e9ricos con un dise\u00f1o moderno y materiales duraderos para un ambiente c\u00e1lido.\" \/>\n<meta name=\"robots\" content=\"index, follow, max-snippet:-1, max-image-preview:large, max-video-preview:-1\" \/>\n<link rel=\"canonical\" href=\"https:\/\/hello-suns.com\/es\/productos\/zara-faroles\/\" \/>\n<meta property=\"og:locale\" content=\"es_ES\" \/>\n<meta property=\"og:type\" content=\"article\" \/>\n<meta property=\"og:title\" content=\"Descubre la linterna Zara | SUNS Outdoor Lifestyle\" \/>\n<meta property=\"og:description\" content=\"\u00bfBuscas un farol de zara con estilo? SUNS ofrece faroles de exterior atmosf\u00e9ricos con un dise\u00f1o moderno y materiales duraderos para un ambiente c\u00e1lido.\" \/>\n<meta property=\"og:url\" content=\"https:\/\/hello-suns.com\/es\/productos\/zara-faroles\/\" \/>\n<meta property=\"og:site_name\" content=\"SUNS\" \/>\n<meta property=\"article:modified_time\" content=\"2026-02-12T08:09:15+00:00\" \/>\n<meta property=\"og:image\" content=\"https:\/\/hello-suns.com\/app\/uploads\/2025\/01\/Zara-SUNS-Candle-L-M-S-CS-TK-Free-23-1_Tripych.png\" \/>\n\t<meta property=\"og:image:width\" content=\"2500\" \/>\n\t<meta property=\"og:image:height\" content=\"1667\" \/>\n\t<meta property=\"og:image:type\" content=\"image\/png\" \/>\n<meta name=\"twitter:card\" content=\"summary_large_image\" \/>\n<meta name=\"twitter:label1\" content=\"Est. reading time\" \/>\n\t<meta name=\"twitter:data1\" content=\"3 minutes\" \/>\n<script type=\"application\/ld+json\" class=\"yoast-schema-graph\">{\"@context\":\"https:\/\/schema.org\",\"@graph\":[{\"@type\":\"WebPage\",\"@id\":\"https:\/\/hello-suns.com\/es\/productos\/zara-faroles\/\",\"url\":\"https:\/\/hello-suns.com\/es\/productos\/zara-faroles\/\",\"name\":\"Descubre la linterna Zara | SUNS Outdoor Lifestyle\",\"isPartOf\":{\"@id\":\"https:\/\/hello-suns.com\/es\/#website\"},\"primaryImageOfPage\":{\"@id\":\"https:\/\/hello-suns.com\/es\/productos\/zara-faroles\/#primaryimage\"},\"image\":{\"@id\":\"https:\/\/hello-suns.com\/es\/productos\/zara-faroles\/#primaryimage\"},\"thumbnailUrl\":\"https:\/\/hello-suns.com\/app\/uploads\/2025\/01\/Zara-SUNS-Candle-L-M-S-CS-TK-Free-23-1_Tripych.png\",\"datePublished\":\"2025-01-16T08:31:30+00:00\",\"dateModified\":\"2026-02-12T08:09:15+00:00\",\"description\":\"\u00bfBuscas un farol de zara con estilo? SUNS ofrece faroles de exterior atmosf\u00e9ricos con un dise\u00f1o moderno y materiales duraderos para un ambiente c\u00e1lido.\",\"breadcrumb\":{\"@id\":\"https:\/\/hello-suns.com\/es\/productos\/zara-faroles\/#breadcrumb\"},\"inLanguage\":\"es-ES\",\"potentialAction\":[{\"@type\":\"ReadAction\",\"target\":[\"https:\/\/hello-suns.com\/es\/productos\/zara-faroles\/\"]}]},{\"@type\":\"ImageObject\",\"inLanguage\":\"es-ES\",\"@id\":\"https:\/\/hello-suns.com\/es\/productos\/zara-faroles\/#primaryimage\",\"url\":\"https:\/\/hello-suns.com\/app\/uploads\/2025\/01\/Zara-SUNS-Candle-L-M-S-CS-TK-Free-23-1_Tripych.png\",\"contentUrl\":\"https:\/\/hello-suns.com\/app\/uploads\/2025\/01\/Zara-SUNS-Candle-L-M-S-CS-TK-Free-23-1_Tripych.png\",\"width\":2500,\"height\":1667},{\"@type\":\"BreadcrumbList\",\"@id\":\"https:\/\/hello-suns.com\/es\/productos\/zara-faroles\/#breadcrumb\",\"itemListElement\":[{\"@type\":\"ListItem\",\"position\":1,\"name\":\"\",\"item\":\"https:\/\/hello-suns.com\/es\/\"},{\"@type\":\"ListItem\",\"position\":2,\"name\":\"Productos\",\"item\":\"https:\/\/hello-suns.com\/es\/productos\/\"},{\"@type\":\"ListItem\",\"position\":3,\"name\":\"Zara\"}]},{\"@type\":\"WebSite\",\"@id\":\"https:\/\/hello-suns.com\/es\/#website\",\"url\":\"https:\/\/hello-suns.com\/es\/\",\"name\":\"SUNS\",\"description\":\"Outdoor Lifestyle\",\"potentialAction\":[{\"@type\":\"SearchAction\",\"target\":{\"@type\":\"EntryPoint\",\"urlTemplate\":\"https:\/\/hello-suns.com\/es\/?s={search_term_string}\"},\"query-input\":{\"@type\":\"PropertyValueSpecification\",\"valueRequired\":true,\"valueName\":\"search_term_string\"}}],\"inLanguage\":\"es-ES\"}]}<\/script>\n<!-- \/ Yoast SEO plugin. -->","yoast_head_json":{"title":"Descubre la linterna Zara | SUNS Outdoor Lifestyle","description":"\u00bfBuscas un farol de zara con estilo? SUNS ofrece faroles de exterior atmosf\u00e9ricos con un dise\u00f1o moderno y materiales duraderos para un ambiente c\u00e1lido.","robots":{"index":"index","follow":"follow","max-snippet":"max-snippet:-1","max-image-preview":"max-image-preview:large","max-video-preview":"max-video-preview:-1"},"canonical":"https:\/\/hello-suns.com\/es\/productos\/zara-faroles\/","og_locale":"es_ES","og_type":"article","og_title":"Descubre la linterna Zara | SUNS Outdoor Lifestyle","og_description":"\u00bfBuscas un farol de zara con estilo? SUNS ofrece faroles de exterior atmosf\u00e9ricos con un dise\u00f1o moderno y materiales duraderos para un ambiente c\u00e1lido.","og_url":"https:\/\/hello-suns.com\/es\/productos\/zara-faroles\/","og_site_name":"SUNS","article_modified_time":"2026-02-12T08:09:15+00:00","og_image":[{"width":2500,"height":1667,"url":"https:\/\/hello-suns.com\/app\/uploads\/2025\/01\/Zara-SUNS-Candle-L-M-S-CS-TK-Free-23-1_Tripych.png","type":"image\/png"}],"twitter_card":"summary_large_image","twitter_misc":{"Est. reading time":"3 minutes"},"schema":{"@context":"https:\/\/schema.org","@graph":[{"@type":"WebPage","@id":"https:\/\/hello-suns.com\/es\/productos\/zara-faroles\/","url":"https:\/\/hello-suns.com\/es\/productos\/zara-faroles\/","name":"Descubre la linterna Zara | SUNS Outdoor Lifestyle","isPartOf":{"@id":"https:\/\/hello-suns.com\/es\/#website"},"primaryImageOfPage":{"@id":"https:\/\/hello-suns.com\/es\/productos\/zara-faroles\/#primaryimage"},"image":{"@id":"https:\/\/hello-suns.com\/es\/productos\/zara-faroles\/#primaryimage"},"thumbnailUrl":"https:\/\/hello-suns.com\/app\/uploads\/2025\/01\/Zara-SUNS-Candle-L-M-S-CS-TK-Free-23-1_Tripych.png","datePublished":"2025-01-16T08:31:30+00:00","dateModified":"2026-02-12T08:09:15+00:00","description":"\u00bfBuscas un farol de zara con estilo? SUNS ofrece faroles de exterior atmosf\u00e9ricos con un dise\u00f1o moderno y materiales duraderos para un ambiente c\u00e1lido.","breadcrumb":{"@id":"https:\/\/hello-suns.com\/es\/productos\/zara-faroles\/#breadcrumb"},"inLanguage":"es-ES","potentialAction":[{"@type":"ReadAction","target":["https:\/\/hello-suns.com\/es\/productos\/zara-faroles\/"]}]},{"@type":"ImageObject","inLanguage":"es-ES","@id":"https:\/\/hello-suns.com\/es\/productos\/zara-faroles\/#primaryimage","url":"https:\/\/hello-suns.com\/app\/uploads\/2025\/01\/Zara-SUNS-Candle-L-M-S-CS-TK-Free-23-1_Tripych.png","contentUrl":"https:\/\/hello-suns.com\/app\/uploads\/2025\/01\/Zara-SUNS-Candle-L-M-S-CS-TK-Free-23-1_Tripych.png","width":2500,"height":1667},{"@type":"BreadcrumbList","@id":"https:\/\/hello-suns.com\/es\/productos\/zara-faroles\/#breadcrumb","itemListElement":[{"@type":"ListItem","position":1,"name":"","item":"https:\/\/hello-suns.com\/es\/"},{"@type":"ListItem","position":2,"name":"Productos","item":"https:\/\/hello-suns.com\/es\/productos\/"},{"@type":"ListItem","position":3,"name":"Zara"}]},{"@type":"WebSite","@id":"https:\/\/hello-suns.com\/es\/#website","url":"https:\/\/hello-suns.com\/es\/","name":"SUNS","description":"Outdoor Lifestyle","potentialAction":[{"@type":"SearchAction","target":{"@type":"EntryPoint","urlTemplate":"https:\/\/hello-suns.com\/es\/?s={search_term_string}"},"query-input":{"@type":"PropertyValueSpecification","valueRequired":true,"valueName":"search_term_string"}}],"inLanguage":"es-ES"}]}},"_links":{"self":[{"href":"https:\/\/hello-suns.com\/es\/wp-json\/wp\/v2\/product\/17133","targetHints":{"allow":["GET"]}}],"collection":[{"href":"https:\/\/hello-suns.com\/es\/wp-json\/wp\/v2\/product"}],"about":[{"href":"https:\/\/hello-suns.com\/es\/wp-json\/wp\/v2\/types\/product"}],"replies":[{"embeddable":true,"href":"https:\/\/hello-suns.com\/es\/wp-json\/wp\/v2\/comments?post=17133"}],"wp:featuredmedia":[{"embeddable":true,"href":"https:\/\/hello-suns.com\/es\/wp-json\/wp\/v2\/media\/17136"}],"wp:attachment":[{"href":"https:\/\/hello-suns.com\/es\/wp-json\/wp\/v2\/media?parent=17133"}],"wp:term":[{"taxonomy":"product_brand","embeddable":true,"href":"https:\/\/hello-suns.com\/es\/wp-json\/wp\/v2\/product_brand?post=17133"},{"taxonomy":"product_cat","embeddable":true,"href":"https:\/\/hello-suns.com\/es\/wp-json\/wp\/v2\/product_cat?post=17133"},{"taxonomy":"product_tag","embeddable":true,"href":"https:\/\/hello-suns.com\/es\/wp-json\/wp\/v2\/product_tag?post=17133"},{"taxonomy":"material","embeddable":true,"href":"https:\/\/hello-suns.com\/es\/wp-json\/wp\/v2\/material?post=17133"}],"curies":[{"name":"wp","href":"https:\/\/api.w.org\/{rel}","templated":true}]}}