{"id":17127,"date":"2025-01-16T08:35:45","date_gmt":"2025-01-16T07:35:45","guid":{"rendered":"https:\/\/hello-suns.com\/producten\/dolce-3\/"},"modified":"2026-03-05T09:33:07","modified_gmt":"2026-03-05T08:33:07","slug":"dolce-stillas","status":"publish","type":"product","link":"https:\/\/hello-suns.com\/es\/productos\/dolce-stillas\/","title":{"rendered":"Dolce"},"content":{"rendered":"<h2 style=\"font-weight: 400;\">Dolce far niente<\/h2>\n<p style=\"font-weight: 400;\">Los italianos entienden la buena vida. Y tienen buen ojo para el estilo.  Dolce a\u00fana agradablemente dise\u00f1o y confort. Disfruta de la &#8220;ociosidad dichosa&#8221;. <\/p>\n","protected":false},"excerpt":{"rendered":"<h3 class=\"p1\">Dise\u00f1o elegante y c\u00f3modo<\/h3>\n<p style=\"font-weight: 400;\">La silla Dolce es una silla elegante y extremadamente c\u00f3moda. La silla tiene un asiento ancho. El asiento presenta varios tejidos distintivos de cuerda acr\u00edlica y poli\u00e9ster de primera calidad, que proporcionan un aspecto elegante adem\u00e1s de una agradable comodidad de asiento. El armaz\u00f3n de acero inoxidable de alta calidad se curva y est\u00e1 disponible en dos colores: Arena camel y Gris real mate. Esta silla tambi\u00e9n est\u00e1 disponible en versi\u00f3n <a href=\"https:\/\/hello-suns.com\/producten-category\/dining\/low-dining-stoelen\/\">comedor bajo <\/a>. Una silla perfecta, sola o en una mesa baja.     <\/p>\n","protected":false},"featured_media":59031,"comment_status":"closed","ping_status":"closed","template":"","meta":{"_acf_changed":false},"product_brand":[],"product_cat":[811],"product_tag":[],"material":[],"class_list":{"0":"post-17127","1":"product","2":"type-product","3":"status-publish","4":"has-post-thumbnail","6":"product_cat-sillas","8":"first","9":"instock","10":"shipping-taxable","11":"product-type-simple"},"acf":[],"yoast_head":"<!-- This site is optimized with the Yoast SEO plugin v26.8 - https:\/\/yoast.com\/product\/yoast-seo-wordpress\/ -->\n<title>Descubre la Silla Dolce | SUNS muebles de jard\u00edn<\/title>\n<meta name=\"description\" content=\"\u00bfBuscas una elegante silla dolce? SUNS ofrece elegantes sillas que combinan a la perfecci\u00f3n comodidad, durabilidad y dise\u00f1o atemporal.\" \/>\n<meta name=\"robots\" content=\"index, follow, max-snippet:-1, max-image-preview:large, max-video-preview:-1\" \/>\n<link rel=\"canonical\" href=\"https:\/\/hello-suns.com\/es\/productos\/dolce-stillas\/\" \/>\n<meta property=\"og:locale\" content=\"es_ES\" \/>\n<meta property=\"og:type\" content=\"article\" \/>\n<meta property=\"og:title\" content=\"Descubre la Silla Dolce | SUNS muebles de jard\u00edn\" \/>\n<meta property=\"og:description\" content=\"\u00bfBuscas una elegante silla dolce? SUNS ofrece elegantes sillas que combinan a la perfecci\u00f3n comodidad, durabilidad y dise\u00f1o atemporal.\" \/>\n<meta property=\"og:url\" content=\"https:\/\/hello-suns.com\/es\/productos\/dolce-stillas\/\" \/>\n<meta property=\"og:site_name\" content=\"SUNS\" \/>\n<meta property=\"article:modified_time\" content=\"2026-03-05T08:33:07+00:00\" \/>\n<meta property=\"og:image\" content=\"https:\/\/hello-suns.com\/app\/uploads\/2025\/01\/Dolce-SUNS-DiningChair-CS-MR-SSB-Free-26.png\" \/>\n\t<meta property=\"og:image:width\" content=\"3240\" \/>\n\t<meta property=\"og:image:height\" content=\"2160\" \/>\n\t<meta property=\"og:image:type\" content=\"image\/png\" \/>\n<meta name=\"twitter:card\" content=\"summary_large_image\" \/>\n<meta name=\"twitter:label1\" content=\"Est. reading time\" \/>\n\t<meta name=\"twitter:data1\" content=\"3 minutes\" \/>\n<script type=\"application\/ld+json\" class=\"yoast-schema-graph\">{\"@context\":\"https:\/\/schema.org\",\"@graph\":[{\"@type\":\"WebPage\",\"@id\":\"https:\/\/hello-suns.com\/es\/productos\/dolce-stillas\/\",\"url\":\"https:\/\/hello-suns.com\/es\/productos\/dolce-stillas\/\",\"name\":\"Descubre la Silla Dolce | SUNS muebles de jard\u00edn\",\"isPartOf\":{\"@id\":\"https:\/\/hello-suns.com\/es\/#website\"},\"primaryImageOfPage\":{\"@id\":\"https:\/\/hello-suns.com\/es\/productos\/dolce-stillas\/#primaryimage\"},\"image\":{\"@id\":\"https:\/\/hello-suns.com\/es\/productos\/dolce-stillas\/#primaryimage\"},\"thumbnailUrl\":\"https:\/\/hello-suns.com\/app\/uploads\/2025\/01\/Dolce-SUNS-DiningChair-CS-MR-SSB-Free-26.png\",\"datePublished\":\"2025-01-16T07:35:45+00:00\",\"dateModified\":\"2026-03-05T08:33:07+00:00\",\"description\":\"\u00bfBuscas una elegante silla dolce? SUNS ofrece elegantes sillas que combinan a la perfecci\u00f3n comodidad, durabilidad y dise\u00f1o atemporal.\",\"breadcrumb\":{\"@id\":\"https:\/\/hello-suns.com\/es\/productos\/dolce-stillas\/#breadcrumb\"},\"inLanguage\":\"es-ES\",\"potentialAction\":[{\"@type\":\"ReadAction\",\"target\":[\"https:\/\/hello-suns.com\/es\/productos\/dolce-stillas\/\"]}]},{\"@type\":\"ImageObject\",\"inLanguage\":\"es-ES\",\"@id\":\"https:\/\/hello-suns.com\/es\/productos\/dolce-stillas\/#primaryimage\",\"url\":\"https:\/\/hello-suns.com\/app\/uploads\/2025\/01\/Dolce-SUNS-DiningChair-CS-MR-SSB-Free-26.png\",\"contentUrl\":\"https:\/\/hello-suns.com\/app\/uploads\/2025\/01\/Dolce-SUNS-DiningChair-CS-MR-SSB-Free-26.png\",\"width\":3240,\"height\":2160},{\"@type\":\"BreadcrumbList\",\"@id\":\"https:\/\/hello-suns.com\/es\/productos\/dolce-stillas\/#breadcrumb\",\"itemListElement\":[{\"@type\":\"ListItem\",\"position\":1,\"name\":\"\",\"item\":\"https:\/\/hello-suns.com\/es\/\"},{\"@type\":\"ListItem\",\"position\":2,\"name\":\"Productos\",\"item\":\"https:\/\/hello-suns.com\/es\/productos\/\"},{\"@type\":\"ListItem\",\"position\":3,\"name\":\"Dolce\"}]},{\"@type\":\"WebSite\",\"@id\":\"https:\/\/hello-suns.com\/es\/#website\",\"url\":\"https:\/\/hello-suns.com\/es\/\",\"name\":\"SUNS\",\"description\":\"Outdoor Lifestyle\",\"potentialAction\":[{\"@type\":\"SearchAction\",\"target\":{\"@type\":\"EntryPoint\",\"urlTemplate\":\"https:\/\/hello-suns.com\/es\/?s={search_term_string}\"},\"query-input\":{\"@type\":\"PropertyValueSpecification\",\"valueRequired\":true,\"valueName\":\"search_term_string\"}}],\"inLanguage\":\"es-ES\"}]}<\/script>\n<!-- \/ Yoast SEO plugin. -->","yoast_head_json":{"title":"Descubre la Silla Dolce | SUNS muebles de jard\u00edn","description":"\u00bfBuscas una elegante silla dolce? SUNS ofrece elegantes sillas que combinan a la perfecci\u00f3n comodidad, durabilidad y dise\u00f1o atemporal.","robots":{"index":"index","follow":"follow","max-snippet":"max-snippet:-1","max-image-preview":"max-image-preview:large","max-video-preview":"max-video-preview:-1"},"canonical":"https:\/\/hello-suns.com\/es\/productos\/dolce-stillas\/","og_locale":"es_ES","og_type":"article","og_title":"Descubre la Silla Dolce | SUNS muebles de jard\u00edn","og_description":"\u00bfBuscas una elegante silla dolce? SUNS ofrece elegantes sillas que combinan a la perfecci\u00f3n comodidad, durabilidad y dise\u00f1o atemporal.","og_url":"https:\/\/hello-suns.com\/es\/productos\/dolce-stillas\/","og_site_name":"SUNS","article_modified_time":"2026-03-05T08:33:07+00:00","og_image":[{"width":3240,"height":2160,"url":"https:\/\/hello-suns.com\/app\/uploads\/2025\/01\/Dolce-SUNS-DiningChair-CS-MR-SSB-Free-26.png","type":"image\/png"}],"twitter_card":"summary_large_image","twitter_misc":{"Est. reading time":"3 minutes"},"schema":{"@context":"https:\/\/schema.org","@graph":[{"@type":"WebPage","@id":"https:\/\/hello-suns.com\/es\/productos\/dolce-stillas\/","url":"https:\/\/hello-suns.com\/es\/productos\/dolce-stillas\/","name":"Descubre la Silla Dolce | SUNS muebles de jard\u00edn","isPartOf":{"@id":"https:\/\/hello-suns.com\/es\/#website"},"primaryImageOfPage":{"@id":"https:\/\/hello-suns.com\/es\/productos\/dolce-stillas\/#primaryimage"},"image":{"@id":"https:\/\/hello-suns.com\/es\/productos\/dolce-stillas\/#primaryimage"},"thumbnailUrl":"https:\/\/hello-suns.com\/app\/uploads\/2025\/01\/Dolce-SUNS-DiningChair-CS-MR-SSB-Free-26.png","datePublished":"2025-01-16T07:35:45+00:00","dateModified":"2026-03-05T08:33:07+00:00","description":"\u00bfBuscas una elegante silla dolce? SUNS ofrece elegantes sillas que combinan a la perfecci\u00f3n comodidad, durabilidad y dise\u00f1o atemporal.","breadcrumb":{"@id":"https:\/\/hello-suns.com\/es\/productos\/dolce-stillas\/#breadcrumb"},"inLanguage":"es-ES","potentialAction":[{"@type":"ReadAction","target":["https:\/\/hello-suns.com\/es\/productos\/dolce-stillas\/"]}]},{"@type":"ImageObject","inLanguage":"es-ES","@id":"https:\/\/hello-suns.com\/es\/productos\/dolce-stillas\/#primaryimage","url":"https:\/\/hello-suns.com\/app\/uploads\/2025\/01\/Dolce-SUNS-DiningChair-CS-MR-SSB-Free-26.png","contentUrl":"https:\/\/hello-suns.com\/app\/uploads\/2025\/01\/Dolce-SUNS-DiningChair-CS-MR-SSB-Free-26.png","width":3240,"height":2160},{"@type":"BreadcrumbList","@id":"https:\/\/hello-suns.com\/es\/productos\/dolce-stillas\/#breadcrumb","itemListElement":[{"@type":"ListItem","position":1,"name":"","item":"https:\/\/hello-suns.com\/es\/"},{"@type":"ListItem","position":2,"name":"Productos","item":"https:\/\/hello-suns.com\/es\/productos\/"},{"@type":"ListItem","position":3,"name":"Dolce"}]},{"@type":"WebSite","@id":"https:\/\/hello-suns.com\/es\/#website","url":"https:\/\/hello-suns.com\/es\/","name":"SUNS","description":"Outdoor Lifestyle","potentialAction":[{"@type":"SearchAction","target":{"@type":"EntryPoint","urlTemplate":"https:\/\/hello-suns.com\/es\/?s={search_term_string}"},"query-input":{"@type":"PropertyValueSpecification","valueRequired":true,"valueName":"search_term_string"}}],"inLanguage":"es-ES"}]}},"_links":{"self":[{"href":"https:\/\/hello-suns.com\/es\/wp-json\/wp\/v2\/product\/17127","targetHints":{"allow":["GET"]}}],"collection":[{"href":"https:\/\/hello-suns.com\/es\/wp-json\/wp\/v2\/product"}],"about":[{"href":"https:\/\/hello-suns.com\/es\/wp-json\/wp\/v2\/types\/product"}],"replies":[{"embeddable":true,"href":"https:\/\/hello-suns.com\/es\/wp-json\/wp\/v2\/comments?post=17127"}],"wp:featuredmedia":[{"embeddable":true,"href":"https:\/\/hello-suns.com\/es\/wp-json\/wp\/v2\/media\/59031"}],"wp:attachment":[{"href":"https:\/\/hello-suns.com\/es\/wp-json\/wp\/v2\/media?parent=17127"}],"wp:term":[{"taxonomy":"product_brand","embeddable":true,"href":"https:\/\/hello-suns.com\/es\/wp-json\/wp\/v2\/product_brand?post=17127"},{"taxonomy":"product_cat","embeddable":true,"href":"https:\/\/hello-suns.com\/es\/wp-json\/wp\/v2\/product_cat?post=17127"},{"taxonomy":"product_tag","embeddable":true,"href":"https:\/\/hello-suns.com\/es\/wp-json\/wp\/v2\/product_tag?post=17127"},{"taxonomy":"material","embeddable":true,"href":"https:\/\/hello-suns.com\/es\/wp-json\/wp\/v2\/material?post=17127"}],"curies":[{"name":"wp","href":"https:\/\/api.w.org\/{rel}","templated":true}]}}