{"id":17115,"date":"2025-01-16T09:48:38","date_gmt":"2025-01-16T08:48:38","guid":{"rendered":"https:\/\/hello-suns.com\/producten\/arezzo\/"},"modified":"2026-02-12T09:17:51","modified_gmt":"2026-02-12T08:17:51","slug":"arezzo","status":"publish","type":"product","link":"https:\/\/hello-suns.com\/es\/productos\/arezzo\/","title":{"rendered":"Arezzo"},"content":{"rendered":"<h2 style=\"font-weight: 400;\"><span class=\"TextRun SCXW73014450 BCX0\" lang=\"NL-NL\" xml:lang=\"NL-NL\" data-contrast=\"none\"><span class=\"NormalTextRun SpellingErrorV2Themed SCXW73014450 BCX0\">Crea<\/span> <span class=\"NormalTextRun SpellingErrorV2Themed SCXW73014450 BCX0\">tu<\/span> <span class=\"NormalTextRun SpellingErrorV2Themed SCXW73014450 BCX0\">espacio<\/span><\/span><\/h2>\n<p style=\"font-weight: 400;\"><span class=\"TextRun SCXW170607514 BCX0\" lang=\"NL-NL\" xml:lang=\"NL-NL\" data-contrast=\"auto\"><span class=\"NormalTextRun SCXW170607514 BCX0\">Un escabel proporciona <\/span><span class=\"NormalTextRun SCXW170607514 BCX0\">una agradable decoraci\u00f3n<\/span><span class=\"NormalTextRun SCXW170607514 BCX0\"> y un pr\u00e1ctico <\/span><span class=\"NormalTextRun SpellingErrorV2Themed SCXW170607514 BCX0\">asiento<\/span><span class=\"NormalTextRun SCXW170607514 BCX0\">. En <\/span><span class=\"NormalTextRun SCXW170607514 BCX0\">pufs <\/span><span class=\"NormalTextRun SCXW170607514 BCX0\">de SUNS tambi\u00e9n puedes dejarlos en el exterior.<\/span><\/span><\/p>\n","protected":false},"excerpt":{"rendered":"<h3><span class=\"TextRun SCXW144228573 BCX0\" lang=\"NL-NL\" xml:lang=\"NL-NL\" data-contrast=\"auto\"><span class=\"NormalTextRun SCXW144228573 BCX0\">Un ambientador ecol\u00f3gico para el jard\u00edn<\/span><span class=\"NormalTextRun SCXW144228573 BCX0\"> o<\/span><span class=\"NormalTextRun SCXW144228573 BCX0\"> terraza<\/span><\/span><\/h3>\n<p><span data-contrast=\"none\">Arezzo es un puf para exteriores, pero que tambi\u00e9n puede estar en interiores. El puf est\u00e1 hecho de viejas botellas de P.E.T.. Mediante un ingenioso proceso de reciclaje, las botellas se transformaron primero en fibras. A continuaci\u00f3n, las fibras se utilizaron para fabricar estos pufs. Respetuosos con el medio ambiente, bonitos y extremadamente resistentes a la intemperie. <\/span> <span data-contrast=\"none\">Nuestros pufs est\u00e1n disponibles en dos tama\u00f1os, redondo y cuadrado, y en distintos colores. Tambi\u00e9n hay alfombras y cojines disponibles dentro de la l\u00ednea de productos de la familia SUNS P.E.T. <\/span><\/p>\n","protected":false},"featured_media":17121,"comment_status":"closed","ping_status":"closed","template":"","meta":{"_acf_changed":false},"product_brand":[],"product_cat":[817,827],"product_tag":[],"material":[],"class_list":{"0":"post-17115","1":"product","2":"type-product","3":"status-publish","4":"has-post-thumbnail","6":"product_cat-styling","7":"product_cat-pufs","9":"first","10":"instock","11":"shipping-taxable","12":"product-type-simple"},"acf":[],"yoast_head":"<!-- This site is optimized with the Yoast SEO plugin v26.8 - https:\/\/yoast.com\/product\/yoast-seo-wordpress\/ -->\n<title>Reposapi\u00e9s Arezzo | SUNS muebles de jard\u00edn<\/title>\n<meta name=\"description\" content=\"\u00bfBuscas un puf arezzo con estilo? SUNS ofrece pufs arezzo de alta calidad que combinan durabilidad y dise\u00f1o.\" \/>\n<meta name=\"robots\" content=\"index, follow, max-snippet:-1, max-image-preview:large, max-video-preview:-1\" \/>\n<link rel=\"canonical\" href=\"https:\/\/hello-suns.com\/es\/productos\/arezzo\/\" \/>\n<meta property=\"og:locale\" content=\"es_ES\" \/>\n<meta property=\"og:type\" content=\"article\" \/>\n<meta property=\"og:title\" content=\"Reposapi\u00e9s Arezzo | SUNS muebles de jard\u00edn\" \/>\n<meta property=\"og:description\" content=\"\u00bfBuscas un puf arezzo con estilo? SUNS ofrece pufs arezzo de alta calidad que combinan durabilidad y dise\u00f1o.\" \/>\n<meta property=\"og:url\" content=\"https:\/\/hello-suns.com\/es\/productos\/arezzo\/\" \/>\n<meta property=\"og:site_name\" content=\"SUNS\" \/>\n<meta property=\"article:modified_time\" content=\"2026-02-12T08:17:51+00:00\" \/>\n<meta property=\"og:image\" content=\"https:\/\/hello-suns.com\/app\/uploads\/2025\/01\/Arezzo-SUNS-Pouf-Natural-Free-21-1-2500-1.png\" \/>\n\t<meta property=\"og:image:width\" content=\"2500\" \/>\n\t<meta property=\"og:image:height\" content=\"1667\" \/>\n\t<meta property=\"og:image:type\" content=\"image\/png\" \/>\n<meta name=\"twitter:card\" content=\"summary_large_image\" \/>\n<meta name=\"twitter:label1\" content=\"Est. reading time\" \/>\n\t<meta name=\"twitter:data1\" content=\"2 minutes\" \/>\n<script type=\"application\/ld+json\" class=\"yoast-schema-graph\">{\"@context\":\"https:\/\/schema.org\",\"@graph\":[{\"@type\":\"WebPage\",\"@id\":\"https:\/\/hello-suns.com\/es\/productos\/arezzo\/\",\"url\":\"https:\/\/hello-suns.com\/es\/productos\/arezzo\/\",\"name\":\"Reposapi\u00e9s Arezzo | SUNS muebles de jard\u00edn\",\"isPartOf\":{\"@id\":\"https:\/\/hello-suns.com\/es\/#website\"},\"primaryImageOfPage\":{\"@id\":\"https:\/\/hello-suns.com\/es\/productos\/arezzo\/#primaryimage\"},\"image\":{\"@id\":\"https:\/\/hello-suns.com\/es\/productos\/arezzo\/#primaryimage\"},\"thumbnailUrl\":\"https:\/\/hello-suns.com\/app\/uploads\/2025\/01\/Arezzo-SUNS-Pouf-Natural-Free-21-1-2500-1.png\",\"datePublished\":\"2025-01-16T08:48:38+00:00\",\"dateModified\":\"2026-02-12T08:17:51+00:00\",\"description\":\"\u00bfBuscas un puf arezzo con estilo? SUNS ofrece pufs arezzo de alta calidad que combinan durabilidad y dise\u00f1o.\",\"breadcrumb\":{\"@id\":\"https:\/\/hello-suns.com\/es\/productos\/arezzo\/#breadcrumb\"},\"inLanguage\":\"es-ES\",\"potentialAction\":[{\"@type\":\"ReadAction\",\"target\":[\"https:\/\/hello-suns.com\/es\/productos\/arezzo\/\"]}]},{\"@type\":\"ImageObject\",\"inLanguage\":\"es-ES\",\"@id\":\"https:\/\/hello-suns.com\/es\/productos\/arezzo\/#primaryimage\",\"url\":\"https:\/\/hello-suns.com\/app\/uploads\/2025\/01\/Arezzo-SUNS-Pouf-Natural-Free-21-1-2500-1.png\",\"contentUrl\":\"https:\/\/hello-suns.com\/app\/uploads\/2025\/01\/Arezzo-SUNS-Pouf-Natural-Free-21-1-2500-1.png\",\"width\":2500,\"height\":1667},{\"@type\":\"BreadcrumbList\",\"@id\":\"https:\/\/hello-suns.com\/es\/productos\/arezzo\/#breadcrumb\",\"itemListElement\":[{\"@type\":\"ListItem\",\"position\":1,\"name\":\"\",\"item\":\"https:\/\/hello-suns.com\/es\/\"},{\"@type\":\"ListItem\",\"position\":2,\"name\":\"Productos\",\"item\":\"https:\/\/hello-suns.com\/es\/productos\/\"},{\"@type\":\"ListItem\",\"position\":3,\"name\":\"Arezzo\"}]},{\"@type\":\"WebSite\",\"@id\":\"https:\/\/hello-suns.com\/es\/#website\",\"url\":\"https:\/\/hello-suns.com\/es\/\",\"name\":\"SUNS\",\"description\":\"Outdoor Lifestyle\",\"potentialAction\":[{\"@type\":\"SearchAction\",\"target\":{\"@type\":\"EntryPoint\",\"urlTemplate\":\"https:\/\/hello-suns.com\/es\/?s={search_term_string}\"},\"query-input\":{\"@type\":\"PropertyValueSpecification\",\"valueRequired\":true,\"valueName\":\"search_term_string\"}}],\"inLanguage\":\"es-ES\"}]}<\/script>\n<!-- \/ Yoast SEO plugin. -->","yoast_head_json":{"title":"Reposapi\u00e9s Arezzo | SUNS muebles de jard\u00edn","description":"\u00bfBuscas un puf arezzo con estilo? SUNS ofrece pufs arezzo de alta calidad que combinan durabilidad y dise\u00f1o.","robots":{"index":"index","follow":"follow","max-snippet":"max-snippet:-1","max-image-preview":"max-image-preview:large","max-video-preview":"max-video-preview:-1"},"canonical":"https:\/\/hello-suns.com\/es\/productos\/arezzo\/","og_locale":"es_ES","og_type":"article","og_title":"Reposapi\u00e9s Arezzo | SUNS muebles de jard\u00edn","og_description":"\u00bfBuscas un puf arezzo con estilo? SUNS ofrece pufs arezzo de alta calidad que combinan durabilidad y dise\u00f1o.","og_url":"https:\/\/hello-suns.com\/es\/productos\/arezzo\/","og_site_name":"SUNS","article_modified_time":"2026-02-12T08:17:51+00:00","og_image":[{"width":2500,"height":1667,"url":"https:\/\/hello-suns.com\/app\/uploads\/2025\/01\/Arezzo-SUNS-Pouf-Natural-Free-21-1-2500-1.png","type":"image\/png"}],"twitter_card":"summary_large_image","twitter_misc":{"Est. reading time":"2 minutes"},"schema":{"@context":"https:\/\/schema.org","@graph":[{"@type":"WebPage","@id":"https:\/\/hello-suns.com\/es\/productos\/arezzo\/","url":"https:\/\/hello-suns.com\/es\/productos\/arezzo\/","name":"Reposapi\u00e9s Arezzo | SUNS muebles de jard\u00edn","isPartOf":{"@id":"https:\/\/hello-suns.com\/es\/#website"},"primaryImageOfPage":{"@id":"https:\/\/hello-suns.com\/es\/productos\/arezzo\/#primaryimage"},"image":{"@id":"https:\/\/hello-suns.com\/es\/productos\/arezzo\/#primaryimage"},"thumbnailUrl":"https:\/\/hello-suns.com\/app\/uploads\/2025\/01\/Arezzo-SUNS-Pouf-Natural-Free-21-1-2500-1.png","datePublished":"2025-01-16T08:48:38+00:00","dateModified":"2026-02-12T08:17:51+00:00","description":"\u00bfBuscas un puf arezzo con estilo? SUNS ofrece pufs arezzo de alta calidad que combinan durabilidad y dise\u00f1o.","breadcrumb":{"@id":"https:\/\/hello-suns.com\/es\/productos\/arezzo\/#breadcrumb"},"inLanguage":"es-ES","potentialAction":[{"@type":"ReadAction","target":["https:\/\/hello-suns.com\/es\/productos\/arezzo\/"]}]},{"@type":"ImageObject","inLanguage":"es-ES","@id":"https:\/\/hello-suns.com\/es\/productos\/arezzo\/#primaryimage","url":"https:\/\/hello-suns.com\/app\/uploads\/2025\/01\/Arezzo-SUNS-Pouf-Natural-Free-21-1-2500-1.png","contentUrl":"https:\/\/hello-suns.com\/app\/uploads\/2025\/01\/Arezzo-SUNS-Pouf-Natural-Free-21-1-2500-1.png","width":2500,"height":1667},{"@type":"BreadcrumbList","@id":"https:\/\/hello-suns.com\/es\/productos\/arezzo\/#breadcrumb","itemListElement":[{"@type":"ListItem","position":1,"name":"","item":"https:\/\/hello-suns.com\/es\/"},{"@type":"ListItem","position":2,"name":"Productos","item":"https:\/\/hello-suns.com\/es\/productos\/"},{"@type":"ListItem","position":3,"name":"Arezzo"}]},{"@type":"WebSite","@id":"https:\/\/hello-suns.com\/es\/#website","url":"https:\/\/hello-suns.com\/es\/","name":"SUNS","description":"Outdoor Lifestyle","potentialAction":[{"@type":"SearchAction","target":{"@type":"EntryPoint","urlTemplate":"https:\/\/hello-suns.com\/es\/?s={search_term_string}"},"query-input":{"@type":"PropertyValueSpecification","valueRequired":true,"valueName":"search_term_string"}}],"inLanguage":"es-ES"}]}},"_links":{"self":[{"href":"https:\/\/hello-suns.com\/es\/wp-json\/wp\/v2\/product\/17115","targetHints":{"allow":["GET"]}}],"collection":[{"href":"https:\/\/hello-suns.com\/es\/wp-json\/wp\/v2\/product"}],"about":[{"href":"https:\/\/hello-suns.com\/es\/wp-json\/wp\/v2\/types\/product"}],"replies":[{"embeddable":true,"href":"https:\/\/hello-suns.com\/es\/wp-json\/wp\/v2\/comments?post=17115"}],"wp:featuredmedia":[{"embeddable":true,"href":"https:\/\/hello-suns.com\/es\/wp-json\/wp\/v2\/media\/17121"}],"wp:attachment":[{"href":"https:\/\/hello-suns.com\/es\/wp-json\/wp\/v2\/media?parent=17115"}],"wp:term":[{"taxonomy":"product_brand","embeddable":true,"href":"https:\/\/hello-suns.com\/es\/wp-json\/wp\/v2\/product_brand?post=17115"},{"taxonomy":"product_cat","embeddable":true,"href":"https:\/\/hello-suns.com\/es\/wp-json\/wp\/v2\/product_cat?post=17115"},{"taxonomy":"product_tag","embeddable":true,"href":"https:\/\/hello-suns.com\/es\/wp-json\/wp\/v2\/product_tag?post=17115"},{"taxonomy":"material","embeddable":true,"href":"https:\/\/hello-suns.com\/es\/wp-json\/wp\/v2\/material?post=17115"}],"curies":[{"name":"wp","href":"https:\/\/api.w.org\/{rel}","templated":true}]}}