{"id":17114,"date":"2025-01-16T08:41:19","date_gmt":"2025-01-16T08:41:19","guid":{"rendered":"https:\/\/hello-suns.com\/producten\/luca\/"},"modified":"2025-09-25T07:52:23","modified_gmt":"2025-09-25T07:52:23","slug":"luca-faroles","status":"publish","type":"product","link":"https:\/\/hello-suns.com\/es\/productos\/luca-faroles\/","title":{"rendered":"Luca"},"content":{"rendered":"<h2 style=\"font-weight: 400;\"><span class=\"TextRun SCXW69291846 BCX0\" lang=\"NL-NL\" xml:lang=\"NL-NL\" data-contrast=\"none\"><span class=\"NormalTextRun SpellingErrorV2Themed SCXW69291846 BCX0\">Luz de velas<\/span> <span class=\"NormalTextRun SpellingErrorV2Themed SCXW69291846 BCX0\">cena<\/span><\/span><\/h2>\n<p><span class=\"TextRun SCXW141027905 BCX0\" lang=\"NL-NL\" xml:lang=\"NL-NL\" data-contrast=\"auto\"><span class=\"NormalTextRun SCXW141027905 BCX0\">Convierte cualquier cena al aire libre en una cena \u00edntima con el farol Luca. Esta delgada linterna con pr\u00e1ctica asa puede colocarse f\u00e1cilmente en cualquier sitio. <\/span><\/span><\/p>\n","protected":false},"excerpt":{"rendered":"<h3><span class=\"TextRun SCXW29334301 BCX0\" lang=\"NL-NL\" xml:lang=\"NL-NL\" data-contrast=\"auto\"><span class=\"NormalTextRun SCXW29334301 BCX0\">Pr\u00e1ctico<\/span><span class=\"NormalTextRun SCXW29334301 BCX0\">e<\/span><span class=\"NormalTextRun SCXW29334301 BCX0\"> linterna que combina <\/span><span class=\"NormalTextRun SCXW29334301 BCX0\">con la colecci\u00f3n <\/span><span class=\"NormalTextRun SCXW29334301 BCX0\">colecci\u00f3n SUNS<\/span><\/span><\/h3>\n<p><span data-contrast=\"none\">El farol Luca es una opci\u00f3n elegante para la luz de las velas en el jard\u00edn. Su esbelto marco de aluminio deja pasar mucha luz. El farolillo encaja perfectamente en la l\u00ednea de l\u00e1mparas de exterior SUNS y tiene una combinaci\u00f3n de colores que se integra a la perfecci\u00f3n en la colecci\u00f3n SUNS. <\/span> El farol <span data-contrast=\"none\">Luca est\u00e1 disponible en dos tama\u00f1os y cuatro colores.<\/span><\/p>\n","protected":false},"featured_media":17116,"comment_status":"closed","ping_status":"closed","template":"","meta":{"_acf_changed":false},"product_brand":[],"product_cat":[817,825],"product_tag":[],"material":[],"class_list":{"0":"post-17114","1":"product","2":"type-product","3":"status-publish","4":"has-post-thumbnail","6":"product_cat-styling","7":"product_cat-faroles","9":"first","10":"instock","11":"shipping-taxable","12":"product-type-simple"},"acf":[],"yoast_head":"<!-- This site is optimized with the Yoast SEO plugin v26.8 - https:\/\/yoast.com\/product\/yoast-seo-wordpress\/ -->\n<title>Descubre el Farol Luca | SUNS Outdoor Lifestyle<\/title>\n<meta name=\"description\" content=\"\u00bfBuscas un farol luca con estilo? SUNS ofrece linternas duraderas y atmosf\u00e9ricas que combinan a la perfecci\u00f3n el dise\u00f1o y la iluminaci\u00f3n pr\u00e1ctica de exteriores.\" \/>\n<meta name=\"robots\" content=\"index, follow, max-snippet:-1, max-image-preview:large, max-video-preview:-1\" \/>\n<link rel=\"canonical\" href=\"https:\/\/hello-suns.com\/es\/productos\/luca-faroles\/\" \/>\n<meta property=\"og:locale\" content=\"es_ES\" \/>\n<meta property=\"og:type\" content=\"article\" \/>\n<meta property=\"og:title\" content=\"Descubre el Farol Luca | SUNS Outdoor Lifestyle\" \/>\n<meta property=\"og:description\" content=\"\u00bfBuscas un farol luca con estilo? SUNS ofrece linternas duraderas y atmosf\u00e9ricas que combinan a la perfecci\u00f3n el dise\u00f1o y la iluminaci\u00f3n pr\u00e1ctica de exteriores.\" \/>\n<meta property=\"og:url\" content=\"https:\/\/hello-suns.com\/es\/productos\/luca-faroles\/\" \/>\n<meta property=\"og:site_name\" content=\"SUNS\" \/>\n<meta property=\"article:modified_time\" content=\"2025-09-25T07:52:23+00:00\" \/>\n<meta property=\"og:image\" content=\"https:\/\/hello-suns.com\/app\/uploads\/2025\/01\/Candle_SUNS_Lucca_L_S_Mattroyalgrey_2500-kopie_Diptrych.png\" \/>\n\t<meta property=\"og:image:width\" content=\"2500\" \/>\n\t<meta property=\"og:image:height\" content=\"1667\" \/>\n\t<meta property=\"og:image:type\" content=\"image\/png\" \/>\n<meta name=\"twitter:card\" content=\"summary_large_image\" \/>\n<meta name=\"twitter:label1\" content=\"Est. reading time\" \/>\n\t<meta name=\"twitter:data1\" content=\"2 minutes\" \/>\n<script type=\"application\/ld+json\" class=\"yoast-schema-graph\">{\"@context\":\"https:\/\/schema.org\",\"@graph\":[{\"@type\":\"WebPage\",\"@id\":\"https:\/\/hello-suns.com\/es\/productos\/luca-faroles\/\",\"url\":\"https:\/\/hello-suns.com\/es\/productos\/luca-faroles\/\",\"name\":\"Descubre el Farol Luca | SUNS Outdoor Lifestyle\",\"isPartOf\":{\"@id\":\"https:\/\/hello-suns.com\/es\/#website\"},\"primaryImageOfPage\":{\"@id\":\"https:\/\/hello-suns.com\/es\/productos\/luca-faroles\/#primaryimage\"},\"image\":{\"@id\":\"https:\/\/hello-suns.com\/es\/productos\/luca-faroles\/#primaryimage\"},\"thumbnailUrl\":\"https:\/\/hello-suns.com\/app\/uploads\/2025\/01\/Candle_SUNS_Lucca_L_S_Mattroyalgrey_2500-kopie_Diptrych.png\",\"datePublished\":\"2025-01-16T08:41:19+00:00\",\"dateModified\":\"2025-09-25T07:52:23+00:00\",\"description\":\"\u00bfBuscas un farol luca con estilo? SUNS ofrece linternas duraderas y atmosf\u00e9ricas que combinan a la perfecci\u00f3n el dise\u00f1o y la iluminaci\u00f3n pr\u00e1ctica de exteriores.\",\"breadcrumb\":{\"@id\":\"https:\/\/hello-suns.com\/es\/productos\/luca-faroles\/#breadcrumb\"},\"inLanguage\":\"es-ES\",\"potentialAction\":[{\"@type\":\"ReadAction\",\"target\":[\"https:\/\/hello-suns.com\/es\/productos\/luca-faroles\/\"]}]},{\"@type\":\"ImageObject\",\"inLanguage\":\"es-ES\",\"@id\":\"https:\/\/hello-suns.com\/es\/productos\/luca-faroles\/#primaryimage\",\"url\":\"https:\/\/hello-suns.com\/app\/uploads\/2025\/01\/Candle_SUNS_Lucca_L_S_Mattroyalgrey_2500-kopie_Diptrych.png\",\"contentUrl\":\"https:\/\/hello-suns.com\/app\/uploads\/2025\/01\/Candle_SUNS_Lucca_L_S_Mattroyalgrey_2500-kopie_Diptrych.png\",\"width\":2500,\"height\":1667},{\"@type\":\"BreadcrumbList\",\"@id\":\"https:\/\/hello-suns.com\/es\/productos\/luca-faroles\/#breadcrumb\",\"itemListElement\":[{\"@type\":\"ListItem\",\"position\":1,\"name\":\"\",\"item\":\"https:\/\/hello-suns.com\/es\/\"},{\"@type\":\"ListItem\",\"position\":2,\"name\":\"Productos\",\"item\":\"https:\/\/hello-suns.com\/es\/productos\/\"},{\"@type\":\"ListItem\",\"position\":3,\"name\":\"Luca\"}]},{\"@type\":\"WebSite\",\"@id\":\"https:\/\/hello-suns.com\/es\/#website\",\"url\":\"https:\/\/hello-suns.com\/es\/\",\"name\":\"SUNS\",\"description\":\"Outdoor Lifestyle\",\"potentialAction\":[{\"@type\":\"SearchAction\",\"target\":{\"@type\":\"EntryPoint\",\"urlTemplate\":\"https:\/\/hello-suns.com\/es\/?s={search_term_string}\"},\"query-input\":{\"@type\":\"PropertyValueSpecification\",\"valueRequired\":true,\"valueName\":\"search_term_string\"}}],\"inLanguage\":\"es-ES\"}]}<\/script>\n<!-- \/ Yoast SEO plugin. -->","yoast_head_json":{"title":"Descubre el Farol Luca | SUNS Outdoor Lifestyle","description":"\u00bfBuscas un farol luca con estilo? SUNS ofrece linternas duraderas y atmosf\u00e9ricas que combinan a la perfecci\u00f3n el dise\u00f1o y la iluminaci\u00f3n pr\u00e1ctica de exteriores.","robots":{"index":"index","follow":"follow","max-snippet":"max-snippet:-1","max-image-preview":"max-image-preview:large","max-video-preview":"max-video-preview:-1"},"canonical":"https:\/\/hello-suns.com\/es\/productos\/luca-faroles\/","og_locale":"es_ES","og_type":"article","og_title":"Descubre el Farol Luca | SUNS Outdoor Lifestyle","og_description":"\u00bfBuscas un farol luca con estilo? SUNS ofrece linternas duraderas y atmosf\u00e9ricas que combinan a la perfecci\u00f3n el dise\u00f1o y la iluminaci\u00f3n pr\u00e1ctica de exteriores.","og_url":"https:\/\/hello-suns.com\/es\/productos\/luca-faroles\/","og_site_name":"SUNS","article_modified_time":"2025-09-25T07:52:23+00:00","og_image":[{"width":2500,"height":1667,"url":"https:\/\/hello-suns.com\/app\/uploads\/2025\/01\/Candle_SUNS_Lucca_L_S_Mattroyalgrey_2500-kopie_Diptrych.png","type":"image\/png"}],"twitter_card":"summary_large_image","twitter_misc":{"Est. reading time":"2 minutes"},"schema":{"@context":"https:\/\/schema.org","@graph":[{"@type":"WebPage","@id":"https:\/\/hello-suns.com\/es\/productos\/luca-faroles\/","url":"https:\/\/hello-suns.com\/es\/productos\/luca-faroles\/","name":"Descubre el Farol Luca | SUNS Outdoor Lifestyle","isPartOf":{"@id":"https:\/\/hello-suns.com\/es\/#website"},"primaryImageOfPage":{"@id":"https:\/\/hello-suns.com\/es\/productos\/luca-faroles\/#primaryimage"},"image":{"@id":"https:\/\/hello-suns.com\/es\/productos\/luca-faroles\/#primaryimage"},"thumbnailUrl":"https:\/\/hello-suns.com\/app\/uploads\/2025\/01\/Candle_SUNS_Lucca_L_S_Mattroyalgrey_2500-kopie_Diptrych.png","datePublished":"2025-01-16T08:41:19+00:00","dateModified":"2025-09-25T07:52:23+00:00","description":"\u00bfBuscas un farol luca con estilo? SUNS ofrece linternas duraderas y atmosf\u00e9ricas que combinan a la perfecci\u00f3n el dise\u00f1o y la iluminaci\u00f3n pr\u00e1ctica de exteriores.","breadcrumb":{"@id":"https:\/\/hello-suns.com\/es\/productos\/luca-faroles\/#breadcrumb"},"inLanguage":"es-ES","potentialAction":[{"@type":"ReadAction","target":["https:\/\/hello-suns.com\/es\/productos\/luca-faroles\/"]}]},{"@type":"ImageObject","inLanguage":"es-ES","@id":"https:\/\/hello-suns.com\/es\/productos\/luca-faroles\/#primaryimage","url":"https:\/\/hello-suns.com\/app\/uploads\/2025\/01\/Candle_SUNS_Lucca_L_S_Mattroyalgrey_2500-kopie_Diptrych.png","contentUrl":"https:\/\/hello-suns.com\/app\/uploads\/2025\/01\/Candle_SUNS_Lucca_L_S_Mattroyalgrey_2500-kopie_Diptrych.png","width":2500,"height":1667},{"@type":"BreadcrumbList","@id":"https:\/\/hello-suns.com\/es\/productos\/luca-faroles\/#breadcrumb","itemListElement":[{"@type":"ListItem","position":1,"name":"","item":"https:\/\/hello-suns.com\/es\/"},{"@type":"ListItem","position":2,"name":"Productos","item":"https:\/\/hello-suns.com\/es\/productos\/"},{"@type":"ListItem","position":3,"name":"Luca"}]},{"@type":"WebSite","@id":"https:\/\/hello-suns.com\/es\/#website","url":"https:\/\/hello-suns.com\/es\/","name":"SUNS","description":"Outdoor Lifestyle","potentialAction":[{"@type":"SearchAction","target":{"@type":"EntryPoint","urlTemplate":"https:\/\/hello-suns.com\/es\/?s={search_term_string}"},"query-input":{"@type":"PropertyValueSpecification","valueRequired":true,"valueName":"search_term_string"}}],"inLanguage":"es-ES"}]}},"_links":{"self":[{"href":"https:\/\/hello-suns.com\/es\/wp-json\/wp\/v2\/product\/17114","targetHints":{"allow":["GET"]}}],"collection":[{"href":"https:\/\/hello-suns.com\/es\/wp-json\/wp\/v2\/product"}],"about":[{"href":"https:\/\/hello-suns.com\/es\/wp-json\/wp\/v2\/types\/product"}],"replies":[{"embeddable":true,"href":"https:\/\/hello-suns.com\/es\/wp-json\/wp\/v2\/comments?post=17114"}],"wp:featuredmedia":[{"embeddable":true,"href":"https:\/\/hello-suns.com\/es\/wp-json\/wp\/v2\/media\/17116"}],"wp:attachment":[{"href":"https:\/\/hello-suns.com\/es\/wp-json\/wp\/v2\/media?parent=17114"}],"wp:term":[{"taxonomy":"product_brand","embeddable":true,"href":"https:\/\/hello-suns.com\/es\/wp-json\/wp\/v2\/product_brand?post=17114"},{"taxonomy":"product_cat","embeddable":true,"href":"https:\/\/hello-suns.com\/es\/wp-json\/wp\/v2\/product_cat?post=17114"},{"taxonomy":"product_tag","embeddable":true,"href":"https:\/\/hello-suns.com\/es\/wp-json\/wp\/v2\/product_tag?post=17114"},{"taxonomy":"material","embeddable":true,"href":"https:\/\/hello-suns.com\/es\/wp-json\/wp\/v2\/material?post=17114"}],"curies":[{"name":"wp","href":"https:\/\/api.w.org\/{rel}","templated":true}]}}