{"id":17099,"date":"2025-01-16T09:57:49","date_gmt":"2025-01-16T08:57:49","guid":{"rendered":"https:\/\/hello-suns.com\/producten\/vasi\/"},"modified":"2026-02-12T09:54:20","modified_gmt":"2026-02-12T08:54:20","slug":"vasi-jarrones","status":"publish","type":"product","link":"https:\/\/hello-suns.com\/es\/productos\/vasi-jarrones\/","title":{"rendered":"Vasi"},"content":{"rendered":"<h2 style=\"font-weight: 400;\"><span class=\"TextRun SCXW264803298 BCX0\" lang=\"NL-NL\" xml:lang=\"NL-NL\" data-contrast=\"auto\"><span class=\"NormalTextRun SCXW264803298 BCX0\">Aprovecha el d\u00eda<\/span><\/span><\/h2>\n<p style=\"font-weight: 400;\"><span class=\"TextRun SCXW156265863 BCX0\" lang=\"NL-NL\" xml:lang=\"NL-NL\" data-contrast=\"auto\"><span class=\"NormalTextRun SCXW156265863 BCX0\">SUNS ha creado un jarr\u00f3n de dise\u00f1o elegante y con estilo. As\u00ed es c\u00f3mo convertir cada d\u00eda en algo especial. <\/span> <\/span><\/p>\n","protected":false},"excerpt":{"rendered":"<h3><span class=\"TextRun SCXW185146984 BCX0\" lang=\"NL-NL\" xml:lang=\"NL-NL\" data-contrast=\"none\"><span class=\"NormalTextRun SCXW185146984 BCX0\">Llamativo de aluminio<\/span><\/span><\/h3>\n<p><span data-contrast=\"auto\">SUNS se ocupa del jarr\u00f3n, t\u00fa te ocupas del contenido. Vasi es un bonito jarr\u00f3n que puedes dejar en el exterior con toda confianza. El jarr\u00f3n es 100% de aluminio con un elegante dise\u00f1o \u201cabollado\u201d. \u00a1Por fin un jarr\u00f3n que durar\u00e1 toda la vida! <\/span><\/p>\n<p><span data-contrast=\"auto\">El aluminio tiene un revestimiento s\u00f3lido y est\u00e1 disponible en varios colores que combinan perfectamente con los esquemas crom\u00e1ticos de la colecci\u00f3n SUNS. Vasi tambi\u00e9n est\u00e1 disponible en tres tama\u00f1os. Queda bien como jarr\u00f3n individual sobre la mesa o para mezclar y combinar con otros tama\u00f1os y colores. <\/span><\/p>\n","protected":false},"featured_media":17102,"comment_status":"closed","ping_status":"closed","template":"","meta":{"_acf_changed":false},"product_brand":[],"product_cat":[817,826],"product_tag":[],"material":[],"class_list":{"0":"post-17099","1":"product","2":"type-product","3":"status-publish","4":"has-post-thumbnail","6":"product_cat-styling","7":"product_cat-jarrones","9":"first","10":"instock","11":"shipping-taxable","12":"product-type-simple"},"acf":[],"yoast_head":"<!-- This site is optimized with the Yoast SEO plugin v26.8 - https:\/\/yoast.com\/product\/yoast-seo-wordpress\/ -->\n<title>Descubre el jarr\u00f3n de exterior Vasi | SUNS Outdoor Lifestyle<\/title>\n<meta name=\"description\" content=\"\u00bfBuscas un elegante jarr\u00f3n de exterior Vasi? SUNS ofrece jarrones elegantes y duraderos que complementan a la perfecci\u00f3n tu espacio exterior con un dise\u00f1o moderno.\" \/>\n<meta name=\"robots\" content=\"index, follow, max-snippet:-1, max-image-preview:large, max-video-preview:-1\" \/>\n<link rel=\"canonical\" href=\"https:\/\/hello-suns.com\/es\/productos\/vasi-jarrones\/\" \/>\n<meta property=\"og:locale\" content=\"es_ES\" \/>\n<meta property=\"og:type\" content=\"article\" \/>\n<meta property=\"og:title\" content=\"Descubre el jarr\u00f3n de exterior Vasi | SUNS Outdoor Lifestyle\" \/>\n<meta property=\"og:description\" content=\"\u00bfBuscas un elegante jarr\u00f3n de exterior Vasi? SUNS ofrece jarrones elegantes y duraderos que complementan a la perfecci\u00f3n tu espacio exterior con un dise\u00f1o moderno.\" \/>\n<meta property=\"og:url\" content=\"https:\/\/hello-suns.com\/es\/productos\/vasi-jarrones\/\" \/>\n<meta property=\"og:site_name\" content=\"SUNS\" \/>\n<meta property=\"article:modified_time\" content=\"2026-02-12T08:54:20+00:00\" \/>\n<meta property=\"og:image\" content=\"https:\/\/hello-suns.com\/app\/uploads\/2025\/02\/Vasi-SUNS-Vase-MW-L-M-S-Free.png\" \/>\n\t<meta property=\"og:image:width\" content=\"2500\" \/>\n\t<meta property=\"og:image:height\" content=\"1667\" \/>\n\t<meta property=\"og:image:type\" content=\"image\/png\" \/>\n<meta name=\"twitter:card\" content=\"summary_large_image\" \/>\n<meta name=\"twitter:label1\" content=\"Est. reading time\" \/>\n\t<meta name=\"twitter:data1\" content=\"3 minutes\" \/>\n<script type=\"application\/ld+json\" class=\"yoast-schema-graph\">{\"@context\":\"https:\/\/schema.org\",\"@graph\":[{\"@type\":\"WebPage\",\"@id\":\"https:\/\/hello-suns.com\/es\/productos\/vasi-jarrones\/\",\"url\":\"https:\/\/hello-suns.com\/es\/productos\/vasi-jarrones\/\",\"name\":\"Descubre el jarr\u00f3n de exterior Vasi | SUNS Outdoor Lifestyle\",\"isPartOf\":{\"@id\":\"https:\/\/hello-suns.com\/es\/#website\"},\"primaryImageOfPage\":{\"@id\":\"https:\/\/hello-suns.com\/es\/productos\/vasi-jarrones\/#primaryimage\"},\"image\":{\"@id\":\"https:\/\/hello-suns.com\/es\/productos\/vasi-jarrones\/#primaryimage\"},\"thumbnailUrl\":\"https:\/\/hello-suns.com\/app\/uploads\/2025\/02\/Vasi-SUNS-Vase-MW-L-M-S-Free.png\",\"datePublished\":\"2025-01-16T08:57:49+00:00\",\"dateModified\":\"2026-02-12T08:54:20+00:00\",\"description\":\"\u00bfBuscas un elegante jarr\u00f3n de exterior Vasi? SUNS ofrece jarrones elegantes y duraderos que complementan a la perfecci\u00f3n tu espacio exterior con un dise\u00f1o moderno.\",\"breadcrumb\":{\"@id\":\"https:\/\/hello-suns.com\/es\/productos\/vasi-jarrones\/#breadcrumb\"},\"inLanguage\":\"es-ES\",\"potentialAction\":[{\"@type\":\"ReadAction\",\"target\":[\"https:\/\/hello-suns.com\/es\/productos\/vasi-jarrones\/\"]}]},{\"@type\":\"ImageObject\",\"inLanguage\":\"es-ES\",\"@id\":\"https:\/\/hello-suns.com\/es\/productos\/vasi-jarrones\/#primaryimage\",\"url\":\"https:\/\/hello-suns.com\/app\/uploads\/2025\/02\/Vasi-SUNS-Vase-MW-L-M-S-Free.png\",\"contentUrl\":\"https:\/\/hello-suns.com\/app\/uploads\/2025\/02\/Vasi-SUNS-Vase-MW-L-M-S-Free.png\",\"width\":2500,\"height\":1667},{\"@type\":\"BreadcrumbList\",\"@id\":\"https:\/\/hello-suns.com\/es\/productos\/vasi-jarrones\/#breadcrumb\",\"itemListElement\":[{\"@type\":\"ListItem\",\"position\":1,\"name\":\"\",\"item\":\"https:\/\/hello-suns.com\/es\/\"},{\"@type\":\"ListItem\",\"position\":2,\"name\":\"Productos\",\"item\":\"https:\/\/hello-suns.com\/es\/productos\/\"},{\"@type\":\"ListItem\",\"position\":3,\"name\":\"Vasi\"}]},{\"@type\":\"WebSite\",\"@id\":\"https:\/\/hello-suns.com\/es\/#website\",\"url\":\"https:\/\/hello-suns.com\/es\/\",\"name\":\"SUNS\",\"description\":\"Outdoor Lifestyle\",\"potentialAction\":[{\"@type\":\"SearchAction\",\"target\":{\"@type\":\"EntryPoint\",\"urlTemplate\":\"https:\/\/hello-suns.com\/es\/?s={search_term_string}\"},\"query-input\":{\"@type\":\"PropertyValueSpecification\",\"valueRequired\":true,\"valueName\":\"search_term_string\"}}],\"inLanguage\":\"es-ES\"}]}<\/script>\n<!-- \/ Yoast SEO plugin. -->","yoast_head_json":{"title":"Descubre el jarr\u00f3n de exterior Vasi | SUNS Outdoor Lifestyle","description":"\u00bfBuscas un elegante jarr\u00f3n de exterior Vasi? SUNS ofrece jarrones elegantes y duraderos que complementan a la perfecci\u00f3n tu espacio exterior con un dise\u00f1o moderno.","robots":{"index":"index","follow":"follow","max-snippet":"max-snippet:-1","max-image-preview":"max-image-preview:large","max-video-preview":"max-video-preview:-1"},"canonical":"https:\/\/hello-suns.com\/es\/productos\/vasi-jarrones\/","og_locale":"es_ES","og_type":"article","og_title":"Descubre el jarr\u00f3n de exterior Vasi | SUNS Outdoor Lifestyle","og_description":"\u00bfBuscas un elegante jarr\u00f3n de exterior Vasi? SUNS ofrece jarrones elegantes y duraderos que complementan a la perfecci\u00f3n tu espacio exterior con un dise\u00f1o moderno.","og_url":"https:\/\/hello-suns.com\/es\/productos\/vasi-jarrones\/","og_site_name":"SUNS","article_modified_time":"2026-02-12T08:54:20+00:00","og_image":[{"width":2500,"height":1667,"url":"https:\/\/hello-suns.com\/app\/uploads\/2025\/02\/Vasi-SUNS-Vase-MW-L-M-S-Free.png","type":"image\/png"}],"twitter_card":"summary_large_image","twitter_misc":{"Est. reading time":"3 minutes"},"schema":{"@context":"https:\/\/schema.org","@graph":[{"@type":"WebPage","@id":"https:\/\/hello-suns.com\/es\/productos\/vasi-jarrones\/","url":"https:\/\/hello-suns.com\/es\/productos\/vasi-jarrones\/","name":"Descubre el jarr\u00f3n de exterior Vasi | SUNS Outdoor Lifestyle","isPartOf":{"@id":"https:\/\/hello-suns.com\/es\/#website"},"primaryImageOfPage":{"@id":"https:\/\/hello-suns.com\/es\/productos\/vasi-jarrones\/#primaryimage"},"image":{"@id":"https:\/\/hello-suns.com\/es\/productos\/vasi-jarrones\/#primaryimage"},"thumbnailUrl":"https:\/\/hello-suns.com\/app\/uploads\/2025\/02\/Vasi-SUNS-Vase-MW-L-M-S-Free.png","datePublished":"2025-01-16T08:57:49+00:00","dateModified":"2026-02-12T08:54:20+00:00","description":"\u00bfBuscas un elegante jarr\u00f3n de exterior Vasi? SUNS ofrece jarrones elegantes y duraderos que complementan a la perfecci\u00f3n tu espacio exterior con un dise\u00f1o moderno.","breadcrumb":{"@id":"https:\/\/hello-suns.com\/es\/productos\/vasi-jarrones\/#breadcrumb"},"inLanguage":"es-ES","potentialAction":[{"@type":"ReadAction","target":["https:\/\/hello-suns.com\/es\/productos\/vasi-jarrones\/"]}]},{"@type":"ImageObject","inLanguage":"es-ES","@id":"https:\/\/hello-suns.com\/es\/productos\/vasi-jarrones\/#primaryimage","url":"https:\/\/hello-suns.com\/app\/uploads\/2025\/02\/Vasi-SUNS-Vase-MW-L-M-S-Free.png","contentUrl":"https:\/\/hello-suns.com\/app\/uploads\/2025\/02\/Vasi-SUNS-Vase-MW-L-M-S-Free.png","width":2500,"height":1667},{"@type":"BreadcrumbList","@id":"https:\/\/hello-suns.com\/es\/productos\/vasi-jarrones\/#breadcrumb","itemListElement":[{"@type":"ListItem","position":1,"name":"","item":"https:\/\/hello-suns.com\/es\/"},{"@type":"ListItem","position":2,"name":"Productos","item":"https:\/\/hello-suns.com\/es\/productos\/"},{"@type":"ListItem","position":3,"name":"Vasi"}]},{"@type":"WebSite","@id":"https:\/\/hello-suns.com\/es\/#website","url":"https:\/\/hello-suns.com\/es\/","name":"SUNS","description":"Outdoor Lifestyle","potentialAction":[{"@type":"SearchAction","target":{"@type":"EntryPoint","urlTemplate":"https:\/\/hello-suns.com\/es\/?s={search_term_string}"},"query-input":{"@type":"PropertyValueSpecification","valueRequired":true,"valueName":"search_term_string"}}],"inLanguage":"es-ES"}]}},"_links":{"self":[{"href":"https:\/\/hello-suns.com\/es\/wp-json\/wp\/v2\/product\/17099","targetHints":{"allow":["GET"]}}],"collection":[{"href":"https:\/\/hello-suns.com\/es\/wp-json\/wp\/v2\/product"}],"about":[{"href":"https:\/\/hello-suns.com\/es\/wp-json\/wp\/v2\/types\/product"}],"replies":[{"embeddable":true,"href":"https:\/\/hello-suns.com\/es\/wp-json\/wp\/v2\/comments?post=17099"}],"wp:featuredmedia":[{"embeddable":true,"href":"https:\/\/hello-suns.com\/es\/wp-json\/wp\/v2\/media\/17102"}],"wp:attachment":[{"href":"https:\/\/hello-suns.com\/es\/wp-json\/wp\/v2\/media?parent=17099"}],"wp:term":[{"taxonomy":"product_brand","embeddable":true,"href":"https:\/\/hello-suns.com\/es\/wp-json\/wp\/v2\/product_brand?post=17099"},{"taxonomy":"product_cat","embeddable":true,"href":"https:\/\/hello-suns.com\/es\/wp-json\/wp\/v2\/product_cat?post=17099"},{"taxonomy":"product_tag","embeddable":true,"href":"https:\/\/hello-suns.com\/es\/wp-json\/wp\/v2\/product_tag?post=17099"},{"taxonomy":"material","embeddable":true,"href":"https:\/\/hello-suns.com\/es\/wp-json\/wp\/v2\/material?post=17099"}],"curies":[{"name":"wp","href":"https:\/\/api.w.org\/{rel}","templated":true}]}}