{"id":17098,"date":"2025-01-16T08:46:16","date_gmt":"2025-01-16T08:46:16","guid":{"rendered":"https:\/\/hello-suns.com\/producten\/felice\/"},"modified":"2025-09-02T14:45:29","modified_gmt":"2025-09-02T14:45:29","slug":"felice-stillas","status":"publish","type":"product","link":"https:\/\/hello-suns.com\/es\/productos\/felice-stillas\/","title":{"rendered":"Felice"},"content":{"rendered":"<h2 style=\"font-weight: 400;\">La calidad nunca es normal<\/h2>\n<p style=\"font-weight: 400;\">La silla SUNS Felice hace que te des cuenta de lo especial que puede ser una silla de comedor si prefieres la m\u00e1xima calidad.<\/p>\n","protected":false},"excerpt":{"rendered":"<h3 style=\"font-weight: 400;\">Elegante y f\u00e1cil de combinar<\/h3>\n<p style=\"font-weight: 400;\">La silla SUNS Felice es una elecci\u00f3n de m\u00e1xima calidad. Con sus l\u00edneas limpias, esta silla de comedor es excelente para combinar con las mesas de las distintas colecciones SUNS. La robusta estructura de aluminio y el reposabrazos de teca confieren a esta silla un aspecto contempor\u00e1neo.<\/p>\n<p style=\"font-weight: 400;\">SUNS Felice incorpora un \u201carn\u00e9s acolchado\u201d, un asiento textil especialmente cosido, que garantiza una agradable comodidad de asiento.<\/p>\n","protected":false},"featured_media":17100,"comment_status":"closed","ping_status":"closed","template":"","meta":{"_acf_changed":false},"product_brand":[],"product_cat":[811],"product_tag":[],"material":[],"class_list":{"0":"post-17098","1":"product","2":"type-product","3":"status-publish","4":"has-post-thumbnail","6":"product_cat-sillas","8":"first","9":"instock","10":"shipping-taxable","11":"product-type-simple"},"acf":[],"yoast_head":"<!-- This site is optimized with the Yoast SEO plugin v26.8 - https:\/\/yoast.com\/product\/yoast-seo-wordpress\/ -->\n<title>Descubre la Silla Felice | SUNS Outdoor Lifestyle<\/title>\n<meta name=\"description\" content=\"\u00bfBuscas una elegante silla felice? SUNS ofrece sillas elegantes y c\u00f3modas que combinan a la perfecci\u00f3n dise\u00f1o, durabilidad y funcionalidad.\" \/>\n<meta name=\"robots\" content=\"index, follow, max-snippet:-1, max-image-preview:large, max-video-preview:-1\" \/>\n<link rel=\"canonical\" href=\"https:\/\/hello-suns.com\/es\/productos\/felice-stillas\/\" \/>\n<meta property=\"og:locale\" content=\"es_ES\" \/>\n<meta property=\"og:type\" content=\"article\" \/>\n<meta property=\"og:title\" content=\"Descubre la Silla Felice | SUNS Outdoor Lifestyle\" \/>\n<meta property=\"og:description\" content=\"\u00bfBuscas una elegante silla felice? SUNS ofrece sillas elegantes y c\u00f3modas que combinan a la perfecci\u00f3n dise\u00f1o, durabilidad y funcionalidad.\" \/>\n<meta property=\"og:url\" content=\"https:\/\/hello-suns.com\/es\/productos\/felice-stillas\/\" \/>\n<meta property=\"og:site_name\" content=\"SUNS\" \/>\n<meta property=\"article:modified_time\" content=\"2025-09-02T14:45:29+00:00\" \/>\n<meta property=\"og:image\" content=\"https:\/\/hello-suns.com\/app\/uploads\/2025\/01\/Felice-SUNS-Diningchair-MW-TBG-TK-Free-21-2_TBG-02.png\" \/>\n\t<meta property=\"og:image:width\" content=\"2500\" \/>\n\t<meta property=\"og:image:height\" content=\"1667\" \/>\n\t<meta property=\"og:image:type\" content=\"image\/png\" \/>\n<meta name=\"twitter:card\" content=\"summary_large_image\" \/>\n<meta name=\"twitter:label1\" content=\"Est. reading time\" \/>\n\t<meta name=\"twitter:data1\" content=\"2 minutes\" \/>\n<script type=\"application\/ld+json\" class=\"yoast-schema-graph\">{\"@context\":\"https:\/\/schema.org\",\"@graph\":[{\"@type\":\"WebPage\",\"@id\":\"https:\/\/hello-suns.com\/es\/productos\/felice-stillas\/\",\"url\":\"https:\/\/hello-suns.com\/es\/productos\/felice-stillas\/\",\"name\":\"Descubre la Silla Felice | SUNS Outdoor Lifestyle\",\"isPartOf\":{\"@id\":\"https:\/\/hello-suns.com\/es\/#website\"},\"primaryImageOfPage\":{\"@id\":\"https:\/\/hello-suns.com\/es\/productos\/felice-stillas\/#primaryimage\"},\"image\":{\"@id\":\"https:\/\/hello-suns.com\/es\/productos\/felice-stillas\/#primaryimage\"},\"thumbnailUrl\":\"https:\/\/hello-suns.com\/app\/uploads\/2025\/01\/Felice-SUNS-Diningchair-MW-TBG-TK-Free-21-2_TBG-02.png\",\"datePublished\":\"2025-01-16T08:46:16+00:00\",\"dateModified\":\"2025-09-02T14:45:29+00:00\",\"description\":\"\u00bfBuscas una elegante silla felice? SUNS ofrece sillas elegantes y c\u00f3modas que combinan a la perfecci\u00f3n dise\u00f1o, durabilidad y funcionalidad.\",\"breadcrumb\":{\"@id\":\"https:\/\/hello-suns.com\/es\/productos\/felice-stillas\/#breadcrumb\"},\"inLanguage\":\"es-ES\",\"potentialAction\":[{\"@type\":\"ReadAction\",\"target\":[\"https:\/\/hello-suns.com\/es\/productos\/felice-stillas\/\"]}]},{\"@type\":\"ImageObject\",\"inLanguage\":\"es-ES\",\"@id\":\"https:\/\/hello-suns.com\/es\/productos\/felice-stillas\/#primaryimage\",\"url\":\"https:\/\/hello-suns.com\/app\/uploads\/2025\/01\/Felice-SUNS-Diningchair-MW-TBG-TK-Free-21-2_TBG-02.png\",\"contentUrl\":\"https:\/\/hello-suns.com\/app\/uploads\/2025\/01\/Felice-SUNS-Diningchair-MW-TBG-TK-Free-21-2_TBG-02.png\",\"width\":2500,\"height\":1667},{\"@type\":\"BreadcrumbList\",\"@id\":\"https:\/\/hello-suns.com\/es\/productos\/felice-stillas\/#breadcrumb\",\"itemListElement\":[{\"@type\":\"ListItem\",\"position\":1,\"name\":\"\",\"item\":\"https:\/\/hello-suns.com\/es\/\"},{\"@type\":\"ListItem\",\"position\":2,\"name\":\"Productos\",\"item\":\"https:\/\/hello-suns.com\/es\/productos\/\"},{\"@type\":\"ListItem\",\"position\":3,\"name\":\"Felice\"}]},{\"@type\":\"WebSite\",\"@id\":\"https:\/\/hello-suns.com\/es\/#website\",\"url\":\"https:\/\/hello-suns.com\/es\/\",\"name\":\"SUNS\",\"description\":\"Outdoor Lifestyle\",\"potentialAction\":[{\"@type\":\"SearchAction\",\"target\":{\"@type\":\"EntryPoint\",\"urlTemplate\":\"https:\/\/hello-suns.com\/es\/?s={search_term_string}\"},\"query-input\":{\"@type\":\"PropertyValueSpecification\",\"valueRequired\":true,\"valueName\":\"search_term_string\"}}],\"inLanguage\":\"es-ES\"}]}<\/script>\n<!-- \/ Yoast SEO plugin. -->","yoast_head_json":{"title":"Descubre la Silla Felice | SUNS Outdoor Lifestyle","description":"\u00bfBuscas una elegante silla felice? SUNS ofrece sillas elegantes y c\u00f3modas que combinan a la perfecci\u00f3n dise\u00f1o, durabilidad y funcionalidad.","robots":{"index":"index","follow":"follow","max-snippet":"max-snippet:-1","max-image-preview":"max-image-preview:large","max-video-preview":"max-video-preview:-1"},"canonical":"https:\/\/hello-suns.com\/es\/productos\/felice-stillas\/","og_locale":"es_ES","og_type":"article","og_title":"Descubre la Silla Felice | SUNS Outdoor Lifestyle","og_description":"\u00bfBuscas una elegante silla felice? SUNS ofrece sillas elegantes y c\u00f3modas que combinan a la perfecci\u00f3n dise\u00f1o, durabilidad y funcionalidad.","og_url":"https:\/\/hello-suns.com\/es\/productos\/felice-stillas\/","og_site_name":"SUNS","article_modified_time":"2025-09-02T14:45:29+00:00","og_image":[{"width":2500,"height":1667,"url":"https:\/\/hello-suns.com\/app\/uploads\/2025\/01\/Felice-SUNS-Diningchair-MW-TBG-TK-Free-21-2_TBG-02.png","type":"image\/png"}],"twitter_card":"summary_large_image","twitter_misc":{"Est. reading time":"2 minutes"},"schema":{"@context":"https:\/\/schema.org","@graph":[{"@type":"WebPage","@id":"https:\/\/hello-suns.com\/es\/productos\/felice-stillas\/","url":"https:\/\/hello-suns.com\/es\/productos\/felice-stillas\/","name":"Descubre la Silla Felice | SUNS Outdoor Lifestyle","isPartOf":{"@id":"https:\/\/hello-suns.com\/es\/#website"},"primaryImageOfPage":{"@id":"https:\/\/hello-suns.com\/es\/productos\/felice-stillas\/#primaryimage"},"image":{"@id":"https:\/\/hello-suns.com\/es\/productos\/felice-stillas\/#primaryimage"},"thumbnailUrl":"https:\/\/hello-suns.com\/app\/uploads\/2025\/01\/Felice-SUNS-Diningchair-MW-TBG-TK-Free-21-2_TBG-02.png","datePublished":"2025-01-16T08:46:16+00:00","dateModified":"2025-09-02T14:45:29+00:00","description":"\u00bfBuscas una elegante silla felice? SUNS ofrece sillas elegantes y c\u00f3modas que combinan a la perfecci\u00f3n dise\u00f1o, durabilidad y funcionalidad.","breadcrumb":{"@id":"https:\/\/hello-suns.com\/es\/productos\/felice-stillas\/#breadcrumb"},"inLanguage":"es-ES","potentialAction":[{"@type":"ReadAction","target":["https:\/\/hello-suns.com\/es\/productos\/felice-stillas\/"]}]},{"@type":"ImageObject","inLanguage":"es-ES","@id":"https:\/\/hello-suns.com\/es\/productos\/felice-stillas\/#primaryimage","url":"https:\/\/hello-suns.com\/app\/uploads\/2025\/01\/Felice-SUNS-Diningchair-MW-TBG-TK-Free-21-2_TBG-02.png","contentUrl":"https:\/\/hello-suns.com\/app\/uploads\/2025\/01\/Felice-SUNS-Diningchair-MW-TBG-TK-Free-21-2_TBG-02.png","width":2500,"height":1667},{"@type":"BreadcrumbList","@id":"https:\/\/hello-suns.com\/es\/productos\/felice-stillas\/#breadcrumb","itemListElement":[{"@type":"ListItem","position":1,"name":"","item":"https:\/\/hello-suns.com\/es\/"},{"@type":"ListItem","position":2,"name":"Productos","item":"https:\/\/hello-suns.com\/es\/productos\/"},{"@type":"ListItem","position":3,"name":"Felice"}]},{"@type":"WebSite","@id":"https:\/\/hello-suns.com\/es\/#website","url":"https:\/\/hello-suns.com\/es\/","name":"SUNS","description":"Outdoor Lifestyle","potentialAction":[{"@type":"SearchAction","target":{"@type":"EntryPoint","urlTemplate":"https:\/\/hello-suns.com\/es\/?s={search_term_string}"},"query-input":{"@type":"PropertyValueSpecification","valueRequired":true,"valueName":"search_term_string"}}],"inLanguage":"es-ES"}]}},"_links":{"self":[{"href":"https:\/\/hello-suns.com\/es\/wp-json\/wp\/v2\/product\/17098","targetHints":{"allow":["GET"]}}],"collection":[{"href":"https:\/\/hello-suns.com\/es\/wp-json\/wp\/v2\/product"}],"about":[{"href":"https:\/\/hello-suns.com\/es\/wp-json\/wp\/v2\/types\/product"}],"replies":[{"embeddable":true,"href":"https:\/\/hello-suns.com\/es\/wp-json\/wp\/v2\/comments?post=17098"}],"wp:featuredmedia":[{"embeddable":true,"href":"https:\/\/hello-suns.com\/es\/wp-json\/wp\/v2\/media\/17100"}],"wp:attachment":[{"href":"https:\/\/hello-suns.com\/es\/wp-json\/wp\/v2\/media?parent=17098"}],"wp:term":[{"taxonomy":"product_brand","embeddable":true,"href":"https:\/\/hello-suns.com\/es\/wp-json\/wp\/v2\/product_brand?post=17098"},{"taxonomy":"product_cat","embeddable":true,"href":"https:\/\/hello-suns.com\/es\/wp-json\/wp\/v2\/product_cat?post=17098"},{"taxonomy":"product_tag","embeddable":true,"href":"https:\/\/hello-suns.com\/es\/wp-json\/wp\/v2\/product_tag?post=17098"},{"taxonomy":"material","embeddable":true,"href":"https:\/\/hello-suns.com\/es\/wp-json\/wp\/v2\/material?post=17098"}],"curies":[{"name":"wp","href":"https:\/\/api.w.org\/{rel}","templated":true}]}}