{"id":17070,"date":"2025-01-16T10:20:16","date_gmt":"2025-01-16T10:20:16","guid":{"rendered":"https:\/\/hello-suns.com\/producten\/tosca-4\/"},"modified":"2025-09-16T14:22:08","modified_gmt":"2025-09-16T14:22:08","slug":"tosca-cama-de-dia","status":"publish","type":"product","link":"https:\/\/hello-suns.com\/es\/productos\/tosca-cama-de-dia\/","title":{"rendered":"Tosca"},"content":{"rendered":"<h2 style=\"font-weight: 400;\"><span class=\"TextRun SCXW192631873 BCX0\" lang=\"NL-NL\" xml:lang=\"NL-NL\" data-contrast=\"none\"><span class=\"NormalTextRun SCXW192631873 BCX0\">La mejor relajaci\u00f3n<\/span><\/span><\/h2>\n<p style=\"font-weight: 400;\"><span class=\"TextRun SCXW145418797 BCX0\" lang=\"NL-NL\" xml:lang=\"NL-NL\" data-contrast=\"auto\"><span class=\"NormalTextRun SCXW145418797 BCX0\">C<\/span><span class=\"NormalTextRun SCXW145418797 BCX0\">harmante<\/span><span class=\"NormalTextRun SCXW145418797 BCX0\">elegante<\/span> <span class=\"NormalTextRun SCXW145418797 BCX0\">marco, <\/span><span class=\"NormalTextRun SCXW145418797 BCX0\">juguet\u00f3n <\/span><span class=\"NormalTextRun SCXW145418797 BCX0\">engarzado con <\/span><span class=\"NormalTextRun SCXW145418797 BCX0\">tejido <\/span><span class=\"NormalTextRun SCXW145418797 BCX0\">cordaje<\/span><span class=\"NormalTextRun SCXW145418797 BCX0\">. Un dise\u00f1o que <\/span><span class=\"NormalTextRun SCXW145418797 BCX0\">sutil <\/span><span class=\"NormalTextRun SCXW145418797 BCX0\">se refiere <\/span><span class=\"NormalTextRun SCXW145418797 BCX0\">a los dise\u00f1os de muebles <\/span><span class=\"NormalTextRun SCXW145418797 BCX0\">de la \u00e9poca rom\u00e1ntica<\/span><span class=\"NormalTextRun SCXW145418797 BCX0\">. <\/span><span class=\"NormalTextRun SCXW145418797 BCX0\">Una generosa superficie acolchada subraya el confort.<\/span> <\/span><\/p>\n","protected":false},"excerpt":{"rendered":"<h3 style=\"font-weight: 400;\"><span class=\"TextRun SCXW133486151 BCX0\" lang=\"NL-NL\" xml:lang=\"NL-NL\" data-contrast=\"none\"><span class=\"NormalTextRun SCXW133486151 BCX0\">Encantador<\/span><span class=\"NormalTextRun SCXW133486151 BCX0\"> daybed<\/span><\/span><\/h3>\n<p><span data-contrast=\"auto\">El sof\u00e1-cama Tosca convierte los momentos al aire libre en una fiesta relajante. El esbelto armaz\u00f3n de aluminio est\u00e1 tensado en el respaldo y los brazos con cordaje de primera calidad en un tejido juguet\u00f3n. El generoso acolchado proporciona un agradable apoyo. <\/span><span data-contrast=\"auto\">Dentro de la l\u00ednea de productos Tosca tambi\u00e9n hay disponibles un conjunto de sal\u00f3n o un conjunto de sof\u00e1 a juego.<\/span><\/p>\n","protected":false},"featured_media":16865,"comment_status":"closed","ping_status":"closed","template":"","meta":{"_acf_changed":false},"product_brand":[],"product_cat":[822,823],"product_tag":[],"material":[],"class_list":{"0":"post-17070","1":"product","2":"type-product","3":"status-publish","4":"has-post-thumbnail","6":"product_cat-relax","7":"product_cat-cama-de-dia","9":"first","10":"instock","11":"shipping-taxable","12":"product-type-simple"},"acf":[],"yoast_head":"<!-- This site is optimized with the Yoast SEO plugin v26.8 - https:\/\/yoast.com\/product\/yoast-seo-wordpress\/ -->\n<title>Descubre el Daybed Tosca | SUNS muebles de jard\u00edn<\/title>\n<meta name=\"description\" content=\"\u00bfBuscas un sof\u00e1 cama tosca? SUNS te ofrece un elegante daybed con esbelta estructura de aluminio, cordaje de primera calidad y generosos cojines para que disfrutes de la m\u00e1xima comodidad en tu jard\u00edn\" \/>\n<meta name=\"robots\" content=\"index, follow, max-snippet:-1, max-image-preview:large, max-video-preview:-1\" \/>\n<link rel=\"canonical\" href=\"https:\/\/hello-suns.com\/es\/productos\/tosca-cama-de-dia\/\" \/>\n<meta property=\"og:locale\" content=\"es_ES\" \/>\n<meta property=\"og:type\" content=\"article\" \/>\n<meta property=\"og:title\" content=\"Descubre el Daybed Tosca | SUNS muebles de jard\u00edn\" \/>\n<meta property=\"og:description\" content=\"\u00bfBuscas un sof\u00e1 cama tosca? SUNS te ofrece un elegante daybed con esbelta estructura de aluminio, cordaje de primera calidad y generosos cojines para que disfrutes de la m\u00e1xima comodidad en tu jard\u00edn\" \/>\n<meta property=\"og:url\" content=\"https:\/\/hello-suns.com\/es\/productos\/tosca-cama-de-dia\/\" \/>\n<meta property=\"og:site_name\" content=\"SUNS\" \/>\n<meta property=\"article:modified_time\" content=\"2025-09-16T14:22:08+00:00\" \/>\n<meta property=\"og:image\" content=\"https:\/\/hello-suns.com\/app\/uploads\/2025\/01\/01_Tosca-SUNS-Daybed-CS-NMW-free-25-2500-1.png\" \/>\n\t<meta property=\"og:image:width\" content=\"2500\" \/>\n\t<meta property=\"og:image:height\" content=\"1667\" \/>\n\t<meta property=\"og:image:type\" content=\"image\/png\" \/>\n<meta name=\"twitter:card\" content=\"summary_large_image\" \/>\n<script type=\"application\/ld+json\" class=\"yoast-schema-graph\">{\"@context\":\"https:\/\/schema.org\",\"@graph\":[{\"@type\":\"WebPage\",\"@id\":\"https:\/\/hello-suns.com\/es\/productos\/tosca-cama-de-dia\/\",\"url\":\"https:\/\/hello-suns.com\/es\/productos\/tosca-cama-de-dia\/\",\"name\":\"Descubre el Daybed Tosca | SUNS muebles de jard\u00edn\",\"isPartOf\":{\"@id\":\"https:\/\/hello-suns.com\/es\/#website\"},\"primaryImageOfPage\":{\"@id\":\"https:\/\/hello-suns.com\/es\/productos\/tosca-cama-de-dia\/#primaryimage\"},\"image\":{\"@id\":\"https:\/\/hello-suns.com\/es\/productos\/tosca-cama-de-dia\/#primaryimage\"},\"thumbnailUrl\":\"https:\/\/hello-suns.com\/app\/uploads\/2025\/01\/01_Tosca-SUNS-Daybed-CS-NMW-free-25-2500-1.png\",\"datePublished\":\"2025-01-16T10:20:16+00:00\",\"dateModified\":\"2025-09-16T14:22:08+00:00\",\"description\":\"\u00bfBuscas un sof\u00e1 cama tosca? SUNS te ofrece un elegante daybed con esbelta estructura de aluminio, cordaje de primera calidad y generosos cojines para que disfrutes de la m\u00e1xima comodidad en tu jard\u00edn\",\"breadcrumb\":{\"@id\":\"https:\/\/hello-suns.com\/es\/productos\/tosca-cama-de-dia\/#breadcrumb\"},\"inLanguage\":\"es-ES\",\"potentialAction\":[{\"@type\":\"ReadAction\",\"target\":[\"https:\/\/hello-suns.com\/es\/productos\/tosca-cama-de-dia\/\"]}]},{\"@type\":\"ImageObject\",\"inLanguage\":\"es-ES\",\"@id\":\"https:\/\/hello-suns.com\/es\/productos\/tosca-cama-de-dia\/#primaryimage\",\"url\":\"https:\/\/hello-suns.com\/app\/uploads\/2025\/01\/01_Tosca-SUNS-Daybed-CS-NMW-free-25-2500-1.png\",\"contentUrl\":\"https:\/\/hello-suns.com\/app\/uploads\/2025\/01\/01_Tosca-SUNS-Daybed-CS-NMW-free-25-2500-1.png\",\"width\":2500,\"height\":1667},{\"@type\":\"BreadcrumbList\",\"@id\":\"https:\/\/hello-suns.com\/es\/productos\/tosca-cama-de-dia\/#breadcrumb\",\"itemListElement\":[{\"@type\":\"ListItem\",\"position\":1,\"name\":\"\",\"item\":\"https:\/\/hello-suns.com\/es\/\"},{\"@type\":\"ListItem\",\"position\":2,\"name\":\"Productos\",\"item\":\"https:\/\/hello-suns.com\/es\/productos\/\"},{\"@type\":\"ListItem\",\"position\":3,\"name\":\"Tosca\"}]},{\"@type\":\"WebSite\",\"@id\":\"https:\/\/hello-suns.com\/es\/#website\",\"url\":\"https:\/\/hello-suns.com\/es\/\",\"name\":\"SUNS\",\"description\":\"Outdoor Lifestyle\",\"potentialAction\":[{\"@type\":\"SearchAction\",\"target\":{\"@type\":\"EntryPoint\",\"urlTemplate\":\"https:\/\/hello-suns.com\/es\/?s={search_term_string}\"},\"query-input\":{\"@type\":\"PropertyValueSpecification\",\"valueRequired\":true,\"valueName\":\"search_term_string\"}}],\"inLanguage\":\"es-ES\"}]}<\/script>\n<!-- \/ Yoast SEO plugin. -->","yoast_head_json":{"title":"Descubre el Daybed Tosca | SUNS muebles de jard\u00edn","description":"\u00bfBuscas un sof\u00e1 cama tosca? SUNS te ofrece un elegante daybed con esbelta estructura de aluminio, cordaje de primera calidad y generosos cojines para que disfrutes de la m\u00e1xima comodidad en tu jard\u00edn","robots":{"index":"index","follow":"follow","max-snippet":"max-snippet:-1","max-image-preview":"max-image-preview:large","max-video-preview":"max-video-preview:-1"},"canonical":"https:\/\/hello-suns.com\/es\/productos\/tosca-cama-de-dia\/","og_locale":"es_ES","og_type":"article","og_title":"Descubre el Daybed Tosca | SUNS muebles de jard\u00edn","og_description":"\u00bfBuscas un sof\u00e1 cama tosca? SUNS te ofrece un elegante daybed con esbelta estructura de aluminio, cordaje de primera calidad y generosos cojines para que disfrutes de la m\u00e1xima comodidad en tu jard\u00edn","og_url":"https:\/\/hello-suns.com\/es\/productos\/tosca-cama-de-dia\/","og_site_name":"SUNS","article_modified_time":"2025-09-16T14:22:08+00:00","og_image":[{"width":2500,"height":1667,"url":"https:\/\/hello-suns.com\/app\/uploads\/2025\/01\/01_Tosca-SUNS-Daybed-CS-NMW-free-25-2500-1.png","type":"image\/png"}],"twitter_card":"summary_large_image","schema":{"@context":"https:\/\/schema.org","@graph":[{"@type":"WebPage","@id":"https:\/\/hello-suns.com\/es\/productos\/tosca-cama-de-dia\/","url":"https:\/\/hello-suns.com\/es\/productos\/tosca-cama-de-dia\/","name":"Descubre el Daybed Tosca | SUNS muebles de jard\u00edn","isPartOf":{"@id":"https:\/\/hello-suns.com\/es\/#website"},"primaryImageOfPage":{"@id":"https:\/\/hello-suns.com\/es\/productos\/tosca-cama-de-dia\/#primaryimage"},"image":{"@id":"https:\/\/hello-suns.com\/es\/productos\/tosca-cama-de-dia\/#primaryimage"},"thumbnailUrl":"https:\/\/hello-suns.com\/app\/uploads\/2025\/01\/01_Tosca-SUNS-Daybed-CS-NMW-free-25-2500-1.png","datePublished":"2025-01-16T10:20:16+00:00","dateModified":"2025-09-16T14:22:08+00:00","description":"\u00bfBuscas un sof\u00e1 cama tosca? SUNS te ofrece un elegante daybed con esbelta estructura de aluminio, cordaje de primera calidad y generosos cojines para que disfrutes de la m\u00e1xima comodidad en tu jard\u00edn","breadcrumb":{"@id":"https:\/\/hello-suns.com\/es\/productos\/tosca-cama-de-dia\/#breadcrumb"},"inLanguage":"es-ES","potentialAction":[{"@type":"ReadAction","target":["https:\/\/hello-suns.com\/es\/productos\/tosca-cama-de-dia\/"]}]},{"@type":"ImageObject","inLanguage":"es-ES","@id":"https:\/\/hello-suns.com\/es\/productos\/tosca-cama-de-dia\/#primaryimage","url":"https:\/\/hello-suns.com\/app\/uploads\/2025\/01\/01_Tosca-SUNS-Daybed-CS-NMW-free-25-2500-1.png","contentUrl":"https:\/\/hello-suns.com\/app\/uploads\/2025\/01\/01_Tosca-SUNS-Daybed-CS-NMW-free-25-2500-1.png","width":2500,"height":1667},{"@type":"BreadcrumbList","@id":"https:\/\/hello-suns.com\/es\/productos\/tosca-cama-de-dia\/#breadcrumb","itemListElement":[{"@type":"ListItem","position":1,"name":"","item":"https:\/\/hello-suns.com\/es\/"},{"@type":"ListItem","position":2,"name":"Productos","item":"https:\/\/hello-suns.com\/es\/productos\/"},{"@type":"ListItem","position":3,"name":"Tosca"}]},{"@type":"WebSite","@id":"https:\/\/hello-suns.com\/es\/#website","url":"https:\/\/hello-suns.com\/es\/","name":"SUNS","description":"Outdoor Lifestyle","potentialAction":[{"@type":"SearchAction","target":{"@type":"EntryPoint","urlTemplate":"https:\/\/hello-suns.com\/es\/?s={search_term_string}"},"query-input":{"@type":"PropertyValueSpecification","valueRequired":true,"valueName":"search_term_string"}}],"inLanguage":"es-ES"}]}},"_links":{"self":[{"href":"https:\/\/hello-suns.com\/es\/wp-json\/wp\/v2\/product\/17070","targetHints":{"allow":["GET"]}}],"collection":[{"href":"https:\/\/hello-suns.com\/es\/wp-json\/wp\/v2\/product"}],"about":[{"href":"https:\/\/hello-suns.com\/es\/wp-json\/wp\/v2\/types\/product"}],"replies":[{"embeddable":true,"href":"https:\/\/hello-suns.com\/es\/wp-json\/wp\/v2\/comments?post=17070"}],"wp:featuredmedia":[{"embeddable":true,"href":"https:\/\/hello-suns.com\/es\/wp-json\/wp\/v2\/media\/16865"}],"wp:attachment":[{"href":"https:\/\/hello-suns.com\/es\/wp-json\/wp\/v2\/media?parent=17070"}],"wp:term":[{"taxonomy":"product_brand","embeddable":true,"href":"https:\/\/hello-suns.com\/es\/wp-json\/wp\/v2\/product_brand?post=17070"},{"taxonomy":"product_cat","embeddable":true,"href":"https:\/\/hello-suns.com\/es\/wp-json\/wp\/v2\/product_cat?post=17070"},{"taxonomy":"product_tag","embeddable":true,"href":"https:\/\/hello-suns.com\/es\/wp-json\/wp\/v2\/product_tag?post=17070"},{"taxonomy":"material","embeddable":true,"href":"https:\/\/hello-suns.com\/es\/wp-json\/wp\/v2\/material?post=17070"}],"curies":[{"name":"wp","href":"https:\/\/api.w.org\/{rel}","templated":true}]}}