{"id":17055,"date":"2025-01-16T10:28:03","date_gmt":"2025-01-16T09:28:03","guid":{"rendered":"https:\/\/hello-suns.com\/producten\/estocolmo-3\/"},"modified":"2026-02-04T11:22:01","modified_gmt":"2026-02-04T10:22:01","slug":"stockholm-cama-de-dia","status":"publish","type":"product","link":"https:\/\/hello-suns.com\/es\/productos\/stockholm-cama-de-dia\/","title":{"rendered":"Stockholm"},"content":{"rendered":"<h2 style=\"font-weight: 400;\"><span class=\"TextRun SCXW27638417 BCX0\" lang=\"NL-NL\" xml:lang=\"NL-NL\" data-contrast=\"auto\"><span class=\"NormalTextRun SCXW27638417 BCX0\">Duplica el <\/span><span class=\"NormalTextRun SCXW27638417 BCX0\">diversi\u00f3n<\/span><\/span><\/h2>\n<p style=\"font-weight: 400;\"><span class=\"TextRun SCXW250913464 BCX0\" lang=\"NL-NL\" xml:lang=\"NL-NL\" data-contrast=\"auto\"><span class=\"NormalTextRun SCXW250913464 BCX0\">Estocolmo<\/span> <span class=\"NormalTextRun SCXW250913464 BCX0\">daybed <\/span> <span class=\"NormalTextRun SCXW250913464 BCX0\">te permite disfrutar de un lujo excepcional. Sin preocupaciones <\/span><span class=\"NormalTextRun SCXW250913464 BCX0\">con <\/span><span class=\"NormalTextRun SCXW250913464 BCX0\">ilimitado<\/span> <span class=\"NormalTextRun SCXW250913464 BCX0\">comodidad<\/span><span class=\"NormalTextRun SCXW250913464 BCX0\">. \u00bfA qu\u00e9 esperas?<\/span><\/span><\/p>\n","protected":false},"excerpt":{"rendered":"<h3 style=\"font-weight: 400;\"><span class=\"TextRun SCXW71540007 BCX0\" lang=\"NL-NL\" xml:lang=\"NL-NL\" data-contrast=\"auto\"><span class=\"NormalTextRun SCXW71540007 BCX0\">Doble disfrute<\/span><\/span><\/h3>\n<p><span data-contrast=\"auto\">Dos preciosas chaise longues en tu jard\u00edn o terraza para una relajaci\u00f3n \u00f3ptima en el daybed Estocolmo. SUNS te proporciona el sof\u00e1 cama de tus sue\u00f1os. <\/span> <span data-contrast=\"auto\">El sof\u00e1-cama est\u00e1 construido sobre una robusta y s\u00f3lida pero elegante estructura de aluminio. Los generosos colchones y cojines proporcionan una gran comodidad para sentarse y tumbarse. Gracias al uso de materiales de alta calidad, puedes dejar este sof\u00e1-cama al aire libre todo el a\u00f1o.<\/span> <span data-contrast=\"auto\">El conjunto est\u00e1 dise\u00f1ado en la popular l\u00ednea modular Estocolmo. Eso significa que puedes combinar varios elementos para crear tu propia configuraci\u00f3n ideal. SUNS ofrece varios conceptos modulares bajo el lema: T\u00fa Creas. Adem\u00e1s de este sof\u00e1 cama, dentro de la misma l\u00ednea de productos, un conjunto de sal\u00f3n <\/span><span data-contrast=\"auto\">y un juego de sof\u00e1s disponibles.<\/span><\/p>\n","protected":false},"featured_media":16862,"comment_status":"closed","ping_status":"closed","template":"","meta":{"_acf_changed":false},"product_brand":[],"product_cat":[797,822,823],"product_tag":[],"material":[],"class_list":{"0":"post-17055","1":"product","2":"type-product","3":"status-publish","4":"has-post-thumbnail","6":"product_cat-you-create-es","7":"product_cat-relax","8":"product_cat-cama-de-dia","10":"first","11":"instock","12":"shipping-taxable","13":"product-type-simple"},"acf":[],"yoast_head":"<!-- This site is optimized with the Yoast SEO plugin v26.8 - https:\/\/yoast.com\/product\/yoast-seo-wordpress\/ -->\n<title>Descubre el Daybed Estocolmo | SUNS Outdoor Lifestyle<\/title>\n<meta name=\"description\" content=\"\u00bfBuscas un sof\u00e1 cama Estocolmo? SUNS ofrece un daybed modular con robusta estructura de aluminio, generosos colchones y cojines. Perfecto para exteriores.\" \/>\n<meta name=\"robots\" content=\"index, follow, max-snippet:-1, max-image-preview:large, max-video-preview:-1\" \/>\n<link rel=\"canonical\" href=\"https:\/\/hello-suns.com\/es\/productos\/stockholm-cama-de-dia\/\" \/>\n<meta property=\"og:locale\" content=\"es_ES\" \/>\n<meta property=\"og:type\" content=\"article\" \/>\n<meta property=\"og:title\" content=\"Descubre el Daybed Estocolmo | SUNS Outdoor Lifestyle\" \/>\n<meta property=\"og:description\" content=\"\u00bfBuscas un sof\u00e1 cama Estocolmo? SUNS ofrece un daybed modular con robusta estructura de aluminio, generosos colchones y cojines. Perfecto para exteriores.\" \/>\n<meta property=\"og:url\" content=\"https:\/\/hello-suns.com\/es\/productos\/stockholm-cama-de-dia\/\" \/>\n<meta property=\"og:site_name\" content=\"SUNS\" \/>\n<meta property=\"article:modified_time\" content=\"2026-02-04T10:22:01+00:00\" \/>\n<meta property=\"og:image\" content=\"https:\/\/hello-suns.com\/app\/uploads\/2025\/01\/01_Daybed_stockholm_slateofegrey_2500px-1-1024x683.png\" \/>\n\t<meta property=\"og:image:width\" content=\"1024\" \/>\n\t<meta property=\"og:image:height\" content=\"683\" \/>\n\t<meta property=\"og:image:type\" content=\"image\/png\" \/>\n<meta name=\"twitter:card\" content=\"summary_large_image\" \/>\n<meta name=\"twitter:label1\" content=\"Est. reading time\" \/>\n\t<meta name=\"twitter:data1\" content=\"2 minutes\" \/>\n<script type=\"application\/ld+json\" class=\"yoast-schema-graph\">{\"@context\":\"https:\/\/schema.org\",\"@graph\":[{\"@type\":\"WebPage\",\"@id\":\"https:\/\/hello-suns.com\/es\/productos\/stockholm-cama-de-dia\/\",\"url\":\"https:\/\/hello-suns.com\/es\/productos\/stockholm-cama-de-dia\/\",\"name\":\"Descubre el Daybed Estocolmo | SUNS Outdoor Lifestyle\",\"isPartOf\":{\"@id\":\"https:\/\/hello-suns.com\/es\/#website\"},\"primaryImageOfPage\":{\"@id\":\"https:\/\/hello-suns.com\/es\/productos\/stockholm-cama-de-dia\/#primaryimage\"},\"image\":{\"@id\":\"https:\/\/hello-suns.com\/es\/productos\/stockholm-cama-de-dia\/#primaryimage\"},\"thumbnailUrl\":\"https:\/\/hello-suns.com\/app\/uploads\/2025\/01\/01_Daybed_stockholm_slateofegrey_2500px-1.png\",\"datePublished\":\"2025-01-16T09:28:03+00:00\",\"dateModified\":\"2026-02-04T10:22:01+00:00\",\"description\":\"\u00bfBuscas un sof\u00e1 cama Estocolmo? SUNS ofrece un daybed modular con robusta estructura de aluminio, generosos colchones y cojines. Perfecto para exteriores.\",\"breadcrumb\":{\"@id\":\"https:\/\/hello-suns.com\/es\/productos\/stockholm-cama-de-dia\/#breadcrumb\"},\"inLanguage\":\"es-ES\",\"potentialAction\":[{\"@type\":\"ReadAction\",\"target\":[\"https:\/\/hello-suns.com\/es\/productos\/stockholm-cama-de-dia\/\"]}]},{\"@type\":\"ImageObject\",\"inLanguage\":\"es-ES\",\"@id\":\"https:\/\/hello-suns.com\/es\/productos\/stockholm-cama-de-dia\/#primaryimage\",\"url\":\"https:\/\/hello-suns.com\/app\/uploads\/2025\/01\/01_Daybed_stockholm_slateofegrey_2500px-1.png\",\"contentUrl\":\"https:\/\/hello-suns.com\/app\/uploads\/2025\/01\/01_Daybed_stockholm_slateofegrey_2500px-1.png\",\"width\":2500,\"height\":1667},{\"@type\":\"BreadcrumbList\",\"@id\":\"https:\/\/hello-suns.com\/es\/productos\/stockholm-cama-de-dia\/#breadcrumb\",\"itemListElement\":[{\"@type\":\"ListItem\",\"position\":1,\"name\":\"\",\"item\":\"https:\/\/hello-suns.com\/es\/\"},{\"@type\":\"ListItem\",\"position\":2,\"name\":\"Productos\",\"item\":\"https:\/\/hello-suns.com\/es\/productos\/\"},{\"@type\":\"ListItem\",\"position\":3,\"name\":\"Stockholm\"}]},{\"@type\":\"WebSite\",\"@id\":\"https:\/\/hello-suns.com\/es\/#website\",\"url\":\"https:\/\/hello-suns.com\/es\/\",\"name\":\"SUNS\",\"description\":\"Outdoor Lifestyle\",\"potentialAction\":[{\"@type\":\"SearchAction\",\"target\":{\"@type\":\"EntryPoint\",\"urlTemplate\":\"https:\/\/hello-suns.com\/es\/?s={search_term_string}\"},\"query-input\":{\"@type\":\"PropertyValueSpecification\",\"valueRequired\":true,\"valueName\":\"search_term_string\"}}],\"inLanguage\":\"es-ES\"}]}<\/script>\n<!-- \/ Yoast SEO plugin. -->","yoast_head_json":{"title":"Descubre el Daybed Estocolmo | SUNS Outdoor Lifestyle","description":"\u00bfBuscas un sof\u00e1 cama Estocolmo? SUNS ofrece un daybed modular con robusta estructura de aluminio, generosos colchones y cojines. Perfecto para exteriores.","robots":{"index":"index","follow":"follow","max-snippet":"max-snippet:-1","max-image-preview":"max-image-preview:large","max-video-preview":"max-video-preview:-1"},"canonical":"https:\/\/hello-suns.com\/es\/productos\/stockholm-cama-de-dia\/","og_locale":"es_ES","og_type":"article","og_title":"Descubre el Daybed Estocolmo | SUNS Outdoor Lifestyle","og_description":"\u00bfBuscas un sof\u00e1 cama Estocolmo? SUNS ofrece un daybed modular con robusta estructura de aluminio, generosos colchones y cojines. Perfecto para exteriores.","og_url":"https:\/\/hello-suns.com\/es\/productos\/stockholm-cama-de-dia\/","og_site_name":"SUNS","article_modified_time":"2026-02-04T10:22:01+00:00","og_image":[{"width":1024,"height":683,"url":"https:\/\/hello-suns.com\/app\/uploads\/2025\/01\/01_Daybed_stockholm_slateofegrey_2500px-1-1024x683.png","type":"image\/png"}],"twitter_card":"summary_large_image","twitter_misc":{"Est. reading time":"2 minutes"},"schema":{"@context":"https:\/\/schema.org","@graph":[{"@type":"WebPage","@id":"https:\/\/hello-suns.com\/es\/productos\/stockholm-cama-de-dia\/","url":"https:\/\/hello-suns.com\/es\/productos\/stockholm-cama-de-dia\/","name":"Descubre el Daybed Estocolmo | SUNS Outdoor Lifestyle","isPartOf":{"@id":"https:\/\/hello-suns.com\/es\/#website"},"primaryImageOfPage":{"@id":"https:\/\/hello-suns.com\/es\/productos\/stockholm-cama-de-dia\/#primaryimage"},"image":{"@id":"https:\/\/hello-suns.com\/es\/productos\/stockholm-cama-de-dia\/#primaryimage"},"thumbnailUrl":"https:\/\/hello-suns.com\/app\/uploads\/2025\/01\/01_Daybed_stockholm_slateofegrey_2500px-1.png","datePublished":"2025-01-16T09:28:03+00:00","dateModified":"2026-02-04T10:22:01+00:00","description":"\u00bfBuscas un sof\u00e1 cama Estocolmo? SUNS ofrece un daybed modular con robusta estructura de aluminio, generosos colchones y cojines. Perfecto para exteriores.","breadcrumb":{"@id":"https:\/\/hello-suns.com\/es\/productos\/stockholm-cama-de-dia\/#breadcrumb"},"inLanguage":"es-ES","potentialAction":[{"@type":"ReadAction","target":["https:\/\/hello-suns.com\/es\/productos\/stockholm-cama-de-dia\/"]}]},{"@type":"ImageObject","inLanguage":"es-ES","@id":"https:\/\/hello-suns.com\/es\/productos\/stockholm-cama-de-dia\/#primaryimage","url":"https:\/\/hello-suns.com\/app\/uploads\/2025\/01\/01_Daybed_stockholm_slateofegrey_2500px-1.png","contentUrl":"https:\/\/hello-suns.com\/app\/uploads\/2025\/01\/01_Daybed_stockholm_slateofegrey_2500px-1.png","width":2500,"height":1667},{"@type":"BreadcrumbList","@id":"https:\/\/hello-suns.com\/es\/productos\/stockholm-cama-de-dia\/#breadcrumb","itemListElement":[{"@type":"ListItem","position":1,"name":"","item":"https:\/\/hello-suns.com\/es\/"},{"@type":"ListItem","position":2,"name":"Productos","item":"https:\/\/hello-suns.com\/es\/productos\/"},{"@type":"ListItem","position":3,"name":"Stockholm"}]},{"@type":"WebSite","@id":"https:\/\/hello-suns.com\/es\/#website","url":"https:\/\/hello-suns.com\/es\/","name":"SUNS","description":"Outdoor Lifestyle","potentialAction":[{"@type":"SearchAction","target":{"@type":"EntryPoint","urlTemplate":"https:\/\/hello-suns.com\/es\/?s={search_term_string}"},"query-input":{"@type":"PropertyValueSpecification","valueRequired":true,"valueName":"search_term_string"}}],"inLanguage":"es-ES"}]}},"_links":{"self":[{"href":"https:\/\/hello-suns.com\/es\/wp-json\/wp\/v2\/product\/17055","targetHints":{"allow":["GET"]}}],"collection":[{"href":"https:\/\/hello-suns.com\/es\/wp-json\/wp\/v2\/product"}],"about":[{"href":"https:\/\/hello-suns.com\/es\/wp-json\/wp\/v2\/types\/product"}],"replies":[{"embeddable":true,"href":"https:\/\/hello-suns.com\/es\/wp-json\/wp\/v2\/comments?post=17055"}],"wp:featuredmedia":[{"embeddable":true,"href":"https:\/\/hello-suns.com\/es\/wp-json\/wp\/v2\/media\/16862"}],"wp:attachment":[{"href":"https:\/\/hello-suns.com\/es\/wp-json\/wp\/v2\/media?parent=17055"}],"wp:term":[{"taxonomy":"product_brand","embeddable":true,"href":"https:\/\/hello-suns.com\/es\/wp-json\/wp\/v2\/product_brand?post=17055"},{"taxonomy":"product_cat","embeddable":true,"href":"https:\/\/hello-suns.com\/es\/wp-json\/wp\/v2\/product_cat?post=17055"},{"taxonomy":"product_tag","embeddable":true,"href":"https:\/\/hello-suns.com\/es\/wp-json\/wp\/v2\/product_tag?post=17055"},{"taxonomy":"material","embeddable":true,"href":"https:\/\/hello-suns.com\/es\/wp-json\/wp\/v2\/material?post=17055"}],"curies":[{"name":"wp","href":"https:\/\/api.w.org\/{rel}","templated":true}]}}