{"id":17030,"date":"2025-01-16T10:36:23","date_gmt":"2025-01-16T09:36:23","guid":{"rendered":"https:\/\/hello-suns.com\/producten\/matera\/"},"modified":"2026-02-05T16:28:45","modified_gmt":"2026-02-05T15:28:45","slug":"matera-stillas","status":"publish","type":"product","link":"https:\/\/hello-suns.com\/es\/productos\/matera-stillas\/","title":{"rendered":"Matera"},"content":{"rendered":"<h2 style=\"font-weight: 400;\">Para variar<\/h2>\n<p style=\"font-weight: 400;\">Formas juguetonas y colores veraniegos: la silla Matera es una presencia radiante en tu mesa. Comb\u00ednalo a tu gusto.<\/p>\n","protected":false},"excerpt":{"rendered":"<h3 style=\"font-weight: 400;\">Confort de asiento sorprendentemente veraniego<\/h3>\n<p style=\"font-weight: 400;\">La Silla Matera es una silla c\u00f3moda y encantadora para estar en la mesa o suelta. La juguetona combinaci\u00f3n de aluminio y cuerda de colores da a la silla un aspecto veraniego. Mezcla y combina los distintos colores y descubre tu disposici\u00f3n ideal. Para esta silla hay disponible opcionalmente un coj\u00edn de asiento adicional. Matera es f\u00e1cil de combinar con una de las distintas mesas SUNS.<\/p>\n","protected":false},"featured_media":17035,"comment_status":"closed","ping_status":"closed","template":"","meta":{"_acf_changed":false},"product_brand":[],"product_cat":[811],"product_tag":[],"material":[],"class_list":{"0":"post-17030","1":"product","2":"type-product","3":"status-publish","4":"has-post-thumbnail","6":"product_cat-sillas","8":"first","9":"instock","10":"shipping-taxable","11":"product-type-simple"},"acf":[],"yoast_head":"<!-- This site is optimized with the Yoast SEO plugin v26.8 - https:\/\/yoast.com\/product\/yoast-seo-wordpress\/ -->\n<title>Descubre la Silla Matera | SUNS Outdoor Lifestyle<\/title>\n<meta name=\"description\" content=\"\u00bfBuscas una silla matera? SUNS ofrece c\u00f3modas sillas de jard\u00edn con una colorida cuerda acr\u00edlica y un duradero armaz\u00f3n de aluminio, perfectas para su uso en exteriores.\" \/>\n<meta name=\"robots\" content=\"index, follow, max-snippet:-1, max-image-preview:large, max-video-preview:-1\" \/>\n<link rel=\"canonical\" href=\"https:\/\/hello-suns.com\/es\/productos\/matera-stillas\/\" \/>\n<meta property=\"og:locale\" content=\"es_ES\" \/>\n<meta property=\"og:type\" content=\"article\" \/>\n<meta property=\"og:title\" content=\"Descubre la Silla Matera | SUNS Outdoor Lifestyle\" \/>\n<meta property=\"og:description\" content=\"\u00bfBuscas una silla matera? SUNS ofrece c\u00f3modas sillas de jard\u00edn con una colorida cuerda acr\u00edlica y un duradero armaz\u00f3n de aluminio, perfectas para su uso en exteriores.\" \/>\n<meta property=\"og:url\" content=\"https:\/\/hello-suns.com\/es\/productos\/matera-stillas\/\" \/>\n<meta property=\"og:site_name\" content=\"SUNS\" \/>\n<meta property=\"article:modified_time\" content=\"2026-02-05T15:28:45+00:00\" \/>\n<meta property=\"og:image\" content=\"https:\/\/hello-suns.com\/app\/uploads\/2025\/01\/Matera-SUNS-Diningchair-MRG-NMW-Free-23-1.png\" \/>\n\t<meta property=\"og:image:width\" content=\"2500\" \/>\n\t<meta property=\"og:image:height\" content=\"1667\" \/>\n\t<meta property=\"og:image:type\" content=\"image\/png\" \/>\n<meta name=\"twitter:card\" content=\"summary_large_image\" \/>\n<meta name=\"twitter:label1\" content=\"Est. reading time\" \/>\n\t<meta name=\"twitter:data1\" content=\"3 minutes\" \/>\n<script type=\"application\/ld+json\" class=\"yoast-schema-graph\">{\"@context\":\"https:\/\/schema.org\",\"@graph\":[{\"@type\":\"WebPage\",\"@id\":\"https:\/\/hello-suns.com\/es\/productos\/matera-stillas\/\",\"url\":\"https:\/\/hello-suns.com\/es\/productos\/matera-stillas\/\",\"name\":\"Descubre la Silla Matera | SUNS Outdoor Lifestyle\",\"isPartOf\":{\"@id\":\"https:\/\/hello-suns.com\/es\/#website\"},\"primaryImageOfPage\":{\"@id\":\"https:\/\/hello-suns.com\/es\/productos\/matera-stillas\/#primaryimage\"},\"image\":{\"@id\":\"https:\/\/hello-suns.com\/es\/productos\/matera-stillas\/#primaryimage\"},\"thumbnailUrl\":\"https:\/\/hello-suns.com\/app\/uploads\/2025\/01\/Matera-SUNS-Diningchair-MRG-NMW-Free-23-1.png\",\"datePublished\":\"2025-01-16T09:36:23+00:00\",\"dateModified\":\"2026-02-05T15:28:45+00:00\",\"description\":\"\u00bfBuscas una silla matera? SUNS ofrece c\u00f3modas sillas de jard\u00edn con una colorida cuerda acr\u00edlica y un duradero armaz\u00f3n de aluminio, perfectas para su uso en exteriores.\",\"breadcrumb\":{\"@id\":\"https:\/\/hello-suns.com\/es\/productos\/matera-stillas\/#breadcrumb\"},\"inLanguage\":\"es-ES\",\"potentialAction\":[{\"@type\":\"ReadAction\",\"target\":[\"https:\/\/hello-suns.com\/es\/productos\/matera-stillas\/\"]}]},{\"@type\":\"ImageObject\",\"inLanguage\":\"es-ES\",\"@id\":\"https:\/\/hello-suns.com\/es\/productos\/matera-stillas\/#primaryimage\",\"url\":\"https:\/\/hello-suns.com\/app\/uploads\/2025\/01\/Matera-SUNS-Diningchair-MRG-NMW-Free-23-1.png\",\"contentUrl\":\"https:\/\/hello-suns.com\/app\/uploads\/2025\/01\/Matera-SUNS-Diningchair-MRG-NMW-Free-23-1.png\",\"width\":2500,\"height\":1667},{\"@type\":\"BreadcrumbList\",\"@id\":\"https:\/\/hello-suns.com\/es\/productos\/matera-stillas\/#breadcrumb\",\"itemListElement\":[{\"@type\":\"ListItem\",\"position\":1,\"name\":\"\",\"item\":\"https:\/\/hello-suns.com\/es\/\"},{\"@type\":\"ListItem\",\"position\":2,\"name\":\"Productos\",\"item\":\"https:\/\/hello-suns.com\/es\/productos\/\"},{\"@type\":\"ListItem\",\"position\":3,\"name\":\"Matera\"}]},{\"@type\":\"WebSite\",\"@id\":\"https:\/\/hello-suns.com\/es\/#website\",\"url\":\"https:\/\/hello-suns.com\/es\/\",\"name\":\"SUNS\",\"description\":\"Outdoor Lifestyle\",\"potentialAction\":[{\"@type\":\"SearchAction\",\"target\":{\"@type\":\"EntryPoint\",\"urlTemplate\":\"https:\/\/hello-suns.com\/es\/?s={search_term_string}\"},\"query-input\":{\"@type\":\"PropertyValueSpecification\",\"valueRequired\":true,\"valueName\":\"search_term_string\"}}],\"inLanguage\":\"es-ES\"}]}<\/script>\n<!-- \/ Yoast SEO plugin. -->","yoast_head_json":{"title":"Descubre la Silla Matera | SUNS Outdoor Lifestyle","description":"\u00bfBuscas una silla matera? SUNS ofrece c\u00f3modas sillas de jard\u00edn con una colorida cuerda acr\u00edlica y un duradero armaz\u00f3n de aluminio, perfectas para su uso en exteriores.","robots":{"index":"index","follow":"follow","max-snippet":"max-snippet:-1","max-image-preview":"max-image-preview:large","max-video-preview":"max-video-preview:-1"},"canonical":"https:\/\/hello-suns.com\/es\/productos\/matera-stillas\/","og_locale":"es_ES","og_type":"article","og_title":"Descubre la Silla Matera | SUNS Outdoor Lifestyle","og_description":"\u00bfBuscas una silla matera? SUNS ofrece c\u00f3modas sillas de jard\u00edn con una colorida cuerda acr\u00edlica y un duradero armaz\u00f3n de aluminio, perfectas para su uso en exteriores.","og_url":"https:\/\/hello-suns.com\/es\/productos\/matera-stillas\/","og_site_name":"SUNS","article_modified_time":"2026-02-05T15:28:45+00:00","og_image":[{"width":2500,"height":1667,"url":"https:\/\/hello-suns.com\/app\/uploads\/2025\/01\/Matera-SUNS-Diningchair-MRG-NMW-Free-23-1.png","type":"image\/png"}],"twitter_card":"summary_large_image","twitter_misc":{"Est. reading time":"3 minutes"},"schema":{"@context":"https:\/\/schema.org","@graph":[{"@type":"WebPage","@id":"https:\/\/hello-suns.com\/es\/productos\/matera-stillas\/","url":"https:\/\/hello-suns.com\/es\/productos\/matera-stillas\/","name":"Descubre la Silla Matera | SUNS Outdoor Lifestyle","isPartOf":{"@id":"https:\/\/hello-suns.com\/es\/#website"},"primaryImageOfPage":{"@id":"https:\/\/hello-suns.com\/es\/productos\/matera-stillas\/#primaryimage"},"image":{"@id":"https:\/\/hello-suns.com\/es\/productos\/matera-stillas\/#primaryimage"},"thumbnailUrl":"https:\/\/hello-suns.com\/app\/uploads\/2025\/01\/Matera-SUNS-Diningchair-MRG-NMW-Free-23-1.png","datePublished":"2025-01-16T09:36:23+00:00","dateModified":"2026-02-05T15:28:45+00:00","description":"\u00bfBuscas una silla matera? SUNS ofrece c\u00f3modas sillas de jard\u00edn con una colorida cuerda acr\u00edlica y un duradero armaz\u00f3n de aluminio, perfectas para su uso en exteriores.","breadcrumb":{"@id":"https:\/\/hello-suns.com\/es\/productos\/matera-stillas\/#breadcrumb"},"inLanguage":"es-ES","potentialAction":[{"@type":"ReadAction","target":["https:\/\/hello-suns.com\/es\/productos\/matera-stillas\/"]}]},{"@type":"ImageObject","inLanguage":"es-ES","@id":"https:\/\/hello-suns.com\/es\/productos\/matera-stillas\/#primaryimage","url":"https:\/\/hello-suns.com\/app\/uploads\/2025\/01\/Matera-SUNS-Diningchair-MRG-NMW-Free-23-1.png","contentUrl":"https:\/\/hello-suns.com\/app\/uploads\/2025\/01\/Matera-SUNS-Diningchair-MRG-NMW-Free-23-1.png","width":2500,"height":1667},{"@type":"BreadcrumbList","@id":"https:\/\/hello-suns.com\/es\/productos\/matera-stillas\/#breadcrumb","itemListElement":[{"@type":"ListItem","position":1,"name":"","item":"https:\/\/hello-suns.com\/es\/"},{"@type":"ListItem","position":2,"name":"Productos","item":"https:\/\/hello-suns.com\/es\/productos\/"},{"@type":"ListItem","position":3,"name":"Matera"}]},{"@type":"WebSite","@id":"https:\/\/hello-suns.com\/es\/#website","url":"https:\/\/hello-suns.com\/es\/","name":"SUNS","description":"Outdoor Lifestyle","potentialAction":[{"@type":"SearchAction","target":{"@type":"EntryPoint","urlTemplate":"https:\/\/hello-suns.com\/es\/?s={search_term_string}"},"query-input":{"@type":"PropertyValueSpecification","valueRequired":true,"valueName":"search_term_string"}}],"inLanguage":"es-ES"}]}},"_links":{"self":[{"href":"https:\/\/hello-suns.com\/es\/wp-json\/wp\/v2\/product\/17030","targetHints":{"allow":["GET"]}}],"collection":[{"href":"https:\/\/hello-suns.com\/es\/wp-json\/wp\/v2\/product"}],"about":[{"href":"https:\/\/hello-suns.com\/es\/wp-json\/wp\/v2\/types\/product"}],"replies":[{"embeddable":true,"href":"https:\/\/hello-suns.com\/es\/wp-json\/wp\/v2\/comments?post=17030"}],"wp:featuredmedia":[{"embeddable":true,"href":"https:\/\/hello-suns.com\/es\/wp-json\/wp\/v2\/media\/17035"}],"wp:attachment":[{"href":"https:\/\/hello-suns.com\/es\/wp-json\/wp\/v2\/media?parent=17030"}],"wp:term":[{"taxonomy":"product_brand","embeddable":true,"href":"https:\/\/hello-suns.com\/es\/wp-json\/wp\/v2\/product_brand?post=17030"},{"taxonomy":"product_cat","embeddable":true,"href":"https:\/\/hello-suns.com\/es\/wp-json\/wp\/v2\/product_cat?post=17030"},{"taxonomy":"product_tag","embeddable":true,"href":"https:\/\/hello-suns.com\/es\/wp-json\/wp\/v2\/product_tag?post=17030"},{"taxonomy":"material","embeddable":true,"href":"https:\/\/hello-suns.com\/es\/wp-json\/wp\/v2\/material?post=17030"}],"curies":[{"name":"wp","href":"https:\/\/api.w.org\/{rel}","templated":true}]}}