{"id":17001,"date":"2025-01-16T12:51:10","date_gmt":"2025-01-16T11:51:10","guid":{"rendered":"https:\/\/hello-suns.com\/producten\/kota-3\/"},"modified":"2026-02-04T08:52:32","modified_gmt":"2026-02-04T07:52:32","slug":"kota-cama-de-dia","status":"publish","type":"product","link":"https:\/\/hello-suns.com\/es\/productos\/kota-cama-de-dia\/","title":{"rendered":"Kota"},"content":{"rendered":"<h2 style=\"font-weight: 400;\"><span class=\"TextRun SCXW258315848 BCX0\" lang=\"NL-NL\" xml:lang=\"NL-NL\" data-contrast=\"auto\"><span class=\"NormalTextRun SCXW258315848 BCX0\">Un lugar al que volver<\/span><\/span><\/h2>\n<p style=\"font-weight: 400;\"><span class=\"TextRun SCXW256981100 BCX0\" lang=\"NL-NL\" xml:lang=\"NL-NL\" data-contrast=\"none\"><span class=\"NormalTextRun SCXW256981100 BCX0\">La m\u00e1xima relajaci\u00f3n empieza aqu\u00ed. Sus agradables dimensiones hacen que <\/span><span class=\"NormalTextRun SCXW256981100 BCX0\">Kota<\/span><span class=\"NormalTextRun SCXW256981100 BCX0\"> daybed un fest\u00edn para los ojos. Los materiales de alta calidad hacen el resto. <\/span><\/span><\/p>\n","protected":false},"excerpt":{"rendered":"<h3 style=\"font-weight: 400;\">La m\u00e1xima relajaci\u00f3n empieza aqu\u00ed<\/h3>\n<p><span data-contrast=\"none\">El sof\u00e1 cama es una tendencia emergente para el jard\u00edn. Y con raz\u00f3n. Esto es relajarse en optima forma. Kota te ofrece todo lo que necesitas. Cojines generosos para una comodidad \u00f3ptima al tumbarse\/sentarse. Un armaz\u00f3n de gran tama\u00f1o que deja mucho espacio a los lados para aperitivos y bebidas o una pila de material de lectura.El armaz\u00f3n del sof\u00e1 cama es de aluminio industrial inoxidable con una incrustaci\u00f3n de teca natural. Los cojines del asiento y el respaldo son de espuma de alta calidad que se seca r\u00e1pidamente. <\/span><span data-contrast=\"none\">Esto es descansar como se debe descansar: imag\u00ednate c\u00f3mo ser\u00e1n tus tardes de verano en un sof\u00e1 Kota.<\/span><\/p>\n<p><span data-contrast=\"none\">Este sof\u00e1-cama est\u00e1 dise\u00f1ado en la l\u00ednea de productos Kota, que tambi\u00e9n incluye <\/span><span data-contrast=\"none\">conjuntos de sal\u00f3n<\/span><span data-contrast=\"none\"> y <\/span><span data-contrast=\"none\">conjuntos de sof\u00e1<\/span><span data-contrast=\"none\"> disponibles, el sof\u00e1 cama Kota es una disposici\u00f3n de dos chaise longues.<\/span><\/p>\n","protected":false},"featured_media":16863,"comment_status":"closed","ping_status":"closed","template":"","meta":{"_acf_changed":false},"product_brand":[],"product_cat":[797,822,823],"product_tag":[],"material":[],"class_list":{"0":"post-17001","1":"product","2":"type-product","3":"status-publish","4":"has-post-thumbnail","6":"product_cat-you-create-es","7":"product_cat-relax","8":"product_cat-cama-de-dia","10":"first","11":"instock","12":"shipping-taxable","13":"product-type-simple"},"acf":[],"yoast_head":"<!-- This site is optimized with the Yoast SEO plugin v26.8 - https:\/\/yoast.com\/product\/yoast-seo-wordpress\/ -->\n<title>Descubre el Daybed Kota | SUNS Outdoor Lifestyle<\/title>\n<meta name=\"description\" content=\"\u00bfBuscas un daybed kota? SUNS te ofrece un elegante daybed de acero inoxidable y teca. Perfecto para exteriores, cojines de secado r\u00e1pido y un dise\u00f1o lujoso.\" \/>\n<meta name=\"robots\" content=\"index, follow, max-snippet:-1, max-image-preview:large, max-video-preview:-1\" \/>\n<link rel=\"canonical\" href=\"https:\/\/hello-suns.com\/es\/productos\/kota-cama-de-dia\/\" \/>\n<meta property=\"og:locale\" content=\"es_ES\" \/>\n<meta property=\"og:type\" content=\"article\" \/>\n<meta property=\"og:title\" content=\"Descubre el Daybed Kota | SUNS Outdoor Lifestyle\" \/>\n<meta property=\"og:description\" content=\"\u00bfBuscas un daybed kota? SUNS te ofrece un elegante daybed de acero inoxidable y teca. Perfecto para exteriores, cojines de secado r\u00e1pido y un dise\u00f1o lujoso.\" \/>\n<meta property=\"og:url\" content=\"https:\/\/hello-suns.com\/es\/productos\/kota-cama-de-dia\/\" \/>\n<meta property=\"og:site_name\" content=\"SUNS\" \/>\n<meta property=\"article:modified_time\" content=\"2026-02-04T07:52:32+00:00\" \/>\n<meta property=\"og:image\" content=\"https:\/\/hello-suns.com\/app\/uploads\/2025\/01\/01_Kota-SUNS-Daybed-TK-LTG-Free-23-2-2500-pix-1-1024x683.png\" \/>\n\t<meta property=\"og:image:width\" content=\"1024\" \/>\n\t<meta property=\"og:image:height\" content=\"683\" \/>\n\t<meta property=\"og:image:type\" content=\"image\/png\" \/>\n<meta name=\"twitter:card\" content=\"summary_large_image\" \/>\n<meta name=\"twitter:label1\" content=\"Est. reading time\" \/>\n\t<meta name=\"twitter:data1\" content=\"3 minutes\" \/>\n<script type=\"application\/ld+json\" class=\"yoast-schema-graph\">{\"@context\":\"https:\/\/schema.org\",\"@graph\":[{\"@type\":\"WebPage\",\"@id\":\"https:\/\/hello-suns.com\/es\/productos\/kota-cama-de-dia\/\",\"url\":\"https:\/\/hello-suns.com\/es\/productos\/kota-cama-de-dia\/\",\"name\":\"Descubre el Daybed Kota | SUNS Outdoor Lifestyle\",\"isPartOf\":{\"@id\":\"https:\/\/hello-suns.com\/es\/#website\"},\"primaryImageOfPage\":{\"@id\":\"https:\/\/hello-suns.com\/es\/productos\/kota-cama-de-dia\/#primaryimage\"},\"image\":{\"@id\":\"https:\/\/hello-suns.com\/es\/productos\/kota-cama-de-dia\/#primaryimage\"},\"thumbnailUrl\":\"https:\/\/hello-suns.com\/app\/uploads\/2025\/01\/01_Kota-SUNS-Daybed-TK-LTG-Free-23-2-2500-pix-1.png\",\"datePublished\":\"2025-01-16T11:51:10+00:00\",\"dateModified\":\"2026-02-04T07:52:32+00:00\",\"description\":\"\u00bfBuscas un daybed kota? SUNS te ofrece un elegante daybed de acero inoxidable y teca. Perfecto para exteriores, cojines de secado r\u00e1pido y un dise\u00f1o lujoso.\",\"breadcrumb\":{\"@id\":\"https:\/\/hello-suns.com\/es\/productos\/kota-cama-de-dia\/#breadcrumb\"},\"inLanguage\":\"es-ES\",\"potentialAction\":[{\"@type\":\"ReadAction\",\"target\":[\"https:\/\/hello-suns.com\/es\/productos\/kota-cama-de-dia\/\"]}]},{\"@type\":\"ImageObject\",\"inLanguage\":\"es-ES\",\"@id\":\"https:\/\/hello-suns.com\/es\/productos\/kota-cama-de-dia\/#primaryimage\",\"url\":\"https:\/\/hello-suns.com\/app\/uploads\/2025\/01\/01_Kota-SUNS-Daybed-TK-LTG-Free-23-2-2500-pix-1.png\",\"contentUrl\":\"https:\/\/hello-suns.com\/app\/uploads\/2025\/01\/01_Kota-SUNS-Daybed-TK-LTG-Free-23-2-2500-pix-1.png\",\"width\":2500,\"height\":1667},{\"@type\":\"BreadcrumbList\",\"@id\":\"https:\/\/hello-suns.com\/es\/productos\/kota-cama-de-dia\/#breadcrumb\",\"itemListElement\":[{\"@type\":\"ListItem\",\"position\":1,\"name\":\"\",\"item\":\"https:\/\/hello-suns.com\/es\/\"},{\"@type\":\"ListItem\",\"position\":2,\"name\":\"Productos\",\"item\":\"https:\/\/hello-suns.com\/es\/productos\/\"},{\"@type\":\"ListItem\",\"position\":3,\"name\":\"Kota\"}]},{\"@type\":\"WebSite\",\"@id\":\"https:\/\/hello-suns.com\/es\/#website\",\"url\":\"https:\/\/hello-suns.com\/es\/\",\"name\":\"SUNS\",\"description\":\"Outdoor Lifestyle\",\"potentialAction\":[{\"@type\":\"SearchAction\",\"target\":{\"@type\":\"EntryPoint\",\"urlTemplate\":\"https:\/\/hello-suns.com\/es\/?s={search_term_string}\"},\"query-input\":{\"@type\":\"PropertyValueSpecification\",\"valueRequired\":true,\"valueName\":\"search_term_string\"}}],\"inLanguage\":\"es-ES\"}]}<\/script>\n<!-- \/ Yoast SEO plugin. -->","yoast_head_json":{"title":"Descubre el Daybed Kota | SUNS Outdoor Lifestyle","description":"\u00bfBuscas un daybed kota? SUNS te ofrece un elegante daybed de acero inoxidable y teca. Perfecto para exteriores, cojines de secado r\u00e1pido y un dise\u00f1o lujoso.","robots":{"index":"index","follow":"follow","max-snippet":"max-snippet:-1","max-image-preview":"max-image-preview:large","max-video-preview":"max-video-preview:-1"},"canonical":"https:\/\/hello-suns.com\/es\/productos\/kota-cama-de-dia\/","og_locale":"es_ES","og_type":"article","og_title":"Descubre el Daybed Kota | SUNS Outdoor Lifestyle","og_description":"\u00bfBuscas un daybed kota? SUNS te ofrece un elegante daybed de acero inoxidable y teca. Perfecto para exteriores, cojines de secado r\u00e1pido y un dise\u00f1o lujoso.","og_url":"https:\/\/hello-suns.com\/es\/productos\/kota-cama-de-dia\/","og_site_name":"SUNS","article_modified_time":"2026-02-04T07:52:32+00:00","og_image":[{"width":1024,"height":683,"url":"https:\/\/hello-suns.com\/app\/uploads\/2025\/01\/01_Kota-SUNS-Daybed-TK-LTG-Free-23-2-2500-pix-1-1024x683.png","type":"image\/png"}],"twitter_card":"summary_large_image","twitter_misc":{"Est. reading time":"3 minutes"},"schema":{"@context":"https:\/\/schema.org","@graph":[{"@type":"WebPage","@id":"https:\/\/hello-suns.com\/es\/productos\/kota-cama-de-dia\/","url":"https:\/\/hello-suns.com\/es\/productos\/kota-cama-de-dia\/","name":"Descubre el Daybed Kota | SUNS Outdoor Lifestyle","isPartOf":{"@id":"https:\/\/hello-suns.com\/es\/#website"},"primaryImageOfPage":{"@id":"https:\/\/hello-suns.com\/es\/productos\/kota-cama-de-dia\/#primaryimage"},"image":{"@id":"https:\/\/hello-suns.com\/es\/productos\/kota-cama-de-dia\/#primaryimage"},"thumbnailUrl":"https:\/\/hello-suns.com\/app\/uploads\/2025\/01\/01_Kota-SUNS-Daybed-TK-LTG-Free-23-2-2500-pix-1.png","datePublished":"2025-01-16T11:51:10+00:00","dateModified":"2026-02-04T07:52:32+00:00","description":"\u00bfBuscas un daybed kota? SUNS te ofrece un elegante daybed de acero inoxidable y teca. Perfecto para exteriores, cojines de secado r\u00e1pido y un dise\u00f1o lujoso.","breadcrumb":{"@id":"https:\/\/hello-suns.com\/es\/productos\/kota-cama-de-dia\/#breadcrumb"},"inLanguage":"es-ES","potentialAction":[{"@type":"ReadAction","target":["https:\/\/hello-suns.com\/es\/productos\/kota-cama-de-dia\/"]}]},{"@type":"ImageObject","inLanguage":"es-ES","@id":"https:\/\/hello-suns.com\/es\/productos\/kota-cama-de-dia\/#primaryimage","url":"https:\/\/hello-suns.com\/app\/uploads\/2025\/01\/01_Kota-SUNS-Daybed-TK-LTG-Free-23-2-2500-pix-1.png","contentUrl":"https:\/\/hello-suns.com\/app\/uploads\/2025\/01\/01_Kota-SUNS-Daybed-TK-LTG-Free-23-2-2500-pix-1.png","width":2500,"height":1667},{"@type":"BreadcrumbList","@id":"https:\/\/hello-suns.com\/es\/productos\/kota-cama-de-dia\/#breadcrumb","itemListElement":[{"@type":"ListItem","position":1,"name":"","item":"https:\/\/hello-suns.com\/es\/"},{"@type":"ListItem","position":2,"name":"Productos","item":"https:\/\/hello-suns.com\/es\/productos\/"},{"@type":"ListItem","position":3,"name":"Kota"}]},{"@type":"WebSite","@id":"https:\/\/hello-suns.com\/es\/#website","url":"https:\/\/hello-suns.com\/es\/","name":"SUNS","description":"Outdoor Lifestyle","potentialAction":[{"@type":"SearchAction","target":{"@type":"EntryPoint","urlTemplate":"https:\/\/hello-suns.com\/es\/?s={search_term_string}"},"query-input":{"@type":"PropertyValueSpecification","valueRequired":true,"valueName":"search_term_string"}}],"inLanguage":"es-ES"}]}},"_links":{"self":[{"href":"https:\/\/hello-suns.com\/es\/wp-json\/wp\/v2\/product\/17001","targetHints":{"allow":["GET"]}}],"collection":[{"href":"https:\/\/hello-suns.com\/es\/wp-json\/wp\/v2\/product"}],"about":[{"href":"https:\/\/hello-suns.com\/es\/wp-json\/wp\/v2\/types\/product"}],"replies":[{"embeddable":true,"href":"https:\/\/hello-suns.com\/es\/wp-json\/wp\/v2\/comments?post=17001"}],"wp:featuredmedia":[{"embeddable":true,"href":"https:\/\/hello-suns.com\/es\/wp-json\/wp\/v2\/media\/16863"}],"wp:attachment":[{"href":"https:\/\/hello-suns.com\/es\/wp-json\/wp\/v2\/media?parent=17001"}],"wp:term":[{"taxonomy":"product_brand","embeddable":true,"href":"https:\/\/hello-suns.com\/es\/wp-json\/wp\/v2\/product_brand?post=17001"},{"taxonomy":"product_cat","embeddable":true,"href":"https:\/\/hello-suns.com\/es\/wp-json\/wp\/v2\/product_cat?post=17001"},{"taxonomy":"product_tag","embeddable":true,"href":"https:\/\/hello-suns.com\/es\/wp-json\/wp\/v2\/product_tag?post=17001"},{"taxonomy":"material","embeddable":true,"href":"https:\/\/hello-suns.com\/es\/wp-json\/wp\/v2\/material?post=17001"}],"curies":[{"name":"wp","href":"https:\/\/api.w.org\/{rel}","templated":true}]}}