{"id":16986,"date":"2025-01-16T12:29:44","date_gmt":"2025-01-16T11:29:44","guid":{"rendered":"https:\/\/hello-suns.com\/producten\/portofino-3\/"},"modified":"2026-03-31T13:59:25","modified_gmt":"2026-03-31T11:59:25","slug":"portofino-cama-de-dia","status":"publish","type":"product","link":"https:\/\/hello-suns.com\/es\/productos\/portofino-cama-de-dia\/","title":{"rendered":"Portofino"},"content":{"rendered":"<h2 style=\"font-weight: 400;\"><span class=\"TextRun SCXW175441127 BCX0\" lang=\"NL-NL\" xml:lang=\"NL-NL\" data-contrast=\"auto\"><span class=\"NormalTextRun SCXW175441127 BCX0\">Gema de jard\u00edn para la relajaci\u00f3n pura<\/span><\/span><\/h2>\n<p style=\"font-weight: 400;\"><span class=\"TextRun SCXW89993828 BCX0\" lang=\"NL-NL\" xml:lang=\"NL-NL\" data-contrast=\"auto\"><span class=\"NormalTextRun SCXW89993828 BCX0\">Regala<\/span><span class=\"NormalTextRun SCXW89993828 BCX0\"> a tu jard\u00edn o terraza <\/span><span class=\"NormalTextRun SCXW89993828 BCX0\">el encanto de los SOLES <\/span><span class=\"NormalTextRun SCXW89993828 BCX0\">y crea el lugar m\u00e1s excepcional para <\/span><span class=\"NormalTextRun SCXW89993828 BCX0\">relajarte con un lujo sin precedentes.<\/span><\/span><\/p>\n","protected":false},"excerpt":{"rendered":"<h3 style=\"font-weight: 400;\"><span class=\"TextRun SCXW75907341 BCX0\" lang=\"NL-NL\" xml:lang=\"NL-NL\" data-contrast=\"auto\"><span class=\"NormalTextRun SCXW75907341 BCX0\">D<\/span><span class=\"NormalTextRun SCXW75907341 BCX0\">aybed<\/span><span class=\"NormalTextRun SCXW75907341 BCX0\"> con tumbona baja <\/span><span class=\"NormalTextRun SpellingErrorV2Themed SCXW75907341 BCX0\">vibe<\/span><\/span><\/h3>\n<p><span data-contrast=\"auto\">Amplio sof\u00e1 cama para el m\u00e1ximo relax. Gracias al formato extra ancho, tienes todo el espacio que necesitas. Los cojines acolchados proporcionan una comodidad \u00f3ptima al sentarte o tumbarte. Portofino es sin\u00f3nimo de relax en un verdadero punto de atracci\u00f3n en tu jard\u00edn. <\/span> <span data-contrast=\"auto\">El sof\u00e1-cama est\u00e1 fabricado con una base totalmente de madera de teca. Esta resistente madera puede soportar todo tipo de inclemencias meteorol\u00f3gicas. Los respaldos son de aluminio e incorporan la innovadora fijaci\u00f3n de cojines SUNS, que hace que los cojines deslizantes sean cosa del pasado. <\/span> <span data-contrast=\"auto\">La l\u00ednea de productos Portofino tambi\u00e9n est\u00e1 disponible como conjunto de sal\u00f3n y conjunto de sof\u00e1, siendo el sof\u00e1 de d\u00eda una disposici\u00f3n de dos chaise longues.<\/span><\/p>\n","protected":false},"featured_media":16868,"comment_status":"closed","ping_status":"closed","template":"","meta":{"_acf_changed":false},"product_brand":[],"product_cat":[797,822,823],"product_tag":[],"material":[],"class_list":{"0":"post-16986","1":"product","2":"type-product","3":"status-publish","4":"has-post-thumbnail","6":"product_cat-you-create-es","7":"product_cat-relax","8":"product_cat-cama-de-dia","10":"first","11":"instock","12":"shipping-taxable","13":"product-type-simple"},"acf":[],"yoast_head":"<!-- This site is optimized with the Yoast SEO plugin v26.8 - https:\/\/yoast.com\/product\/yoast-seo-wordpress\/ -->\n<title>Descubre el Daybed Portofino | SUNS Outdoor Lifestyle<\/title>\n<meta name=\"description\" content=\"\u00bfBuscas un daybed portofino para tu jard\u00edn? Descubre el daybed portofino de SUNS muebles de jard\u00edn y encuentra un distribuidor cerca de ti.\" \/>\n<meta name=\"robots\" content=\"index, follow, max-snippet:-1, max-image-preview:large, max-video-preview:-1\" \/>\n<link rel=\"canonical\" href=\"https:\/\/hello-suns.com\/es\/productos\/portofino-cama-de-dia\/\" \/>\n<meta property=\"og:locale\" content=\"es_ES\" \/>\n<meta property=\"og:type\" content=\"article\" \/>\n<meta property=\"og:title\" content=\"Descubre el Daybed Portofino | SUNS Outdoor Lifestyle\" \/>\n<meta property=\"og:description\" content=\"\u00bfBuscas un daybed portofino para tu jard\u00edn? Descubre el daybed portofino de SUNS muebles de jard\u00edn y encuentra un distribuidor cerca de ti.\" \/>\n<meta property=\"og:url\" content=\"https:\/\/hello-suns.com\/es\/productos\/portofino-cama-de-dia\/\" \/>\n<meta property=\"og:site_name\" content=\"SUNS\" \/>\n<meta property=\"article:modified_time\" content=\"2026-03-31T11:59:25+00:00\" \/>\n<meta property=\"og:image\" content=\"https:\/\/hello-suns.com\/app\/uploads\/2025\/01\/Portofino-SUNS-daybed-TK-NMW-Free-23-1-2500-_x-1024x683.png\" \/>\n\t<meta property=\"og:image:width\" content=\"1024\" \/>\n\t<meta property=\"og:image:height\" content=\"683\" \/>\n\t<meta property=\"og:image:type\" content=\"image\/png\" \/>\n<meta name=\"twitter:card\" content=\"summary_large_image\" \/>\n<meta name=\"twitter:label1\" content=\"Est. reading time\" \/>\n\t<meta name=\"twitter:data1\" content=\"2 minutes\" \/>\n<script type=\"application\/ld+json\" class=\"yoast-schema-graph\">{\"@context\":\"https:\/\/schema.org\",\"@graph\":[{\"@type\":\"WebPage\",\"@id\":\"https:\/\/hello-suns.com\/es\/productos\/portofino-cama-de-dia\/\",\"url\":\"https:\/\/hello-suns.com\/es\/productos\/portofino-cama-de-dia\/\",\"name\":\"Descubre el Daybed Portofino | SUNS Outdoor Lifestyle\",\"isPartOf\":{\"@id\":\"https:\/\/hello-suns.com\/es\/#website\"},\"primaryImageOfPage\":{\"@id\":\"https:\/\/hello-suns.com\/es\/productos\/portofino-cama-de-dia\/#primaryimage\"},\"image\":{\"@id\":\"https:\/\/hello-suns.com\/es\/productos\/portofino-cama-de-dia\/#primaryimage\"},\"thumbnailUrl\":\"https:\/\/hello-suns.com\/app\/uploads\/2025\/01\/Portofino-SUNS-daybed-TK-NMW-Free-23-1-2500-_x.png\",\"datePublished\":\"2025-01-16T11:29:44+00:00\",\"dateModified\":\"2026-03-31T11:59:25+00:00\",\"description\":\"\u00bfBuscas un daybed portofino para tu jard\u00edn? Descubre el daybed portofino de SUNS muebles de jard\u00edn y encuentra un distribuidor cerca de ti.\",\"breadcrumb\":{\"@id\":\"https:\/\/hello-suns.com\/es\/productos\/portofino-cama-de-dia\/#breadcrumb\"},\"inLanguage\":\"es-ES\",\"potentialAction\":[{\"@type\":\"ReadAction\",\"target\":[\"https:\/\/hello-suns.com\/es\/productos\/portofino-cama-de-dia\/\"]}]},{\"@type\":\"ImageObject\",\"inLanguage\":\"es-ES\",\"@id\":\"https:\/\/hello-suns.com\/es\/productos\/portofino-cama-de-dia\/#primaryimage\",\"url\":\"https:\/\/hello-suns.com\/app\/uploads\/2025\/01\/Portofino-SUNS-daybed-TK-NMW-Free-23-1-2500-_x.png\",\"contentUrl\":\"https:\/\/hello-suns.com\/app\/uploads\/2025\/01\/Portofino-SUNS-daybed-TK-NMW-Free-23-1-2500-_x.png\",\"width\":2500,\"height\":1667},{\"@type\":\"BreadcrumbList\",\"@id\":\"https:\/\/hello-suns.com\/es\/productos\/portofino-cama-de-dia\/#breadcrumb\",\"itemListElement\":[{\"@type\":\"ListItem\",\"position\":1,\"name\":\"\",\"item\":\"https:\/\/hello-suns.com\/es\/\"},{\"@type\":\"ListItem\",\"position\":2,\"name\":\"Productos\",\"item\":\"https:\/\/hello-suns.com\/es\/productos\/\"},{\"@type\":\"ListItem\",\"position\":3,\"name\":\"Portofino\"}]},{\"@type\":\"WebSite\",\"@id\":\"https:\/\/hello-suns.com\/es\/#website\",\"url\":\"https:\/\/hello-suns.com\/es\/\",\"name\":\"SUNS\",\"description\":\"Outdoor Lifestyle\",\"potentialAction\":[{\"@type\":\"SearchAction\",\"target\":{\"@type\":\"EntryPoint\",\"urlTemplate\":\"https:\/\/hello-suns.com\/es\/?s={search_term_string}\"},\"query-input\":{\"@type\":\"PropertyValueSpecification\",\"valueRequired\":true,\"valueName\":\"search_term_string\"}}],\"inLanguage\":\"es-ES\"}]}<\/script>\n<!-- \/ Yoast SEO plugin. -->","yoast_head_json":{"title":"Descubre el Daybed Portofino | SUNS Outdoor Lifestyle","description":"\u00bfBuscas un daybed portofino para tu jard\u00edn? Descubre el daybed portofino de SUNS muebles de jard\u00edn y encuentra un distribuidor cerca de ti.","robots":{"index":"index","follow":"follow","max-snippet":"max-snippet:-1","max-image-preview":"max-image-preview:large","max-video-preview":"max-video-preview:-1"},"canonical":"https:\/\/hello-suns.com\/es\/productos\/portofino-cama-de-dia\/","og_locale":"es_ES","og_type":"article","og_title":"Descubre el Daybed Portofino | SUNS Outdoor Lifestyle","og_description":"\u00bfBuscas un daybed portofino para tu jard\u00edn? Descubre el daybed portofino de SUNS muebles de jard\u00edn y encuentra un distribuidor cerca de ti.","og_url":"https:\/\/hello-suns.com\/es\/productos\/portofino-cama-de-dia\/","og_site_name":"SUNS","article_modified_time":"2026-03-31T11:59:25+00:00","og_image":[{"width":1024,"height":683,"url":"https:\/\/hello-suns.com\/app\/uploads\/2025\/01\/Portofino-SUNS-daybed-TK-NMW-Free-23-1-2500-_x-1024x683.png","type":"image\/png"}],"twitter_card":"summary_large_image","twitter_misc":{"Est. reading time":"2 minutes"},"schema":{"@context":"https:\/\/schema.org","@graph":[{"@type":"WebPage","@id":"https:\/\/hello-suns.com\/es\/productos\/portofino-cama-de-dia\/","url":"https:\/\/hello-suns.com\/es\/productos\/portofino-cama-de-dia\/","name":"Descubre el Daybed Portofino | SUNS Outdoor Lifestyle","isPartOf":{"@id":"https:\/\/hello-suns.com\/es\/#website"},"primaryImageOfPage":{"@id":"https:\/\/hello-suns.com\/es\/productos\/portofino-cama-de-dia\/#primaryimage"},"image":{"@id":"https:\/\/hello-suns.com\/es\/productos\/portofino-cama-de-dia\/#primaryimage"},"thumbnailUrl":"https:\/\/hello-suns.com\/app\/uploads\/2025\/01\/Portofino-SUNS-daybed-TK-NMW-Free-23-1-2500-_x.png","datePublished":"2025-01-16T11:29:44+00:00","dateModified":"2026-03-31T11:59:25+00:00","description":"\u00bfBuscas un daybed portofino para tu jard\u00edn? Descubre el daybed portofino de SUNS muebles de jard\u00edn y encuentra un distribuidor cerca de ti.","breadcrumb":{"@id":"https:\/\/hello-suns.com\/es\/productos\/portofino-cama-de-dia\/#breadcrumb"},"inLanguage":"es-ES","potentialAction":[{"@type":"ReadAction","target":["https:\/\/hello-suns.com\/es\/productos\/portofino-cama-de-dia\/"]}]},{"@type":"ImageObject","inLanguage":"es-ES","@id":"https:\/\/hello-suns.com\/es\/productos\/portofino-cama-de-dia\/#primaryimage","url":"https:\/\/hello-suns.com\/app\/uploads\/2025\/01\/Portofino-SUNS-daybed-TK-NMW-Free-23-1-2500-_x.png","contentUrl":"https:\/\/hello-suns.com\/app\/uploads\/2025\/01\/Portofino-SUNS-daybed-TK-NMW-Free-23-1-2500-_x.png","width":2500,"height":1667},{"@type":"BreadcrumbList","@id":"https:\/\/hello-suns.com\/es\/productos\/portofino-cama-de-dia\/#breadcrumb","itemListElement":[{"@type":"ListItem","position":1,"name":"","item":"https:\/\/hello-suns.com\/es\/"},{"@type":"ListItem","position":2,"name":"Productos","item":"https:\/\/hello-suns.com\/es\/productos\/"},{"@type":"ListItem","position":3,"name":"Portofino"}]},{"@type":"WebSite","@id":"https:\/\/hello-suns.com\/es\/#website","url":"https:\/\/hello-suns.com\/es\/","name":"SUNS","description":"Outdoor Lifestyle","potentialAction":[{"@type":"SearchAction","target":{"@type":"EntryPoint","urlTemplate":"https:\/\/hello-suns.com\/es\/?s={search_term_string}"},"query-input":{"@type":"PropertyValueSpecification","valueRequired":true,"valueName":"search_term_string"}}],"inLanguage":"es-ES"}]}},"_links":{"self":[{"href":"https:\/\/hello-suns.com\/es\/wp-json\/wp\/v2\/product\/16986","targetHints":{"allow":["GET"]}}],"collection":[{"href":"https:\/\/hello-suns.com\/es\/wp-json\/wp\/v2\/product"}],"about":[{"href":"https:\/\/hello-suns.com\/es\/wp-json\/wp\/v2\/types\/product"}],"replies":[{"embeddable":true,"href":"https:\/\/hello-suns.com\/es\/wp-json\/wp\/v2\/comments?post=16986"}],"wp:featuredmedia":[{"embeddable":true,"href":"https:\/\/hello-suns.com\/es\/wp-json\/wp\/v2\/media\/16868"}],"wp:attachment":[{"href":"https:\/\/hello-suns.com\/es\/wp-json\/wp\/v2\/media?parent=16986"}],"wp:term":[{"taxonomy":"product_brand","embeddable":true,"href":"https:\/\/hello-suns.com\/es\/wp-json\/wp\/v2\/product_brand?post=16986"},{"taxonomy":"product_cat","embeddable":true,"href":"https:\/\/hello-suns.com\/es\/wp-json\/wp\/v2\/product_cat?post=16986"},{"taxonomy":"product_tag","embeddable":true,"href":"https:\/\/hello-suns.com\/es\/wp-json\/wp\/v2\/product_tag?post=16986"},{"taxonomy":"material","embeddable":true,"href":"https:\/\/hello-suns.com\/es\/wp-json\/wp\/v2\/material?post=16986"}],"curies":[{"name":"wp","href":"https:\/\/api.w.org\/{rel}","templated":true}]}}