{"id":16970,"date":"2025-01-16T12:57:50","date_gmt":"2025-01-16T12:57:50","guid":{"rendered":"https:\/\/hello-suns.com\/producten\/sato-4\/"},"modified":"2025-09-18T12:56:52","modified_gmt":"2025-09-18T12:56:52","slug":"sato-tumbona","status":"publish","type":"product","link":"https:\/\/hello-suns.com\/es\/productos\/sato-tumbona\/","title":{"rendered":"Sato"},"content":{"rendered":"<h2 style=\"font-weight: 400;\">Descansar con un estilo sublime<\/h2>\n<p style=\"font-weight: 400;\">Experimenta la m\u00e1xima comodidad de una tumbona que te proporciona un apoyo \u00f3ptimo a la vez que ofrece un dise\u00f1o llamativo.<\/p>\n","protected":false},"excerpt":{"rendered":"<h3 style=\"font-weight: 400;\">Armaz\u00f3n juguet\u00f3n, tejido caracter\u00edstico<\/h3>\n<p style=\"font-weight: 400;\">Para la l\u00ednea Sato, SUNS ha creado una nueva t\u00e9cnica de acabado. El armaz\u00f3n de esta tumbona presenta un bonito trenzado que proporciona un soporte \u00f3ptimo, a la vez que confiere a esta tumbona un car\u00e1cter propio. \u00a1Lo mejor de ambos mundos!<\/p>\n<p style=\"font-weight: 400;\">El coj\u00edn de la tumbona Sato est\u00e1 relleno de Quick Dry <b>Foam\u00ae<\/b>, una espuma especialmente desarrollada que se seca r\u00e1pidamente gracias a su estructura abierta. La tapicer\u00eda de primera calidad es repelente al agua, resistente a la intemperie y f\u00e1cil de limpiar. El juguet\u00f3n armaz\u00f3n est\u00e1 hecho totalmente de aluminio de alta calidad. Esto permite dejar esta tumbona en el exterior durante todo el a\u00f1o. En la l\u00ednea Sato tambi\u00e9n hay disponibles un conjunto de sof\u00e1, silla y silla baja de comedor.<\/p>\n","protected":false},"featured_media":16940,"comment_status":"closed","ping_status":"closed","template":"","meta":{"_acf_changed":false},"product_brand":[],"product_cat":[822,824],"product_tag":[],"material":[],"class_list":{"0":"post-16970","1":"product","2":"type-product","3":"status-publish","4":"has-post-thumbnail","6":"product_cat-relax","7":"product_cat-tumbona","9":"first","10":"instock","11":"shipping-taxable","12":"product-type-simple"},"acf":[],"yoast_head":"<!-- This site is optimized with the Yoast SEO plugin v26.8 - https:\/\/yoast.com\/product\/yoast-seo-wordpress\/ -->\n<title>Descubre la Tumbona Sato | SUNS Outdoor Lifestyle<\/title>\n<meta name=\"description\" content=\"SUNS ofrece tumbonas duraderas con un armaz\u00f3n \u00fanico y Quick Dry Foam\u00ae. El elegante dise\u00f1o de nuestra tumbona Sato la hace perfecta para exteriores.\" \/>\n<meta name=\"robots\" content=\"index, follow, max-snippet:-1, max-image-preview:large, max-video-preview:-1\" \/>\n<link rel=\"canonical\" href=\"https:\/\/hello-suns.com\/es\/productos\/sato-tumbona\/\" \/>\n<meta property=\"og:locale\" content=\"es_ES\" \/>\n<meta property=\"og:type\" content=\"article\" \/>\n<meta property=\"og:title\" content=\"Descubre la Tumbona Sato | SUNS Outdoor Lifestyle\" \/>\n<meta property=\"og:description\" content=\"SUNS ofrece tumbonas duraderas con un armaz\u00f3n \u00fanico y Quick Dry Foam\u00ae. El elegante dise\u00f1o de nuestra tumbona Sato la hace perfecta para exteriores.\" \/>\n<meta property=\"og:url\" content=\"https:\/\/hello-suns.com\/es\/productos\/sato-tumbona\/\" \/>\n<meta property=\"og:site_name\" content=\"SUNS\" \/>\n<meta property=\"article:modified_time\" content=\"2025-09-18T12:56:52+00:00\" \/>\n<meta property=\"og:image\" content=\"https:\/\/hello-suns.com\/app\/uploads\/2025\/01\/01_Sato-Termoli-SUNS-Lounger-CS-NG-25-1-1.png\" \/>\n\t<meta property=\"og:image:width\" content=\"2500\" \/>\n\t<meta property=\"og:image:height\" content=\"1667\" \/>\n\t<meta property=\"og:image:type\" content=\"image\/png\" \/>\n<meta name=\"twitter:card\" content=\"summary_large_image\" \/>\n<meta name=\"twitter:label1\" content=\"Est. reading time\" \/>\n\t<meta name=\"twitter:data1\" content=\"2 minutes\" \/>\n<script type=\"application\/ld+json\" class=\"yoast-schema-graph\">{\"@context\":\"https:\/\/schema.org\",\"@graph\":[{\"@type\":\"WebPage\",\"@id\":\"https:\/\/hello-suns.com\/es\/productos\/sato-tumbona\/\",\"url\":\"https:\/\/hello-suns.com\/es\/productos\/sato-tumbona\/\",\"name\":\"Descubre la Tumbona Sato | SUNS Outdoor Lifestyle\",\"isPartOf\":{\"@id\":\"https:\/\/hello-suns.com\/es\/#website\"},\"primaryImageOfPage\":{\"@id\":\"https:\/\/hello-suns.com\/es\/productos\/sato-tumbona\/#primaryimage\"},\"image\":{\"@id\":\"https:\/\/hello-suns.com\/es\/productos\/sato-tumbona\/#primaryimage\"},\"thumbnailUrl\":\"https:\/\/hello-suns.com\/app\/uploads\/2025\/01\/01_Sato-Termoli-SUNS-Lounger-CS-NG-25-1-1.png\",\"datePublished\":\"2025-01-16T12:57:50+00:00\",\"dateModified\":\"2025-09-18T12:56:52+00:00\",\"description\":\"SUNS ofrece tumbonas duraderas con un armaz\u00f3n \u00fanico y Quick Dry Foam\u00ae. El elegante dise\u00f1o de nuestra tumbona Sato la hace perfecta para exteriores.\",\"breadcrumb\":{\"@id\":\"https:\/\/hello-suns.com\/es\/productos\/sato-tumbona\/#breadcrumb\"},\"inLanguage\":\"es-ES\",\"potentialAction\":[{\"@type\":\"ReadAction\",\"target\":[\"https:\/\/hello-suns.com\/es\/productos\/sato-tumbona\/\"]}]},{\"@type\":\"ImageObject\",\"inLanguage\":\"es-ES\",\"@id\":\"https:\/\/hello-suns.com\/es\/productos\/sato-tumbona\/#primaryimage\",\"url\":\"https:\/\/hello-suns.com\/app\/uploads\/2025\/01\/01_Sato-Termoli-SUNS-Lounger-CS-NG-25-1-1.png\",\"contentUrl\":\"https:\/\/hello-suns.com\/app\/uploads\/2025\/01\/01_Sato-Termoli-SUNS-Lounger-CS-NG-25-1-1.png\",\"width\":2500,\"height\":1667},{\"@type\":\"BreadcrumbList\",\"@id\":\"https:\/\/hello-suns.com\/es\/productos\/sato-tumbona\/#breadcrumb\",\"itemListElement\":[{\"@type\":\"ListItem\",\"position\":1,\"name\":\"\",\"item\":\"https:\/\/hello-suns.com\/es\/\"},{\"@type\":\"ListItem\",\"position\":2,\"name\":\"Productos\",\"item\":\"https:\/\/hello-suns.com\/es\/productos\/\"},{\"@type\":\"ListItem\",\"position\":3,\"name\":\"Sato\"}]},{\"@type\":\"WebSite\",\"@id\":\"https:\/\/hello-suns.com\/es\/#website\",\"url\":\"https:\/\/hello-suns.com\/es\/\",\"name\":\"SUNS\",\"description\":\"Outdoor Lifestyle\",\"potentialAction\":[{\"@type\":\"SearchAction\",\"target\":{\"@type\":\"EntryPoint\",\"urlTemplate\":\"https:\/\/hello-suns.com\/es\/?s={search_term_string}\"},\"query-input\":{\"@type\":\"PropertyValueSpecification\",\"valueRequired\":true,\"valueName\":\"search_term_string\"}}],\"inLanguage\":\"es-ES\"}]}<\/script>\n<!-- \/ Yoast SEO plugin. -->","yoast_head_json":{"title":"Descubre la Tumbona Sato | SUNS Outdoor Lifestyle","description":"SUNS ofrece tumbonas duraderas con un armaz\u00f3n \u00fanico y Quick Dry Foam\u00ae. El elegante dise\u00f1o de nuestra tumbona Sato la hace perfecta para exteriores.","robots":{"index":"index","follow":"follow","max-snippet":"max-snippet:-1","max-image-preview":"max-image-preview:large","max-video-preview":"max-video-preview:-1"},"canonical":"https:\/\/hello-suns.com\/es\/productos\/sato-tumbona\/","og_locale":"es_ES","og_type":"article","og_title":"Descubre la Tumbona Sato | SUNS Outdoor Lifestyle","og_description":"SUNS ofrece tumbonas duraderas con un armaz\u00f3n \u00fanico y Quick Dry Foam\u00ae. El elegante dise\u00f1o de nuestra tumbona Sato la hace perfecta para exteriores.","og_url":"https:\/\/hello-suns.com\/es\/productos\/sato-tumbona\/","og_site_name":"SUNS","article_modified_time":"2025-09-18T12:56:52+00:00","og_image":[{"width":2500,"height":1667,"url":"https:\/\/hello-suns.com\/app\/uploads\/2025\/01\/01_Sato-Termoli-SUNS-Lounger-CS-NG-25-1-1.png","type":"image\/png"}],"twitter_card":"summary_large_image","twitter_misc":{"Est. reading time":"2 minutes"},"schema":{"@context":"https:\/\/schema.org","@graph":[{"@type":"WebPage","@id":"https:\/\/hello-suns.com\/es\/productos\/sato-tumbona\/","url":"https:\/\/hello-suns.com\/es\/productos\/sato-tumbona\/","name":"Descubre la Tumbona Sato | SUNS Outdoor Lifestyle","isPartOf":{"@id":"https:\/\/hello-suns.com\/es\/#website"},"primaryImageOfPage":{"@id":"https:\/\/hello-suns.com\/es\/productos\/sato-tumbona\/#primaryimage"},"image":{"@id":"https:\/\/hello-suns.com\/es\/productos\/sato-tumbona\/#primaryimage"},"thumbnailUrl":"https:\/\/hello-suns.com\/app\/uploads\/2025\/01\/01_Sato-Termoli-SUNS-Lounger-CS-NG-25-1-1.png","datePublished":"2025-01-16T12:57:50+00:00","dateModified":"2025-09-18T12:56:52+00:00","description":"SUNS ofrece tumbonas duraderas con un armaz\u00f3n \u00fanico y Quick Dry Foam\u00ae. El elegante dise\u00f1o de nuestra tumbona Sato la hace perfecta para exteriores.","breadcrumb":{"@id":"https:\/\/hello-suns.com\/es\/productos\/sato-tumbona\/#breadcrumb"},"inLanguage":"es-ES","potentialAction":[{"@type":"ReadAction","target":["https:\/\/hello-suns.com\/es\/productos\/sato-tumbona\/"]}]},{"@type":"ImageObject","inLanguage":"es-ES","@id":"https:\/\/hello-suns.com\/es\/productos\/sato-tumbona\/#primaryimage","url":"https:\/\/hello-suns.com\/app\/uploads\/2025\/01\/01_Sato-Termoli-SUNS-Lounger-CS-NG-25-1-1.png","contentUrl":"https:\/\/hello-suns.com\/app\/uploads\/2025\/01\/01_Sato-Termoli-SUNS-Lounger-CS-NG-25-1-1.png","width":2500,"height":1667},{"@type":"BreadcrumbList","@id":"https:\/\/hello-suns.com\/es\/productos\/sato-tumbona\/#breadcrumb","itemListElement":[{"@type":"ListItem","position":1,"name":"","item":"https:\/\/hello-suns.com\/es\/"},{"@type":"ListItem","position":2,"name":"Productos","item":"https:\/\/hello-suns.com\/es\/productos\/"},{"@type":"ListItem","position":3,"name":"Sato"}]},{"@type":"WebSite","@id":"https:\/\/hello-suns.com\/es\/#website","url":"https:\/\/hello-suns.com\/es\/","name":"SUNS","description":"Outdoor Lifestyle","potentialAction":[{"@type":"SearchAction","target":{"@type":"EntryPoint","urlTemplate":"https:\/\/hello-suns.com\/es\/?s={search_term_string}"},"query-input":{"@type":"PropertyValueSpecification","valueRequired":true,"valueName":"search_term_string"}}],"inLanguage":"es-ES"}]}},"_links":{"self":[{"href":"https:\/\/hello-suns.com\/es\/wp-json\/wp\/v2\/product\/16970","targetHints":{"allow":["GET"]}}],"collection":[{"href":"https:\/\/hello-suns.com\/es\/wp-json\/wp\/v2\/product"}],"about":[{"href":"https:\/\/hello-suns.com\/es\/wp-json\/wp\/v2\/types\/product"}],"replies":[{"embeddable":true,"href":"https:\/\/hello-suns.com\/es\/wp-json\/wp\/v2\/comments?post=16970"}],"wp:featuredmedia":[{"embeddable":true,"href":"https:\/\/hello-suns.com\/es\/wp-json\/wp\/v2\/media\/16940"}],"wp:attachment":[{"href":"https:\/\/hello-suns.com\/es\/wp-json\/wp\/v2\/media?parent=16970"}],"wp:term":[{"taxonomy":"product_brand","embeddable":true,"href":"https:\/\/hello-suns.com\/es\/wp-json\/wp\/v2\/product_brand?post=16970"},{"taxonomy":"product_cat","embeddable":true,"href":"https:\/\/hello-suns.com\/es\/wp-json\/wp\/v2\/product_cat?post=16970"},{"taxonomy":"product_tag","embeddable":true,"href":"https:\/\/hello-suns.com\/es\/wp-json\/wp\/v2\/product_tag?post=16970"},{"taxonomy":"material","embeddable":true,"href":"https:\/\/hello-suns.com\/es\/wp-json\/wp\/v2\/material?post=16970"}],"curies":[{"name":"wp","href":"https:\/\/api.w.org\/{rel}","templated":true}]}}