{"id":16955,"date":"2025-01-16T12:41:44","date_gmt":"2025-01-16T11:41:44","guid":{"rendered":"https:\/\/hello-suns.com\/producten\/lucia-4\/"},"modified":"2026-02-04T09:02:15","modified_gmt":"2026-02-04T08:02:15","slug":"lucia-cama-de-dia","status":"publish","type":"product","link":"https:\/\/hello-suns.com\/es\/productos\/lucia-cama-de-dia\/","title":{"rendered":"Luc\u00eda"},"content":{"rendered":"<h2 style=\"font-weight: 400;\">Pur sang relajante<\/h2>\n<p>Relajarse con estilo es el sello distintivo de la l\u00ednea de productos Lucia. Y este sof\u00e1 cama hace exactamente lo que promete. S\u00f3lido y con un confort sin precedentes. Disfruta del lujo puro con un estilo inconfundible.<\/p>\n","protected":false},"excerpt":{"rendered":"<h3>Cama de d\u00eda con peculiar armaz\u00f3n tubular<\/h3>\n<p>Lucia significa tumbarse al m\u00e1s alto nivel. El caracter\u00edstico armaz\u00f3n tubular de aluminio industrial confiere al sof\u00e1 cama una construcci\u00f3n s\u00f3lida. El generoso acolchado garantiza un confort absoluto en cada una de las posiciones sentada\/recostada.<\/p>\n<p>Lucia naturalmente tiene un asiento de alta calidad con un n\u00facleo de secado r\u00e1pido. El asiento est\u00e1 recubierto con nuestro tejido exterior de primera calidad, que combina la resistencia a la intemperie con un tacto agradablemente suave.<\/p>\n<p>El sof\u00e1 Lucia forma parte del programa You Create de SUNS, en el que puedes combinar varios elementos de asiento y mesas auxiliares para crear tu disposici\u00f3n ideal. En la l\u00ednea de productos Lucia tambi\u00e9n hay disponibles un conjunto de sof\u00e1 (con elementos de asiento independientes) y un conjunto de sal\u00f3n.<\/p>\n<p>&nbsp;<\/p>\n","protected":false},"featured_media":16864,"comment_status":"closed","ping_status":"closed","template":"","meta":{"_acf_changed":false},"product_brand":[],"product_cat":[822,823],"product_tag":[],"material":[],"class_list":{"0":"post-16955","1":"product","2":"type-product","3":"status-publish","4":"has-post-thumbnail","6":"product_cat-relax","7":"product_cat-cama-de-dia","9":"first","10":"instock","11":"shipping-taxable","12":"product-type-simple"},"acf":[],"yoast_head":"<!-- This site is optimized with the Yoast SEO plugin v26.8 - https:\/\/yoast.com\/product\/yoast-seo-wordpress\/ -->\n<title>Descubre el Daybed Lucia | SUNS Outdoor Lifestyle<\/title>\n<meta name=\"description\" content=\"\u00bfBuscas el daybed lucia? SUNS te ofrece un lujoso daybed con estructura de aluminio industrial, cojines de secado r\u00e1pido y tela de exterior de primera calidad para que disfrutes de la m\u00e1xima comodidad y estilo.\" \/>\n<meta name=\"robots\" content=\"index, follow, max-snippet:-1, max-image-preview:large, max-video-preview:-1\" \/>\n<link rel=\"canonical\" href=\"https:\/\/hello-suns.com\/es\/productos\/lucia-cama-de-dia\/\" \/>\n<meta property=\"og:locale\" content=\"es_ES\" \/>\n<meta property=\"og:type\" content=\"article\" \/>\n<meta property=\"og:title\" content=\"Descubre el Daybed Lucia | SUNS Outdoor Lifestyle\" \/>\n<meta property=\"og:description\" content=\"\u00bfBuscas el daybed lucia? SUNS te ofrece un lujoso daybed con estructura de aluminio industrial, cojines de secado r\u00e1pido y tela de exterior de primera calidad para que disfrutes de la m\u00e1xima comodidad y estilo.\" \/>\n<meta property=\"og:url\" content=\"https:\/\/hello-suns.com\/es\/productos\/lucia-cama-de-dia\/\" \/>\n<meta property=\"og:site_name\" content=\"SUNS\" \/>\n<meta property=\"article:modified_time\" content=\"2026-02-04T08:02:15+00:00\" \/>\n<meta property=\"og:image\" content=\"https:\/\/hello-suns.com\/app\/uploads\/2025\/01\/01_Lucia-SUNS-doublelounger-CS-NG-Free-25-2500-1-1024x683.png\" \/>\n\t<meta property=\"og:image:width\" content=\"1024\" \/>\n\t<meta property=\"og:image:height\" content=\"683\" \/>\n\t<meta property=\"og:image:type\" content=\"image\/png\" \/>\n<meta name=\"twitter:card\" content=\"summary_large_image\" \/>\n<meta name=\"twitter:label1\" content=\"Est. reading time\" \/>\n\t<meta name=\"twitter:data1\" content=\"3 minutes\" \/>\n<script type=\"application\/ld+json\" class=\"yoast-schema-graph\">{\"@context\":\"https:\/\/schema.org\",\"@graph\":[{\"@type\":\"WebPage\",\"@id\":\"https:\/\/hello-suns.com\/es\/productos\/lucia-cama-de-dia\/\",\"url\":\"https:\/\/hello-suns.com\/es\/productos\/lucia-cama-de-dia\/\",\"name\":\"Descubre el Daybed Lucia | SUNS Outdoor Lifestyle\",\"isPartOf\":{\"@id\":\"https:\/\/hello-suns.com\/es\/#website\"},\"primaryImageOfPage\":{\"@id\":\"https:\/\/hello-suns.com\/es\/productos\/lucia-cama-de-dia\/#primaryimage\"},\"image\":{\"@id\":\"https:\/\/hello-suns.com\/es\/productos\/lucia-cama-de-dia\/#primaryimage\"},\"thumbnailUrl\":\"https:\/\/hello-suns.com\/app\/uploads\/2025\/01\/01_Lucia-SUNS-doublelounger-CS-NG-Free-25-2500-1.png\",\"datePublished\":\"2025-01-16T11:41:44+00:00\",\"dateModified\":\"2026-02-04T08:02:15+00:00\",\"description\":\"\u00bfBuscas el daybed lucia? SUNS te ofrece un lujoso daybed con estructura de aluminio industrial, cojines de secado r\u00e1pido y tela de exterior de primera calidad para que disfrutes de la m\u00e1xima comodidad y estilo.\",\"breadcrumb\":{\"@id\":\"https:\/\/hello-suns.com\/es\/productos\/lucia-cama-de-dia\/#breadcrumb\"},\"inLanguage\":\"es-ES\",\"potentialAction\":[{\"@type\":\"ReadAction\",\"target\":[\"https:\/\/hello-suns.com\/es\/productos\/lucia-cama-de-dia\/\"]}]},{\"@type\":\"ImageObject\",\"inLanguage\":\"es-ES\",\"@id\":\"https:\/\/hello-suns.com\/es\/productos\/lucia-cama-de-dia\/#primaryimage\",\"url\":\"https:\/\/hello-suns.com\/app\/uploads\/2025\/01\/01_Lucia-SUNS-doublelounger-CS-NG-Free-25-2500-1.png\",\"contentUrl\":\"https:\/\/hello-suns.com\/app\/uploads\/2025\/01\/01_Lucia-SUNS-doublelounger-CS-NG-Free-25-2500-1.png\",\"width\":2500,\"height\":1667},{\"@type\":\"BreadcrumbList\",\"@id\":\"https:\/\/hello-suns.com\/es\/productos\/lucia-cama-de-dia\/#breadcrumb\",\"itemListElement\":[{\"@type\":\"ListItem\",\"position\":1,\"name\":\"\",\"item\":\"https:\/\/hello-suns.com\/es\/\"},{\"@type\":\"ListItem\",\"position\":2,\"name\":\"Productos\",\"item\":\"https:\/\/hello-suns.com\/es\/productos\/\"},{\"@type\":\"ListItem\",\"position\":3,\"name\":\"Luc\u00eda\"}]},{\"@type\":\"WebSite\",\"@id\":\"https:\/\/hello-suns.com\/es\/#website\",\"url\":\"https:\/\/hello-suns.com\/es\/\",\"name\":\"SUNS\",\"description\":\"Outdoor Lifestyle\",\"potentialAction\":[{\"@type\":\"SearchAction\",\"target\":{\"@type\":\"EntryPoint\",\"urlTemplate\":\"https:\/\/hello-suns.com\/es\/?s={search_term_string}\"},\"query-input\":{\"@type\":\"PropertyValueSpecification\",\"valueRequired\":true,\"valueName\":\"search_term_string\"}}],\"inLanguage\":\"es-ES\"}]}<\/script>\n<!-- \/ Yoast SEO plugin. -->","yoast_head_json":{"title":"Descubre el Daybed Lucia | SUNS Outdoor Lifestyle","description":"\u00bfBuscas el daybed lucia? SUNS te ofrece un lujoso daybed con estructura de aluminio industrial, cojines de secado r\u00e1pido y tela de exterior de primera calidad para que disfrutes de la m\u00e1xima comodidad y estilo.","robots":{"index":"index","follow":"follow","max-snippet":"max-snippet:-1","max-image-preview":"max-image-preview:large","max-video-preview":"max-video-preview:-1"},"canonical":"https:\/\/hello-suns.com\/es\/productos\/lucia-cama-de-dia\/","og_locale":"es_ES","og_type":"article","og_title":"Descubre el Daybed Lucia | SUNS Outdoor Lifestyle","og_description":"\u00bfBuscas el daybed lucia? SUNS te ofrece un lujoso daybed con estructura de aluminio industrial, cojines de secado r\u00e1pido y tela de exterior de primera calidad para que disfrutes de la m\u00e1xima comodidad y estilo.","og_url":"https:\/\/hello-suns.com\/es\/productos\/lucia-cama-de-dia\/","og_site_name":"SUNS","article_modified_time":"2026-02-04T08:02:15+00:00","og_image":[{"width":1024,"height":683,"url":"https:\/\/hello-suns.com\/app\/uploads\/2025\/01\/01_Lucia-SUNS-doublelounger-CS-NG-Free-25-2500-1-1024x683.png","type":"image\/png"}],"twitter_card":"summary_large_image","twitter_misc":{"Est. reading time":"3 minutes"},"schema":{"@context":"https:\/\/schema.org","@graph":[{"@type":"WebPage","@id":"https:\/\/hello-suns.com\/es\/productos\/lucia-cama-de-dia\/","url":"https:\/\/hello-suns.com\/es\/productos\/lucia-cama-de-dia\/","name":"Descubre el Daybed Lucia | SUNS Outdoor Lifestyle","isPartOf":{"@id":"https:\/\/hello-suns.com\/es\/#website"},"primaryImageOfPage":{"@id":"https:\/\/hello-suns.com\/es\/productos\/lucia-cama-de-dia\/#primaryimage"},"image":{"@id":"https:\/\/hello-suns.com\/es\/productos\/lucia-cama-de-dia\/#primaryimage"},"thumbnailUrl":"https:\/\/hello-suns.com\/app\/uploads\/2025\/01\/01_Lucia-SUNS-doublelounger-CS-NG-Free-25-2500-1.png","datePublished":"2025-01-16T11:41:44+00:00","dateModified":"2026-02-04T08:02:15+00:00","description":"\u00bfBuscas el daybed lucia? SUNS te ofrece un lujoso daybed con estructura de aluminio industrial, cojines de secado r\u00e1pido y tela de exterior de primera calidad para que disfrutes de la m\u00e1xima comodidad y estilo.","breadcrumb":{"@id":"https:\/\/hello-suns.com\/es\/productos\/lucia-cama-de-dia\/#breadcrumb"},"inLanguage":"es-ES","potentialAction":[{"@type":"ReadAction","target":["https:\/\/hello-suns.com\/es\/productos\/lucia-cama-de-dia\/"]}]},{"@type":"ImageObject","inLanguage":"es-ES","@id":"https:\/\/hello-suns.com\/es\/productos\/lucia-cama-de-dia\/#primaryimage","url":"https:\/\/hello-suns.com\/app\/uploads\/2025\/01\/01_Lucia-SUNS-doublelounger-CS-NG-Free-25-2500-1.png","contentUrl":"https:\/\/hello-suns.com\/app\/uploads\/2025\/01\/01_Lucia-SUNS-doublelounger-CS-NG-Free-25-2500-1.png","width":2500,"height":1667},{"@type":"BreadcrumbList","@id":"https:\/\/hello-suns.com\/es\/productos\/lucia-cama-de-dia\/#breadcrumb","itemListElement":[{"@type":"ListItem","position":1,"name":"","item":"https:\/\/hello-suns.com\/es\/"},{"@type":"ListItem","position":2,"name":"Productos","item":"https:\/\/hello-suns.com\/es\/productos\/"},{"@type":"ListItem","position":3,"name":"Luc\u00eda"}]},{"@type":"WebSite","@id":"https:\/\/hello-suns.com\/es\/#website","url":"https:\/\/hello-suns.com\/es\/","name":"SUNS","description":"Outdoor Lifestyle","potentialAction":[{"@type":"SearchAction","target":{"@type":"EntryPoint","urlTemplate":"https:\/\/hello-suns.com\/es\/?s={search_term_string}"},"query-input":{"@type":"PropertyValueSpecification","valueRequired":true,"valueName":"search_term_string"}}],"inLanguage":"es-ES"}]}},"_links":{"self":[{"href":"https:\/\/hello-suns.com\/es\/wp-json\/wp\/v2\/product\/16955","targetHints":{"allow":["GET"]}}],"collection":[{"href":"https:\/\/hello-suns.com\/es\/wp-json\/wp\/v2\/product"}],"about":[{"href":"https:\/\/hello-suns.com\/es\/wp-json\/wp\/v2\/types\/product"}],"replies":[{"embeddable":true,"href":"https:\/\/hello-suns.com\/es\/wp-json\/wp\/v2\/comments?post=16955"}],"wp:featuredmedia":[{"embeddable":true,"href":"https:\/\/hello-suns.com\/es\/wp-json\/wp\/v2\/media\/16864"}],"wp:attachment":[{"href":"https:\/\/hello-suns.com\/es\/wp-json\/wp\/v2\/media?parent=16955"}],"wp:term":[{"taxonomy":"product_brand","embeddable":true,"href":"https:\/\/hello-suns.com\/es\/wp-json\/wp\/v2\/product_brand?post=16955"},{"taxonomy":"product_cat","embeddable":true,"href":"https:\/\/hello-suns.com\/es\/wp-json\/wp\/v2\/product_cat?post=16955"},{"taxonomy":"product_tag","embeddable":true,"href":"https:\/\/hello-suns.com\/es\/wp-json\/wp\/v2\/product_tag?post=16955"},{"taxonomy":"material","embeddable":true,"href":"https:\/\/hello-suns.com\/es\/wp-json\/wp\/v2\/material?post=16955"}],"curies":[{"name":"wp","href":"https:\/\/api.w.org\/{rel}","templated":true}]}}