{"id":16921,"date":"2025-01-16T13:16:23","date_gmt":"2025-01-16T12:16:23","guid":{"rendered":"https:\/\/hello-suns.com\/producten\/evora-aluminio-3\/"},"modified":"2026-02-11T14:52:06","modified_gmt":"2026-02-11T13:52:06","slug":"evora-aluminium-cama-de-dia","status":"publish","type":"product","link":"https:\/\/hello-suns.com\/es\/productos\/evora-aluminium-cama-de-dia\/","title":{"rendered":"Evora | aluminium"},"content":{"rendered":"<h2 style=\"font-weight: 400;\"><span class=\"TextRun SCXW161651029 BCX0\" lang=\"NL-NL\" xml:lang=\"NL-NL\" data-contrast=\"auto\"><span class=\"NormalTextRun SCXW161651029 BCX0\">Crea tu propio momento de descanso<\/span><\/span><\/h2>\n<p style=\"font-weight: 400;\"><span class=\"TextRun SCXW241614231 BCX0\" lang=\"NL-NL\" xml:lang=\"NL-NL\" data-contrast=\"auto\"><span class=\"NormalTextRun SCXW241614231 BCX0\">D\u00e9jate sorprender gratamente por el confort y el dise\u00f1o de buen gusto del <\/span><span class=\"NormalTextRun SCXW241614231 BCX0\">Evora<\/span><span class=\"NormalTextRun SCXW241614231 BCX0\">. Da rienda suelta a tu imaginaci\u00f3n y monta tu conjunto de sal\u00f3n ideal. Crea tu propio momento de paz o comparte esa sensaci\u00f3n de puro lujo con tus amigos. Nada <\/span><span class=\"NormalTextRun ContextualSpellingAndGrammarErrorV2Themed SCXW241614231 BCX0\">guarda<\/span><span class=\"NormalTextRun ContextualSpellingAndGrammarErrorV2Themed SCXW241614231 BCX0\">t<\/span><span class=\"NormalTextRun SCXW241614231 BCX0\"> detenerte.<\/span><\/span><\/p>\n","protected":false},"excerpt":{"rendered":"<h3 style=\"font-weight: 400;\"><span class=\"TextRun SCXW212081713 BCX0\" lang=\"NL-NL\" xml:lang=\"NL-NL\" data-contrast=\"auto\"><span class=\"NormalTextRun SCXW212081713 BCX0\">Aluminio y <\/span><span class=\"NormalTextRun SCXW212081713 BCX0\">confort<\/span><span class=\"NormalTextRun SCXW212081713 BCX0\">una combinaci\u00f3n perfecta<\/span><\/span><\/h3>\n<p><span data-contrast=\"auto\">El daybed Evora es nuestra nueva generaci\u00f3n de muebles de sal\u00f3n, basada en el popular dise\u00f1o Portofino. El daybed consta de dos chaise longues. La estructura est\u00e1 acabada en elegante aluminio. Los lujosos cojines y el asiento est\u00e1n profusamente acolchados para ofrecer una comodidad \u00f3ptima al sentarse o tumbarse, y est\u00e1n revestidos con tejido hidr\u00f3fugo y resistente a la intemperie de alta calidad. <\/span> <span data-contrast=\"auto\">Este sof\u00e1-cama forma parte del programa T\u00fa Creas. <\/span><span data-contrast=\"auto\">Es bueno saberlo: Evora est\u00e1 equipado con Quick Dry Foam\u00ae. Gracias a un innovador n\u00facleo con estructura de c\u00e9lula abierta, los cojines y el asiento se secan r\u00e1pidamente. As\u00ed que no te preocupes por un chaparr\u00f3n. <\/span><\/p>\n<p>&nbsp;<\/p>\n<p>&nbsp;<\/p>\n","protected":false},"featured_media":16867,"comment_status":"closed","ping_status":"closed","template":"","meta":{"_acf_changed":false},"product_brand":[],"product_cat":[797,822,823],"product_tag":[],"material":[],"class_list":{"0":"post-16921","1":"product","2":"type-product","3":"status-publish","4":"has-post-thumbnail","6":"product_cat-you-create-es","7":"product_cat-relax","8":"product_cat-cama-de-dia","10":"first","11":"instock","12":"shipping-taxable","13":"product-type-simple"},"acf":[],"yoast_head":"<!-- This site is optimized with the Yoast SEO plugin v26.8 - https:\/\/yoast.com\/product\/yoast-seo-wordpress\/ -->\n<title>Descubrir Daybed Evora Aluminio | SUNS Outdoor Lifestyle<\/title>\n<meta name=\"description\" content=\"\u00bfBuscas un daybed evora de aluminio? SUNS te ofrece lujosos daybeds con estructura de aluminio y cojines hidr\u00f3fugos para mayor comodidad y durabilidad.\" \/>\n<meta name=\"robots\" content=\"index, follow, max-snippet:-1, max-image-preview:large, max-video-preview:-1\" \/>\n<link rel=\"canonical\" href=\"https:\/\/hello-suns.com\/es\/productos\/evora-aluminium-cama-de-dia\/\" \/>\n<meta property=\"og:locale\" content=\"es_ES\" \/>\n<meta property=\"og:type\" content=\"article\" \/>\n<meta property=\"og:title\" content=\"Descubrir Daybed Evora Aluminio | SUNS Outdoor Lifestyle\" \/>\n<meta property=\"og:description\" content=\"\u00bfBuscas un daybed evora de aluminio? SUNS te ofrece lujosos daybeds con estructura de aluminio y cojines hidr\u00f3fugos para mayor comodidad y durabilidad.\" \/>\n<meta property=\"og:url\" content=\"https:\/\/hello-suns.com\/es\/productos\/evora-aluminium-cama-de-dia\/\" \/>\n<meta property=\"og:site_name\" content=\"SUNS\" \/>\n<meta property=\"article:modified_time\" content=\"2026-02-11T13:52:06+00:00\" \/>\n<meta property=\"og:image\" content=\"https:\/\/hello-suns.com\/app\/uploads\/2025\/01\/Evora-SUNS-Daybed-MB-NMW-ALU-Free-22-1-1-1024x683.png\" \/>\n\t<meta property=\"og:image:width\" content=\"1024\" \/>\n\t<meta property=\"og:image:height\" content=\"683\" \/>\n\t<meta property=\"og:image:type\" content=\"image\/png\" \/>\n<meta name=\"twitter:card\" content=\"summary_large_image\" \/>\n<meta name=\"twitter:label1\" content=\"Est. reading time\" \/>\n\t<meta name=\"twitter:data1\" content=\"2 minutes\" \/>\n<script type=\"application\/ld+json\" class=\"yoast-schema-graph\">{\"@context\":\"https:\/\/schema.org\",\"@graph\":[{\"@type\":\"WebPage\",\"@id\":\"https:\/\/hello-suns.com\/es\/productos\/evora-aluminium-cama-de-dia\/\",\"url\":\"https:\/\/hello-suns.com\/es\/productos\/evora-aluminium-cama-de-dia\/\",\"name\":\"Descubrir Daybed Evora Aluminio | SUNS Outdoor Lifestyle\",\"isPartOf\":{\"@id\":\"https:\/\/hello-suns.com\/es\/#website\"},\"primaryImageOfPage\":{\"@id\":\"https:\/\/hello-suns.com\/es\/productos\/evora-aluminium-cama-de-dia\/#primaryimage\"},\"image\":{\"@id\":\"https:\/\/hello-suns.com\/es\/productos\/evora-aluminium-cama-de-dia\/#primaryimage\"},\"thumbnailUrl\":\"https:\/\/hello-suns.com\/app\/uploads\/2025\/01\/Evora-SUNS-Daybed-MB-NMW-ALU-Free-22-1-1.png\",\"datePublished\":\"2025-01-16T12:16:23+00:00\",\"dateModified\":\"2026-02-11T13:52:06+00:00\",\"description\":\"\u00bfBuscas un daybed evora de aluminio? SUNS te ofrece lujosos daybeds con estructura de aluminio y cojines hidr\u00f3fugos para mayor comodidad y durabilidad.\",\"breadcrumb\":{\"@id\":\"https:\/\/hello-suns.com\/es\/productos\/evora-aluminium-cama-de-dia\/#breadcrumb\"},\"inLanguage\":\"es-ES\",\"potentialAction\":[{\"@type\":\"ReadAction\",\"target\":[\"https:\/\/hello-suns.com\/es\/productos\/evora-aluminium-cama-de-dia\/\"]}]},{\"@type\":\"ImageObject\",\"inLanguage\":\"es-ES\",\"@id\":\"https:\/\/hello-suns.com\/es\/productos\/evora-aluminium-cama-de-dia\/#primaryimage\",\"url\":\"https:\/\/hello-suns.com\/app\/uploads\/2025\/01\/Evora-SUNS-Daybed-MB-NMW-ALU-Free-22-1-1.png\",\"contentUrl\":\"https:\/\/hello-suns.com\/app\/uploads\/2025\/01\/Evora-SUNS-Daybed-MB-NMW-ALU-Free-22-1-1.png\",\"width\":2500,\"height\":1667},{\"@type\":\"BreadcrumbList\",\"@id\":\"https:\/\/hello-suns.com\/es\/productos\/evora-aluminium-cama-de-dia\/#breadcrumb\",\"itemListElement\":[{\"@type\":\"ListItem\",\"position\":1,\"name\":\"\",\"item\":\"https:\/\/hello-suns.com\/es\/\"},{\"@type\":\"ListItem\",\"position\":2,\"name\":\"Productos\",\"item\":\"https:\/\/hello-suns.com\/es\/productos\/\"},{\"@type\":\"ListItem\",\"position\":3,\"name\":\"Evora | aluminium\"}]},{\"@type\":\"WebSite\",\"@id\":\"https:\/\/hello-suns.com\/es\/#website\",\"url\":\"https:\/\/hello-suns.com\/es\/\",\"name\":\"SUNS\",\"description\":\"Outdoor Lifestyle\",\"potentialAction\":[{\"@type\":\"SearchAction\",\"target\":{\"@type\":\"EntryPoint\",\"urlTemplate\":\"https:\/\/hello-suns.com\/es\/?s={search_term_string}\"},\"query-input\":{\"@type\":\"PropertyValueSpecification\",\"valueRequired\":true,\"valueName\":\"search_term_string\"}}],\"inLanguage\":\"es-ES\"}]}<\/script>\n<!-- \/ Yoast SEO plugin. -->","yoast_head_json":{"title":"Descubrir Daybed Evora Aluminio | SUNS Outdoor Lifestyle","description":"\u00bfBuscas un daybed evora de aluminio? SUNS te ofrece lujosos daybeds con estructura de aluminio y cojines hidr\u00f3fugos para mayor comodidad y durabilidad.","robots":{"index":"index","follow":"follow","max-snippet":"max-snippet:-1","max-image-preview":"max-image-preview:large","max-video-preview":"max-video-preview:-1"},"canonical":"https:\/\/hello-suns.com\/es\/productos\/evora-aluminium-cama-de-dia\/","og_locale":"es_ES","og_type":"article","og_title":"Descubrir Daybed Evora Aluminio | SUNS Outdoor Lifestyle","og_description":"\u00bfBuscas un daybed evora de aluminio? SUNS te ofrece lujosos daybeds con estructura de aluminio y cojines hidr\u00f3fugos para mayor comodidad y durabilidad.","og_url":"https:\/\/hello-suns.com\/es\/productos\/evora-aluminium-cama-de-dia\/","og_site_name":"SUNS","article_modified_time":"2026-02-11T13:52:06+00:00","og_image":[{"width":1024,"height":683,"url":"https:\/\/hello-suns.com\/app\/uploads\/2025\/01\/Evora-SUNS-Daybed-MB-NMW-ALU-Free-22-1-1-1024x683.png","type":"image\/png"}],"twitter_card":"summary_large_image","twitter_misc":{"Est. reading time":"2 minutes"},"schema":{"@context":"https:\/\/schema.org","@graph":[{"@type":"WebPage","@id":"https:\/\/hello-suns.com\/es\/productos\/evora-aluminium-cama-de-dia\/","url":"https:\/\/hello-suns.com\/es\/productos\/evora-aluminium-cama-de-dia\/","name":"Descubrir Daybed Evora Aluminio | SUNS Outdoor Lifestyle","isPartOf":{"@id":"https:\/\/hello-suns.com\/es\/#website"},"primaryImageOfPage":{"@id":"https:\/\/hello-suns.com\/es\/productos\/evora-aluminium-cama-de-dia\/#primaryimage"},"image":{"@id":"https:\/\/hello-suns.com\/es\/productos\/evora-aluminium-cama-de-dia\/#primaryimage"},"thumbnailUrl":"https:\/\/hello-suns.com\/app\/uploads\/2025\/01\/Evora-SUNS-Daybed-MB-NMW-ALU-Free-22-1-1.png","datePublished":"2025-01-16T12:16:23+00:00","dateModified":"2026-02-11T13:52:06+00:00","description":"\u00bfBuscas un daybed evora de aluminio? SUNS te ofrece lujosos daybeds con estructura de aluminio y cojines hidr\u00f3fugos para mayor comodidad y durabilidad.","breadcrumb":{"@id":"https:\/\/hello-suns.com\/es\/productos\/evora-aluminium-cama-de-dia\/#breadcrumb"},"inLanguage":"es-ES","potentialAction":[{"@type":"ReadAction","target":["https:\/\/hello-suns.com\/es\/productos\/evora-aluminium-cama-de-dia\/"]}]},{"@type":"ImageObject","inLanguage":"es-ES","@id":"https:\/\/hello-suns.com\/es\/productos\/evora-aluminium-cama-de-dia\/#primaryimage","url":"https:\/\/hello-suns.com\/app\/uploads\/2025\/01\/Evora-SUNS-Daybed-MB-NMW-ALU-Free-22-1-1.png","contentUrl":"https:\/\/hello-suns.com\/app\/uploads\/2025\/01\/Evora-SUNS-Daybed-MB-NMW-ALU-Free-22-1-1.png","width":2500,"height":1667},{"@type":"BreadcrumbList","@id":"https:\/\/hello-suns.com\/es\/productos\/evora-aluminium-cama-de-dia\/#breadcrumb","itemListElement":[{"@type":"ListItem","position":1,"name":"","item":"https:\/\/hello-suns.com\/es\/"},{"@type":"ListItem","position":2,"name":"Productos","item":"https:\/\/hello-suns.com\/es\/productos\/"},{"@type":"ListItem","position":3,"name":"Evora | aluminium"}]},{"@type":"WebSite","@id":"https:\/\/hello-suns.com\/es\/#website","url":"https:\/\/hello-suns.com\/es\/","name":"SUNS","description":"Outdoor Lifestyle","potentialAction":[{"@type":"SearchAction","target":{"@type":"EntryPoint","urlTemplate":"https:\/\/hello-suns.com\/es\/?s={search_term_string}"},"query-input":{"@type":"PropertyValueSpecification","valueRequired":true,"valueName":"search_term_string"}}],"inLanguage":"es-ES"}]}},"_links":{"self":[{"href":"https:\/\/hello-suns.com\/es\/wp-json\/wp\/v2\/product\/16921","targetHints":{"allow":["GET"]}}],"collection":[{"href":"https:\/\/hello-suns.com\/es\/wp-json\/wp\/v2\/product"}],"about":[{"href":"https:\/\/hello-suns.com\/es\/wp-json\/wp\/v2\/types\/product"}],"replies":[{"embeddable":true,"href":"https:\/\/hello-suns.com\/es\/wp-json\/wp\/v2\/comments?post=16921"}],"wp:featuredmedia":[{"embeddable":true,"href":"https:\/\/hello-suns.com\/es\/wp-json\/wp\/v2\/media\/16867"}],"wp:attachment":[{"href":"https:\/\/hello-suns.com\/es\/wp-json\/wp\/v2\/media?parent=16921"}],"wp:term":[{"taxonomy":"product_brand","embeddable":true,"href":"https:\/\/hello-suns.com\/es\/wp-json\/wp\/v2\/product_brand?post=16921"},{"taxonomy":"product_cat","embeddable":true,"href":"https:\/\/hello-suns.com\/es\/wp-json\/wp\/v2\/product_cat?post=16921"},{"taxonomy":"product_tag","embeddable":true,"href":"https:\/\/hello-suns.com\/es\/wp-json\/wp\/v2\/product_tag?post=16921"},{"taxonomy":"material","embeddable":true,"href":"https:\/\/hello-suns.com\/es\/wp-json\/wp\/v2\/material?post=16921"}],"curies":[{"name":"wp","href":"https:\/\/api.w.org\/{rel}","templated":true}]}}