{"id":16908,"date":"2025-01-16T13:21:24","date_gmt":"2025-01-16T12:21:24","guid":{"rendered":"https:\/\/hello-suns.com\/producten\/blocchi-3\/"},"modified":"2026-02-19T11:26:29","modified_gmt":"2026-02-19T10:26:29","slug":"blocchi-cama-de-dia","status":"publish","type":"product","link":"https:\/\/hello-suns.com\/es\/productos\/blocchi-cama-de-dia\/","title":{"rendered":"Blocchi"},"content":{"rendered":"<h2 style=\"font-weight: 400;\"><span class=\"TextRun SCXW104257649 BCX0\" lang=\"NL-NL\" xml:lang=\"NL-NL\" data-contrast=\"auto\"><span class=\"NormalTextRun SCXW104257649 BCX0\">El estilo se une a la comodidad<\/span><\/span><\/h2>\n<p style=\"font-weight: 400;\"><span class=\"TextRun SCXW56281334 BCX0\" lang=\"NL-NL\" xml:lang=\"NL-NL\" data-contrast=\"auto\"><span class=\"NormalTextRun SCXW56281334 BCX0\">Formas voluminosas. Dise\u00f1o sin costuras. Relajaci\u00f3n en estado puro. Reg\u00e1late el lujo de un <\/span><span class=\"NormalTextRun SpellingErrorV2Themed SCXW56281334 BCX0\">Blocchi<\/span><span class=\"NormalTextRun SCXW56281334 BCX0\"> sof\u00e1 cama.<\/span><\/span><\/p>\n","protected":false},"excerpt":{"rendered":"<h3 style=\"font-weight: 400;\"><span class=\"TextRun SCXW188331726 BCX0\" lang=\"NL-NL\" xml:lang=\"NL-NL\" data-contrast=\"auto\"><span class=\"NormalTextRun SCXW188331726 BCX0\">R<\/span><span class=\"NormalTextRun SCXW188331726 BCX0\">oya<\/span><span class=\"NormalTextRun SCXW188331726 BCX0\">a<\/span><span class=\"NormalTextRun SCXW188331726 BCX0\">l daybed con <\/span><span class=\"NormalTextRun SCXW188331726 BCX0\">atractivo<\/span><\/span><\/h3>\n<p><span data-contrast=\"auto\">Con su dise\u00f1o juguet\u00f3n y llamativo, el sof\u00e1 cama Blocchi es un cuadro para la vista. Atractivas formas redondeadas, totalmente de tela. Voluminoso elemento de asiento de forma org\u00e1nica. Asiento muy relajado y aspecto acogedor. Un objeto de dise\u00f1o que realza literalmente el ambiente de un interior moderno. <\/span> <span data-contrast=\"auto\">El daybed est\u00e1 acabado con un tejido exterior de primera calidad. Este tejido tiene un revestimiento especial en el interior y el exterior que impide que la humedad penetre en el n\u00facleo. El tejido es suave al tacto y est\u00e1 elegantemente confeccionado con costuras m\u00ednimas, lo que confiere a los elementos un aspecto limpio y agradable.<\/span><\/p>\n<p><span data-contrast=\"auto\">Blocchi forma parte del programa SUNS You Create, que te permite combinar los distintos elementos a tu gusto y montar as\u00ed tu conjunto ideal. El sof\u00e1-cama, por ejemplo, se integra perfectamente en el conjunto de sal\u00f3n Blocchi. <\/span><\/p>\n","protected":false},"featured_media":16859,"comment_status":"closed","ping_status":"closed","template":"","meta":{"_acf_changed":false},"product_brand":[],"product_cat":[797,823],"product_tag":[],"material":[],"class_list":{"0":"post-16908","1":"product","2":"type-product","3":"status-publish","4":"has-post-thumbnail","6":"product_cat-you-create-es","7":"product_cat-cama-de-dia","9":"first","10":"instock","11":"shipping-taxable","12":"product-type-simple"},"acf":[],"yoast_head":"<!-- This site is optimized with the Yoast SEO plugin v26.8 - https:\/\/yoast.com\/product\/yoast-seo-wordpress\/ -->\n<title>Descubre los Camas de d\u00eda Blocchi | SUNS Outdoor Lifestyle<\/title>\n<meta name=\"description\" content=\"Buscas camas de d\u00eda Blocchi? SUNS ofrece Camas de d\u00eda Blocchi de alta calidad que combinan a la perfecci\u00f3n durabilidad y dise\u00f1o moderno.\" \/>\n<meta name=\"robots\" content=\"index, follow, max-snippet:-1, max-image-preview:large, max-video-preview:-1\" \/>\n<link rel=\"canonical\" href=\"https:\/\/hello-suns.com\/es\/productos\/blocchi-cama-de-dia\/\" \/>\n<meta property=\"og:locale\" content=\"es_ES\" \/>\n<meta property=\"og:type\" content=\"article\" \/>\n<meta property=\"og:title\" content=\"Descubre los Camas de d\u00eda Blocchi | SUNS Outdoor Lifestyle\" \/>\n<meta property=\"og:description\" content=\"Buscas camas de d\u00eda Blocchi? SUNS ofrece Camas de d\u00eda Blocchi de alta calidad que combinan a la perfecci\u00f3n durabilidad y dise\u00f1o moderno.\" \/>\n<meta property=\"og:url\" content=\"https:\/\/hello-suns.com\/es\/productos\/blocchi-cama-de-dia\/\" \/>\n<meta property=\"og:site_name\" content=\"SUNS\" \/>\n<meta property=\"article:modified_time\" content=\"2026-02-19T10:26:29+00:00\" \/>\n<meta property=\"og:image\" content=\"https:\/\/hello-suns.com\/app\/uploads\/2025\/01\/01_Blocchi-SUNS-Daybed-2500-pix-1-1024x683.png\" \/>\n\t<meta property=\"og:image:width\" content=\"1024\" \/>\n\t<meta property=\"og:image:height\" content=\"683\" \/>\n\t<meta property=\"og:image:type\" content=\"image\/png\" \/>\n<meta name=\"twitter:card\" content=\"summary_large_image\" \/>\n<meta name=\"twitter:label1\" content=\"Est. reading time\" \/>\n\t<meta name=\"twitter:data1\" content=\"3 minutes\" \/>\n<script type=\"application\/ld+json\" class=\"yoast-schema-graph\">{\"@context\":\"https:\/\/schema.org\",\"@graph\":[{\"@type\":\"WebPage\",\"@id\":\"https:\/\/hello-suns.com\/es\/productos\/blocchi-cama-de-dia\/\",\"url\":\"https:\/\/hello-suns.com\/es\/productos\/blocchi-cama-de-dia\/\",\"name\":\"Descubre los Camas de d\u00eda Blocchi | SUNS Outdoor Lifestyle\",\"isPartOf\":{\"@id\":\"https:\/\/hello-suns.com\/es\/#website\"},\"primaryImageOfPage\":{\"@id\":\"https:\/\/hello-suns.com\/es\/productos\/blocchi-cama-de-dia\/#primaryimage\"},\"image\":{\"@id\":\"https:\/\/hello-suns.com\/es\/productos\/blocchi-cama-de-dia\/#primaryimage\"},\"thumbnailUrl\":\"https:\/\/hello-suns.com\/app\/uploads\/2025\/01\/01_Blocchi-SUNS-Daybed-2500-pix-1.png\",\"datePublished\":\"2025-01-16T12:21:24+00:00\",\"dateModified\":\"2026-02-19T10:26:29+00:00\",\"description\":\"Buscas camas de d\u00eda Blocchi? SUNS ofrece Camas de d\u00eda Blocchi de alta calidad que combinan a la perfecci\u00f3n durabilidad y dise\u00f1o moderno.\",\"breadcrumb\":{\"@id\":\"https:\/\/hello-suns.com\/es\/productos\/blocchi-cama-de-dia\/#breadcrumb\"},\"inLanguage\":\"es-ES\",\"potentialAction\":[{\"@type\":\"ReadAction\",\"target\":[\"https:\/\/hello-suns.com\/es\/productos\/blocchi-cama-de-dia\/\"]}]},{\"@type\":\"ImageObject\",\"inLanguage\":\"es-ES\",\"@id\":\"https:\/\/hello-suns.com\/es\/productos\/blocchi-cama-de-dia\/#primaryimage\",\"url\":\"https:\/\/hello-suns.com\/app\/uploads\/2025\/01\/01_Blocchi-SUNS-Daybed-2500-pix-1.png\",\"contentUrl\":\"https:\/\/hello-suns.com\/app\/uploads\/2025\/01\/01_Blocchi-SUNS-Daybed-2500-pix-1.png\",\"width\":2500,\"height\":1667},{\"@type\":\"BreadcrumbList\",\"@id\":\"https:\/\/hello-suns.com\/es\/productos\/blocchi-cama-de-dia\/#breadcrumb\",\"itemListElement\":[{\"@type\":\"ListItem\",\"position\":1,\"name\":\"\",\"item\":\"https:\/\/hello-suns.com\/es\/\"},{\"@type\":\"ListItem\",\"position\":2,\"name\":\"Productos\",\"item\":\"https:\/\/hello-suns.com\/es\/productos\/\"},{\"@type\":\"ListItem\",\"position\":3,\"name\":\"Blocchi\"}]},{\"@type\":\"WebSite\",\"@id\":\"https:\/\/hello-suns.com\/es\/#website\",\"url\":\"https:\/\/hello-suns.com\/es\/\",\"name\":\"SUNS\",\"description\":\"Outdoor Lifestyle\",\"potentialAction\":[{\"@type\":\"SearchAction\",\"target\":{\"@type\":\"EntryPoint\",\"urlTemplate\":\"https:\/\/hello-suns.com\/es\/?s={search_term_string}\"},\"query-input\":{\"@type\":\"PropertyValueSpecification\",\"valueRequired\":true,\"valueName\":\"search_term_string\"}}],\"inLanguage\":\"es-ES\"}]}<\/script>\n<!-- \/ Yoast SEO plugin. -->","yoast_head_json":{"title":"Descubre los Camas de d\u00eda Blocchi | SUNS Outdoor Lifestyle","description":"Buscas camas de d\u00eda Blocchi? SUNS ofrece Camas de d\u00eda Blocchi de alta calidad que combinan a la perfecci\u00f3n durabilidad y dise\u00f1o moderno.","robots":{"index":"index","follow":"follow","max-snippet":"max-snippet:-1","max-image-preview":"max-image-preview:large","max-video-preview":"max-video-preview:-1"},"canonical":"https:\/\/hello-suns.com\/es\/productos\/blocchi-cama-de-dia\/","og_locale":"es_ES","og_type":"article","og_title":"Descubre los Camas de d\u00eda Blocchi | SUNS Outdoor Lifestyle","og_description":"Buscas camas de d\u00eda Blocchi? SUNS ofrece Camas de d\u00eda Blocchi de alta calidad que combinan a la perfecci\u00f3n durabilidad y dise\u00f1o moderno.","og_url":"https:\/\/hello-suns.com\/es\/productos\/blocchi-cama-de-dia\/","og_site_name":"SUNS","article_modified_time":"2026-02-19T10:26:29+00:00","og_image":[{"width":1024,"height":683,"url":"https:\/\/hello-suns.com\/app\/uploads\/2025\/01\/01_Blocchi-SUNS-Daybed-2500-pix-1-1024x683.png","type":"image\/png"}],"twitter_card":"summary_large_image","twitter_misc":{"Est. reading time":"3 minutes"},"schema":{"@context":"https:\/\/schema.org","@graph":[{"@type":"WebPage","@id":"https:\/\/hello-suns.com\/es\/productos\/blocchi-cama-de-dia\/","url":"https:\/\/hello-suns.com\/es\/productos\/blocchi-cama-de-dia\/","name":"Descubre los Camas de d\u00eda Blocchi | SUNS Outdoor Lifestyle","isPartOf":{"@id":"https:\/\/hello-suns.com\/es\/#website"},"primaryImageOfPage":{"@id":"https:\/\/hello-suns.com\/es\/productos\/blocchi-cama-de-dia\/#primaryimage"},"image":{"@id":"https:\/\/hello-suns.com\/es\/productos\/blocchi-cama-de-dia\/#primaryimage"},"thumbnailUrl":"https:\/\/hello-suns.com\/app\/uploads\/2025\/01\/01_Blocchi-SUNS-Daybed-2500-pix-1.png","datePublished":"2025-01-16T12:21:24+00:00","dateModified":"2026-02-19T10:26:29+00:00","description":"Buscas camas de d\u00eda Blocchi? SUNS ofrece Camas de d\u00eda Blocchi de alta calidad que combinan a la perfecci\u00f3n durabilidad y dise\u00f1o moderno.","breadcrumb":{"@id":"https:\/\/hello-suns.com\/es\/productos\/blocchi-cama-de-dia\/#breadcrumb"},"inLanguage":"es-ES","potentialAction":[{"@type":"ReadAction","target":["https:\/\/hello-suns.com\/es\/productos\/blocchi-cama-de-dia\/"]}]},{"@type":"ImageObject","inLanguage":"es-ES","@id":"https:\/\/hello-suns.com\/es\/productos\/blocchi-cama-de-dia\/#primaryimage","url":"https:\/\/hello-suns.com\/app\/uploads\/2025\/01\/01_Blocchi-SUNS-Daybed-2500-pix-1.png","contentUrl":"https:\/\/hello-suns.com\/app\/uploads\/2025\/01\/01_Blocchi-SUNS-Daybed-2500-pix-1.png","width":2500,"height":1667},{"@type":"BreadcrumbList","@id":"https:\/\/hello-suns.com\/es\/productos\/blocchi-cama-de-dia\/#breadcrumb","itemListElement":[{"@type":"ListItem","position":1,"name":"","item":"https:\/\/hello-suns.com\/es\/"},{"@type":"ListItem","position":2,"name":"Productos","item":"https:\/\/hello-suns.com\/es\/productos\/"},{"@type":"ListItem","position":3,"name":"Blocchi"}]},{"@type":"WebSite","@id":"https:\/\/hello-suns.com\/es\/#website","url":"https:\/\/hello-suns.com\/es\/","name":"SUNS","description":"Outdoor Lifestyle","potentialAction":[{"@type":"SearchAction","target":{"@type":"EntryPoint","urlTemplate":"https:\/\/hello-suns.com\/es\/?s={search_term_string}"},"query-input":{"@type":"PropertyValueSpecification","valueRequired":true,"valueName":"search_term_string"}}],"inLanguage":"es-ES"}]}},"_links":{"self":[{"href":"https:\/\/hello-suns.com\/es\/wp-json\/wp\/v2\/product\/16908","targetHints":{"allow":["GET"]}}],"collection":[{"href":"https:\/\/hello-suns.com\/es\/wp-json\/wp\/v2\/product"}],"about":[{"href":"https:\/\/hello-suns.com\/es\/wp-json\/wp\/v2\/types\/product"}],"replies":[{"embeddable":true,"href":"https:\/\/hello-suns.com\/es\/wp-json\/wp\/v2\/comments?post=16908"}],"wp:featuredmedia":[{"embeddable":true,"href":"https:\/\/hello-suns.com\/es\/wp-json\/wp\/v2\/media\/16859"}],"wp:attachment":[{"href":"https:\/\/hello-suns.com\/es\/wp-json\/wp\/v2\/media?parent=16908"}],"wp:term":[{"taxonomy":"product_brand","embeddable":true,"href":"https:\/\/hello-suns.com\/es\/wp-json\/wp\/v2\/product_brand?post=16908"},{"taxonomy":"product_cat","embeddable":true,"href":"https:\/\/hello-suns.com\/es\/wp-json\/wp\/v2\/product_cat?post=16908"},{"taxonomy":"product_tag","embeddable":true,"href":"https:\/\/hello-suns.com\/es\/wp-json\/wp\/v2\/product_tag?post=16908"},{"taxonomy":"material","embeddable":true,"href":"https:\/\/hello-suns.com\/es\/wp-json\/wp\/v2\/material?post=16908"}],"curies":[{"name":"wp","href":"https:\/\/api.w.org\/{rel}","templated":true}]}}