{"id":16900,"date":"2025-01-16T14:47:53","date_gmt":"2025-01-16T13:47:53","guid":{"rendered":"https:\/\/hello-suns.com\/producten\/pemba-3\/"},"modified":"2026-03-06T14:28:17","modified_gmt":"2026-03-06T13:28:17","slug":"pemba-stillas","status":"publish","type":"product","link":"https:\/\/hello-suns.com\/es\/productos\/pemba-stillas\/","title":{"rendered":"Pemba"},"content":{"rendered":"<h2 style=\"font-weight: 400;\">Viajar sin moverse<\/h2>\n<p style=\"font-weight: 400;\">Pemba te traslada a destinos de verano. Sin levantarte de la silla.<\/p>\n","protected":false},"excerpt":{"rendered":"<h3 style=\"font-weight: 400;\">Formas org\u00e1nicas, asiento encantador<\/h3>\n<p style=\"font-weight: 400;\">Pemba se reconoce al instante por la forma de su respaldo. Gracias a sus l\u00edneas inclinadas, la comodidad del asiento es excelente. Tambi\u00e9n puedes elegir un asiento con un atractivo mimbre de hoja de pl\u00e1tano o a\u00f1adir un encantador y suave coj\u00edn de boucl\u00e9 playero. En cualquier caso, esta silla es \u00fanica en su clase, ya que el armaz\u00f3n de teca 100% natural confiere a Pemba un aspecto de primera calidad.<\/p>\n<p style=\"font-weight: 400;\">Como todos los asientos SUNS, Pemba es ideal para combinar con las mesas de nuestras colecciones.<\/p>\n","protected":false},"featured_media":59518,"comment_status":"closed","ping_status":"closed","template":"","meta":{"_acf_changed":false},"product_brand":[],"product_cat":[811],"product_tag":[],"material":[],"class_list":{"0":"post-16900","1":"product","2":"type-product","3":"status-publish","4":"has-post-thumbnail","6":"product_cat-sillas","8":"first","9":"instock","10":"shipping-taxable","11":"product-type-simple"},"acf":[],"yoast_head":"<!-- This site is optimized with the Yoast SEO plugin v26.8 - https:\/\/yoast.com\/product\/yoast-seo-wordpress\/ -->\n<title>Descubre la Silla Pemba | SUNS SUNS Outdoor Lifestyle<\/title>\n<meta name=\"description\" content=\"\u00bfBuscas una silla pemba? SUNS te ofrece elegantes sillas de teca con un excelente confort de asiento, a elegir entre mimbre de hoja de pl\u00e1tano o coj\u00edn de boucl\u00e9.\" \/>\n<meta name=\"robots\" content=\"index, follow, max-snippet:-1, max-image-preview:large, max-video-preview:-1\" \/>\n<link rel=\"canonical\" href=\"https:\/\/hello-suns.com\/es\/productos\/pemba-stillas\/\" \/>\n<meta property=\"og:locale\" content=\"es_ES\" \/>\n<meta property=\"og:type\" content=\"article\" \/>\n<meta property=\"og:title\" content=\"Descubre la Silla Pemba | SUNS SUNS Outdoor Lifestyle\" \/>\n<meta property=\"og:description\" content=\"\u00bfBuscas una silla pemba? SUNS te ofrece elegantes sillas de teca con un excelente confort de asiento, a elegir entre mimbre de hoja de pl\u00e1tano o coj\u00edn de boucl\u00e9.\" \/>\n<meta property=\"og:url\" content=\"https:\/\/hello-suns.com\/es\/productos\/pemba-stillas\/\" \/>\n<meta property=\"og:site_name\" content=\"SUNS\" \/>\n<meta property=\"article:modified_time\" content=\"2026-03-06T13:28:17+00:00\" \/>\n<meta property=\"og:image\" content=\"https:\/\/hello-suns.com\/app\/uploads\/2025\/01\/Pemba-SUNS-Diningchair-CH-SSB-Free-26.png\" \/>\n\t<meta property=\"og:image:width\" content=\"3840\" \/>\n\t<meta property=\"og:image:height\" content=\"2560\" \/>\n\t<meta property=\"og:image:type\" content=\"image\/png\" \/>\n<meta name=\"twitter:card\" content=\"summary_large_image\" \/>\n<meta name=\"twitter:label1\" content=\"Est. reading time\" \/>\n\t<meta name=\"twitter:data1\" content=\"3 minutes\" \/>\n<script type=\"application\/ld+json\" class=\"yoast-schema-graph\">{\"@context\":\"https:\/\/schema.org\",\"@graph\":[{\"@type\":\"WebPage\",\"@id\":\"https:\/\/hello-suns.com\/es\/productos\/pemba-stillas\/\",\"url\":\"https:\/\/hello-suns.com\/es\/productos\/pemba-stillas\/\",\"name\":\"Descubre la Silla Pemba | SUNS SUNS Outdoor Lifestyle\",\"isPartOf\":{\"@id\":\"https:\/\/hello-suns.com\/es\/#website\"},\"primaryImageOfPage\":{\"@id\":\"https:\/\/hello-suns.com\/es\/productos\/pemba-stillas\/#primaryimage\"},\"image\":{\"@id\":\"https:\/\/hello-suns.com\/es\/productos\/pemba-stillas\/#primaryimage\"},\"thumbnailUrl\":\"https:\/\/hello-suns.com\/app\/uploads\/2025\/01\/Pemba-SUNS-Diningchair-CH-SSB-Free-26.png\",\"datePublished\":\"2025-01-16T13:47:53+00:00\",\"dateModified\":\"2026-03-06T13:28:17+00:00\",\"description\":\"\u00bfBuscas una silla pemba? SUNS te ofrece elegantes sillas de teca con un excelente confort de asiento, a elegir entre mimbre de hoja de pl\u00e1tano o coj\u00edn de boucl\u00e9.\",\"breadcrumb\":{\"@id\":\"https:\/\/hello-suns.com\/es\/productos\/pemba-stillas\/#breadcrumb\"},\"inLanguage\":\"es-ES\",\"potentialAction\":[{\"@type\":\"ReadAction\",\"target\":[\"https:\/\/hello-suns.com\/es\/productos\/pemba-stillas\/\"]}]},{\"@type\":\"ImageObject\",\"inLanguage\":\"es-ES\",\"@id\":\"https:\/\/hello-suns.com\/es\/productos\/pemba-stillas\/#primaryimage\",\"url\":\"https:\/\/hello-suns.com\/app\/uploads\/2025\/01\/Pemba-SUNS-Diningchair-CH-SSB-Free-26.png\",\"contentUrl\":\"https:\/\/hello-suns.com\/app\/uploads\/2025\/01\/Pemba-SUNS-Diningchair-CH-SSB-Free-26.png\",\"width\":3840,\"height\":2560},{\"@type\":\"BreadcrumbList\",\"@id\":\"https:\/\/hello-suns.com\/es\/productos\/pemba-stillas\/#breadcrumb\",\"itemListElement\":[{\"@type\":\"ListItem\",\"position\":1,\"name\":\"\",\"item\":\"https:\/\/hello-suns.com\/es\/\"},{\"@type\":\"ListItem\",\"position\":2,\"name\":\"Productos\",\"item\":\"https:\/\/hello-suns.com\/es\/productos\/\"},{\"@type\":\"ListItem\",\"position\":3,\"name\":\"Pemba\"}]},{\"@type\":\"WebSite\",\"@id\":\"https:\/\/hello-suns.com\/es\/#website\",\"url\":\"https:\/\/hello-suns.com\/es\/\",\"name\":\"SUNS\",\"description\":\"Outdoor Lifestyle\",\"potentialAction\":[{\"@type\":\"SearchAction\",\"target\":{\"@type\":\"EntryPoint\",\"urlTemplate\":\"https:\/\/hello-suns.com\/es\/?s={search_term_string}\"},\"query-input\":{\"@type\":\"PropertyValueSpecification\",\"valueRequired\":true,\"valueName\":\"search_term_string\"}}],\"inLanguage\":\"es-ES\"}]}<\/script>\n<!-- \/ Yoast SEO plugin. -->","yoast_head_json":{"title":"Descubre la Silla Pemba | SUNS SUNS Outdoor Lifestyle","description":"\u00bfBuscas una silla pemba? SUNS te ofrece elegantes sillas de teca con un excelente confort de asiento, a elegir entre mimbre de hoja de pl\u00e1tano o coj\u00edn de boucl\u00e9.","robots":{"index":"index","follow":"follow","max-snippet":"max-snippet:-1","max-image-preview":"max-image-preview:large","max-video-preview":"max-video-preview:-1"},"canonical":"https:\/\/hello-suns.com\/es\/productos\/pemba-stillas\/","og_locale":"es_ES","og_type":"article","og_title":"Descubre la Silla Pemba | SUNS SUNS Outdoor Lifestyle","og_description":"\u00bfBuscas una silla pemba? SUNS te ofrece elegantes sillas de teca con un excelente confort de asiento, a elegir entre mimbre de hoja de pl\u00e1tano o coj\u00edn de boucl\u00e9.","og_url":"https:\/\/hello-suns.com\/es\/productos\/pemba-stillas\/","og_site_name":"SUNS","article_modified_time":"2026-03-06T13:28:17+00:00","og_image":[{"width":3840,"height":2560,"url":"https:\/\/hello-suns.com\/app\/uploads\/2025\/01\/Pemba-SUNS-Diningchair-CH-SSB-Free-26.png","type":"image\/png"}],"twitter_card":"summary_large_image","twitter_misc":{"Est. reading time":"3 minutes"},"schema":{"@context":"https:\/\/schema.org","@graph":[{"@type":"WebPage","@id":"https:\/\/hello-suns.com\/es\/productos\/pemba-stillas\/","url":"https:\/\/hello-suns.com\/es\/productos\/pemba-stillas\/","name":"Descubre la Silla Pemba | SUNS SUNS Outdoor Lifestyle","isPartOf":{"@id":"https:\/\/hello-suns.com\/es\/#website"},"primaryImageOfPage":{"@id":"https:\/\/hello-suns.com\/es\/productos\/pemba-stillas\/#primaryimage"},"image":{"@id":"https:\/\/hello-suns.com\/es\/productos\/pemba-stillas\/#primaryimage"},"thumbnailUrl":"https:\/\/hello-suns.com\/app\/uploads\/2025\/01\/Pemba-SUNS-Diningchair-CH-SSB-Free-26.png","datePublished":"2025-01-16T13:47:53+00:00","dateModified":"2026-03-06T13:28:17+00:00","description":"\u00bfBuscas una silla pemba? SUNS te ofrece elegantes sillas de teca con un excelente confort de asiento, a elegir entre mimbre de hoja de pl\u00e1tano o coj\u00edn de boucl\u00e9.","breadcrumb":{"@id":"https:\/\/hello-suns.com\/es\/productos\/pemba-stillas\/#breadcrumb"},"inLanguage":"es-ES","potentialAction":[{"@type":"ReadAction","target":["https:\/\/hello-suns.com\/es\/productos\/pemba-stillas\/"]}]},{"@type":"ImageObject","inLanguage":"es-ES","@id":"https:\/\/hello-suns.com\/es\/productos\/pemba-stillas\/#primaryimage","url":"https:\/\/hello-suns.com\/app\/uploads\/2025\/01\/Pemba-SUNS-Diningchair-CH-SSB-Free-26.png","contentUrl":"https:\/\/hello-suns.com\/app\/uploads\/2025\/01\/Pemba-SUNS-Diningchair-CH-SSB-Free-26.png","width":3840,"height":2560},{"@type":"BreadcrumbList","@id":"https:\/\/hello-suns.com\/es\/productos\/pemba-stillas\/#breadcrumb","itemListElement":[{"@type":"ListItem","position":1,"name":"","item":"https:\/\/hello-suns.com\/es\/"},{"@type":"ListItem","position":2,"name":"Productos","item":"https:\/\/hello-suns.com\/es\/productos\/"},{"@type":"ListItem","position":3,"name":"Pemba"}]},{"@type":"WebSite","@id":"https:\/\/hello-suns.com\/es\/#website","url":"https:\/\/hello-suns.com\/es\/","name":"SUNS","description":"Outdoor Lifestyle","potentialAction":[{"@type":"SearchAction","target":{"@type":"EntryPoint","urlTemplate":"https:\/\/hello-suns.com\/es\/?s={search_term_string}"},"query-input":{"@type":"PropertyValueSpecification","valueRequired":true,"valueName":"search_term_string"}}],"inLanguage":"es-ES"}]}},"_links":{"self":[{"href":"https:\/\/hello-suns.com\/es\/wp-json\/wp\/v2\/product\/16900","targetHints":{"allow":["GET"]}}],"collection":[{"href":"https:\/\/hello-suns.com\/es\/wp-json\/wp\/v2\/product"}],"about":[{"href":"https:\/\/hello-suns.com\/es\/wp-json\/wp\/v2\/types\/product"}],"replies":[{"embeddable":true,"href":"https:\/\/hello-suns.com\/es\/wp-json\/wp\/v2\/comments?post=16900"}],"wp:featuredmedia":[{"embeddable":true,"href":"https:\/\/hello-suns.com\/es\/wp-json\/wp\/v2\/media\/59518"}],"wp:attachment":[{"href":"https:\/\/hello-suns.com\/es\/wp-json\/wp\/v2\/media?parent=16900"}],"wp:term":[{"taxonomy":"product_brand","embeddable":true,"href":"https:\/\/hello-suns.com\/es\/wp-json\/wp\/v2\/product_brand?post=16900"},{"taxonomy":"product_cat","embeddable":true,"href":"https:\/\/hello-suns.com\/es\/wp-json\/wp\/v2\/product_cat?post=16900"},{"taxonomy":"product_tag","embeddable":true,"href":"https:\/\/hello-suns.com\/es\/wp-json\/wp\/v2\/product_tag?post=16900"},{"taxonomy":"material","embeddable":true,"href":"https:\/\/hello-suns.com\/es\/wp-json\/wp\/v2\/material?post=16900"}],"curies":[{"name":"wp","href":"https:\/\/api.w.org\/{rel}","templated":true}]}}