{"id":16892,"date":"2025-01-16T13:30:04","date_gmt":"2025-01-16T12:30:04","guid":{"rendered":"https:\/\/hello-suns.com\/producten\/tutti-3\/"},"modified":"2026-02-11T16:24:20","modified_gmt":"2026-02-11T15:24:20","slug":"tutti-tumbona","status":"publish","type":"product","link":"https:\/\/hello-suns.com\/es\/productos\/tutti-tumbona\/","title":{"rendered":"Tutti"},"content":{"rendered":"<h2 style=\"font-weight: 400;\">D\u00edas intensos de verano<\/h2>\n<p style=\"font-weight: 400;\">La Tumbona Tutti est\u00e1 dise\u00f1ada para disfrutar intensamente de los largos d\u00edas de verano. Lo \u00faltimo para crear ambiente.<\/p>\n","protected":false},"excerpt":{"rendered":"<h3 style=\"font-weight: 400;\">Elegante y moderno<\/h3>\n<p style=\"font-weight: 400;\">La tumbona Tutti es una incorporaci\u00f3n elegante y moderna a la l\u00ednea Tutti, por lo que combina muy bien con los taburetes y sillas de bar de esta serie. La s\u00f3lida estructura de aluminio es robusta pero ligera, para que puedas mover la tumbona con facilidad.<\/p>\n<p style=\"font-weight: 400;\">Como cabe esperar de SUNS, esta tumbona est\u00e1 fabricada con materiales de alta calidad, duraderos y resistentes a todas las condiciones meteorol\u00f3gicas. As\u00ed que esta tumbona puede estar perfectamente en el exterior todo el a\u00f1o. \u00bfQuieres a\u00fan m\u00e1s comodidad? Entonces elige el coj\u00edn impermeable a juego.<\/p>\n","protected":false},"featured_media":16896,"comment_status":"closed","ping_status":"closed","template":"","meta":{"_acf_changed":false},"product_brand":[],"product_cat":[822,824],"product_tag":[],"material":[],"class_list":{"0":"post-16892","1":"product","2":"type-product","3":"status-publish","4":"has-post-thumbnail","6":"product_cat-relax","7":"product_cat-tumbona","9":"first","10":"instock","11":"shipping-taxable","12":"product-type-simple"},"acf":[],"yoast_head":"<!-- This site is optimized with the Yoast SEO plugin v26.8 - https:\/\/yoast.com\/product\/yoast-seo-wordpress\/ -->\n<title>Descubre los muebles de jard\u00edn Tutti | SUNS Outdoor Lifestyle<\/title>\n<meta name=\"description\" content=\"\u00bfBuscas Tutti? SUNS ofrece Tutti de alta calidad fabricados en aluminio robusto con cojines resistentes a la intemperie para ofrecer la m\u00e1xima comodidad y estilo, perfectos para su uso en exteriores.\" \/>\n<meta name=\"robots\" content=\"index, follow, max-snippet:-1, max-image-preview:large, max-video-preview:-1\" \/>\n<link rel=\"canonical\" href=\"https:\/\/hello-suns.com\/es\/productos\/tutti-tumbona\/\" \/>\n<meta property=\"og:locale\" content=\"es_ES\" \/>\n<meta property=\"og:type\" content=\"article\" \/>\n<meta property=\"og:title\" content=\"Descubre los muebles de jard\u00edn Tutti | SUNS Outdoor Lifestyle\" \/>\n<meta property=\"og:description\" content=\"\u00bfBuscas Tutti? SUNS ofrece Tutti de alta calidad fabricados en aluminio robusto con cojines resistentes a la intemperie para ofrecer la m\u00e1xima comodidad y estilo, perfectos para su uso en exteriores.\" \/>\n<meta property=\"og:url\" content=\"https:\/\/hello-suns.com\/es\/productos\/tutti-tumbona\/\" \/>\n<meta property=\"og:site_name\" content=\"SUNS\" \/>\n<meta property=\"article:modified_time\" content=\"2026-02-11T15:24:20+00:00\" \/>\n<meta property=\"og:image\" content=\"https:\/\/hello-suns.com\/app\/uploads\/2025\/01\/01_Lounger_SUNS_Tutti_mw-1.png\" \/>\n\t<meta property=\"og:image:width\" content=\"2500\" \/>\n\t<meta property=\"og:image:height\" content=\"1667\" \/>\n\t<meta property=\"og:image:type\" content=\"image\/png\" \/>\n<meta name=\"twitter:card\" content=\"summary_large_image\" \/>\n<meta name=\"twitter:label1\" content=\"Est. reading time\" \/>\n\t<meta name=\"twitter:data1\" content=\"2 minutes\" \/>\n<script type=\"application\/ld+json\" class=\"yoast-schema-graph\">{\"@context\":\"https:\/\/schema.org\",\"@graph\":[{\"@type\":\"WebPage\",\"@id\":\"https:\/\/hello-suns.com\/es\/productos\/tutti-tumbona\/\",\"url\":\"https:\/\/hello-suns.com\/es\/productos\/tutti-tumbona\/\",\"name\":\"Descubre los muebles de jard\u00edn Tutti | SUNS Outdoor Lifestyle\",\"isPartOf\":{\"@id\":\"https:\/\/hello-suns.com\/es\/#website\"},\"primaryImageOfPage\":{\"@id\":\"https:\/\/hello-suns.com\/es\/productos\/tutti-tumbona\/#primaryimage\"},\"image\":{\"@id\":\"https:\/\/hello-suns.com\/es\/productos\/tutti-tumbona\/#primaryimage\"},\"thumbnailUrl\":\"https:\/\/hello-suns.com\/app\/uploads\/2025\/01\/01_Lounger_SUNS_Tutti_mw-1.png\",\"datePublished\":\"2025-01-16T12:30:04+00:00\",\"dateModified\":\"2026-02-11T15:24:20+00:00\",\"description\":\"\u00bfBuscas Tutti? SUNS ofrece Tutti de alta calidad fabricados en aluminio robusto con cojines resistentes a la intemperie para ofrecer la m\u00e1xima comodidad y estilo, perfectos para su uso en exteriores.\",\"breadcrumb\":{\"@id\":\"https:\/\/hello-suns.com\/es\/productos\/tutti-tumbona\/#breadcrumb\"},\"inLanguage\":\"es-ES\",\"potentialAction\":[{\"@type\":\"ReadAction\",\"target\":[\"https:\/\/hello-suns.com\/es\/productos\/tutti-tumbona\/\"]}]},{\"@type\":\"ImageObject\",\"inLanguage\":\"es-ES\",\"@id\":\"https:\/\/hello-suns.com\/es\/productos\/tutti-tumbona\/#primaryimage\",\"url\":\"https:\/\/hello-suns.com\/app\/uploads\/2025\/01\/01_Lounger_SUNS_Tutti_mw-1.png\",\"contentUrl\":\"https:\/\/hello-suns.com\/app\/uploads\/2025\/01\/01_Lounger_SUNS_Tutti_mw-1.png\",\"width\":2500,\"height\":1667},{\"@type\":\"BreadcrumbList\",\"@id\":\"https:\/\/hello-suns.com\/es\/productos\/tutti-tumbona\/#breadcrumb\",\"itemListElement\":[{\"@type\":\"ListItem\",\"position\":1,\"name\":\"\",\"item\":\"https:\/\/hello-suns.com\/es\/\"},{\"@type\":\"ListItem\",\"position\":2,\"name\":\"Productos\",\"item\":\"https:\/\/hello-suns.com\/es\/productos\/\"},{\"@type\":\"ListItem\",\"position\":3,\"name\":\"Tutti\"}]},{\"@type\":\"WebSite\",\"@id\":\"https:\/\/hello-suns.com\/es\/#website\",\"url\":\"https:\/\/hello-suns.com\/es\/\",\"name\":\"SUNS\",\"description\":\"Outdoor Lifestyle\",\"potentialAction\":[{\"@type\":\"SearchAction\",\"target\":{\"@type\":\"EntryPoint\",\"urlTemplate\":\"https:\/\/hello-suns.com\/es\/?s={search_term_string}\"},\"query-input\":{\"@type\":\"PropertyValueSpecification\",\"valueRequired\":true,\"valueName\":\"search_term_string\"}}],\"inLanguage\":\"es-ES\"}]}<\/script>\n<!-- \/ Yoast SEO plugin. -->","yoast_head_json":{"title":"Descubre los muebles de jard\u00edn Tutti | SUNS Outdoor Lifestyle","description":"\u00bfBuscas Tutti? SUNS ofrece Tutti de alta calidad fabricados en aluminio robusto con cojines resistentes a la intemperie para ofrecer la m\u00e1xima comodidad y estilo, perfectos para su uso en exteriores.","robots":{"index":"index","follow":"follow","max-snippet":"max-snippet:-1","max-image-preview":"max-image-preview:large","max-video-preview":"max-video-preview:-1"},"canonical":"https:\/\/hello-suns.com\/es\/productos\/tutti-tumbona\/","og_locale":"es_ES","og_type":"article","og_title":"Descubre los muebles de jard\u00edn Tutti | SUNS Outdoor Lifestyle","og_description":"\u00bfBuscas Tutti? SUNS ofrece Tutti de alta calidad fabricados en aluminio robusto con cojines resistentes a la intemperie para ofrecer la m\u00e1xima comodidad y estilo, perfectos para su uso en exteriores.","og_url":"https:\/\/hello-suns.com\/es\/productos\/tutti-tumbona\/","og_site_name":"SUNS","article_modified_time":"2026-02-11T15:24:20+00:00","og_image":[{"width":2500,"height":1667,"url":"https:\/\/hello-suns.com\/app\/uploads\/2025\/01\/01_Lounger_SUNS_Tutti_mw-1.png","type":"image\/png"}],"twitter_card":"summary_large_image","twitter_misc":{"Est. reading time":"2 minutes"},"schema":{"@context":"https:\/\/schema.org","@graph":[{"@type":"WebPage","@id":"https:\/\/hello-suns.com\/es\/productos\/tutti-tumbona\/","url":"https:\/\/hello-suns.com\/es\/productos\/tutti-tumbona\/","name":"Descubre los muebles de jard\u00edn Tutti | SUNS Outdoor Lifestyle","isPartOf":{"@id":"https:\/\/hello-suns.com\/es\/#website"},"primaryImageOfPage":{"@id":"https:\/\/hello-suns.com\/es\/productos\/tutti-tumbona\/#primaryimage"},"image":{"@id":"https:\/\/hello-suns.com\/es\/productos\/tutti-tumbona\/#primaryimage"},"thumbnailUrl":"https:\/\/hello-suns.com\/app\/uploads\/2025\/01\/01_Lounger_SUNS_Tutti_mw-1.png","datePublished":"2025-01-16T12:30:04+00:00","dateModified":"2026-02-11T15:24:20+00:00","description":"\u00bfBuscas Tutti? SUNS ofrece Tutti de alta calidad fabricados en aluminio robusto con cojines resistentes a la intemperie para ofrecer la m\u00e1xima comodidad y estilo, perfectos para su uso en exteriores.","breadcrumb":{"@id":"https:\/\/hello-suns.com\/es\/productos\/tutti-tumbona\/#breadcrumb"},"inLanguage":"es-ES","potentialAction":[{"@type":"ReadAction","target":["https:\/\/hello-suns.com\/es\/productos\/tutti-tumbona\/"]}]},{"@type":"ImageObject","inLanguage":"es-ES","@id":"https:\/\/hello-suns.com\/es\/productos\/tutti-tumbona\/#primaryimage","url":"https:\/\/hello-suns.com\/app\/uploads\/2025\/01\/01_Lounger_SUNS_Tutti_mw-1.png","contentUrl":"https:\/\/hello-suns.com\/app\/uploads\/2025\/01\/01_Lounger_SUNS_Tutti_mw-1.png","width":2500,"height":1667},{"@type":"BreadcrumbList","@id":"https:\/\/hello-suns.com\/es\/productos\/tutti-tumbona\/#breadcrumb","itemListElement":[{"@type":"ListItem","position":1,"name":"","item":"https:\/\/hello-suns.com\/es\/"},{"@type":"ListItem","position":2,"name":"Productos","item":"https:\/\/hello-suns.com\/es\/productos\/"},{"@type":"ListItem","position":3,"name":"Tutti"}]},{"@type":"WebSite","@id":"https:\/\/hello-suns.com\/es\/#website","url":"https:\/\/hello-suns.com\/es\/","name":"SUNS","description":"Outdoor Lifestyle","potentialAction":[{"@type":"SearchAction","target":{"@type":"EntryPoint","urlTemplate":"https:\/\/hello-suns.com\/es\/?s={search_term_string}"},"query-input":{"@type":"PropertyValueSpecification","valueRequired":true,"valueName":"search_term_string"}}],"inLanguage":"es-ES"}]}},"_links":{"self":[{"href":"https:\/\/hello-suns.com\/es\/wp-json\/wp\/v2\/product\/16892","targetHints":{"allow":["GET"]}}],"collection":[{"href":"https:\/\/hello-suns.com\/es\/wp-json\/wp\/v2\/product"}],"about":[{"href":"https:\/\/hello-suns.com\/es\/wp-json\/wp\/v2\/types\/product"}],"replies":[{"embeddable":true,"href":"https:\/\/hello-suns.com\/es\/wp-json\/wp\/v2\/comments?post=16892"}],"wp:featuredmedia":[{"embeddable":true,"href":"https:\/\/hello-suns.com\/es\/wp-json\/wp\/v2\/media\/16896"}],"wp:attachment":[{"href":"https:\/\/hello-suns.com\/es\/wp-json\/wp\/v2\/media?parent=16892"}],"wp:term":[{"taxonomy":"product_brand","embeddable":true,"href":"https:\/\/hello-suns.com\/es\/wp-json\/wp\/v2\/product_brand?post=16892"},{"taxonomy":"product_cat","embeddable":true,"href":"https:\/\/hello-suns.com\/es\/wp-json\/wp\/v2\/product_cat?post=16892"},{"taxonomy":"product_tag","embeddable":true,"href":"https:\/\/hello-suns.com\/es\/wp-json\/wp\/v2\/product_tag?post=16892"},{"taxonomy":"material","embeddable":true,"href":"https:\/\/hello-suns.com\/es\/wp-json\/wp\/v2\/material?post=16892"}],"curies":[{"name":"wp","href":"https:\/\/api.w.org\/{rel}","templated":true}]}}