{"id":16870,"date":"2025-01-16T13:31:25","date_gmt":"2025-01-16T12:31:25","guid":{"rendered":"https:\/\/hello-suns.com\/producten\/aspen-redondo-3\/"},"modified":"2026-02-19T14:50:54","modified_gmt":"2026-02-19T13:50:54","slug":"aspen-round-cama-de-dia","status":"publish","type":"product","link":"https:\/\/hello-suns.com\/es\/productos\/aspen-round-cama-de-dia\/","title":{"rendered":"Aspen | round"},"content":{"rendered":"<h2>Ronda de relajaci\u00f3n<\/h2>\n<p>En la rica colecci\u00f3n de SUNS, el sof\u00e1-cama Aspen es sin duda uno de los puntos sutilmente destacados. Una nueva extensi\u00f3n de forma org\u00e1nica y redondeada que proporciona la m\u00e1xima relajaci\u00f3n. Robusto en su forma. Excepcionalmente c\u00f3modo desde primera hora de la ma\u00f1ana hasta bien entrada la noche. La elecci\u00f3n definitiva para quienes no tienen nada que demostrar y s\u00ed mucho que decir.<\/p>\n","protected":false},"excerpt":{"rendered":"<h3 style=\"font-weight: 400;\"><span class=\"TextRun SCXW243907804 BCX0\" lang=\"NL-NL\" xml:lang=\"NL-NL\" data-contrast=\"none\"><span class=\"NormalTextRun SCXW243907804 BCX0\">Perfecto para descansar durante mucho tiempo <\/span><\/span><\/h3>\n<p>El Daybed Aspen es un punto de atracci\u00f3n en tu jard\u00edn y toda una comodidad. Una s\u00f3lida base de teca. Dimensiones generosas. Cojines acolchados extra gruesos. Todo lo que necesitas para relajarte. Ahora con una curva adicional para un confort a\u00fan mayor. Gracias a los materiales de primera calidad, este sof\u00e1-cama puede estar al aire libre todo el a\u00f1o. Los cojines tienen un n\u00facleo de secado r\u00e1pido. Los cojines est\u00e1n tapizados en tela de exterior de primera calidad. Esta tela es resistente a la intemperie, est\u00e1 disponible en varios colores y tiene un tacto maravillosamente suave.<\/p>\n<p>&nbsp;<\/p>\n<p>&nbsp;<\/p>\n","protected":false},"featured_media":16858,"comment_status":"closed","ping_status":"closed","template":"","meta":{"_acf_changed":false},"product_brand":[],"product_cat":[797,822,823],"product_tag":[],"material":[],"class_list":{"0":"post-16870","1":"product","2":"type-product","3":"status-publish","4":"has-post-thumbnail","6":"product_cat-you-create-es","7":"product_cat-relax","8":"product_cat-cama-de-dia","10":"first","11":"instock","12":"shipping-taxable","13":"product-type-simple"},"acf":[],"yoast_head":"<!-- This site is optimized with the Yoast SEO plugin v26.8 - https:\/\/yoast.com\/product\/yoast-seo-wordpress\/ -->\n<title>Daybed Aspen Round | SUNS Outdoor Lifestyle<\/title>\n<meta name=\"description\" content=\"Buscas un daybed Aspen redondo? SUNS te ofrece lujosos daybeds de teca con cojines de secado r\u00e1pido y pr\u00e1ctico almacenamiento para que disfrutes de la m\u00e1xima comodidad y estilo.\" \/>\n<meta name=\"robots\" content=\"index, follow, max-snippet:-1, max-image-preview:large, max-video-preview:-1\" \/>\n<link rel=\"canonical\" href=\"https:\/\/hello-suns.com\/es\/productos\/aspen-round-cama-de-dia\/\" \/>\n<meta property=\"og:locale\" content=\"es_ES\" \/>\n<meta property=\"og:type\" content=\"article\" \/>\n<meta property=\"og:title\" content=\"Daybed Aspen Round | SUNS Outdoor Lifestyle\" \/>\n<meta property=\"og:description\" content=\"Buscas un daybed Aspen redondo? SUNS te ofrece lujosos daybeds de teca con cojines de secado r\u00e1pido y pr\u00e1ctico almacenamiento para que disfrutes de la m\u00e1xima comodidad y estilo.\" \/>\n<meta property=\"og:url\" content=\"https:\/\/hello-suns.com\/es\/productos\/aspen-round-cama-de-dia\/\" \/>\n<meta property=\"og:site_name\" content=\"SUNS\" \/>\n<meta property=\"article:modified_time\" content=\"2026-02-19T13:50:54+00:00\" \/>\n<meta property=\"og:image\" content=\"https:\/\/hello-suns.com\/app\/uploads\/2025\/01\/01_Aspen-SUNS-daybedround-TK-NG-25-2500-1-1024x683.png\" \/>\n\t<meta property=\"og:image:width\" content=\"1024\" \/>\n\t<meta property=\"og:image:height\" content=\"683\" \/>\n\t<meta property=\"og:image:type\" content=\"image\/png\" \/>\n<meta name=\"twitter:card\" content=\"summary_large_image\" \/>\n<meta name=\"twitter:label1\" content=\"Est. reading time\" \/>\n\t<meta name=\"twitter:data1\" content=\"4 minutes\" \/>\n<script type=\"application\/ld+json\" class=\"yoast-schema-graph\">{\"@context\":\"https:\/\/schema.org\",\"@graph\":[{\"@type\":\"WebPage\",\"@id\":\"https:\/\/hello-suns.com\/es\/productos\/aspen-round-cama-de-dia\/\",\"url\":\"https:\/\/hello-suns.com\/es\/productos\/aspen-round-cama-de-dia\/\",\"name\":\"Daybed Aspen Round | SUNS Outdoor Lifestyle\",\"isPartOf\":{\"@id\":\"https:\/\/hello-suns.com\/es\/#website\"},\"primaryImageOfPage\":{\"@id\":\"https:\/\/hello-suns.com\/es\/productos\/aspen-round-cama-de-dia\/#primaryimage\"},\"image\":{\"@id\":\"https:\/\/hello-suns.com\/es\/productos\/aspen-round-cama-de-dia\/#primaryimage\"},\"thumbnailUrl\":\"https:\/\/hello-suns.com\/app\/uploads\/2025\/01\/01_Aspen-SUNS-daybedround-TK-NG-25-2500-1.png\",\"datePublished\":\"2025-01-16T12:31:25+00:00\",\"dateModified\":\"2026-02-19T13:50:54+00:00\",\"description\":\"Buscas un daybed Aspen redondo? SUNS te ofrece lujosos daybeds de teca con cojines de secado r\u00e1pido y pr\u00e1ctico almacenamiento para que disfrutes de la m\u00e1xima comodidad y estilo.\",\"breadcrumb\":{\"@id\":\"https:\/\/hello-suns.com\/es\/productos\/aspen-round-cama-de-dia\/#breadcrumb\"},\"inLanguage\":\"es-ES\",\"potentialAction\":[{\"@type\":\"ReadAction\",\"target\":[\"https:\/\/hello-suns.com\/es\/productos\/aspen-round-cama-de-dia\/\"]}]},{\"@type\":\"ImageObject\",\"inLanguage\":\"es-ES\",\"@id\":\"https:\/\/hello-suns.com\/es\/productos\/aspen-round-cama-de-dia\/#primaryimage\",\"url\":\"https:\/\/hello-suns.com\/app\/uploads\/2025\/01\/01_Aspen-SUNS-daybedround-TK-NG-25-2500-1.png\",\"contentUrl\":\"https:\/\/hello-suns.com\/app\/uploads\/2025\/01\/01_Aspen-SUNS-daybedround-TK-NG-25-2500-1.png\",\"width\":2500,\"height\":1667},{\"@type\":\"BreadcrumbList\",\"@id\":\"https:\/\/hello-suns.com\/es\/productos\/aspen-round-cama-de-dia\/#breadcrumb\",\"itemListElement\":[{\"@type\":\"ListItem\",\"position\":1,\"name\":\"\",\"item\":\"https:\/\/hello-suns.com\/es\/\"},{\"@type\":\"ListItem\",\"position\":2,\"name\":\"Productos\",\"item\":\"https:\/\/hello-suns.com\/es\/productos\/\"},{\"@type\":\"ListItem\",\"position\":3,\"name\":\"Aspen | round\"}]},{\"@type\":\"WebSite\",\"@id\":\"https:\/\/hello-suns.com\/es\/#website\",\"url\":\"https:\/\/hello-suns.com\/es\/\",\"name\":\"SUNS\",\"description\":\"Outdoor Lifestyle\",\"potentialAction\":[{\"@type\":\"SearchAction\",\"target\":{\"@type\":\"EntryPoint\",\"urlTemplate\":\"https:\/\/hello-suns.com\/es\/?s={search_term_string}\"},\"query-input\":{\"@type\":\"PropertyValueSpecification\",\"valueRequired\":true,\"valueName\":\"search_term_string\"}}],\"inLanguage\":\"es-ES\"}]}<\/script>\n<!-- \/ Yoast SEO plugin. -->","yoast_head_json":{"title":"Daybed Aspen Round | SUNS Outdoor Lifestyle","description":"Buscas un daybed Aspen redondo? SUNS te ofrece lujosos daybeds de teca con cojines de secado r\u00e1pido y pr\u00e1ctico almacenamiento para que disfrutes de la m\u00e1xima comodidad y estilo.","robots":{"index":"index","follow":"follow","max-snippet":"max-snippet:-1","max-image-preview":"max-image-preview:large","max-video-preview":"max-video-preview:-1"},"canonical":"https:\/\/hello-suns.com\/es\/productos\/aspen-round-cama-de-dia\/","og_locale":"es_ES","og_type":"article","og_title":"Daybed Aspen Round | SUNS Outdoor Lifestyle","og_description":"Buscas un daybed Aspen redondo? SUNS te ofrece lujosos daybeds de teca con cojines de secado r\u00e1pido y pr\u00e1ctico almacenamiento para que disfrutes de la m\u00e1xima comodidad y estilo.","og_url":"https:\/\/hello-suns.com\/es\/productos\/aspen-round-cama-de-dia\/","og_site_name":"SUNS","article_modified_time":"2026-02-19T13:50:54+00:00","og_image":[{"width":1024,"height":683,"url":"https:\/\/hello-suns.com\/app\/uploads\/2025\/01\/01_Aspen-SUNS-daybedround-TK-NG-25-2500-1-1024x683.png","type":"image\/png"}],"twitter_card":"summary_large_image","twitter_misc":{"Est. reading time":"4 minutes"},"schema":{"@context":"https:\/\/schema.org","@graph":[{"@type":"WebPage","@id":"https:\/\/hello-suns.com\/es\/productos\/aspen-round-cama-de-dia\/","url":"https:\/\/hello-suns.com\/es\/productos\/aspen-round-cama-de-dia\/","name":"Daybed Aspen Round | SUNS Outdoor Lifestyle","isPartOf":{"@id":"https:\/\/hello-suns.com\/es\/#website"},"primaryImageOfPage":{"@id":"https:\/\/hello-suns.com\/es\/productos\/aspen-round-cama-de-dia\/#primaryimage"},"image":{"@id":"https:\/\/hello-suns.com\/es\/productos\/aspen-round-cama-de-dia\/#primaryimage"},"thumbnailUrl":"https:\/\/hello-suns.com\/app\/uploads\/2025\/01\/01_Aspen-SUNS-daybedround-TK-NG-25-2500-1.png","datePublished":"2025-01-16T12:31:25+00:00","dateModified":"2026-02-19T13:50:54+00:00","description":"Buscas un daybed Aspen redondo? SUNS te ofrece lujosos daybeds de teca con cojines de secado r\u00e1pido y pr\u00e1ctico almacenamiento para que disfrutes de la m\u00e1xima comodidad y estilo.","breadcrumb":{"@id":"https:\/\/hello-suns.com\/es\/productos\/aspen-round-cama-de-dia\/#breadcrumb"},"inLanguage":"es-ES","potentialAction":[{"@type":"ReadAction","target":["https:\/\/hello-suns.com\/es\/productos\/aspen-round-cama-de-dia\/"]}]},{"@type":"ImageObject","inLanguage":"es-ES","@id":"https:\/\/hello-suns.com\/es\/productos\/aspen-round-cama-de-dia\/#primaryimage","url":"https:\/\/hello-suns.com\/app\/uploads\/2025\/01\/01_Aspen-SUNS-daybedround-TK-NG-25-2500-1.png","contentUrl":"https:\/\/hello-suns.com\/app\/uploads\/2025\/01\/01_Aspen-SUNS-daybedround-TK-NG-25-2500-1.png","width":2500,"height":1667},{"@type":"BreadcrumbList","@id":"https:\/\/hello-suns.com\/es\/productos\/aspen-round-cama-de-dia\/#breadcrumb","itemListElement":[{"@type":"ListItem","position":1,"name":"","item":"https:\/\/hello-suns.com\/es\/"},{"@type":"ListItem","position":2,"name":"Productos","item":"https:\/\/hello-suns.com\/es\/productos\/"},{"@type":"ListItem","position":3,"name":"Aspen | round"}]},{"@type":"WebSite","@id":"https:\/\/hello-suns.com\/es\/#website","url":"https:\/\/hello-suns.com\/es\/","name":"SUNS","description":"Outdoor Lifestyle","potentialAction":[{"@type":"SearchAction","target":{"@type":"EntryPoint","urlTemplate":"https:\/\/hello-suns.com\/es\/?s={search_term_string}"},"query-input":{"@type":"PropertyValueSpecification","valueRequired":true,"valueName":"search_term_string"}}],"inLanguage":"es-ES"}]}},"_links":{"self":[{"href":"https:\/\/hello-suns.com\/es\/wp-json\/wp\/v2\/product\/16870","targetHints":{"allow":["GET"]}}],"collection":[{"href":"https:\/\/hello-suns.com\/es\/wp-json\/wp\/v2\/product"}],"about":[{"href":"https:\/\/hello-suns.com\/es\/wp-json\/wp\/v2\/types\/product"}],"replies":[{"embeddable":true,"href":"https:\/\/hello-suns.com\/es\/wp-json\/wp\/v2\/comments?post=16870"}],"wp:featuredmedia":[{"embeddable":true,"href":"https:\/\/hello-suns.com\/es\/wp-json\/wp\/v2\/media\/16858"}],"wp:attachment":[{"href":"https:\/\/hello-suns.com\/es\/wp-json\/wp\/v2\/media?parent=16870"}],"wp:term":[{"taxonomy":"product_brand","embeddable":true,"href":"https:\/\/hello-suns.com\/es\/wp-json\/wp\/v2\/product_brand?post=16870"},{"taxonomy":"product_cat","embeddable":true,"href":"https:\/\/hello-suns.com\/es\/wp-json\/wp\/v2\/product_cat?post=16870"},{"taxonomy":"product_tag","embeddable":true,"href":"https:\/\/hello-suns.com\/es\/wp-json\/wp\/v2\/product_tag?post=16870"},{"taxonomy":"material","embeddable":true,"href":"https:\/\/hello-suns.com\/es\/wp-json\/wp\/v2\/material?post=16870"}],"curies":[{"name":"wp","href":"https:\/\/api.w.org\/{rel}","templated":true}]}}