{"id":16869,"date":"2025-01-16T15:15:53","date_gmt":"2025-01-16T14:15:53","guid":{"rendered":"https:\/\/hello-suns.com\/producten\/revello-2\/"},"modified":"2026-02-09T17:08:34","modified_gmt":"2026-02-09T16:08:34","slug":"revello-2","status":"publish","type":"product","link":"https:\/\/hello-suns.com\/es\/productos\/revello-2\/","title":{"rendered":"Revello"},"content":{"rendered":"<h2 style=\"font-weight: 400;\">Dise\u00f1o elegante y cl\u00e1sico<\/h2>\n<p style=\"font-weight: 400;\">Revello se inspira en los dise\u00f1os ic\u00f3nicos de los a\u00f1os 50. Un esbelto armaz\u00f3n con un elegante asiento de cuerda. Aspecto juguet\u00f3n y tacto agradable.<\/p>\n","protected":false},"excerpt":{"rendered":"<h3 style=\"font-weight: 400;\">Elegante asiento en tejido de espina de pez<\/h3>\n<p style=\"font-weight: 400;\">La Silla Revello a\u00fana agradablemente forma y funci\u00f3n. El armaz\u00f3n de acero inoxidable tiene una firma elegante y est\u00e1 trenzado con cuerda de alta calidad. Disponible en tejido de macram\u00e9 o espina de pez, este asiento tejido da un aspecto elegante. Los cojines son sencillos y c\u00f3modos. Gracias al uso de nuestro tejido premium para exteriores, los cojines son resistentes a la intemperie y no pierden color. La Silla Revello se combina f\u00e1cilmente con los distintos muebles de la colecci\u00f3n SUNS.<\/p>\n","protected":false},"featured_media":16871,"comment_status":"closed","ping_status":"closed","template":"","meta":{"_acf_changed":false},"product_brand":[],"product_cat":[811],"product_tag":[],"material":[],"class_list":{"0":"post-16869","1":"product","2":"type-product","3":"status-publish","4":"has-post-thumbnail","6":"product_cat-sillas","8":"first","9":"instock","10":"shipping-taxable","11":"product-type-simple"},"acf":[],"yoast_head":"<!-- This site is optimized with the Yoast SEO plugin v26.8 - https:\/\/yoast.com\/product\/yoast-seo-wordpress\/ -->\n<title>Descubre la Silla Revello | SUNS muebles de jard\u00edn<\/title>\n<meta name=\"description\" content=\"\u00bfBuscas una silla revello? SUNS ofrece elegantes sillas con armaz\u00f3n de acero inoxidable y trabajo de cuerda de alta calidad, para una comodidad y durabilidad \u00f3ptimas en el jard\u00edn.\" \/>\n<meta name=\"robots\" content=\"index, follow, max-snippet:-1, max-image-preview:large, max-video-preview:-1\" \/>\n<link rel=\"canonical\" href=\"https:\/\/hello-suns.com\/es\/productos\/revello-2\/\" \/>\n<meta property=\"og:locale\" content=\"es_ES\" \/>\n<meta property=\"og:type\" content=\"article\" \/>\n<meta property=\"og:title\" content=\"Descubre la Silla Revello | SUNS muebles de jard\u00edn\" \/>\n<meta property=\"og:description\" content=\"\u00bfBuscas una silla revello? SUNS ofrece elegantes sillas con armaz\u00f3n de acero inoxidable y trabajo de cuerda de alta calidad, para una comodidad y durabilidad \u00f3ptimas en el jard\u00edn.\" \/>\n<meta property=\"og:url\" content=\"https:\/\/hello-suns.com\/es\/productos\/revello-2\/\" \/>\n<meta property=\"og:site_name\" content=\"SUNS\" \/>\n<meta property=\"article:modified_time\" content=\"2026-02-09T16:08:34+00:00\" \/>\n<meta property=\"og:image\" content=\"https:\/\/hello-suns.com\/app\/uploads\/2025\/01\/Revello-SUNS-Diningchair-CS-FIW-CS-NG-Free-23-1-2500-pix-02.png\" \/>\n\t<meta property=\"og:image:width\" content=\"2500\" \/>\n\t<meta property=\"og:image:height\" content=\"1667\" \/>\n\t<meta property=\"og:image:type\" content=\"image\/png\" \/>\n<meta name=\"twitter:card\" content=\"summary_large_image\" \/>\n<meta name=\"twitter:label1\" content=\"Est. reading time\" \/>\n\t<meta name=\"twitter:data1\" content=\"3 minutes\" \/>\n<script type=\"application\/ld+json\" class=\"yoast-schema-graph\">{\"@context\":\"https:\/\/schema.org\",\"@graph\":[{\"@type\":\"WebPage\",\"@id\":\"https:\/\/hello-suns.com\/es\/productos\/revello-2\/\",\"url\":\"https:\/\/hello-suns.com\/es\/productos\/revello-2\/\",\"name\":\"Descubre la Silla Revello | SUNS muebles de jard\u00edn\",\"isPartOf\":{\"@id\":\"https:\/\/hello-suns.com\/es\/#website\"},\"primaryImageOfPage\":{\"@id\":\"https:\/\/hello-suns.com\/es\/productos\/revello-2\/#primaryimage\"},\"image\":{\"@id\":\"https:\/\/hello-suns.com\/es\/productos\/revello-2\/#primaryimage\"},\"thumbnailUrl\":\"https:\/\/hello-suns.com\/app\/uploads\/2025\/01\/Revello-SUNS-Diningchair-CS-FIW-CS-NG-Free-23-1-2500-pix-02.png\",\"datePublished\":\"2025-01-16T14:15:53+00:00\",\"dateModified\":\"2026-02-09T16:08:34+00:00\",\"description\":\"\u00bfBuscas una silla revello? SUNS ofrece elegantes sillas con armaz\u00f3n de acero inoxidable y trabajo de cuerda de alta calidad, para una comodidad y durabilidad \u00f3ptimas en el jard\u00edn.\",\"breadcrumb\":{\"@id\":\"https:\/\/hello-suns.com\/es\/productos\/revello-2\/#breadcrumb\"},\"inLanguage\":\"es-ES\",\"potentialAction\":[{\"@type\":\"ReadAction\",\"target\":[\"https:\/\/hello-suns.com\/es\/productos\/revello-2\/\"]}]},{\"@type\":\"ImageObject\",\"inLanguage\":\"es-ES\",\"@id\":\"https:\/\/hello-suns.com\/es\/productos\/revello-2\/#primaryimage\",\"url\":\"https:\/\/hello-suns.com\/app\/uploads\/2025\/01\/Revello-SUNS-Diningchair-CS-FIW-CS-NG-Free-23-1-2500-pix-02.png\",\"contentUrl\":\"https:\/\/hello-suns.com\/app\/uploads\/2025\/01\/Revello-SUNS-Diningchair-CS-FIW-CS-NG-Free-23-1-2500-pix-02.png\",\"width\":2500,\"height\":1667},{\"@type\":\"BreadcrumbList\",\"@id\":\"https:\/\/hello-suns.com\/es\/productos\/revello-2\/#breadcrumb\",\"itemListElement\":[{\"@type\":\"ListItem\",\"position\":1,\"name\":\"\",\"item\":\"https:\/\/hello-suns.com\/es\/\"},{\"@type\":\"ListItem\",\"position\":2,\"name\":\"Productos\",\"item\":\"https:\/\/hello-suns.com\/es\/productos\/\"},{\"@type\":\"ListItem\",\"position\":3,\"name\":\"Revello\"}]},{\"@type\":\"WebSite\",\"@id\":\"https:\/\/hello-suns.com\/es\/#website\",\"url\":\"https:\/\/hello-suns.com\/es\/\",\"name\":\"SUNS\",\"description\":\"Outdoor Lifestyle\",\"potentialAction\":[{\"@type\":\"SearchAction\",\"target\":{\"@type\":\"EntryPoint\",\"urlTemplate\":\"https:\/\/hello-suns.com\/es\/?s={search_term_string}\"},\"query-input\":{\"@type\":\"PropertyValueSpecification\",\"valueRequired\":true,\"valueName\":\"search_term_string\"}}],\"inLanguage\":\"es-ES\"}]}<\/script>\n<!-- \/ Yoast SEO plugin. -->","yoast_head_json":{"title":"Descubre la Silla Revello | SUNS muebles de jard\u00edn","description":"\u00bfBuscas una silla revello? SUNS ofrece elegantes sillas con armaz\u00f3n de acero inoxidable y trabajo de cuerda de alta calidad, para una comodidad y durabilidad \u00f3ptimas en el jard\u00edn.","robots":{"index":"index","follow":"follow","max-snippet":"max-snippet:-1","max-image-preview":"max-image-preview:large","max-video-preview":"max-video-preview:-1"},"canonical":"https:\/\/hello-suns.com\/es\/productos\/revello-2\/","og_locale":"es_ES","og_type":"article","og_title":"Descubre la Silla Revello | SUNS muebles de jard\u00edn","og_description":"\u00bfBuscas una silla revello? SUNS ofrece elegantes sillas con armaz\u00f3n de acero inoxidable y trabajo de cuerda de alta calidad, para una comodidad y durabilidad \u00f3ptimas en el jard\u00edn.","og_url":"https:\/\/hello-suns.com\/es\/productos\/revello-2\/","og_site_name":"SUNS","article_modified_time":"2026-02-09T16:08:34+00:00","og_image":[{"width":2500,"height":1667,"url":"https:\/\/hello-suns.com\/app\/uploads\/2025\/01\/Revello-SUNS-Diningchair-CS-FIW-CS-NG-Free-23-1-2500-pix-02.png","type":"image\/png"}],"twitter_card":"summary_large_image","twitter_misc":{"Est. reading time":"3 minutes"},"schema":{"@context":"https:\/\/schema.org","@graph":[{"@type":"WebPage","@id":"https:\/\/hello-suns.com\/es\/productos\/revello-2\/","url":"https:\/\/hello-suns.com\/es\/productos\/revello-2\/","name":"Descubre la Silla Revello | SUNS muebles de jard\u00edn","isPartOf":{"@id":"https:\/\/hello-suns.com\/es\/#website"},"primaryImageOfPage":{"@id":"https:\/\/hello-suns.com\/es\/productos\/revello-2\/#primaryimage"},"image":{"@id":"https:\/\/hello-suns.com\/es\/productos\/revello-2\/#primaryimage"},"thumbnailUrl":"https:\/\/hello-suns.com\/app\/uploads\/2025\/01\/Revello-SUNS-Diningchair-CS-FIW-CS-NG-Free-23-1-2500-pix-02.png","datePublished":"2025-01-16T14:15:53+00:00","dateModified":"2026-02-09T16:08:34+00:00","description":"\u00bfBuscas una silla revello? SUNS ofrece elegantes sillas con armaz\u00f3n de acero inoxidable y trabajo de cuerda de alta calidad, para una comodidad y durabilidad \u00f3ptimas en el jard\u00edn.","breadcrumb":{"@id":"https:\/\/hello-suns.com\/es\/productos\/revello-2\/#breadcrumb"},"inLanguage":"es-ES","potentialAction":[{"@type":"ReadAction","target":["https:\/\/hello-suns.com\/es\/productos\/revello-2\/"]}]},{"@type":"ImageObject","inLanguage":"es-ES","@id":"https:\/\/hello-suns.com\/es\/productos\/revello-2\/#primaryimage","url":"https:\/\/hello-suns.com\/app\/uploads\/2025\/01\/Revello-SUNS-Diningchair-CS-FIW-CS-NG-Free-23-1-2500-pix-02.png","contentUrl":"https:\/\/hello-suns.com\/app\/uploads\/2025\/01\/Revello-SUNS-Diningchair-CS-FIW-CS-NG-Free-23-1-2500-pix-02.png","width":2500,"height":1667},{"@type":"BreadcrumbList","@id":"https:\/\/hello-suns.com\/es\/productos\/revello-2\/#breadcrumb","itemListElement":[{"@type":"ListItem","position":1,"name":"","item":"https:\/\/hello-suns.com\/es\/"},{"@type":"ListItem","position":2,"name":"Productos","item":"https:\/\/hello-suns.com\/es\/productos\/"},{"@type":"ListItem","position":3,"name":"Revello"}]},{"@type":"WebSite","@id":"https:\/\/hello-suns.com\/es\/#website","url":"https:\/\/hello-suns.com\/es\/","name":"SUNS","description":"Outdoor Lifestyle","potentialAction":[{"@type":"SearchAction","target":{"@type":"EntryPoint","urlTemplate":"https:\/\/hello-suns.com\/es\/?s={search_term_string}"},"query-input":{"@type":"PropertyValueSpecification","valueRequired":true,"valueName":"search_term_string"}}],"inLanguage":"es-ES"}]}},"_links":{"self":[{"href":"https:\/\/hello-suns.com\/es\/wp-json\/wp\/v2\/product\/16869","targetHints":{"allow":["GET"]}}],"collection":[{"href":"https:\/\/hello-suns.com\/es\/wp-json\/wp\/v2\/product"}],"about":[{"href":"https:\/\/hello-suns.com\/es\/wp-json\/wp\/v2\/types\/product"}],"replies":[{"embeddable":true,"href":"https:\/\/hello-suns.com\/es\/wp-json\/wp\/v2\/comments?post=16869"}],"wp:featuredmedia":[{"embeddable":true,"href":"https:\/\/hello-suns.com\/es\/wp-json\/wp\/v2\/media\/16871"}],"wp:attachment":[{"href":"https:\/\/hello-suns.com\/es\/wp-json\/wp\/v2\/media?parent=16869"}],"wp:term":[{"taxonomy":"product_brand","embeddable":true,"href":"https:\/\/hello-suns.com\/es\/wp-json\/wp\/v2\/product_brand?post=16869"},{"taxonomy":"product_cat","embeddable":true,"href":"https:\/\/hello-suns.com\/es\/wp-json\/wp\/v2\/product_cat?post=16869"},{"taxonomy":"product_tag","embeddable":true,"href":"https:\/\/hello-suns.com\/es\/wp-json\/wp\/v2\/product_tag?post=16869"},{"taxonomy":"material","embeddable":true,"href":"https:\/\/hello-suns.com\/es\/wp-json\/wp\/v2\/material?post=16869"}],"curies":[{"name":"wp","href":"https:\/\/api.w.org\/{rel}","templated":true}]}}