{"id":16846,"date":"2025-01-16T13:42:47","date_gmt":"2025-01-16T12:42:47","guid":{"rendered":"https:\/\/hello-suns.com\/producten\/aspen-3\/"},"modified":"2026-02-19T15:36:36","modified_gmt":"2026-02-19T14:36:36","slug":"aspen-cama-de-dia","status":"publish","type":"product","link":"https:\/\/hello-suns.com\/es\/productos\/aspen-cama-de-dia\/","title":{"rendered":"Aspen"},"content":{"rendered":"<h2 style=\"font-weight: 400;\"><span class=\"TextRun SCXW76717946 BCX0\" lang=\"NL-NL\" xml:lang=\"NL-NL\" data-contrast=\"none\"><span class=\"NormalTextRun SCXW76717946 BCX0\">Elocuencia relajada<\/span><\/span><\/h2>\n<p style=\"font-weight: 400;\"><span class=\"TextRun SCXW8562592 BCX0\" lang=\"NL-NL\" xml:lang=\"NL-NL\" data-contrast=\"auto\"><span class=\"NormalTextRun SCXW8562592 BCX0\">En la rica colecci\u00f3n de SUNS, <\/span><span class=\"NormalTextRun SCXW8562592 BCX0\">el daybed <\/span><span class=\"NormalTextRun SCXW8562592 BCX0\">Aspen<\/span> es <span class=\"NormalTextRun SCXW8562592 BCX0\">Sin duda, uno de los aspectos sutilmente destacados. Forma robusta. Excepcionalmente c\u00f3moda desde primera hora de la ma\u00f1ana hasta bien entrada la noche. La elecci\u00f3n definitiva para quienes no tienen nada que demostrar y s\u00ed mucho que decir.<\/span><\/span><\/p>\n","protected":false},"excerpt":{"rendered":"<h3 style=\"font-weight: 400;\"><span class=\"TextRun SCXW243907804 BCX0\" lang=\"NL-NL\" xml:lang=\"NL-NL\" data-contrast=\"none\"><span class=\"NormalTextRun SCXW243907804 BCX0\">La forma definitiva de relajaci\u00f3n se encuentra en la cama de d\u00eda <\/span><span class=\"NormalTextRun SCXW243907804 BCX0\">Aspen<\/span><\/span><\/h3>\n<p><span data-contrast=\"none\">El Daybed Aspen es un punto de atracci\u00f3n en tu jard\u00edn y toda una comodidad. Una s\u00f3lida base de teca. Dimensiones generosas. Cojines acolchados extra gruesos. Pr\u00e1cticos laterales con espacio para un libro, una tableta y una bebida. \u00a1Todo lo que necesitas para relajarte! Una vez que elijas este sof\u00e1 cama, no querr\u00e1s otra cosa. <\/span> <span data-contrast=\"none\">Gracias a sus materiales de primera calidad, este sof\u00e1-cama puede estar al aire libre todo el a\u00f1o. Los cojines incorporan un n\u00facleo de secado r\u00e1pido. Los cojines est\u00e1n tapizados en tela de exterior de primera calidad. Esta tela es resistente a la intemperie, est\u00e1 disponible en varios colores y tiene un tacto maravillosamente suave. <\/span><\/p>\n<p><span data-contrast=\"none\">El sof\u00e1-cama Aspen se desarrolla en la l\u00ednea de los conjuntos de sof\u00e1 Aspen<\/span><span data-contrast=\"none\">conjuntos de sof\u00e1s<\/span><span data-contrast=\"none\">y<\/span><span data-contrast=\"none\">conjuntos de sal\u00f3n y es una disposici\u00f3n de dos chaise longues.<\/span><\/p>\n<p>&nbsp;<\/p>\n<p>&nbsp;<\/p>\n","protected":false},"featured_media":16851,"comment_status":"closed","ping_status":"closed","template":"","meta":{"_acf_changed":false},"product_brand":[],"product_cat":[797,822,823],"product_tag":[],"material":[],"class_list":{"0":"post-16846","1":"product","2":"type-product","3":"status-publish","4":"has-post-thumbnail","6":"product_cat-you-create-es","7":"product_cat-relax","8":"product_cat-cama-de-dia","10":"first","11":"instock","12":"shipping-taxable","13":"product-type-simple"},"acf":[],"yoast_head":"<!-- This site is optimized with the Yoast SEO plugin v26.8 - https:\/\/yoast.com\/product\/yoast-seo-wordpress\/ -->\n<title>Camas de d\u00eda Aspen | SUNS Outdoor Lifestyle<\/title>\n<meta name=\"description\" content=\"Buscas un sof\u00e1-cama Aspen? SUNS ofrece camas de d\u00eda de lujo de generosas dimensiones, cojines de secado r\u00e1pido y pr\u00e1ctico almacenamiento para una comodidad y un estilo \u00f3ptimos.\" \/>\n<meta name=\"robots\" content=\"index, follow, max-snippet:-1, max-image-preview:large, max-video-preview:-1\" \/>\n<link rel=\"canonical\" href=\"https:\/\/hello-suns.com\/es\/productos\/aspen-cama-de-dia\/\" \/>\n<meta property=\"og:locale\" content=\"es_ES\" \/>\n<meta property=\"og:type\" content=\"article\" \/>\n<meta property=\"og:title\" content=\"Camas de d\u00eda Aspen | SUNS Outdoor Lifestyle\" \/>\n<meta property=\"og:description\" content=\"Buscas un sof\u00e1-cama Aspen? SUNS ofrece camas de d\u00eda de lujo de generosas dimensiones, cojines de secado r\u00e1pido y pr\u00e1ctico almacenamiento para una comodidad y un estilo \u00f3ptimos.\" \/>\n<meta property=\"og:url\" content=\"https:\/\/hello-suns.com\/es\/productos\/aspen-cama-de-dia\/\" \/>\n<meta property=\"og:site_name\" content=\"SUNS\" \/>\n<meta property=\"article:modified_time\" content=\"2026-02-19T14:36:36+00:00\" \/>\n<meta property=\"og:image\" content=\"https:\/\/hello-suns.com\/app\/uploads\/2025\/01\/Aspen-SUNS-daybed-TK-LTG-Free-24-1-2500-1-1024x683.png\" \/>\n\t<meta property=\"og:image:width\" content=\"1024\" \/>\n\t<meta property=\"og:image:height\" content=\"683\" \/>\n\t<meta property=\"og:image:type\" content=\"image\/png\" \/>\n<meta name=\"twitter:card\" content=\"summary_large_image\" \/>\n<meta name=\"twitter:label1\" content=\"Est. reading time\" \/>\n\t<meta name=\"twitter:data1\" content=\"3 minutes\" \/>\n<script type=\"application\/ld+json\" class=\"yoast-schema-graph\">{\"@context\":\"https:\/\/schema.org\",\"@graph\":[{\"@type\":\"WebPage\",\"@id\":\"https:\/\/hello-suns.com\/es\/productos\/aspen-cama-de-dia\/\",\"url\":\"https:\/\/hello-suns.com\/es\/productos\/aspen-cama-de-dia\/\",\"name\":\"Camas de d\u00eda Aspen | SUNS Outdoor Lifestyle\",\"isPartOf\":{\"@id\":\"https:\/\/hello-suns.com\/es\/#website\"},\"primaryImageOfPage\":{\"@id\":\"https:\/\/hello-suns.com\/es\/productos\/aspen-cama-de-dia\/#primaryimage\"},\"image\":{\"@id\":\"https:\/\/hello-suns.com\/es\/productos\/aspen-cama-de-dia\/#primaryimage\"},\"thumbnailUrl\":\"https:\/\/hello-suns.com\/app\/uploads\/2025\/01\/Aspen-SUNS-daybed-TK-LTG-Free-24-1-2500-1.png\",\"datePublished\":\"2025-01-16T12:42:47+00:00\",\"dateModified\":\"2026-02-19T14:36:36+00:00\",\"description\":\"Buscas un sof\u00e1-cama Aspen? SUNS ofrece camas de d\u00eda de lujo de generosas dimensiones, cojines de secado r\u00e1pido y pr\u00e1ctico almacenamiento para una comodidad y un estilo \u00f3ptimos.\",\"breadcrumb\":{\"@id\":\"https:\/\/hello-suns.com\/es\/productos\/aspen-cama-de-dia\/#breadcrumb\"},\"inLanguage\":\"es-ES\",\"potentialAction\":[{\"@type\":\"ReadAction\",\"target\":[\"https:\/\/hello-suns.com\/es\/productos\/aspen-cama-de-dia\/\"]}]},{\"@type\":\"ImageObject\",\"inLanguage\":\"es-ES\",\"@id\":\"https:\/\/hello-suns.com\/es\/productos\/aspen-cama-de-dia\/#primaryimage\",\"url\":\"https:\/\/hello-suns.com\/app\/uploads\/2025\/01\/Aspen-SUNS-daybed-TK-LTG-Free-24-1-2500-1.png\",\"contentUrl\":\"https:\/\/hello-suns.com\/app\/uploads\/2025\/01\/Aspen-SUNS-daybed-TK-LTG-Free-24-1-2500-1.png\",\"width\":2500,\"height\":1667},{\"@type\":\"BreadcrumbList\",\"@id\":\"https:\/\/hello-suns.com\/es\/productos\/aspen-cama-de-dia\/#breadcrumb\",\"itemListElement\":[{\"@type\":\"ListItem\",\"position\":1,\"name\":\"\",\"item\":\"https:\/\/hello-suns.com\/es\/\"},{\"@type\":\"ListItem\",\"position\":2,\"name\":\"Productos\",\"item\":\"https:\/\/hello-suns.com\/es\/productos\/\"},{\"@type\":\"ListItem\",\"position\":3,\"name\":\"Aspen\"}]},{\"@type\":\"WebSite\",\"@id\":\"https:\/\/hello-suns.com\/es\/#website\",\"url\":\"https:\/\/hello-suns.com\/es\/\",\"name\":\"SUNS\",\"description\":\"Outdoor Lifestyle\",\"potentialAction\":[{\"@type\":\"SearchAction\",\"target\":{\"@type\":\"EntryPoint\",\"urlTemplate\":\"https:\/\/hello-suns.com\/es\/?s={search_term_string}\"},\"query-input\":{\"@type\":\"PropertyValueSpecification\",\"valueRequired\":true,\"valueName\":\"search_term_string\"}}],\"inLanguage\":\"es-ES\"}]}<\/script>\n<!-- \/ Yoast SEO plugin. -->","yoast_head_json":{"title":"Camas de d\u00eda Aspen | SUNS Outdoor Lifestyle","description":"Buscas un sof\u00e1-cama Aspen? SUNS ofrece camas de d\u00eda de lujo de generosas dimensiones, cojines de secado r\u00e1pido y pr\u00e1ctico almacenamiento para una comodidad y un estilo \u00f3ptimos.","robots":{"index":"index","follow":"follow","max-snippet":"max-snippet:-1","max-image-preview":"max-image-preview:large","max-video-preview":"max-video-preview:-1"},"canonical":"https:\/\/hello-suns.com\/es\/productos\/aspen-cama-de-dia\/","og_locale":"es_ES","og_type":"article","og_title":"Camas de d\u00eda Aspen | SUNS Outdoor Lifestyle","og_description":"Buscas un sof\u00e1-cama Aspen? SUNS ofrece camas de d\u00eda de lujo de generosas dimensiones, cojines de secado r\u00e1pido y pr\u00e1ctico almacenamiento para una comodidad y un estilo \u00f3ptimos.","og_url":"https:\/\/hello-suns.com\/es\/productos\/aspen-cama-de-dia\/","og_site_name":"SUNS","article_modified_time":"2026-02-19T14:36:36+00:00","og_image":[{"width":1024,"height":683,"url":"https:\/\/hello-suns.com\/app\/uploads\/2025\/01\/Aspen-SUNS-daybed-TK-LTG-Free-24-1-2500-1-1024x683.png","type":"image\/png"}],"twitter_card":"summary_large_image","twitter_misc":{"Est. reading time":"3 minutes"},"schema":{"@context":"https:\/\/schema.org","@graph":[{"@type":"WebPage","@id":"https:\/\/hello-suns.com\/es\/productos\/aspen-cama-de-dia\/","url":"https:\/\/hello-suns.com\/es\/productos\/aspen-cama-de-dia\/","name":"Camas de d\u00eda Aspen | SUNS Outdoor Lifestyle","isPartOf":{"@id":"https:\/\/hello-suns.com\/es\/#website"},"primaryImageOfPage":{"@id":"https:\/\/hello-suns.com\/es\/productos\/aspen-cama-de-dia\/#primaryimage"},"image":{"@id":"https:\/\/hello-suns.com\/es\/productos\/aspen-cama-de-dia\/#primaryimage"},"thumbnailUrl":"https:\/\/hello-suns.com\/app\/uploads\/2025\/01\/Aspen-SUNS-daybed-TK-LTG-Free-24-1-2500-1.png","datePublished":"2025-01-16T12:42:47+00:00","dateModified":"2026-02-19T14:36:36+00:00","description":"Buscas un sof\u00e1-cama Aspen? SUNS ofrece camas de d\u00eda de lujo de generosas dimensiones, cojines de secado r\u00e1pido y pr\u00e1ctico almacenamiento para una comodidad y un estilo \u00f3ptimos.","breadcrumb":{"@id":"https:\/\/hello-suns.com\/es\/productos\/aspen-cama-de-dia\/#breadcrumb"},"inLanguage":"es-ES","potentialAction":[{"@type":"ReadAction","target":["https:\/\/hello-suns.com\/es\/productos\/aspen-cama-de-dia\/"]}]},{"@type":"ImageObject","inLanguage":"es-ES","@id":"https:\/\/hello-suns.com\/es\/productos\/aspen-cama-de-dia\/#primaryimage","url":"https:\/\/hello-suns.com\/app\/uploads\/2025\/01\/Aspen-SUNS-daybed-TK-LTG-Free-24-1-2500-1.png","contentUrl":"https:\/\/hello-suns.com\/app\/uploads\/2025\/01\/Aspen-SUNS-daybed-TK-LTG-Free-24-1-2500-1.png","width":2500,"height":1667},{"@type":"BreadcrumbList","@id":"https:\/\/hello-suns.com\/es\/productos\/aspen-cama-de-dia\/#breadcrumb","itemListElement":[{"@type":"ListItem","position":1,"name":"","item":"https:\/\/hello-suns.com\/es\/"},{"@type":"ListItem","position":2,"name":"Productos","item":"https:\/\/hello-suns.com\/es\/productos\/"},{"@type":"ListItem","position":3,"name":"Aspen"}]},{"@type":"WebSite","@id":"https:\/\/hello-suns.com\/es\/#website","url":"https:\/\/hello-suns.com\/es\/","name":"SUNS","description":"Outdoor Lifestyle","potentialAction":[{"@type":"SearchAction","target":{"@type":"EntryPoint","urlTemplate":"https:\/\/hello-suns.com\/es\/?s={search_term_string}"},"query-input":{"@type":"PropertyValueSpecification","valueRequired":true,"valueName":"search_term_string"}}],"inLanguage":"es-ES"}]}},"_links":{"self":[{"href":"https:\/\/hello-suns.com\/es\/wp-json\/wp\/v2\/product\/16846","targetHints":{"allow":["GET"]}}],"collection":[{"href":"https:\/\/hello-suns.com\/es\/wp-json\/wp\/v2\/product"}],"about":[{"href":"https:\/\/hello-suns.com\/es\/wp-json\/wp\/v2\/types\/product"}],"replies":[{"embeddable":true,"href":"https:\/\/hello-suns.com\/es\/wp-json\/wp\/v2\/comments?post=16846"}],"wp:featuredmedia":[{"embeddable":true,"href":"https:\/\/hello-suns.com\/es\/wp-json\/wp\/v2\/media\/16851"}],"wp:attachment":[{"href":"https:\/\/hello-suns.com\/es\/wp-json\/wp\/v2\/media?parent=16846"}],"wp:term":[{"taxonomy":"product_brand","embeddable":true,"href":"https:\/\/hello-suns.com\/es\/wp-json\/wp\/v2\/product_brand?post=16846"},{"taxonomy":"product_cat","embeddable":true,"href":"https:\/\/hello-suns.com\/es\/wp-json\/wp\/v2\/product_cat?post=16846"},{"taxonomy":"product_tag","embeddable":true,"href":"https:\/\/hello-suns.com\/es\/wp-json\/wp\/v2\/product_tag?post=16846"},{"taxonomy":"material","embeddable":true,"href":"https:\/\/hello-suns.com\/es\/wp-json\/wp\/v2\/material?post=16846"}],"curies":[{"name":"wp","href":"https:\/\/api.w.org\/{rel}","templated":true}]}}