{"id":16828,"date":"2025-01-16T15:38:36","date_gmt":"2025-01-16T14:38:36","guid":{"rendered":"https:\/\/hello-suns.com\/producten\/senese\/"},"modified":"2026-03-09T10:53:44","modified_gmt":"2026-03-09T09:53:44","slug":"senese-stillas","status":"publish","type":"product","link":"https:\/\/hello-suns.com\/es\/productos\/senese-stillas\/","title":{"rendered":"Senese"},"content":{"rendered":"<h2 style=\"font-weight: 400;\">Disfruta con estilo<\/h2>\n<p style=\"font-weight: 400;\">Con su forma cl\u00e1sica, su elegante estructura de cuerda y su generoso asiento, la silla Senese irradia clase discreta. Sus l\u00edneas suaves y su mimbre artesanal la convierten en un punto de atracci\u00f3n intemporal para cualquier mesa de comedor, lo bastante c\u00f3moda para las largas tardes de verano al aire libre.<\/p>\n","protected":false},"excerpt":{"rendered":"<div>\n<h2>Elegante combinaci\u00f3n de teca y cordaje<\/h2>\n<\/div>\n<div>\n<p>Senese combina la calidez de teca certificada con cuerda sofisticada y tejidos suaves de alta calidad. La duradera madera de teca forma una base s\u00f3lida que desarrolla un caracter\u00edstico tono gris c\u00e1lido con el paso de los a\u00f1os: la firma de los aut\u00e9nticos materiales naturales.<\/p>\n<\/div>\n<div>\n<p>El caracter\u00edstico trabajo de cuerda est\u00e1 disponible en dos estilos, cada uno de los cuales evoca su propia atm\u00f3sfera. La versi\u00f3n con Cuerda de arena de camello y Tejido de grava natural desprende elegancia natural, mientras que la versi\u00f3n con el nuevo y m\u00e1s lleno Cuerda brumosa y el Concha de mar boucl\u00e9 en su lugar tiene un aspecto m\u00e1s contempor\u00e1neo y lujoso.<\/p>\n<\/div>\n<div>\n<p>El generoso asiento y el mullido coj\u00edn te invitan a largas cenas con comodidad. El acolchado de secado r\u00e1pido y tejido exterior premium tambi\u00e9n hacen que Senese sea resistente a la intemperie y al viento. Para que disfrutes de esta elegante silla todo el a\u00f1o. D\u00eda tras d\u00eda, temporada tras temporada.<\/p>\n<\/div>\n","protected":false},"featured_media":59533,"comment_status":"closed","ping_status":"closed","template":"","meta":{"_acf_changed":false},"product_brand":[],"product_cat":[811],"product_tag":[],"material":[],"class_list":{"0":"post-16828","1":"product","2":"type-product","3":"status-publish","4":"has-post-thumbnail","6":"product_cat-sillas","8":"first","9":"instock","10":"shipping-taxable","11":"product-type-simple"},"acf":[],"yoast_head":"<!-- This site is optimized with the Yoast SEO plugin v26.8 - https:\/\/yoast.com\/product\/yoast-seo-wordpress\/ -->\n<title>Descubre la Silla Senese | SUNS Outdoor Lifestyle<\/title>\n<meta name=\"description\" content=\"\u00bfBuscas una silla SUNS? SUNS te ofrece elegantes sillas con armaz\u00f3n de teca y malla de cuerda de espina de pez, para que disfrutes de la m\u00e1xima comodidad y durabilidad todo el a\u00f1o.\" \/>\n<meta name=\"robots\" content=\"index, follow, max-snippet:-1, max-image-preview:large, max-video-preview:-1\" \/>\n<link rel=\"canonical\" href=\"https:\/\/hello-suns.com\/es\/productos\/senese-stillas\/\" \/>\n<meta property=\"og:locale\" content=\"es_ES\" \/>\n<meta property=\"og:type\" content=\"article\" \/>\n<meta property=\"og:title\" content=\"Descubre la Silla Senese | SUNS Outdoor Lifestyle\" \/>\n<meta property=\"og:description\" content=\"\u00bfBuscas una silla SUNS? SUNS te ofrece elegantes sillas con armaz\u00f3n de teca y malla de cuerda de espina de pez, para que disfrutes de la m\u00e1xima comodidad y durabilidad todo el a\u00f1o.\" \/>\n<meta property=\"og:url\" content=\"https:\/\/hello-suns.com\/es\/productos\/senese-stillas\/\" \/>\n<meta property=\"og:site_name\" content=\"SUNS\" \/>\n<meta property=\"article:modified_time\" content=\"2026-03-09T09:53:44+00:00\" \/>\n<meta property=\"og:image\" content=\"https:\/\/hello-suns.com\/app\/uploads\/2025\/01\/Senese-SUNS-Diningchair-TK-MR-SSB-Free-26-1.png\" \/>\n\t<meta property=\"og:image:width\" content=\"3840\" \/>\n\t<meta property=\"og:image:height\" content=\"2560\" \/>\n\t<meta property=\"og:image:type\" content=\"image\/png\" \/>\n<meta name=\"twitter:card\" content=\"summary_large_image\" \/>\n<meta name=\"twitter:label1\" content=\"Est. reading time\" \/>\n\t<meta name=\"twitter:data1\" content=\"3 minutes\" \/>\n<script type=\"application\/ld+json\" class=\"yoast-schema-graph\">{\"@context\":\"https:\/\/schema.org\",\"@graph\":[{\"@type\":\"WebPage\",\"@id\":\"https:\/\/hello-suns.com\/es\/productos\/senese-stillas\/\",\"url\":\"https:\/\/hello-suns.com\/es\/productos\/senese-stillas\/\",\"name\":\"Descubre la Silla Senese | SUNS Outdoor Lifestyle\",\"isPartOf\":{\"@id\":\"https:\/\/hello-suns.com\/es\/#website\"},\"primaryImageOfPage\":{\"@id\":\"https:\/\/hello-suns.com\/es\/productos\/senese-stillas\/#primaryimage\"},\"image\":{\"@id\":\"https:\/\/hello-suns.com\/es\/productos\/senese-stillas\/#primaryimage\"},\"thumbnailUrl\":\"https:\/\/hello-suns.com\/app\/uploads\/2025\/01\/Senese-SUNS-Diningchair-TK-MR-SSB-Free-26-1.png\",\"datePublished\":\"2025-01-16T14:38:36+00:00\",\"dateModified\":\"2026-03-09T09:53:44+00:00\",\"description\":\"\u00bfBuscas una silla SUNS? SUNS te ofrece elegantes sillas con armaz\u00f3n de teca y malla de cuerda de espina de pez, para que disfrutes de la m\u00e1xima comodidad y durabilidad todo el a\u00f1o.\",\"breadcrumb\":{\"@id\":\"https:\/\/hello-suns.com\/es\/productos\/senese-stillas\/#breadcrumb\"},\"inLanguage\":\"es-ES\",\"potentialAction\":[{\"@type\":\"ReadAction\",\"target\":[\"https:\/\/hello-suns.com\/es\/productos\/senese-stillas\/\"]}]},{\"@type\":\"ImageObject\",\"inLanguage\":\"es-ES\",\"@id\":\"https:\/\/hello-suns.com\/es\/productos\/senese-stillas\/#primaryimage\",\"url\":\"https:\/\/hello-suns.com\/app\/uploads\/2025\/01\/Senese-SUNS-Diningchair-TK-MR-SSB-Free-26-1.png\",\"contentUrl\":\"https:\/\/hello-suns.com\/app\/uploads\/2025\/01\/Senese-SUNS-Diningchair-TK-MR-SSB-Free-26-1.png\",\"width\":3840,\"height\":2560},{\"@type\":\"BreadcrumbList\",\"@id\":\"https:\/\/hello-suns.com\/es\/productos\/senese-stillas\/#breadcrumb\",\"itemListElement\":[{\"@type\":\"ListItem\",\"position\":1,\"name\":\"\",\"item\":\"https:\/\/hello-suns.com\/es\/\"},{\"@type\":\"ListItem\",\"position\":2,\"name\":\"Productos\",\"item\":\"https:\/\/hello-suns.com\/es\/productos\/\"},{\"@type\":\"ListItem\",\"position\":3,\"name\":\"Senese\"}]},{\"@type\":\"WebSite\",\"@id\":\"https:\/\/hello-suns.com\/es\/#website\",\"url\":\"https:\/\/hello-suns.com\/es\/\",\"name\":\"SUNS\",\"description\":\"Outdoor Lifestyle\",\"potentialAction\":[{\"@type\":\"SearchAction\",\"target\":{\"@type\":\"EntryPoint\",\"urlTemplate\":\"https:\/\/hello-suns.com\/es\/?s={search_term_string}\"},\"query-input\":{\"@type\":\"PropertyValueSpecification\",\"valueRequired\":true,\"valueName\":\"search_term_string\"}}],\"inLanguage\":\"es-ES\"}]}<\/script>\n<!-- \/ Yoast SEO plugin. -->","yoast_head_json":{"title":"Descubre la Silla Senese | SUNS Outdoor Lifestyle","description":"\u00bfBuscas una silla SUNS? SUNS te ofrece elegantes sillas con armaz\u00f3n de teca y malla de cuerda de espina de pez, para que disfrutes de la m\u00e1xima comodidad y durabilidad todo el a\u00f1o.","robots":{"index":"index","follow":"follow","max-snippet":"max-snippet:-1","max-image-preview":"max-image-preview:large","max-video-preview":"max-video-preview:-1"},"canonical":"https:\/\/hello-suns.com\/es\/productos\/senese-stillas\/","og_locale":"es_ES","og_type":"article","og_title":"Descubre la Silla Senese | SUNS Outdoor Lifestyle","og_description":"\u00bfBuscas una silla SUNS? SUNS te ofrece elegantes sillas con armaz\u00f3n de teca y malla de cuerda de espina de pez, para que disfrutes de la m\u00e1xima comodidad y durabilidad todo el a\u00f1o.","og_url":"https:\/\/hello-suns.com\/es\/productos\/senese-stillas\/","og_site_name":"SUNS","article_modified_time":"2026-03-09T09:53:44+00:00","og_image":[{"width":3840,"height":2560,"url":"https:\/\/hello-suns.com\/app\/uploads\/2025\/01\/Senese-SUNS-Diningchair-TK-MR-SSB-Free-26-1.png","type":"image\/png"}],"twitter_card":"summary_large_image","twitter_misc":{"Est. reading time":"3 minutes"},"schema":{"@context":"https:\/\/schema.org","@graph":[{"@type":"WebPage","@id":"https:\/\/hello-suns.com\/es\/productos\/senese-stillas\/","url":"https:\/\/hello-suns.com\/es\/productos\/senese-stillas\/","name":"Descubre la Silla Senese | SUNS Outdoor Lifestyle","isPartOf":{"@id":"https:\/\/hello-suns.com\/es\/#website"},"primaryImageOfPage":{"@id":"https:\/\/hello-suns.com\/es\/productos\/senese-stillas\/#primaryimage"},"image":{"@id":"https:\/\/hello-suns.com\/es\/productos\/senese-stillas\/#primaryimage"},"thumbnailUrl":"https:\/\/hello-suns.com\/app\/uploads\/2025\/01\/Senese-SUNS-Diningchair-TK-MR-SSB-Free-26-1.png","datePublished":"2025-01-16T14:38:36+00:00","dateModified":"2026-03-09T09:53:44+00:00","description":"\u00bfBuscas una silla SUNS? SUNS te ofrece elegantes sillas con armaz\u00f3n de teca y malla de cuerda de espina de pez, para que disfrutes de la m\u00e1xima comodidad y durabilidad todo el a\u00f1o.","breadcrumb":{"@id":"https:\/\/hello-suns.com\/es\/productos\/senese-stillas\/#breadcrumb"},"inLanguage":"es-ES","potentialAction":[{"@type":"ReadAction","target":["https:\/\/hello-suns.com\/es\/productos\/senese-stillas\/"]}]},{"@type":"ImageObject","inLanguage":"es-ES","@id":"https:\/\/hello-suns.com\/es\/productos\/senese-stillas\/#primaryimage","url":"https:\/\/hello-suns.com\/app\/uploads\/2025\/01\/Senese-SUNS-Diningchair-TK-MR-SSB-Free-26-1.png","contentUrl":"https:\/\/hello-suns.com\/app\/uploads\/2025\/01\/Senese-SUNS-Diningchair-TK-MR-SSB-Free-26-1.png","width":3840,"height":2560},{"@type":"BreadcrumbList","@id":"https:\/\/hello-suns.com\/es\/productos\/senese-stillas\/#breadcrumb","itemListElement":[{"@type":"ListItem","position":1,"name":"","item":"https:\/\/hello-suns.com\/es\/"},{"@type":"ListItem","position":2,"name":"Productos","item":"https:\/\/hello-suns.com\/es\/productos\/"},{"@type":"ListItem","position":3,"name":"Senese"}]},{"@type":"WebSite","@id":"https:\/\/hello-suns.com\/es\/#website","url":"https:\/\/hello-suns.com\/es\/","name":"SUNS","description":"Outdoor Lifestyle","potentialAction":[{"@type":"SearchAction","target":{"@type":"EntryPoint","urlTemplate":"https:\/\/hello-suns.com\/es\/?s={search_term_string}"},"query-input":{"@type":"PropertyValueSpecification","valueRequired":true,"valueName":"search_term_string"}}],"inLanguage":"es-ES"}]}},"_links":{"self":[{"href":"https:\/\/hello-suns.com\/es\/wp-json\/wp\/v2\/product\/16828","targetHints":{"allow":["GET"]}}],"collection":[{"href":"https:\/\/hello-suns.com\/es\/wp-json\/wp\/v2\/product"}],"about":[{"href":"https:\/\/hello-suns.com\/es\/wp-json\/wp\/v2\/types\/product"}],"replies":[{"embeddable":true,"href":"https:\/\/hello-suns.com\/es\/wp-json\/wp\/v2\/comments?post=16828"}],"wp:featuredmedia":[{"embeddable":true,"href":"https:\/\/hello-suns.com\/es\/wp-json\/wp\/v2\/media\/59533"}],"wp:attachment":[{"href":"https:\/\/hello-suns.com\/es\/wp-json\/wp\/v2\/media?parent=16828"}],"wp:term":[{"taxonomy":"product_brand","embeddable":true,"href":"https:\/\/hello-suns.com\/es\/wp-json\/wp\/v2\/product_brand?post=16828"},{"taxonomy":"product_cat","embeddable":true,"href":"https:\/\/hello-suns.com\/es\/wp-json\/wp\/v2\/product_cat?post=16828"},{"taxonomy":"product_tag","embeddable":true,"href":"https:\/\/hello-suns.com\/es\/wp-json\/wp\/v2\/product_tag?post=16828"},{"taxonomy":"material","embeddable":true,"href":"https:\/\/hello-suns.com\/es\/wp-json\/wp\/v2\/material?post=16828"}],"curies":[{"name":"wp","href":"https:\/\/api.w.org\/{rel}","templated":true}]}}