{"id":16797,"date":"2025-01-16T15:58:28","date_gmt":"2025-01-16T14:58:28","guid":{"rendered":"https:\/\/hello-suns.com\/producten\/tutti-2\/"},"modified":"2026-02-11T08:50:32","modified_gmt":"2026-02-11T07:50:32","slug":"tutti-stillas","status":"publish","type":"product","link":"https:\/\/hello-suns.com\/es\/productos\/tutti-stillas\/","title":{"rendered":"Tutti"},"content":{"rendered":"<h2 style=\"font-weight: 400;\">La atm\u00f3sfera lo es todo<\/h2>\n<p class=\"p1\">Con un dise\u00f1o atemporal, la silla Tutti encaja sin esfuerzo en cualquier entorno. Una elecci\u00f3n vers\u00e1til para cualquier empresa.<\/p>\n","protected":false},"excerpt":{"rendered":"<h2 style=\"font-weight: 400;\">Elegante y moderno<\/h2>\n<p style=\"font-weight: 400;\">Con su aspecto moderno, la silla Tutti encaja en cualquier jard\u00edn. Adem\u00e1s, sus materiales de alta calidad y su cuidado dise\u00f1o garantizan una comodidad de asiento \u00f3ptima y facilidad de uso. Convenientemente, esta silla es apilable. Para un aspecto m\u00e1s \u201cc\u00e1lido\u201d, la silla tambi\u00e9n est\u00e1 disponible con un encantador reposabrazos de teca.<\/p>\n","protected":false},"featured_media":16800,"comment_status":"closed","ping_status":"closed","template":"","meta":{"_acf_changed":false},"product_brand":[],"product_cat":[811],"product_tag":[],"material":[],"class_list":{"0":"post-16797","1":"product","2":"type-product","3":"status-publish","4":"has-post-thumbnail","6":"product_cat-sillas","8":"first","9":"instock","10":"shipping-taxable","11":"product-type-simple"},"acf":[],"yoast_head":"<!-- This site is optimized with the Yoast SEO plugin v26.8 - https:\/\/yoast.com\/product\/yoast-seo-wordpress\/ -->\n<title>Descubre la Silla Tutti | SUNS Outdoor Lifestle<\/title>\n<meta name=\"description\" content=\"\u00bfBuscas una silla tutti? SUNS te ofrece sillas modernas con un confort de asiento \u00f3ptimo, disponibles con o sin reposabrazos de teca.\" \/>\n<meta name=\"robots\" content=\"index, follow, max-snippet:-1, max-image-preview:large, max-video-preview:-1\" \/>\n<link rel=\"canonical\" href=\"https:\/\/hello-suns.com\/es\/productos\/tutti-stillas\/\" \/>\n<meta property=\"og:locale\" content=\"es_ES\" \/>\n<meta property=\"og:type\" content=\"article\" \/>\n<meta property=\"og:title\" content=\"Descubre la Silla Tutti | SUNS Outdoor Lifestle\" \/>\n<meta property=\"og:description\" content=\"\u00bfBuscas una silla tutti? SUNS te ofrece sillas modernas con un confort de asiento \u00f3ptimo, disponibles con o sin reposabrazos de teca.\" \/>\n<meta property=\"og:url\" content=\"https:\/\/hello-suns.com\/es\/productos\/tutti-stillas\/\" \/>\n<meta property=\"og:site_name\" content=\"SUNS\" \/>\n<meta property=\"article:modified_time\" content=\"2026-02-11T07:50:32+00:00\" \/>\n<meta property=\"og:image\" content=\"https:\/\/hello-suns.com\/app\/uploads\/2025\/01\/01_Diningchair_tutti_MW_camelsand_2500px-02.png\" \/>\n\t<meta property=\"og:image:width\" content=\"2500\" \/>\n\t<meta property=\"og:image:height\" content=\"1667\" \/>\n\t<meta property=\"og:image:type\" content=\"image\/png\" \/>\n<meta name=\"twitter:card\" content=\"summary_large_image\" \/>\n<meta name=\"twitter:label1\" content=\"Est. reading time\" \/>\n\t<meta name=\"twitter:data1\" content=\"2 minutes\" \/>\n<script type=\"application\/ld+json\" class=\"yoast-schema-graph\">{\"@context\":\"https:\/\/schema.org\",\"@graph\":[{\"@type\":\"WebPage\",\"@id\":\"https:\/\/hello-suns.com\/es\/productos\/tutti-stillas\/\",\"url\":\"https:\/\/hello-suns.com\/es\/productos\/tutti-stillas\/\",\"name\":\"Descubre la Silla Tutti | SUNS Outdoor Lifestle\",\"isPartOf\":{\"@id\":\"https:\/\/hello-suns.com\/es\/#website\"},\"primaryImageOfPage\":{\"@id\":\"https:\/\/hello-suns.com\/es\/productos\/tutti-stillas\/#primaryimage\"},\"image\":{\"@id\":\"https:\/\/hello-suns.com\/es\/productos\/tutti-stillas\/#primaryimage\"},\"thumbnailUrl\":\"https:\/\/hello-suns.com\/app\/uploads\/2025\/01\/01_Diningchair_tutti_MW_camelsand_2500px-02.png\",\"datePublished\":\"2025-01-16T14:58:28+00:00\",\"dateModified\":\"2026-02-11T07:50:32+00:00\",\"description\":\"\u00bfBuscas una silla tutti? SUNS te ofrece sillas modernas con un confort de asiento \u00f3ptimo, disponibles con o sin reposabrazos de teca.\",\"breadcrumb\":{\"@id\":\"https:\/\/hello-suns.com\/es\/productos\/tutti-stillas\/#breadcrumb\"},\"inLanguage\":\"es-ES\",\"potentialAction\":[{\"@type\":\"ReadAction\",\"target\":[\"https:\/\/hello-suns.com\/es\/productos\/tutti-stillas\/\"]}]},{\"@type\":\"ImageObject\",\"inLanguage\":\"es-ES\",\"@id\":\"https:\/\/hello-suns.com\/es\/productos\/tutti-stillas\/#primaryimage\",\"url\":\"https:\/\/hello-suns.com\/app\/uploads\/2025\/01\/01_Diningchair_tutti_MW_camelsand_2500px-02.png\",\"contentUrl\":\"https:\/\/hello-suns.com\/app\/uploads\/2025\/01\/01_Diningchair_tutti_MW_camelsand_2500px-02.png\",\"width\":2500,\"height\":1667},{\"@type\":\"BreadcrumbList\",\"@id\":\"https:\/\/hello-suns.com\/es\/productos\/tutti-stillas\/#breadcrumb\",\"itemListElement\":[{\"@type\":\"ListItem\",\"position\":1,\"name\":\"\",\"item\":\"https:\/\/hello-suns.com\/es\/\"},{\"@type\":\"ListItem\",\"position\":2,\"name\":\"Productos\",\"item\":\"https:\/\/hello-suns.com\/es\/productos\/\"},{\"@type\":\"ListItem\",\"position\":3,\"name\":\"Tutti\"}]},{\"@type\":\"WebSite\",\"@id\":\"https:\/\/hello-suns.com\/es\/#website\",\"url\":\"https:\/\/hello-suns.com\/es\/\",\"name\":\"SUNS\",\"description\":\"Outdoor Lifestyle\",\"potentialAction\":[{\"@type\":\"SearchAction\",\"target\":{\"@type\":\"EntryPoint\",\"urlTemplate\":\"https:\/\/hello-suns.com\/es\/?s={search_term_string}\"},\"query-input\":{\"@type\":\"PropertyValueSpecification\",\"valueRequired\":true,\"valueName\":\"search_term_string\"}}],\"inLanguage\":\"es-ES\"}]}<\/script>\n<!-- \/ Yoast SEO plugin. -->","yoast_head_json":{"title":"Descubre la Silla Tutti | SUNS Outdoor Lifestle","description":"\u00bfBuscas una silla tutti? SUNS te ofrece sillas modernas con un confort de asiento \u00f3ptimo, disponibles con o sin reposabrazos de teca.","robots":{"index":"index","follow":"follow","max-snippet":"max-snippet:-1","max-image-preview":"max-image-preview:large","max-video-preview":"max-video-preview:-1"},"canonical":"https:\/\/hello-suns.com\/es\/productos\/tutti-stillas\/","og_locale":"es_ES","og_type":"article","og_title":"Descubre la Silla Tutti | SUNS Outdoor Lifestle","og_description":"\u00bfBuscas una silla tutti? SUNS te ofrece sillas modernas con un confort de asiento \u00f3ptimo, disponibles con o sin reposabrazos de teca.","og_url":"https:\/\/hello-suns.com\/es\/productos\/tutti-stillas\/","og_site_name":"SUNS","article_modified_time":"2026-02-11T07:50:32+00:00","og_image":[{"width":2500,"height":1667,"url":"https:\/\/hello-suns.com\/app\/uploads\/2025\/01\/01_Diningchair_tutti_MW_camelsand_2500px-02.png","type":"image\/png"}],"twitter_card":"summary_large_image","twitter_misc":{"Est. reading time":"2 minutes"},"schema":{"@context":"https:\/\/schema.org","@graph":[{"@type":"WebPage","@id":"https:\/\/hello-suns.com\/es\/productos\/tutti-stillas\/","url":"https:\/\/hello-suns.com\/es\/productos\/tutti-stillas\/","name":"Descubre la Silla Tutti | SUNS Outdoor Lifestle","isPartOf":{"@id":"https:\/\/hello-suns.com\/es\/#website"},"primaryImageOfPage":{"@id":"https:\/\/hello-suns.com\/es\/productos\/tutti-stillas\/#primaryimage"},"image":{"@id":"https:\/\/hello-suns.com\/es\/productos\/tutti-stillas\/#primaryimage"},"thumbnailUrl":"https:\/\/hello-suns.com\/app\/uploads\/2025\/01\/01_Diningchair_tutti_MW_camelsand_2500px-02.png","datePublished":"2025-01-16T14:58:28+00:00","dateModified":"2026-02-11T07:50:32+00:00","description":"\u00bfBuscas una silla tutti? SUNS te ofrece sillas modernas con un confort de asiento \u00f3ptimo, disponibles con o sin reposabrazos de teca.","breadcrumb":{"@id":"https:\/\/hello-suns.com\/es\/productos\/tutti-stillas\/#breadcrumb"},"inLanguage":"es-ES","potentialAction":[{"@type":"ReadAction","target":["https:\/\/hello-suns.com\/es\/productos\/tutti-stillas\/"]}]},{"@type":"ImageObject","inLanguage":"es-ES","@id":"https:\/\/hello-suns.com\/es\/productos\/tutti-stillas\/#primaryimage","url":"https:\/\/hello-suns.com\/app\/uploads\/2025\/01\/01_Diningchair_tutti_MW_camelsand_2500px-02.png","contentUrl":"https:\/\/hello-suns.com\/app\/uploads\/2025\/01\/01_Diningchair_tutti_MW_camelsand_2500px-02.png","width":2500,"height":1667},{"@type":"BreadcrumbList","@id":"https:\/\/hello-suns.com\/es\/productos\/tutti-stillas\/#breadcrumb","itemListElement":[{"@type":"ListItem","position":1,"name":"","item":"https:\/\/hello-suns.com\/es\/"},{"@type":"ListItem","position":2,"name":"Productos","item":"https:\/\/hello-suns.com\/es\/productos\/"},{"@type":"ListItem","position":3,"name":"Tutti"}]},{"@type":"WebSite","@id":"https:\/\/hello-suns.com\/es\/#website","url":"https:\/\/hello-suns.com\/es\/","name":"SUNS","description":"Outdoor Lifestyle","potentialAction":[{"@type":"SearchAction","target":{"@type":"EntryPoint","urlTemplate":"https:\/\/hello-suns.com\/es\/?s={search_term_string}"},"query-input":{"@type":"PropertyValueSpecification","valueRequired":true,"valueName":"search_term_string"}}],"inLanguage":"es-ES"}]}},"_links":{"self":[{"href":"https:\/\/hello-suns.com\/es\/wp-json\/wp\/v2\/product\/16797","targetHints":{"allow":["GET"]}}],"collection":[{"href":"https:\/\/hello-suns.com\/es\/wp-json\/wp\/v2\/product"}],"about":[{"href":"https:\/\/hello-suns.com\/es\/wp-json\/wp\/v2\/types\/product"}],"replies":[{"embeddable":true,"href":"https:\/\/hello-suns.com\/es\/wp-json\/wp\/v2\/comments?post=16797"}],"wp:featuredmedia":[{"embeddable":true,"href":"https:\/\/hello-suns.com\/es\/wp-json\/wp\/v2\/media\/16800"}],"wp:attachment":[{"href":"https:\/\/hello-suns.com\/es\/wp-json\/wp\/v2\/media?parent=16797"}],"wp:term":[{"taxonomy":"product_brand","embeddable":true,"href":"https:\/\/hello-suns.com\/es\/wp-json\/wp\/v2\/product_brand?post=16797"},{"taxonomy":"product_cat","embeddable":true,"href":"https:\/\/hello-suns.com\/es\/wp-json\/wp\/v2\/product_cat?post=16797"},{"taxonomy":"product_tag","embeddable":true,"href":"https:\/\/hello-suns.com\/es\/wp-json\/wp\/v2\/product_tag?post=16797"},{"taxonomy":"material","embeddable":true,"href":"https:\/\/hello-suns.com\/es\/wp-json\/wp\/v2\/material?post=16797"}],"curies":[{"name":"wp","href":"https:\/\/api.w.org\/{rel}","templated":true}]}}