{"id":16782,"date":"2025-01-16T16:09:40","date_gmt":"2025-01-16T15:09:40","guid":{"rendered":"https:\/\/hello-suns.com\/producten\/vijste\/"},"modified":"2026-02-11T09:07:07","modified_gmt":"2026-02-11T08:07:07","slug":"vieste-stillas","status":"publish","type":"product","link":"https:\/\/hello-suns.com\/es\/productos\/vieste-stillas\/","title":{"rendered":"Vi\u00ebste"},"content":{"rendered":"<h2 style=\"font-weight: 400;\">La sencillez es inagotable<\/h2>\n<p style=\"font-weight: 400;\">A veces la soluci\u00f3n es sencilla, basta con ver el ingenioso concepto de SUNS Vi\u00ebste.<\/p>\n","protected":false},"excerpt":{"rendered":"<h3 style=\"font-weight: 400;\">Convierte tu banco de jard\u00edn en una experiencia para sentarse<\/h3>\n<p style=\"font-weight: 400;\">SUNS Vi\u00ebste es un ingenioso invento para aumentar la comodidad del asiento. Coloca f\u00e1cilmente este asiento suelto en tu banco de jard\u00edn. SUNS Vi\u00ebste se mantiene firme en su sitio gracias al peso corporal del usuario. \u00bfA que es sencillo? Los asientos est\u00e1n forrados de coj\u00edn y recubiertos de un tejido exterior de alta calidad. Este tejido de primera calidad est\u00e1 disponible en varios colores de moda. Los SUNS Vi\u00ebste son apilables y ocupan poco espacio. Los asientos son aptos para todos los bancos (de jard\u00edn) SUNS. Ofrece a tus invitados y a ti mismo una mayor comodidad de asiento durante las largas tardes de verano.<\/p>\n","protected":false},"featured_media":16784,"comment_status":"closed","ping_status":"closed","template":"","meta":{"_acf_changed":false},"product_brand":[],"product_cat":[811],"product_tag":[],"material":[],"class_list":{"0":"post-16782","1":"product","2":"type-product","3":"status-publish","4":"has-post-thumbnail","6":"product_cat-sillas","8":"first","9":"instock","10":"shipping-taxable","11":"product-type-simple"},"acf":[],"yoast_head":"<!-- This site is optimized with the Yoast SEO plugin v26.8 - https:\/\/yoast.com\/product\/yoast-seo-wordpress\/ -->\n<title>Descubre la Silla Vi\u00ebste | SUNS Outdoor Lifestyle<\/title>\n<meta name=\"description\" content=\"\u00bfBuscas una silla viest? SUNS ofrece soluciones de asientos inteligentes y apilables, con c\u00f3modos cojines y tejido hidr\u00f3fugo, perfectos para una mayor comodidad de asiento.\" \/>\n<meta name=\"robots\" content=\"index, follow, max-snippet:-1, max-image-preview:large, max-video-preview:-1\" \/>\n<link rel=\"canonical\" href=\"https:\/\/hello-suns.com\/es\/productos\/vieste-stillas\/\" \/>\n<meta property=\"og:locale\" content=\"es_ES\" \/>\n<meta property=\"og:type\" content=\"article\" \/>\n<meta property=\"og:title\" content=\"Descubre la Silla Vi\u00ebste | SUNS Outdoor Lifestyle\" \/>\n<meta property=\"og:description\" content=\"\u00bfBuscas una silla viest? SUNS ofrece soluciones de asientos inteligentes y apilables, con c\u00f3modos cojines y tejido hidr\u00f3fugo, perfectos para una mayor comodidad de asiento.\" \/>\n<meta property=\"og:url\" content=\"https:\/\/hello-suns.com\/es\/productos\/vieste-stillas\/\" \/>\n<meta property=\"og:site_name\" content=\"SUNS\" \/>\n<meta property=\"article:modified_time\" content=\"2026-02-11T08:07:07+00:00\" \/>\n<meta property=\"og:image\" content=\"https:\/\/hello-suns.com\/app\/uploads\/2025\/01\/01_Vieste-SUNS-Benchseat-SMW-Free-22-1-1500-02-2.png\" \/>\n\t<meta property=\"og:image:width\" content=\"2500\" \/>\n\t<meta property=\"og:image:height\" content=\"1667\" \/>\n\t<meta property=\"og:image:type\" content=\"image\/png\" \/>\n<meta name=\"twitter:card\" content=\"summary_large_image\" \/>\n<meta name=\"twitter:label1\" content=\"Est. reading time\" \/>\n\t<meta name=\"twitter:data1\" content=\"2 minutes\" \/>\n<script type=\"application\/ld+json\" class=\"yoast-schema-graph\">{\"@context\":\"https:\/\/schema.org\",\"@graph\":[{\"@type\":\"WebPage\",\"@id\":\"https:\/\/hello-suns.com\/es\/productos\/vieste-stillas\/\",\"url\":\"https:\/\/hello-suns.com\/es\/productos\/vieste-stillas\/\",\"name\":\"Descubre la Silla Vi\u00ebste | SUNS Outdoor Lifestyle\",\"isPartOf\":{\"@id\":\"https:\/\/hello-suns.com\/es\/#website\"},\"primaryImageOfPage\":{\"@id\":\"https:\/\/hello-suns.com\/es\/productos\/vieste-stillas\/#primaryimage\"},\"image\":{\"@id\":\"https:\/\/hello-suns.com\/es\/productos\/vieste-stillas\/#primaryimage\"},\"thumbnailUrl\":\"https:\/\/hello-suns.com\/app\/uploads\/2025\/01\/01_Vieste-SUNS-Benchseat-SMW-Free-22-1-1500-02-2.png\",\"datePublished\":\"2025-01-16T15:09:40+00:00\",\"dateModified\":\"2026-02-11T08:07:07+00:00\",\"description\":\"\u00bfBuscas una silla viest? SUNS ofrece soluciones de asientos inteligentes y apilables, con c\u00f3modos cojines y tejido hidr\u00f3fugo, perfectos para una mayor comodidad de asiento.\",\"breadcrumb\":{\"@id\":\"https:\/\/hello-suns.com\/es\/productos\/vieste-stillas\/#breadcrumb\"},\"inLanguage\":\"es-ES\",\"potentialAction\":[{\"@type\":\"ReadAction\",\"target\":[\"https:\/\/hello-suns.com\/es\/productos\/vieste-stillas\/\"]}]},{\"@type\":\"ImageObject\",\"inLanguage\":\"es-ES\",\"@id\":\"https:\/\/hello-suns.com\/es\/productos\/vieste-stillas\/#primaryimage\",\"url\":\"https:\/\/hello-suns.com\/app\/uploads\/2025\/01\/01_Vieste-SUNS-Benchseat-SMW-Free-22-1-1500-02-2.png\",\"contentUrl\":\"https:\/\/hello-suns.com\/app\/uploads\/2025\/01\/01_Vieste-SUNS-Benchseat-SMW-Free-22-1-1500-02-2.png\",\"width\":2500,\"height\":1667},{\"@type\":\"BreadcrumbList\",\"@id\":\"https:\/\/hello-suns.com\/es\/productos\/vieste-stillas\/#breadcrumb\",\"itemListElement\":[{\"@type\":\"ListItem\",\"position\":1,\"name\":\"\",\"item\":\"https:\/\/hello-suns.com\/es\/\"},{\"@type\":\"ListItem\",\"position\":2,\"name\":\"Productos\",\"item\":\"https:\/\/hello-suns.com\/es\/productos\/\"},{\"@type\":\"ListItem\",\"position\":3,\"name\":\"Vi\u00ebste\"}]},{\"@type\":\"WebSite\",\"@id\":\"https:\/\/hello-suns.com\/es\/#website\",\"url\":\"https:\/\/hello-suns.com\/es\/\",\"name\":\"SUNS\",\"description\":\"Outdoor Lifestyle\",\"potentialAction\":[{\"@type\":\"SearchAction\",\"target\":{\"@type\":\"EntryPoint\",\"urlTemplate\":\"https:\/\/hello-suns.com\/es\/?s={search_term_string}\"},\"query-input\":{\"@type\":\"PropertyValueSpecification\",\"valueRequired\":true,\"valueName\":\"search_term_string\"}}],\"inLanguage\":\"es-ES\"}]}<\/script>\n<!-- \/ Yoast SEO plugin. -->","yoast_head_json":{"title":"Descubre la Silla Vi\u00ebste | SUNS Outdoor Lifestyle","description":"\u00bfBuscas una silla viest? SUNS ofrece soluciones de asientos inteligentes y apilables, con c\u00f3modos cojines y tejido hidr\u00f3fugo, perfectos para una mayor comodidad de asiento.","robots":{"index":"index","follow":"follow","max-snippet":"max-snippet:-1","max-image-preview":"max-image-preview:large","max-video-preview":"max-video-preview:-1"},"canonical":"https:\/\/hello-suns.com\/es\/productos\/vieste-stillas\/","og_locale":"es_ES","og_type":"article","og_title":"Descubre la Silla Vi\u00ebste | SUNS Outdoor Lifestyle","og_description":"\u00bfBuscas una silla viest? SUNS ofrece soluciones de asientos inteligentes y apilables, con c\u00f3modos cojines y tejido hidr\u00f3fugo, perfectos para una mayor comodidad de asiento.","og_url":"https:\/\/hello-suns.com\/es\/productos\/vieste-stillas\/","og_site_name":"SUNS","article_modified_time":"2026-02-11T08:07:07+00:00","og_image":[{"width":2500,"height":1667,"url":"https:\/\/hello-suns.com\/app\/uploads\/2025\/01\/01_Vieste-SUNS-Benchseat-SMW-Free-22-1-1500-02-2.png","type":"image\/png"}],"twitter_card":"summary_large_image","twitter_misc":{"Est. reading time":"2 minutes"},"schema":{"@context":"https:\/\/schema.org","@graph":[{"@type":"WebPage","@id":"https:\/\/hello-suns.com\/es\/productos\/vieste-stillas\/","url":"https:\/\/hello-suns.com\/es\/productos\/vieste-stillas\/","name":"Descubre la Silla Vi\u00ebste | SUNS Outdoor Lifestyle","isPartOf":{"@id":"https:\/\/hello-suns.com\/es\/#website"},"primaryImageOfPage":{"@id":"https:\/\/hello-suns.com\/es\/productos\/vieste-stillas\/#primaryimage"},"image":{"@id":"https:\/\/hello-suns.com\/es\/productos\/vieste-stillas\/#primaryimage"},"thumbnailUrl":"https:\/\/hello-suns.com\/app\/uploads\/2025\/01\/01_Vieste-SUNS-Benchseat-SMW-Free-22-1-1500-02-2.png","datePublished":"2025-01-16T15:09:40+00:00","dateModified":"2026-02-11T08:07:07+00:00","description":"\u00bfBuscas una silla viest? SUNS ofrece soluciones de asientos inteligentes y apilables, con c\u00f3modos cojines y tejido hidr\u00f3fugo, perfectos para una mayor comodidad de asiento.","breadcrumb":{"@id":"https:\/\/hello-suns.com\/es\/productos\/vieste-stillas\/#breadcrumb"},"inLanguage":"es-ES","potentialAction":[{"@type":"ReadAction","target":["https:\/\/hello-suns.com\/es\/productos\/vieste-stillas\/"]}]},{"@type":"ImageObject","inLanguage":"es-ES","@id":"https:\/\/hello-suns.com\/es\/productos\/vieste-stillas\/#primaryimage","url":"https:\/\/hello-suns.com\/app\/uploads\/2025\/01\/01_Vieste-SUNS-Benchseat-SMW-Free-22-1-1500-02-2.png","contentUrl":"https:\/\/hello-suns.com\/app\/uploads\/2025\/01\/01_Vieste-SUNS-Benchseat-SMW-Free-22-1-1500-02-2.png","width":2500,"height":1667},{"@type":"BreadcrumbList","@id":"https:\/\/hello-suns.com\/es\/productos\/vieste-stillas\/#breadcrumb","itemListElement":[{"@type":"ListItem","position":1,"name":"","item":"https:\/\/hello-suns.com\/es\/"},{"@type":"ListItem","position":2,"name":"Productos","item":"https:\/\/hello-suns.com\/es\/productos\/"},{"@type":"ListItem","position":3,"name":"Vi\u00ebste"}]},{"@type":"WebSite","@id":"https:\/\/hello-suns.com\/es\/#website","url":"https:\/\/hello-suns.com\/es\/","name":"SUNS","description":"Outdoor Lifestyle","potentialAction":[{"@type":"SearchAction","target":{"@type":"EntryPoint","urlTemplate":"https:\/\/hello-suns.com\/es\/?s={search_term_string}"},"query-input":{"@type":"PropertyValueSpecification","valueRequired":true,"valueName":"search_term_string"}}],"inLanguage":"es-ES"}]}},"_links":{"self":[{"href":"https:\/\/hello-suns.com\/es\/wp-json\/wp\/v2\/product\/16782","targetHints":{"allow":["GET"]}}],"collection":[{"href":"https:\/\/hello-suns.com\/es\/wp-json\/wp\/v2\/product"}],"about":[{"href":"https:\/\/hello-suns.com\/es\/wp-json\/wp\/v2\/types\/product"}],"replies":[{"embeddable":true,"href":"https:\/\/hello-suns.com\/es\/wp-json\/wp\/v2\/comments?post=16782"}],"wp:featuredmedia":[{"embeddable":true,"href":"https:\/\/hello-suns.com\/es\/wp-json\/wp\/v2\/media\/16784"}],"wp:attachment":[{"href":"https:\/\/hello-suns.com\/es\/wp-json\/wp\/v2\/media?parent=16782"}],"wp:term":[{"taxonomy":"product_brand","embeddable":true,"href":"https:\/\/hello-suns.com\/es\/wp-json\/wp\/v2\/product_brand?post=16782"},{"taxonomy":"product_cat","embeddable":true,"href":"https:\/\/hello-suns.com\/es\/wp-json\/wp\/v2\/product_cat?post=16782"},{"taxonomy":"product_tag","embeddable":true,"href":"https:\/\/hello-suns.com\/es\/wp-json\/wp\/v2\/product_tag?post=16782"},{"taxonomy":"material","embeddable":true,"href":"https:\/\/hello-suns.com\/es\/wp-json\/wp\/v2\/material?post=16782"}],"curies":[{"name":"wp","href":"https:\/\/api.w.org\/{rel}","templated":true}]}}