{"id":16768,"date":"2025-01-16T16:17:45","date_gmt":"2025-01-16T15:17:45","guid":{"rendered":"https:\/\/hello-suns.com\/producten\/vittoria-2\/"},"modified":"2026-02-11T09:14:50","modified_gmt":"2026-02-11T08:14:50","slug":"vittoria-stillas","status":"publish","type":"product","link":"https:\/\/hello-suns.com\/es\/productos\/vittoria-stillas\/","title":{"rendered":"Vittoria"},"content":{"rendered":"<h2 style=\"font-weight: 400;\">Dise\u00f1o con encantos naturales<\/h2>\n<p style=\"font-weight: 400;\">Vittoria logra un delicado equilibrio entre un dise\u00f1o elegante y un toque natural. Disfruta de una comodidad de asiento infinita y de encantadoras formas redondeadas. Rel\u00e1jate con estilo.<\/p>\n","protected":false},"excerpt":{"rendered":"<h3 style=\"font-weight: 400;\">Comedor confortable<\/h3>\n<p style=\"font-weight: 400;\">Vittoria es una silla espaciosa y elegante en la que puedes pasar f\u00e1cilmente una larga tarde de verano. El armaz\u00f3n de teca hace que la silla sea elegante a la vez que robusta. Los reposabrazos tienen detalles refinados, como una elegante curva. Al mismo tiempo, el car\u00e1cter natural de la madera resalta maravillosamente. La silla Vittoria tambi\u00e9n destaca por su comodidad. El coj\u00edn del asiento y el respaldo est\u00e1n ricamente acolchados, lo que garantiza un buen apoyo con un tacto suave. Gracias a la combinaci\u00f3n de colores, la silla puede combinarse f\u00e1cilmente con varias mesas de la colecci\u00f3n SUNS.<\/p>\n","protected":false},"featured_media":16770,"comment_status":"closed","ping_status":"closed","template":"","meta":{"_acf_changed":false},"product_brand":[],"product_cat":[811],"product_tag":[],"material":[],"class_list":{"0":"post-16768","1":"product","2":"type-product","3":"status-publish","4":"has-post-thumbnail","6":"product_cat-sillas","8":"first","9":"instock","10":"shipping-taxable","11":"product-type-simple"},"acf":[],"yoast_head":"<!-- This site is optimized with the Yoast SEO plugin v26.8 - https:\/\/yoast.com\/product\/yoast-seo-wordpress\/ -->\n<title>Descubre la Silla Vittoria | SUNS Outdoor Lifestyle<\/title>\n<meta name=\"description\" content=\"\u00bfBuscas una silla Vittoria? SUNS te ofrece sillas elegantes con un robusto armaz\u00f3n de teca y c\u00f3modos cojines, perfectas para un jard\u00edn moderno.\" \/>\n<meta name=\"robots\" content=\"index, follow, max-snippet:-1, max-image-preview:large, max-video-preview:-1\" \/>\n<link rel=\"canonical\" href=\"https:\/\/hello-suns.com\/es\/productos\/vittoria-stillas\/\" \/>\n<meta property=\"og:locale\" content=\"es_ES\" \/>\n<meta property=\"og:type\" content=\"article\" \/>\n<meta property=\"og:title\" content=\"Descubre la Silla Vittoria | SUNS Outdoor Lifestyle\" \/>\n<meta property=\"og:description\" content=\"\u00bfBuscas una silla Vittoria? SUNS te ofrece sillas elegantes con un robusto armaz\u00f3n de teca y c\u00f3modos cojines, perfectas para un jard\u00edn moderno.\" \/>\n<meta property=\"og:url\" content=\"https:\/\/hello-suns.com\/es\/productos\/vittoria-stillas\/\" \/>\n<meta property=\"og:site_name\" content=\"SUNS\" \/>\n<meta property=\"article:modified_time\" content=\"2026-02-11T08:14:50+00:00\" \/>\n<meta property=\"og:image\" content=\"https:\/\/hello-suns.com\/app\/uploads\/2025\/01\/01_Diningchair_SUNS_Vittoria_rope-2500-pix-02.png\" \/>\n\t<meta property=\"og:image:width\" content=\"2500\" \/>\n\t<meta property=\"og:image:height\" content=\"1667\" \/>\n\t<meta property=\"og:image:type\" content=\"image\/png\" \/>\n<meta name=\"twitter:card\" content=\"summary_large_image\" \/>\n<meta name=\"twitter:label1\" content=\"Est. reading time\" \/>\n\t<meta name=\"twitter:data1\" content=\"3 minutes\" \/>\n<script type=\"application\/ld+json\" class=\"yoast-schema-graph\">{\"@context\":\"https:\/\/schema.org\",\"@graph\":[{\"@type\":\"WebPage\",\"@id\":\"https:\/\/hello-suns.com\/es\/productos\/vittoria-stillas\/\",\"url\":\"https:\/\/hello-suns.com\/es\/productos\/vittoria-stillas\/\",\"name\":\"Descubre la Silla Vittoria | SUNS Outdoor Lifestyle\",\"isPartOf\":{\"@id\":\"https:\/\/hello-suns.com\/es\/#website\"},\"primaryImageOfPage\":{\"@id\":\"https:\/\/hello-suns.com\/es\/productos\/vittoria-stillas\/#primaryimage\"},\"image\":{\"@id\":\"https:\/\/hello-suns.com\/es\/productos\/vittoria-stillas\/#primaryimage\"},\"thumbnailUrl\":\"https:\/\/hello-suns.com\/app\/uploads\/2025\/01\/01_Diningchair_SUNS_Vittoria_rope-2500-pix-02.png\",\"datePublished\":\"2025-01-16T15:17:45+00:00\",\"dateModified\":\"2026-02-11T08:14:50+00:00\",\"description\":\"\u00bfBuscas una silla Vittoria? SUNS te ofrece sillas elegantes con un robusto armaz\u00f3n de teca y c\u00f3modos cojines, perfectas para un jard\u00edn moderno.\",\"breadcrumb\":{\"@id\":\"https:\/\/hello-suns.com\/es\/productos\/vittoria-stillas\/#breadcrumb\"},\"inLanguage\":\"es-ES\",\"potentialAction\":[{\"@type\":\"ReadAction\",\"target\":[\"https:\/\/hello-suns.com\/es\/productos\/vittoria-stillas\/\"]}]},{\"@type\":\"ImageObject\",\"inLanguage\":\"es-ES\",\"@id\":\"https:\/\/hello-suns.com\/es\/productos\/vittoria-stillas\/#primaryimage\",\"url\":\"https:\/\/hello-suns.com\/app\/uploads\/2025\/01\/01_Diningchair_SUNS_Vittoria_rope-2500-pix-02.png\",\"contentUrl\":\"https:\/\/hello-suns.com\/app\/uploads\/2025\/01\/01_Diningchair_SUNS_Vittoria_rope-2500-pix-02.png\",\"width\":2500,\"height\":1667},{\"@type\":\"BreadcrumbList\",\"@id\":\"https:\/\/hello-suns.com\/es\/productos\/vittoria-stillas\/#breadcrumb\",\"itemListElement\":[{\"@type\":\"ListItem\",\"position\":1,\"name\":\"\",\"item\":\"https:\/\/hello-suns.com\/es\/\"},{\"@type\":\"ListItem\",\"position\":2,\"name\":\"Productos\",\"item\":\"https:\/\/hello-suns.com\/es\/productos\/\"},{\"@type\":\"ListItem\",\"position\":3,\"name\":\"Vittoria\"}]},{\"@type\":\"WebSite\",\"@id\":\"https:\/\/hello-suns.com\/es\/#website\",\"url\":\"https:\/\/hello-suns.com\/es\/\",\"name\":\"SUNS\",\"description\":\"Outdoor Lifestyle\",\"potentialAction\":[{\"@type\":\"SearchAction\",\"target\":{\"@type\":\"EntryPoint\",\"urlTemplate\":\"https:\/\/hello-suns.com\/es\/?s={search_term_string}\"},\"query-input\":{\"@type\":\"PropertyValueSpecification\",\"valueRequired\":true,\"valueName\":\"search_term_string\"}}],\"inLanguage\":\"es-ES\"}]}<\/script>\n<!-- \/ Yoast SEO plugin. -->","yoast_head_json":{"title":"Descubre la Silla Vittoria | SUNS Outdoor Lifestyle","description":"\u00bfBuscas una silla Vittoria? SUNS te ofrece sillas elegantes con un robusto armaz\u00f3n de teca y c\u00f3modos cojines, perfectas para un jard\u00edn moderno.","robots":{"index":"index","follow":"follow","max-snippet":"max-snippet:-1","max-image-preview":"max-image-preview:large","max-video-preview":"max-video-preview:-1"},"canonical":"https:\/\/hello-suns.com\/es\/productos\/vittoria-stillas\/","og_locale":"es_ES","og_type":"article","og_title":"Descubre la Silla Vittoria | SUNS Outdoor Lifestyle","og_description":"\u00bfBuscas una silla Vittoria? SUNS te ofrece sillas elegantes con un robusto armaz\u00f3n de teca y c\u00f3modos cojines, perfectas para un jard\u00edn moderno.","og_url":"https:\/\/hello-suns.com\/es\/productos\/vittoria-stillas\/","og_site_name":"SUNS","article_modified_time":"2026-02-11T08:14:50+00:00","og_image":[{"width":2500,"height":1667,"url":"https:\/\/hello-suns.com\/app\/uploads\/2025\/01\/01_Diningchair_SUNS_Vittoria_rope-2500-pix-02.png","type":"image\/png"}],"twitter_card":"summary_large_image","twitter_misc":{"Est. reading time":"3 minutes"},"schema":{"@context":"https:\/\/schema.org","@graph":[{"@type":"WebPage","@id":"https:\/\/hello-suns.com\/es\/productos\/vittoria-stillas\/","url":"https:\/\/hello-suns.com\/es\/productos\/vittoria-stillas\/","name":"Descubre la Silla Vittoria | SUNS Outdoor Lifestyle","isPartOf":{"@id":"https:\/\/hello-suns.com\/es\/#website"},"primaryImageOfPage":{"@id":"https:\/\/hello-suns.com\/es\/productos\/vittoria-stillas\/#primaryimage"},"image":{"@id":"https:\/\/hello-suns.com\/es\/productos\/vittoria-stillas\/#primaryimage"},"thumbnailUrl":"https:\/\/hello-suns.com\/app\/uploads\/2025\/01\/01_Diningchair_SUNS_Vittoria_rope-2500-pix-02.png","datePublished":"2025-01-16T15:17:45+00:00","dateModified":"2026-02-11T08:14:50+00:00","description":"\u00bfBuscas una silla Vittoria? SUNS te ofrece sillas elegantes con un robusto armaz\u00f3n de teca y c\u00f3modos cojines, perfectas para un jard\u00edn moderno.","breadcrumb":{"@id":"https:\/\/hello-suns.com\/es\/productos\/vittoria-stillas\/#breadcrumb"},"inLanguage":"es-ES","potentialAction":[{"@type":"ReadAction","target":["https:\/\/hello-suns.com\/es\/productos\/vittoria-stillas\/"]}]},{"@type":"ImageObject","inLanguage":"es-ES","@id":"https:\/\/hello-suns.com\/es\/productos\/vittoria-stillas\/#primaryimage","url":"https:\/\/hello-suns.com\/app\/uploads\/2025\/01\/01_Diningchair_SUNS_Vittoria_rope-2500-pix-02.png","contentUrl":"https:\/\/hello-suns.com\/app\/uploads\/2025\/01\/01_Diningchair_SUNS_Vittoria_rope-2500-pix-02.png","width":2500,"height":1667},{"@type":"BreadcrumbList","@id":"https:\/\/hello-suns.com\/es\/productos\/vittoria-stillas\/#breadcrumb","itemListElement":[{"@type":"ListItem","position":1,"name":"","item":"https:\/\/hello-suns.com\/es\/"},{"@type":"ListItem","position":2,"name":"Productos","item":"https:\/\/hello-suns.com\/es\/productos\/"},{"@type":"ListItem","position":3,"name":"Vittoria"}]},{"@type":"WebSite","@id":"https:\/\/hello-suns.com\/es\/#website","url":"https:\/\/hello-suns.com\/es\/","name":"SUNS","description":"Outdoor Lifestyle","potentialAction":[{"@type":"SearchAction","target":{"@type":"EntryPoint","urlTemplate":"https:\/\/hello-suns.com\/es\/?s={search_term_string}"},"query-input":{"@type":"PropertyValueSpecification","valueRequired":true,"valueName":"search_term_string"}}],"inLanguage":"es-ES"}]}},"_links":{"self":[{"href":"https:\/\/hello-suns.com\/es\/wp-json\/wp\/v2\/product\/16768","targetHints":{"allow":["GET"]}}],"collection":[{"href":"https:\/\/hello-suns.com\/es\/wp-json\/wp\/v2\/product"}],"about":[{"href":"https:\/\/hello-suns.com\/es\/wp-json\/wp\/v2\/types\/product"}],"replies":[{"embeddable":true,"href":"https:\/\/hello-suns.com\/es\/wp-json\/wp\/v2\/comments?post=16768"}],"wp:featuredmedia":[{"embeddable":true,"href":"https:\/\/hello-suns.com\/es\/wp-json\/wp\/v2\/media\/16770"}],"wp:attachment":[{"href":"https:\/\/hello-suns.com\/es\/wp-json\/wp\/v2\/media?parent=16768"}],"wp:term":[{"taxonomy":"product_brand","embeddable":true,"href":"https:\/\/hello-suns.com\/es\/wp-json\/wp\/v2\/product_brand?post=16768"},{"taxonomy":"product_cat","embeddable":true,"href":"https:\/\/hello-suns.com\/es\/wp-json\/wp\/v2\/product_cat?post=16768"},{"taxonomy":"product_tag","embeddable":true,"href":"https:\/\/hello-suns.com\/es\/wp-json\/wp\/v2\/product_tag?post=16768"},{"taxonomy":"material","embeddable":true,"href":"https:\/\/hello-suns.com\/es\/wp-json\/wp\/v2\/material?post=16768"}],"curies":[{"name":"wp","href":"https:\/\/api.w.org\/{rel}","templated":true}]}}