{"id":16695,"date":"2025-01-20T10:05:22","date_gmt":"2025-01-20T10:05:22","guid":{"rendered":"https:\/\/hello-suns.com\/producten\/tutti\/"},"modified":"2025-09-16T08:17:05","modified_gmt":"2025-09-16T08:17:05","slug":"tutti-conjuntos-de-bar","status":"publish","type":"product","link":"https:\/\/hello-suns.com\/es\/productos\/tutti-conjuntos-de-bar\/","title":{"rendered":"Tutti"},"content":{"rendered":"<h2 style=\"font-weight: 400;\">Todo para el ambiente<\/h2>\n<p style=\"font-weight: 400;\">Barstool Tutti, el nombre lo dice todo, lo tiene todo para pasar un d\u00eda o una noche de verano inolvidable.<\/p>\n","protected":false},"excerpt":{"rendered":"<h2 style=\"font-weight: 400;\">Elegante y moderno<\/h2>\n<p style=\"font-weight: 400;\">El taburete de bar Tutti es un taburete de bar elegante y moderno que se adapta a cualquier mesa de bar. Por tanto, este taburete de bar es excelente para combinar con una de las distintas mesas de bar de la colecci\u00f3n SUNS. El armaz\u00f3n de aluminio de este taburete proporciona un aspecto robusto y una larga vida \u00fatil.<\/p>\n","protected":false},"featured_media":16699,"comment_status":"closed","ping_status":"closed","template":"","meta":{"_acf_changed":false},"product_brand":[],"product_cat":[821],"product_tag":[],"material":[],"class_list":{"0":"post-16695","1":"product","2":"type-product","3":"status-publish","4":"has-post-thumbnail","6":"product_cat-conjuntos-de-bar","8":"first","9":"instock","10":"shipping-taxable","11":"product-type-simple"},"acf":[],"yoast_head":"<!-- This site is optimized with the Yoast SEO plugin v26.8 - https:\/\/yoast.com\/product\/yoast-seo-wordpress\/ -->\n<title>Descubre el taburete Tutti | SUNS Outdoor Lifestyle<\/title>\n<meta name=\"description\" content=\"\u00bfBuscas un taburete de bar tutti? SUNS te ofrece sillas de bar de alta calidad con un robusto armaz\u00f3n de aluminio, perfectas para combinar con las mesas de bar de la colecci\u00f3n SUNS.\" \/>\n<meta name=\"robots\" content=\"index, follow, max-snippet:-1, max-image-preview:large, max-video-preview:-1\" \/>\n<link rel=\"canonical\" href=\"https:\/\/hello-suns.com\/es\/productos\/tutti-conjuntos-de-bar\/\" \/>\n<meta property=\"og:locale\" content=\"es_ES\" \/>\n<meta property=\"og:type\" content=\"article\" \/>\n<meta property=\"og:title\" content=\"Descubre el taburete Tutti | SUNS Outdoor Lifestyle\" \/>\n<meta property=\"og:description\" content=\"\u00bfBuscas un taburete de bar tutti? SUNS te ofrece sillas de bar de alta calidad con un robusto armaz\u00f3n de aluminio, perfectas para combinar con las mesas de bar de la colecci\u00f3n SUNS.\" \/>\n<meta property=\"og:url\" content=\"https:\/\/hello-suns.com\/es\/productos\/tutti-conjuntos-de-bar\/\" \/>\n<meta property=\"og:site_name\" content=\"SUNS\" \/>\n<meta property=\"article:modified_time\" content=\"2025-09-16T08:17:05+00:00\" \/>\n<meta property=\"og:image\" content=\"https:\/\/hello-suns.com\/app\/uploads\/2025\/01\/01_Barset_SUNS_Vario80_Tutti_mw.png\" \/>\n\t<meta property=\"og:image:width\" content=\"2500\" \/>\n\t<meta property=\"og:image:height\" content=\"1667\" \/>\n\t<meta property=\"og:image:type\" content=\"image\/png\" \/>\n<meta name=\"twitter:card\" content=\"summary_large_image\" \/>\n<meta name=\"twitter:label1\" content=\"Est. reading time\" \/>\n\t<meta name=\"twitter:data1\" content=\"2 minutes\" \/>\n<script type=\"application\/ld+json\" class=\"yoast-schema-graph\">{\"@context\":\"https:\/\/schema.org\",\"@graph\":[{\"@type\":\"WebPage\",\"@id\":\"https:\/\/hello-suns.com\/es\/productos\/tutti-conjuntos-de-bar\/\",\"url\":\"https:\/\/hello-suns.com\/es\/productos\/tutti-conjuntos-de-bar\/\",\"name\":\"Descubre el taburete Tutti | SUNS Outdoor Lifestyle\",\"isPartOf\":{\"@id\":\"https:\/\/hello-suns.com\/es\/#website\"},\"primaryImageOfPage\":{\"@id\":\"https:\/\/hello-suns.com\/es\/productos\/tutti-conjuntos-de-bar\/#primaryimage\"},\"image\":{\"@id\":\"https:\/\/hello-suns.com\/es\/productos\/tutti-conjuntos-de-bar\/#primaryimage\"},\"thumbnailUrl\":\"https:\/\/hello-suns.com\/app\/uploads\/2025\/01\/01_Barset_SUNS_Vario80_Tutti_mw.png\",\"datePublished\":\"2025-01-20T10:05:22+00:00\",\"dateModified\":\"2025-09-16T08:17:05+00:00\",\"description\":\"\u00bfBuscas un taburete de bar tutti? SUNS te ofrece sillas de bar de alta calidad con un robusto armaz\u00f3n de aluminio, perfectas para combinar con las mesas de bar de la colecci\u00f3n SUNS.\",\"breadcrumb\":{\"@id\":\"https:\/\/hello-suns.com\/es\/productos\/tutti-conjuntos-de-bar\/#breadcrumb\"},\"inLanguage\":\"es-ES\",\"potentialAction\":[{\"@type\":\"ReadAction\",\"target\":[\"https:\/\/hello-suns.com\/es\/productos\/tutti-conjuntos-de-bar\/\"]}]},{\"@type\":\"ImageObject\",\"inLanguage\":\"es-ES\",\"@id\":\"https:\/\/hello-suns.com\/es\/productos\/tutti-conjuntos-de-bar\/#primaryimage\",\"url\":\"https:\/\/hello-suns.com\/app\/uploads\/2025\/01\/01_Barset_SUNS_Vario80_Tutti_mw.png\",\"contentUrl\":\"https:\/\/hello-suns.com\/app\/uploads\/2025\/01\/01_Barset_SUNS_Vario80_Tutti_mw.png\",\"width\":2500,\"height\":1667},{\"@type\":\"BreadcrumbList\",\"@id\":\"https:\/\/hello-suns.com\/es\/productos\/tutti-conjuntos-de-bar\/#breadcrumb\",\"itemListElement\":[{\"@type\":\"ListItem\",\"position\":1,\"name\":\"\",\"item\":\"https:\/\/hello-suns.com\/es\/\"},{\"@type\":\"ListItem\",\"position\":2,\"name\":\"Productos\",\"item\":\"https:\/\/hello-suns.com\/es\/productos\/\"},{\"@type\":\"ListItem\",\"position\":3,\"name\":\"Tutti\"}]},{\"@type\":\"WebSite\",\"@id\":\"https:\/\/hello-suns.com\/es\/#website\",\"url\":\"https:\/\/hello-suns.com\/es\/\",\"name\":\"SUNS\",\"description\":\"Outdoor Lifestyle\",\"potentialAction\":[{\"@type\":\"SearchAction\",\"target\":{\"@type\":\"EntryPoint\",\"urlTemplate\":\"https:\/\/hello-suns.com\/es\/?s={search_term_string}\"},\"query-input\":{\"@type\":\"PropertyValueSpecification\",\"valueRequired\":true,\"valueName\":\"search_term_string\"}}],\"inLanguage\":\"es-ES\"}]}<\/script>\n<!-- \/ Yoast SEO plugin. -->","yoast_head_json":{"title":"Descubre el taburete Tutti | SUNS Outdoor Lifestyle","description":"\u00bfBuscas un taburete de bar tutti? SUNS te ofrece sillas de bar de alta calidad con un robusto armaz\u00f3n de aluminio, perfectas para combinar con las mesas de bar de la colecci\u00f3n SUNS.","robots":{"index":"index","follow":"follow","max-snippet":"max-snippet:-1","max-image-preview":"max-image-preview:large","max-video-preview":"max-video-preview:-1"},"canonical":"https:\/\/hello-suns.com\/es\/productos\/tutti-conjuntos-de-bar\/","og_locale":"es_ES","og_type":"article","og_title":"Descubre el taburete Tutti | SUNS Outdoor Lifestyle","og_description":"\u00bfBuscas un taburete de bar tutti? SUNS te ofrece sillas de bar de alta calidad con un robusto armaz\u00f3n de aluminio, perfectas para combinar con las mesas de bar de la colecci\u00f3n SUNS.","og_url":"https:\/\/hello-suns.com\/es\/productos\/tutti-conjuntos-de-bar\/","og_site_name":"SUNS","article_modified_time":"2025-09-16T08:17:05+00:00","og_image":[{"width":2500,"height":1667,"url":"https:\/\/hello-suns.com\/app\/uploads\/2025\/01\/01_Barset_SUNS_Vario80_Tutti_mw.png","type":"image\/png"}],"twitter_card":"summary_large_image","twitter_misc":{"Est. reading time":"2 minutes"},"schema":{"@context":"https:\/\/schema.org","@graph":[{"@type":"WebPage","@id":"https:\/\/hello-suns.com\/es\/productos\/tutti-conjuntos-de-bar\/","url":"https:\/\/hello-suns.com\/es\/productos\/tutti-conjuntos-de-bar\/","name":"Descubre el taburete Tutti | SUNS Outdoor Lifestyle","isPartOf":{"@id":"https:\/\/hello-suns.com\/es\/#website"},"primaryImageOfPage":{"@id":"https:\/\/hello-suns.com\/es\/productos\/tutti-conjuntos-de-bar\/#primaryimage"},"image":{"@id":"https:\/\/hello-suns.com\/es\/productos\/tutti-conjuntos-de-bar\/#primaryimage"},"thumbnailUrl":"https:\/\/hello-suns.com\/app\/uploads\/2025\/01\/01_Barset_SUNS_Vario80_Tutti_mw.png","datePublished":"2025-01-20T10:05:22+00:00","dateModified":"2025-09-16T08:17:05+00:00","description":"\u00bfBuscas un taburete de bar tutti? SUNS te ofrece sillas de bar de alta calidad con un robusto armaz\u00f3n de aluminio, perfectas para combinar con las mesas de bar de la colecci\u00f3n SUNS.","breadcrumb":{"@id":"https:\/\/hello-suns.com\/es\/productos\/tutti-conjuntos-de-bar\/#breadcrumb"},"inLanguage":"es-ES","potentialAction":[{"@type":"ReadAction","target":["https:\/\/hello-suns.com\/es\/productos\/tutti-conjuntos-de-bar\/"]}]},{"@type":"ImageObject","inLanguage":"es-ES","@id":"https:\/\/hello-suns.com\/es\/productos\/tutti-conjuntos-de-bar\/#primaryimage","url":"https:\/\/hello-suns.com\/app\/uploads\/2025\/01\/01_Barset_SUNS_Vario80_Tutti_mw.png","contentUrl":"https:\/\/hello-suns.com\/app\/uploads\/2025\/01\/01_Barset_SUNS_Vario80_Tutti_mw.png","width":2500,"height":1667},{"@type":"BreadcrumbList","@id":"https:\/\/hello-suns.com\/es\/productos\/tutti-conjuntos-de-bar\/#breadcrumb","itemListElement":[{"@type":"ListItem","position":1,"name":"","item":"https:\/\/hello-suns.com\/es\/"},{"@type":"ListItem","position":2,"name":"Productos","item":"https:\/\/hello-suns.com\/es\/productos\/"},{"@type":"ListItem","position":3,"name":"Tutti"}]},{"@type":"WebSite","@id":"https:\/\/hello-suns.com\/es\/#website","url":"https:\/\/hello-suns.com\/es\/","name":"SUNS","description":"Outdoor Lifestyle","potentialAction":[{"@type":"SearchAction","target":{"@type":"EntryPoint","urlTemplate":"https:\/\/hello-suns.com\/es\/?s={search_term_string}"},"query-input":{"@type":"PropertyValueSpecification","valueRequired":true,"valueName":"search_term_string"}}],"inLanguage":"es-ES"}]}},"_links":{"self":[{"href":"https:\/\/hello-suns.com\/es\/wp-json\/wp\/v2\/product\/16695","targetHints":{"allow":["GET"]}}],"collection":[{"href":"https:\/\/hello-suns.com\/es\/wp-json\/wp\/v2\/product"}],"about":[{"href":"https:\/\/hello-suns.com\/es\/wp-json\/wp\/v2\/types\/product"}],"replies":[{"embeddable":true,"href":"https:\/\/hello-suns.com\/es\/wp-json\/wp\/v2\/comments?post=16695"}],"wp:featuredmedia":[{"embeddable":true,"href":"https:\/\/hello-suns.com\/es\/wp-json\/wp\/v2\/media\/16699"}],"wp:attachment":[{"href":"https:\/\/hello-suns.com\/es\/wp-json\/wp\/v2\/media?parent=16695"}],"wp:term":[{"taxonomy":"product_brand","embeddable":true,"href":"https:\/\/hello-suns.com\/es\/wp-json\/wp\/v2\/product_brand?post=16695"},{"taxonomy":"product_cat","embeddable":true,"href":"https:\/\/hello-suns.com\/es\/wp-json\/wp\/v2\/product_cat?post=16695"},{"taxonomy":"product_tag","embeddable":true,"href":"https:\/\/hello-suns.com\/es\/wp-json\/wp\/v2\/product_tag?post=16695"},{"taxonomy":"material","embeddable":true,"href":"https:\/\/hello-suns.com\/es\/wp-json\/wp\/v2\/material?post=16695"}],"curies":[{"name":"wp","href":"https:\/\/api.w.org\/{rel}","templated":true}]}}