{"id":16691,"date":"2025-01-21T09:34:09","date_gmt":"2025-01-21T09:34:09","guid":{"rendered":"https:\/\/hello-suns.com\/producten\/lujo\/"},"modified":"2025-09-12T10:05:49","modified_gmt":"2025-09-12T10:05:49","slug":"luxe","status":"publish","type":"product","link":"https:\/\/hello-suns.com\/es\/productos\/luxe\/","title":{"rendered":"Luxe"},"content":{"rendered":"<h2 style=\"font-weight: 400;\">Crea tu propio espacio<\/h2>\n<p style=\"font-weight: 400;\">Tu jard\u00edn o patio es tu santuario. Tu espacio para la relajaci\u00f3n y la convivencia. Si\u00e9ntete libre y experimenta la libertad de un cenador especialmente funcional y confortable. Pero que, sobre todo, est\u00e9 en armon\u00eda con tu espacio exterior.<\/p>\n","protected":false},"excerpt":{"rendered":"<h3 style=\"font-weight: 400;\">Modular y resistente a la intemperie<\/h3>\n<p style=\"font-weight: 400;\">El Gazebo Luxe es el cenador de patio ideal para colocar de forma independiente. Esta elegante soluci\u00f3n de espacio exterior es modular. Esto significa que puedes ampliar el cenador uniendo partes separadas, incluso de distintos tama\u00f1os. El cenador est\u00e1 hecho de aluminio industrial de alta calidad, lo que garantiza una construcci\u00f3n s\u00f3lida y una resistencia absoluta a la intemperie. Adem\u00e1s, el cenador est\u00e1 equipado con persianas flexibles en el tejado o con un tejado completamente corredizo. Deja que entre el sol o elige una sombra refrescante. De cualquier forma, siempre te sentar\u00e1s seco, ya que el agua de lluvia se drena a trav\u00e9s de las patas de la estructura. Las versiones el\u00e9ctricas de este cenador est\u00e1n equipadas con iluminaci\u00f3n LED atmosf\u00e9rica que puedes configurar en varios tonos de luz deseados.<\/p>\n<p style=\"font-weight: 400;\"><strong>Opciones de tejado<br \/>\n<\/strong>Gazebo Luxe tiene tres opciones de tejado diferentes:<br \/>\nManual: las persianas del tejado se pueden ajustar manualmente.<br \/>\nEl\u00e9ctrico: las persianas del tejado se pueden ajustar el\u00e9ctricamente (con mando a distancia y aplicaci\u00f3n).<br \/>\nRetr\u00e1ctil: el tejado se puede abrir totalmente hacia un lado (con mando a distancia y aplicaci\u00f3n).<\/p>\n<p style=\"font-weight: 400;\"><strong>Opciones adicionales<br \/>\n<\/strong>Elige m\u00e1s comodidad e intimidad con pantallas laterales enrollables\/desplegables, paneles de aluminio o puertas correderas del mismo color que el marco. La opci\u00f3n el\u00e9ctrica puede ampliarse con pantallas laterales enrollables\/desplegables de accionamiento el\u00e9ctrico o manual. Con el cenador manual, las pantallas laterales s\u00f3lo pueden accionarse manualmente.<\/p>\n<p style=\"font-weight: 400;\">Las puertas correderas incorporan un sistema de cierre inteligente con imanes, que hace que no queden huecos. Los paneles de las puertas se pueden desplazar f\u00e1cilmente mediante un sistema de deslizamiento hasta la posici\u00f3n deseada en la pared. As\u00ed t\u00fa mismo determinas el tama\u00f1o del hueco o huecos. Los paneles de aluminio con lamas horizontales ajustables, tambi\u00e9n llamados \u201cparedes de lamas\u201d, se colocan en una posici\u00f3n fija. Tambi\u00e9n hay disponibles tiras LED opcionales para el cenador manual.<\/p>\n","protected":false},"featured_media":16633,"comment_status":"closed","ping_status":"closed","template":"","meta":{"_acf_changed":false},"product_brand":[],"product_cat":[810],"product_tag":[],"material":[],"class_list":{"0":"post-16691","1":"product","2":"type-product","3":"status-publish","4":"has-post-thumbnail","6":"product_cat-cenadores","8":"first","9":"instock","10":"shipping-taxable","11":"product-type-simple"},"acf":[],"yoast_head":"<!-- This site is optimized with the Yoast SEO plugin v26.8 - https:\/\/yoast.com\/product\/yoast-seo-wordpress\/ -->\n<title>Descubre el Gazebo de Lujo | SUNS Outdoor Lifestyle<\/title>\n<meta name=\"description\" content=\"\u00bfBuscas un cenador de lujo? SUNS ofrece cenadores de aluminio de lujo de alta calidad que combinan durabilidad y dise\u00f1o para un jard\u00edn con estilo.\" \/>\n<meta name=\"robots\" content=\"index, follow, max-snippet:-1, max-image-preview:large, max-video-preview:-1\" \/>\n<link rel=\"canonical\" href=\"https:\/\/hello-suns.com\/es\/productos\/luxe\/\" \/>\n<meta property=\"og:locale\" content=\"es_ES\" \/>\n<meta property=\"og:type\" content=\"article\" \/>\n<meta property=\"og:title\" content=\"Descubre el Gazebo de Lujo | SUNS Outdoor Lifestyle\" \/>\n<meta property=\"og:description\" content=\"\u00bfBuscas un cenador de lujo? SUNS ofrece cenadores de aluminio de lujo de alta calidad que combinan durabilidad y dise\u00f1o para un jard\u00edn con estilo.\" \/>\n<meta property=\"og:url\" content=\"https:\/\/hello-suns.com\/es\/productos\/luxe\/\" \/>\n<meta property=\"og:site_name\" content=\"SUNS\" \/>\n<meta property=\"article:modified_time\" content=\"2025-09-12T10:05:49+00:00\" \/>\n<meta property=\"og:image\" content=\"https:\/\/hello-suns.com\/app\/uploads\/2025\/01\/Luxe-SUNS-Main-Gazebo-MRG-Free-1-1.png\" \/>\n\t<meta property=\"og:image:width\" content=\"2500\" \/>\n\t<meta property=\"og:image:height\" content=\"1667\" \/>\n\t<meta property=\"og:image:type\" content=\"image\/png\" \/>\n<meta name=\"twitter:card\" content=\"summary_large_image\" \/>\n<meta name=\"twitter:label1\" content=\"Est. reading time\" \/>\n\t<meta name=\"twitter:data1\" content=\"9 minutes\" \/>\n<script type=\"application\/ld+json\" class=\"yoast-schema-graph\">{\"@context\":\"https:\/\/schema.org\",\"@graph\":[{\"@type\":\"WebPage\",\"@id\":\"https:\/\/hello-suns.com\/es\/productos\/luxe\/\",\"url\":\"https:\/\/hello-suns.com\/es\/productos\/luxe\/\",\"name\":\"Descubre el Gazebo de Lujo | SUNS Outdoor Lifestyle\",\"isPartOf\":{\"@id\":\"https:\/\/hello-suns.com\/es\/#website\"},\"primaryImageOfPage\":{\"@id\":\"https:\/\/hello-suns.com\/es\/productos\/luxe\/#primaryimage\"},\"image\":{\"@id\":\"https:\/\/hello-suns.com\/es\/productos\/luxe\/#primaryimage\"},\"thumbnailUrl\":\"https:\/\/hello-suns.com\/app\/uploads\/2025\/01\/Luxe-SUNS-Main-Gazebo-MRG-Free-1-1.png\",\"datePublished\":\"2025-01-21T09:34:09+00:00\",\"dateModified\":\"2025-09-12T10:05:49+00:00\",\"description\":\"\u00bfBuscas un cenador de lujo? SUNS ofrece cenadores de aluminio de lujo de alta calidad que combinan durabilidad y dise\u00f1o para un jard\u00edn con estilo.\",\"breadcrumb\":{\"@id\":\"https:\/\/hello-suns.com\/es\/productos\/luxe\/#breadcrumb\"},\"inLanguage\":\"es-ES\",\"potentialAction\":[{\"@type\":\"ReadAction\",\"target\":[\"https:\/\/hello-suns.com\/es\/productos\/luxe\/\"]}]},{\"@type\":\"ImageObject\",\"inLanguage\":\"es-ES\",\"@id\":\"https:\/\/hello-suns.com\/es\/productos\/luxe\/#primaryimage\",\"url\":\"https:\/\/hello-suns.com\/app\/uploads\/2025\/01\/Luxe-SUNS-Main-Gazebo-MRG-Free-1-1.png\",\"contentUrl\":\"https:\/\/hello-suns.com\/app\/uploads\/2025\/01\/Luxe-SUNS-Main-Gazebo-MRG-Free-1-1.png\",\"width\":2500,\"height\":1667},{\"@type\":\"BreadcrumbList\",\"@id\":\"https:\/\/hello-suns.com\/es\/productos\/luxe\/#breadcrumb\",\"itemListElement\":[{\"@type\":\"ListItem\",\"position\":1,\"name\":\"\",\"item\":\"https:\/\/hello-suns.com\/es\/\"},{\"@type\":\"ListItem\",\"position\":2,\"name\":\"Productos\",\"item\":\"https:\/\/hello-suns.com\/es\/productos\/\"},{\"@type\":\"ListItem\",\"position\":3,\"name\":\"Luxe\"}]},{\"@type\":\"WebSite\",\"@id\":\"https:\/\/hello-suns.com\/es\/#website\",\"url\":\"https:\/\/hello-suns.com\/es\/\",\"name\":\"SUNS\",\"description\":\"Outdoor Lifestyle\",\"potentialAction\":[{\"@type\":\"SearchAction\",\"target\":{\"@type\":\"EntryPoint\",\"urlTemplate\":\"https:\/\/hello-suns.com\/es\/?s={search_term_string}\"},\"query-input\":{\"@type\":\"PropertyValueSpecification\",\"valueRequired\":true,\"valueName\":\"search_term_string\"}}],\"inLanguage\":\"es-ES\"}]}<\/script>\n<!-- \/ Yoast SEO plugin. -->","yoast_head_json":{"title":"Descubre el Gazebo de Lujo | SUNS Outdoor Lifestyle","description":"\u00bfBuscas un cenador de lujo? SUNS ofrece cenadores de aluminio de lujo de alta calidad que combinan durabilidad y dise\u00f1o para un jard\u00edn con estilo.","robots":{"index":"index","follow":"follow","max-snippet":"max-snippet:-1","max-image-preview":"max-image-preview:large","max-video-preview":"max-video-preview:-1"},"canonical":"https:\/\/hello-suns.com\/es\/productos\/luxe\/","og_locale":"es_ES","og_type":"article","og_title":"Descubre el Gazebo de Lujo | SUNS Outdoor Lifestyle","og_description":"\u00bfBuscas un cenador de lujo? SUNS ofrece cenadores de aluminio de lujo de alta calidad que combinan durabilidad y dise\u00f1o para un jard\u00edn con estilo.","og_url":"https:\/\/hello-suns.com\/es\/productos\/luxe\/","og_site_name":"SUNS","article_modified_time":"2025-09-12T10:05:49+00:00","og_image":[{"width":2500,"height":1667,"url":"https:\/\/hello-suns.com\/app\/uploads\/2025\/01\/Luxe-SUNS-Main-Gazebo-MRG-Free-1-1.png","type":"image\/png"}],"twitter_card":"summary_large_image","twitter_misc":{"Est. reading time":"9 minutes"},"schema":{"@context":"https:\/\/schema.org","@graph":[{"@type":"WebPage","@id":"https:\/\/hello-suns.com\/es\/productos\/luxe\/","url":"https:\/\/hello-suns.com\/es\/productos\/luxe\/","name":"Descubre el Gazebo de Lujo | SUNS Outdoor Lifestyle","isPartOf":{"@id":"https:\/\/hello-suns.com\/es\/#website"},"primaryImageOfPage":{"@id":"https:\/\/hello-suns.com\/es\/productos\/luxe\/#primaryimage"},"image":{"@id":"https:\/\/hello-suns.com\/es\/productos\/luxe\/#primaryimage"},"thumbnailUrl":"https:\/\/hello-suns.com\/app\/uploads\/2025\/01\/Luxe-SUNS-Main-Gazebo-MRG-Free-1-1.png","datePublished":"2025-01-21T09:34:09+00:00","dateModified":"2025-09-12T10:05:49+00:00","description":"\u00bfBuscas un cenador de lujo? SUNS ofrece cenadores de aluminio de lujo de alta calidad que combinan durabilidad y dise\u00f1o para un jard\u00edn con estilo.","breadcrumb":{"@id":"https:\/\/hello-suns.com\/es\/productos\/luxe\/#breadcrumb"},"inLanguage":"es-ES","potentialAction":[{"@type":"ReadAction","target":["https:\/\/hello-suns.com\/es\/productos\/luxe\/"]}]},{"@type":"ImageObject","inLanguage":"es-ES","@id":"https:\/\/hello-suns.com\/es\/productos\/luxe\/#primaryimage","url":"https:\/\/hello-suns.com\/app\/uploads\/2025\/01\/Luxe-SUNS-Main-Gazebo-MRG-Free-1-1.png","contentUrl":"https:\/\/hello-suns.com\/app\/uploads\/2025\/01\/Luxe-SUNS-Main-Gazebo-MRG-Free-1-1.png","width":2500,"height":1667},{"@type":"BreadcrumbList","@id":"https:\/\/hello-suns.com\/es\/productos\/luxe\/#breadcrumb","itemListElement":[{"@type":"ListItem","position":1,"name":"","item":"https:\/\/hello-suns.com\/es\/"},{"@type":"ListItem","position":2,"name":"Productos","item":"https:\/\/hello-suns.com\/es\/productos\/"},{"@type":"ListItem","position":3,"name":"Luxe"}]},{"@type":"WebSite","@id":"https:\/\/hello-suns.com\/es\/#website","url":"https:\/\/hello-suns.com\/es\/","name":"SUNS","description":"Outdoor Lifestyle","potentialAction":[{"@type":"SearchAction","target":{"@type":"EntryPoint","urlTemplate":"https:\/\/hello-suns.com\/es\/?s={search_term_string}"},"query-input":{"@type":"PropertyValueSpecification","valueRequired":true,"valueName":"search_term_string"}}],"inLanguage":"es-ES"}]}},"_links":{"self":[{"href":"https:\/\/hello-suns.com\/es\/wp-json\/wp\/v2\/product\/16691","targetHints":{"allow":["GET"]}}],"collection":[{"href":"https:\/\/hello-suns.com\/es\/wp-json\/wp\/v2\/product"}],"about":[{"href":"https:\/\/hello-suns.com\/es\/wp-json\/wp\/v2\/types\/product"}],"replies":[{"embeddable":true,"href":"https:\/\/hello-suns.com\/es\/wp-json\/wp\/v2\/comments?post=16691"}],"wp:featuredmedia":[{"embeddable":true,"href":"https:\/\/hello-suns.com\/es\/wp-json\/wp\/v2\/media\/16633"}],"wp:attachment":[{"href":"https:\/\/hello-suns.com\/es\/wp-json\/wp\/v2\/media?parent=16691"}],"wp:term":[{"taxonomy":"product_brand","embeddable":true,"href":"https:\/\/hello-suns.com\/es\/wp-json\/wp\/v2\/product_brand?post=16691"},{"taxonomy":"product_cat","embeddable":true,"href":"https:\/\/hello-suns.com\/es\/wp-json\/wp\/v2\/product_cat?post=16691"},{"taxonomy":"product_tag","embeddable":true,"href":"https:\/\/hello-suns.com\/es\/wp-json\/wp\/v2\/product_tag?post=16691"},{"taxonomy":"material","embeddable":true,"href":"https:\/\/hello-suns.com\/es\/wp-json\/wp\/v2\/material?post=16691"}],"curies":[{"name":"wp","href":"https:\/\/api.w.org\/{rel}","templated":true}]}}