{"id":16661,"date":"2025-01-22T11:03:59","date_gmt":"2025-01-22T11:03:59","guid":{"rendered":"https:\/\/hello-suns.com\/producten\/aspen-redondo-2\/"},"modified":"2025-09-23T07:09:29","modified_gmt":"2025-09-23T07:09:29","slug":"aspen-redondo-mesitas-auxiliares","status":"publish","type":"product","link":"https:\/\/hello-suns.com\/es\/productos\/aspen-redondo-mesitas-auxiliares\/","title":{"rendered":"Aspen | redondo"},"content":{"rendered":"<h2 style=\"font-weight: 400;\"><span class=\"TextRun SCXW265764827 BCX0\" lang=\"NL-NL\" xml:lang=\"NL-NL\" data-contrast=\"auto\"><span class=\"NormalTextRun SCXW265764827 BCX0\">En <\/span><span class=\"NormalTextRun SpellingErrorV2Themed SCXW265764827 BCX0\">tu<\/span><span class=\"NormalTextRun SCXW265764827 BCX0\"> lado<\/span><\/span><\/h2>\n<p style=\"font-weight: 400;\"><span class=\"TextRun SCXW259872473 BCX0\" lang=\"NL-NL\" xml:lang=\"NL-NL\" data-contrast=\"auto\"><span class=\"NormalTextRun SCXW259872473 BCX0\">Espacio para un vaso, un plato o un libro&#8230; una mesa auxiliar siempre es una buena idea.<\/span><\/span><\/p>\n","protected":false},"excerpt":{"rendered":"<h3><span class=\"TextRun SCXW231634688 BCX0\" lang=\"NL-NL\" xml:lang=\"NL-NL\" data-contrast=\"auto\"><span class=\"NormalTextRun SCXW231634688 BCX0\">Bellamente pr\u00e1ctico<\/span><\/span><\/h3>\n<p><span data-contrast=\"auto\">La mesa de sal\u00f3n Aspen est\u00e1 hecha de teca pura y es indispensable con tu conjunto de sal\u00f3n o sof\u00e1 Aspen. Pero esta hermosa mesa tambi\u00e9n se siente como en casa con otros asientos y muebles de sal\u00f3n SUNS. <\/span><span data-contrast=\"auto\">Como los dem\u00e1s productos de la colecci\u00f3n Aspen, puedes dejar esta mesa en el exterior todo el a\u00f1o.<\/span><\/p>\n","protected":false},"featured_media":16663,"comment_status":"closed","ping_status":"closed","template":"","meta":{"_acf_changed":false},"product_brand":[],"product_cat":[797,817,818],"product_tag":[],"material":[],"class_list":{"0":"post-16661","1":"product","2":"type-product","3":"status-publish","4":"has-post-thumbnail","6":"product_cat-you-create-es","7":"product_cat-styling","8":"product_cat-mesitas-auxiliares","10":"first","11":"instock","12":"shipping-taxable","13":"product-type-simple"},"acf":[],"yoast_head":"<!-- This site is optimized with the Yoast SEO plugin v26.8 - https:\/\/yoast.com\/product\/yoast-seo-wordpress\/ -->\n<title>Mesa auxiliar Aspen redonda | SUNS Outdoor Lifestyle<\/title>\n<meta name=\"description\" content=\"\u00bfBuscas una mesa auxiliar redonda de \u00e1lamo? SUNS te ofrece mesas auxiliares elegantes y duraderas fabricadas con materiales de alta calidad, perfectas para complementar tu juego de sal\u00f3n.\" \/>\n<meta name=\"robots\" content=\"index, follow, max-snippet:-1, max-image-preview:large, max-video-preview:-1\" \/>\n<link rel=\"canonical\" href=\"https:\/\/hello-suns.com\/es\/productos\/aspen-redondo-mesitas-auxiliares\/\" \/>\n<meta property=\"og:locale\" content=\"es_ES\" \/>\n<meta property=\"og:type\" content=\"article\" \/>\n<meta property=\"og:title\" content=\"Mesa auxiliar Aspen redonda | SUNS Outdoor Lifestyle\" \/>\n<meta property=\"og:description\" content=\"\u00bfBuscas una mesa auxiliar redonda de \u00e1lamo? SUNS te ofrece mesas auxiliares elegantes y duraderas fabricadas con materiales de alta calidad, perfectas para complementar tu juego de sal\u00f3n.\" \/>\n<meta property=\"og:url\" content=\"https:\/\/hello-suns.com\/es\/productos\/aspen-redondo-mesitas-auxiliares\/\" \/>\n<meta property=\"og:site_name\" content=\"SUNS\" \/>\n<meta property=\"article:modified_time\" content=\"2025-09-23T07:09:29+00:00\" \/>\n<meta property=\"og:image\" content=\"https:\/\/hello-suns.com\/app\/uploads\/2025\/01\/Aspen-SUNS-Sidetable-round-TK-free-25-2500.png\" \/>\n\t<meta property=\"og:image:width\" content=\"2500\" \/>\n\t<meta property=\"og:image:height\" content=\"1667\" \/>\n\t<meta property=\"og:image:type\" content=\"image\/png\" \/>\n<meta name=\"twitter:card\" content=\"summary_large_image\" \/>\n<meta name=\"twitter:label1\" content=\"Est. reading time\" \/>\n\t<meta name=\"twitter:data1\" content=\"2 minutes\" \/>\n<script type=\"application\/ld+json\" class=\"yoast-schema-graph\">{\"@context\":\"https:\/\/schema.org\",\"@graph\":[{\"@type\":\"WebPage\",\"@id\":\"https:\/\/hello-suns.com\/es\/productos\/aspen-redondo-mesitas-auxiliares\/\",\"url\":\"https:\/\/hello-suns.com\/es\/productos\/aspen-redondo-mesitas-auxiliares\/\",\"name\":\"Mesa auxiliar Aspen redonda | SUNS Outdoor Lifestyle\",\"isPartOf\":{\"@id\":\"https:\/\/hello-suns.com\/es\/#website\"},\"primaryImageOfPage\":{\"@id\":\"https:\/\/hello-suns.com\/es\/productos\/aspen-redondo-mesitas-auxiliares\/#primaryimage\"},\"image\":{\"@id\":\"https:\/\/hello-suns.com\/es\/productos\/aspen-redondo-mesitas-auxiliares\/#primaryimage\"},\"thumbnailUrl\":\"https:\/\/hello-suns.com\/app\/uploads\/2025\/01\/Aspen-SUNS-Sidetable-round-TK-free-25-2500.png\",\"datePublished\":\"2025-01-22T11:03:59+00:00\",\"dateModified\":\"2025-09-23T07:09:29+00:00\",\"description\":\"\u00bfBuscas una mesa auxiliar redonda de \u00e1lamo? SUNS te ofrece mesas auxiliares elegantes y duraderas fabricadas con materiales de alta calidad, perfectas para complementar tu juego de sal\u00f3n.\",\"breadcrumb\":{\"@id\":\"https:\/\/hello-suns.com\/es\/productos\/aspen-redondo-mesitas-auxiliares\/#breadcrumb\"},\"inLanguage\":\"es-ES\",\"potentialAction\":[{\"@type\":\"ReadAction\",\"target\":[\"https:\/\/hello-suns.com\/es\/productos\/aspen-redondo-mesitas-auxiliares\/\"]}]},{\"@type\":\"ImageObject\",\"inLanguage\":\"es-ES\",\"@id\":\"https:\/\/hello-suns.com\/es\/productos\/aspen-redondo-mesitas-auxiliares\/#primaryimage\",\"url\":\"https:\/\/hello-suns.com\/app\/uploads\/2025\/01\/Aspen-SUNS-Sidetable-round-TK-free-25-2500.png\",\"contentUrl\":\"https:\/\/hello-suns.com\/app\/uploads\/2025\/01\/Aspen-SUNS-Sidetable-round-TK-free-25-2500.png\",\"width\":2500,\"height\":1667},{\"@type\":\"BreadcrumbList\",\"@id\":\"https:\/\/hello-suns.com\/es\/productos\/aspen-redondo-mesitas-auxiliares\/#breadcrumb\",\"itemListElement\":[{\"@type\":\"ListItem\",\"position\":1,\"name\":\"\",\"item\":\"https:\/\/hello-suns.com\/es\/\"},{\"@type\":\"ListItem\",\"position\":2,\"name\":\"Productos\",\"item\":\"https:\/\/hello-suns.com\/es\/productos\/\"},{\"@type\":\"ListItem\",\"position\":3,\"name\":\"Aspen | redondo\"}]},{\"@type\":\"WebSite\",\"@id\":\"https:\/\/hello-suns.com\/es\/#website\",\"url\":\"https:\/\/hello-suns.com\/es\/\",\"name\":\"SUNS\",\"description\":\"Outdoor Lifestyle\",\"potentialAction\":[{\"@type\":\"SearchAction\",\"target\":{\"@type\":\"EntryPoint\",\"urlTemplate\":\"https:\/\/hello-suns.com\/es\/?s={search_term_string}\"},\"query-input\":{\"@type\":\"PropertyValueSpecification\",\"valueRequired\":true,\"valueName\":\"search_term_string\"}}],\"inLanguage\":\"es-ES\"}]}<\/script>\n<!-- \/ Yoast SEO plugin. -->","yoast_head_json":{"title":"Mesa auxiliar Aspen redonda | SUNS Outdoor Lifestyle","description":"\u00bfBuscas una mesa auxiliar redonda de \u00e1lamo? SUNS te ofrece mesas auxiliares elegantes y duraderas fabricadas con materiales de alta calidad, perfectas para complementar tu juego de sal\u00f3n.","robots":{"index":"index","follow":"follow","max-snippet":"max-snippet:-1","max-image-preview":"max-image-preview:large","max-video-preview":"max-video-preview:-1"},"canonical":"https:\/\/hello-suns.com\/es\/productos\/aspen-redondo-mesitas-auxiliares\/","og_locale":"es_ES","og_type":"article","og_title":"Mesa auxiliar Aspen redonda | SUNS Outdoor Lifestyle","og_description":"\u00bfBuscas una mesa auxiliar redonda de \u00e1lamo? SUNS te ofrece mesas auxiliares elegantes y duraderas fabricadas con materiales de alta calidad, perfectas para complementar tu juego de sal\u00f3n.","og_url":"https:\/\/hello-suns.com\/es\/productos\/aspen-redondo-mesitas-auxiliares\/","og_site_name":"SUNS","article_modified_time":"2025-09-23T07:09:29+00:00","og_image":[{"width":2500,"height":1667,"url":"https:\/\/hello-suns.com\/app\/uploads\/2025\/01\/Aspen-SUNS-Sidetable-round-TK-free-25-2500.png","type":"image\/png"}],"twitter_card":"summary_large_image","twitter_misc":{"Est. reading time":"2 minutes"},"schema":{"@context":"https:\/\/schema.org","@graph":[{"@type":"WebPage","@id":"https:\/\/hello-suns.com\/es\/productos\/aspen-redondo-mesitas-auxiliares\/","url":"https:\/\/hello-suns.com\/es\/productos\/aspen-redondo-mesitas-auxiliares\/","name":"Mesa auxiliar Aspen redonda | SUNS Outdoor Lifestyle","isPartOf":{"@id":"https:\/\/hello-suns.com\/es\/#website"},"primaryImageOfPage":{"@id":"https:\/\/hello-suns.com\/es\/productos\/aspen-redondo-mesitas-auxiliares\/#primaryimage"},"image":{"@id":"https:\/\/hello-suns.com\/es\/productos\/aspen-redondo-mesitas-auxiliares\/#primaryimage"},"thumbnailUrl":"https:\/\/hello-suns.com\/app\/uploads\/2025\/01\/Aspen-SUNS-Sidetable-round-TK-free-25-2500.png","datePublished":"2025-01-22T11:03:59+00:00","dateModified":"2025-09-23T07:09:29+00:00","description":"\u00bfBuscas una mesa auxiliar redonda de \u00e1lamo? SUNS te ofrece mesas auxiliares elegantes y duraderas fabricadas con materiales de alta calidad, perfectas para complementar tu juego de sal\u00f3n.","breadcrumb":{"@id":"https:\/\/hello-suns.com\/es\/productos\/aspen-redondo-mesitas-auxiliares\/#breadcrumb"},"inLanguage":"es-ES","potentialAction":[{"@type":"ReadAction","target":["https:\/\/hello-suns.com\/es\/productos\/aspen-redondo-mesitas-auxiliares\/"]}]},{"@type":"ImageObject","inLanguage":"es-ES","@id":"https:\/\/hello-suns.com\/es\/productos\/aspen-redondo-mesitas-auxiliares\/#primaryimage","url":"https:\/\/hello-suns.com\/app\/uploads\/2025\/01\/Aspen-SUNS-Sidetable-round-TK-free-25-2500.png","contentUrl":"https:\/\/hello-suns.com\/app\/uploads\/2025\/01\/Aspen-SUNS-Sidetable-round-TK-free-25-2500.png","width":2500,"height":1667},{"@type":"BreadcrumbList","@id":"https:\/\/hello-suns.com\/es\/productos\/aspen-redondo-mesitas-auxiliares\/#breadcrumb","itemListElement":[{"@type":"ListItem","position":1,"name":"","item":"https:\/\/hello-suns.com\/es\/"},{"@type":"ListItem","position":2,"name":"Productos","item":"https:\/\/hello-suns.com\/es\/productos\/"},{"@type":"ListItem","position":3,"name":"Aspen | redondo"}]},{"@type":"WebSite","@id":"https:\/\/hello-suns.com\/es\/#website","url":"https:\/\/hello-suns.com\/es\/","name":"SUNS","description":"Outdoor Lifestyle","potentialAction":[{"@type":"SearchAction","target":{"@type":"EntryPoint","urlTemplate":"https:\/\/hello-suns.com\/es\/?s={search_term_string}"},"query-input":{"@type":"PropertyValueSpecification","valueRequired":true,"valueName":"search_term_string"}}],"inLanguage":"es-ES"}]}},"_links":{"self":[{"href":"https:\/\/hello-suns.com\/es\/wp-json\/wp\/v2\/product\/16661","targetHints":{"allow":["GET"]}}],"collection":[{"href":"https:\/\/hello-suns.com\/es\/wp-json\/wp\/v2\/product"}],"about":[{"href":"https:\/\/hello-suns.com\/es\/wp-json\/wp\/v2\/types\/product"}],"replies":[{"embeddable":true,"href":"https:\/\/hello-suns.com\/es\/wp-json\/wp\/v2\/comments?post=16661"}],"wp:featuredmedia":[{"embeddable":true,"href":"https:\/\/hello-suns.com\/es\/wp-json\/wp\/v2\/media\/16663"}],"wp:attachment":[{"href":"https:\/\/hello-suns.com\/es\/wp-json\/wp\/v2\/media?parent=16661"}],"wp:term":[{"taxonomy":"product_brand","embeddable":true,"href":"https:\/\/hello-suns.com\/es\/wp-json\/wp\/v2\/product_brand?post=16661"},{"taxonomy":"product_cat","embeddable":true,"href":"https:\/\/hello-suns.com\/es\/wp-json\/wp\/v2\/product_cat?post=16661"},{"taxonomy":"product_tag","embeddable":true,"href":"https:\/\/hello-suns.com\/es\/wp-json\/wp\/v2\/product_tag?post=16661"},{"taxonomy":"material","embeddable":true,"href":"https:\/\/hello-suns.com\/es\/wp-json\/wp\/v2\/material?post=16661"}],"curies":[{"name":"wp","href":"https:\/\/api.w.org\/{rel}","templated":true}]}}