{"id":16650,"date":"2025-01-27T10:16:28","date_gmt":"2025-01-27T09:16:28","guid":{"rendered":"https:\/\/hello-suns.com\/producten\/cubiertas\/"},"modified":"2026-03-30T17:10:34","modified_gmt":"2026-03-30T15:10:34","slug":"covers","status":"publish","type":"product","link":"https:\/\/hello-suns.com\/es\/productos\/covers\/","title":{"rendered":"Covers"},"content":{"rendered":"<h2 style=\"font-weight: 400;\">Una funda adecuada para cada juego<\/h2>\n<p class=\"p1\">Protege tus muebles de jard\u00edn durante el invierno y disfruta de una radiante vida al aire libre inmediatamente en verano, sin las molestias de una gran limpieza.<\/p>\n","protected":false},"excerpt":{"rendered":"<h3 style=\"font-weight: 400;\">La protecci\u00f3n definitiva<\/h3>\n<p class=\"p1\">Protecci\u00f3n de primera para tus muebles de jard\u00edn con las fundas SUNS de alta calidad. Estas resistentes fundas de lona protegen tus muebles de exterior de las inclemencias del tiempo y son impermeables, no desti\u00f1en y transpirables. Cada funda est\u00e1 dise\u00f1ada para durar, se ajusta perfectamente y mantiene tus muebles en perfecto estado todo el a\u00f1o. Adem\u00e1s, vienen con una pr\u00e1ctica bolsa de almacenamiento para que puedas guardarlas f\u00e1cilmente cuando no las utilices. Gracias a su tejido transpirable, nuestras fundas son perfectas para los muebles de teca. Las fundas est\u00e1n dise\u00f1adas \u00fanicamente para su uso en productos secos; nunca cubra los muebles cuando est\u00e9n h\u00famedos para evitar moho y da\u00f1os.<\/p>\n<p class=\"p1\">\n\u00bfBuscas una funda adecuada? <a href=\"https:\/\/hello-suns.com\/es\/ponte-en-contacto-con\/\">Ponte en contacto con nosotros<\/a> para ver qu\u00e9 funda se adapta a tus muebles de exterior.<\/p>\n","protected":false},"featured_media":16654,"comment_status":"closed","ping_status":"closed","template":"","meta":{"_acf_changed":false},"product_brand":[],"product_cat":[814,815],"product_tag":[],"material":[],"class_list":{"0":"post-16650","1":"product","2":"type-product","3":"status-publish","4":"has-post-thumbnail","6":"product_cat-protect","7":"product_cat-fundas-protectoras","9":"first","10":"instock","11":"shipping-taxable","12":"product-type-simple"},"acf":[],"yoast_head":"<!-- This site is optimized with the Yoast SEO plugin v26.8 - https:\/\/yoast.com\/product\/yoast-seo-wordpress\/ -->\n<title>Descubre las fundas | SUNS Outdoor Lifestyle<\/title>\n<meta name=\"description\" content=\"\u00bfBuscas fundas? SUNS ofrece fundas de alta calidad que son superresistentes, hidr\u00f3fugas, de colores s\u00f3lidos, duraderas y transpirables.\" \/>\n<meta name=\"robots\" content=\"index, follow, max-snippet:-1, max-image-preview:large, max-video-preview:-1\" \/>\n<link rel=\"canonical\" href=\"https:\/\/hello-suns.com\/es\/productos\/covers\/\" \/>\n<meta property=\"og:locale\" content=\"es_ES\" \/>\n<meta property=\"og:type\" content=\"article\" \/>\n<meta property=\"og:title\" content=\"Descubre las fundas | SUNS Outdoor Lifestyle\" \/>\n<meta property=\"og:description\" content=\"\u00bfBuscas fundas? SUNS ofrece fundas de alta calidad que son superresistentes, hidr\u00f3fugas, de colores s\u00f3lidos, duraderas y transpirables.\" \/>\n<meta property=\"og:url\" content=\"https:\/\/hello-suns.com\/es\/productos\/covers\/\" \/>\n<meta property=\"og:site_name\" content=\"SUNS\" \/>\n<meta property=\"article:modified_time\" content=\"2026-03-30T15:10:34+00:00\" \/>\n<meta property=\"og:image\" content=\"https:\/\/hello-suns.com\/app\/uploads\/2025\/01\/01_Cover-SUNS-Daybed-Free-24-2-2500.png\" \/>\n\t<meta property=\"og:image:width\" content=\"2500\" \/>\n\t<meta property=\"og:image:height\" content=\"1667\" \/>\n\t<meta property=\"og:image:type\" content=\"image\/png\" \/>\n<meta name=\"twitter:card\" content=\"summary_large_image\" \/>\n<meta name=\"twitter:label1\" content=\"Est. reading time\" \/>\n\t<meta name=\"twitter:data1\" content=\"2 minutes\" \/>\n<script type=\"application\/ld+json\" class=\"yoast-schema-graph\">{\"@context\":\"https:\/\/schema.org\",\"@graph\":[{\"@type\":\"WebPage\",\"@id\":\"https:\/\/hello-suns.com\/es\/productos\/covers\/\",\"url\":\"https:\/\/hello-suns.com\/es\/productos\/covers\/\",\"name\":\"Descubre las fundas | SUNS Outdoor Lifestyle\",\"isPartOf\":{\"@id\":\"https:\/\/hello-suns.com\/es\/#website\"},\"primaryImageOfPage\":{\"@id\":\"https:\/\/hello-suns.com\/es\/productos\/covers\/#primaryimage\"},\"image\":{\"@id\":\"https:\/\/hello-suns.com\/es\/productos\/covers\/#primaryimage\"},\"thumbnailUrl\":\"https:\/\/hello-suns.com\/app\/uploads\/2025\/01\/01_Cover-SUNS-Daybed-Free-24-2-2500.png\",\"datePublished\":\"2025-01-27T09:16:28+00:00\",\"dateModified\":\"2026-03-30T15:10:34+00:00\",\"description\":\"\u00bfBuscas fundas? SUNS ofrece fundas de alta calidad que son superresistentes, hidr\u00f3fugas, de colores s\u00f3lidos, duraderas y transpirables.\",\"breadcrumb\":{\"@id\":\"https:\/\/hello-suns.com\/es\/productos\/covers\/#breadcrumb\"},\"inLanguage\":\"es-ES\",\"potentialAction\":[{\"@type\":\"ReadAction\",\"target\":[\"https:\/\/hello-suns.com\/es\/productos\/covers\/\"]}]},{\"@type\":\"ImageObject\",\"inLanguage\":\"es-ES\",\"@id\":\"https:\/\/hello-suns.com\/es\/productos\/covers\/#primaryimage\",\"url\":\"https:\/\/hello-suns.com\/app\/uploads\/2025\/01\/01_Cover-SUNS-Daybed-Free-24-2-2500.png\",\"contentUrl\":\"https:\/\/hello-suns.com\/app\/uploads\/2025\/01\/01_Cover-SUNS-Daybed-Free-24-2-2500.png\",\"width\":2500,\"height\":1667},{\"@type\":\"BreadcrumbList\",\"@id\":\"https:\/\/hello-suns.com\/es\/productos\/covers\/#breadcrumb\",\"itemListElement\":[{\"@type\":\"ListItem\",\"position\":1,\"name\":\"\",\"item\":\"https:\/\/hello-suns.com\/es\/\"},{\"@type\":\"ListItem\",\"position\":2,\"name\":\"Productos\",\"item\":\"https:\/\/hello-suns.com\/es\/productos\/\"},{\"@type\":\"ListItem\",\"position\":3,\"name\":\"Covers\"}]},{\"@type\":\"WebSite\",\"@id\":\"https:\/\/hello-suns.com\/es\/#website\",\"url\":\"https:\/\/hello-suns.com\/es\/\",\"name\":\"SUNS\",\"description\":\"Outdoor Lifestyle\",\"potentialAction\":[{\"@type\":\"SearchAction\",\"target\":{\"@type\":\"EntryPoint\",\"urlTemplate\":\"https:\/\/hello-suns.com\/es\/?s={search_term_string}\"},\"query-input\":{\"@type\":\"PropertyValueSpecification\",\"valueRequired\":true,\"valueName\":\"search_term_string\"}}],\"inLanguage\":\"es-ES\"}]}<\/script>\n<!-- \/ Yoast SEO plugin. -->","yoast_head_json":{"title":"Descubre las fundas | SUNS Outdoor Lifestyle","description":"\u00bfBuscas fundas? SUNS ofrece fundas de alta calidad que son superresistentes, hidr\u00f3fugas, de colores s\u00f3lidos, duraderas y transpirables.","robots":{"index":"index","follow":"follow","max-snippet":"max-snippet:-1","max-image-preview":"max-image-preview:large","max-video-preview":"max-video-preview:-1"},"canonical":"https:\/\/hello-suns.com\/es\/productos\/covers\/","og_locale":"es_ES","og_type":"article","og_title":"Descubre las fundas | SUNS Outdoor Lifestyle","og_description":"\u00bfBuscas fundas? SUNS ofrece fundas de alta calidad que son superresistentes, hidr\u00f3fugas, de colores s\u00f3lidos, duraderas y transpirables.","og_url":"https:\/\/hello-suns.com\/es\/productos\/covers\/","og_site_name":"SUNS","article_modified_time":"2026-03-30T15:10:34+00:00","og_image":[{"width":2500,"height":1667,"url":"https:\/\/hello-suns.com\/app\/uploads\/2025\/01\/01_Cover-SUNS-Daybed-Free-24-2-2500.png","type":"image\/png"}],"twitter_card":"summary_large_image","twitter_misc":{"Est. reading time":"2 minutes"},"schema":{"@context":"https:\/\/schema.org","@graph":[{"@type":"WebPage","@id":"https:\/\/hello-suns.com\/es\/productos\/covers\/","url":"https:\/\/hello-suns.com\/es\/productos\/covers\/","name":"Descubre las fundas | SUNS Outdoor Lifestyle","isPartOf":{"@id":"https:\/\/hello-suns.com\/es\/#website"},"primaryImageOfPage":{"@id":"https:\/\/hello-suns.com\/es\/productos\/covers\/#primaryimage"},"image":{"@id":"https:\/\/hello-suns.com\/es\/productos\/covers\/#primaryimage"},"thumbnailUrl":"https:\/\/hello-suns.com\/app\/uploads\/2025\/01\/01_Cover-SUNS-Daybed-Free-24-2-2500.png","datePublished":"2025-01-27T09:16:28+00:00","dateModified":"2026-03-30T15:10:34+00:00","description":"\u00bfBuscas fundas? SUNS ofrece fundas de alta calidad que son superresistentes, hidr\u00f3fugas, de colores s\u00f3lidos, duraderas y transpirables.","breadcrumb":{"@id":"https:\/\/hello-suns.com\/es\/productos\/covers\/#breadcrumb"},"inLanguage":"es-ES","potentialAction":[{"@type":"ReadAction","target":["https:\/\/hello-suns.com\/es\/productos\/covers\/"]}]},{"@type":"ImageObject","inLanguage":"es-ES","@id":"https:\/\/hello-suns.com\/es\/productos\/covers\/#primaryimage","url":"https:\/\/hello-suns.com\/app\/uploads\/2025\/01\/01_Cover-SUNS-Daybed-Free-24-2-2500.png","contentUrl":"https:\/\/hello-suns.com\/app\/uploads\/2025\/01\/01_Cover-SUNS-Daybed-Free-24-2-2500.png","width":2500,"height":1667},{"@type":"BreadcrumbList","@id":"https:\/\/hello-suns.com\/es\/productos\/covers\/#breadcrumb","itemListElement":[{"@type":"ListItem","position":1,"name":"","item":"https:\/\/hello-suns.com\/es\/"},{"@type":"ListItem","position":2,"name":"Productos","item":"https:\/\/hello-suns.com\/es\/productos\/"},{"@type":"ListItem","position":3,"name":"Covers"}]},{"@type":"WebSite","@id":"https:\/\/hello-suns.com\/es\/#website","url":"https:\/\/hello-suns.com\/es\/","name":"SUNS","description":"Outdoor Lifestyle","potentialAction":[{"@type":"SearchAction","target":{"@type":"EntryPoint","urlTemplate":"https:\/\/hello-suns.com\/es\/?s={search_term_string}"},"query-input":{"@type":"PropertyValueSpecification","valueRequired":true,"valueName":"search_term_string"}}],"inLanguage":"es-ES"}]}},"_links":{"self":[{"href":"https:\/\/hello-suns.com\/es\/wp-json\/wp\/v2\/product\/16650","targetHints":{"allow":["GET"]}}],"collection":[{"href":"https:\/\/hello-suns.com\/es\/wp-json\/wp\/v2\/product"}],"about":[{"href":"https:\/\/hello-suns.com\/es\/wp-json\/wp\/v2\/types\/product"}],"replies":[{"embeddable":true,"href":"https:\/\/hello-suns.com\/es\/wp-json\/wp\/v2\/comments?post=16650"}],"wp:featuredmedia":[{"embeddable":true,"href":"https:\/\/hello-suns.com\/es\/wp-json\/wp\/v2\/media\/16654"}],"wp:attachment":[{"href":"https:\/\/hello-suns.com\/es\/wp-json\/wp\/v2\/media?parent=16650"}],"wp:term":[{"taxonomy":"product_brand","embeddable":true,"href":"https:\/\/hello-suns.com\/es\/wp-json\/wp\/v2\/product_brand?post=16650"},{"taxonomy":"product_cat","embeddable":true,"href":"https:\/\/hello-suns.com\/es\/wp-json\/wp\/v2\/product_cat?post=16650"},{"taxonomy":"product_tag","embeddable":true,"href":"https:\/\/hello-suns.com\/es\/wp-json\/wp\/v2\/product_tag?post=16650"},{"taxonomy":"material","embeddable":true,"href":"https:\/\/hello-suns.com\/es\/wp-json\/wp\/v2\/material?post=16650"}],"curies":[{"name":"wp","href":"https:\/\/api.w.org\/{rel}","templated":true}]}}