{"id":16649,"date":"2025-01-28T14:40:43","date_gmt":"2025-01-28T13:40:43","guid":{"rendered":"https:\/\/hello-suns.com\/producten\/santorini\/"},"modified":"2025-09-09T12:12:48","modified_gmt":"2025-09-09T12:12:48","slug":"santorini","status":"publish","type":"product","link":"https:\/\/hello-suns.com\/es\/productos\/santorini\/","title":{"rendered":"Santorini"},"content":{"rendered":"<h2 style=\"font-weight: 400;\"><span class=\"TextRun SCXW28302294 BCX0\" lang=\"NL-NL\" xml:lang=\"NL-NL\" data-contrast=\"auto\"><span class=\"NormalTextRun SCXW28302294 BCX0\">Donde empieza la relajaci\u00f3n total<\/span><\/span><\/h2>\n<p style=\"font-weight: 400;\"><span class=\"TextRun SCXW182109827 BCX0\" lang=\"NL-NL\" xml:lang=\"NL-NL\" data-contrast=\"auto\"><span class=\"NormalTextRun SCXW182109827 BCX0\">Salas<\/span><span class=\"NormalTextRun SCXW182109827 BCX0\">permiten<\/span> <span class=\"NormalTextRun SpellingErrorV2Themed SCXW182109827 BCX0\">Santorini<\/span> <span class=\"NormalTextRun SCXW182109827 BCX0\">ofrece innegablemente un perfecto<\/span><span class=\"NormalTextRun SCXW182109827 BCX0\"> comodidad de asiento. <\/span><span class=\"NormalTextRun SCXW182109827 BCX0\">Pero con eso nos quedamos cortos en esta creaci\u00f3n de SUNS, porque gracias al reposapi\u00e9s opcional <\/span><span class=\"NormalTextRun SCXW182109827 BCX0\">reposapi\u00e9s<\/span><span class=\"NormalTextRun SCXW182109827 BCX0\">descansar es realmente relajante.<\/span><\/span><\/p>\n","protected":false},"excerpt":{"rendered":"<h3 style=\"font-weight: 400;\"><span class=\"TextRun SCXW26647311 BCX0\" lang=\"NL-NL\" xml:lang=\"NL-NL\" data-contrast=\"auto\"><span class=\"NormalTextRun SpellingErrorV2Themed SCXW26647311 BCX0\">Tumbona<\/span><span class=\"NormalTextRun SCXW26647311 BCX0\"> y <\/span><span class=\"NormalTextRun SCXW26647311 BCX0\">hocker<\/span><span class=\"NormalTextRun SCXW26647311 BCX0\"> en forma \u00f3ptima<\/span><\/span><\/h3>\n<p><span data-contrast=\"auto\">Con su encantadora forma y su sofisticado trabajo de cuerda, la tumbona Santorini es indispensable para tu jard\u00edn o terraza. El trabajo de cuerda de alta calidad en el respaldo y los reposabrazos es un tejido de moda que crea una silla con car\u00e1cter propio. <\/span><span data-contrast=\"auto\">Los c\u00f3modos cojines son, como cabe esperar de SUNS, duraderos, resistentes a la intemperie y f\u00e1ciles de cuidar. Naturalmente, lo mismo se aplica a la robusta estructura de aluminio. Tanto la estructura como el cordaje y los cojines est\u00e1n disponibles en varios colores. <\/span> <span data-contrast=\"auto\">El taburete opcional encaja perfectamente en esa imagen. En la l\u00ednea Santorini tambi\u00e9n hay disponibles una silla y un conjunto completo de sof\u00e1. <\/span><\/p>\n","protected":false},"featured_media":16651,"comment_status":"closed","ping_status":"closed","template":"","meta":{"_acf_changed":false},"product_brand":[],"product_cat":[796],"product_tag":[],"material":[],"class_list":{"0":"post-16649","1":"product","2":"type-product","3":"status-publish","4":"has-post-thumbnail","6":"product_cat-sillas-lounge","8":"first","9":"instock","10":"shipping-taxable","11":"product-type-simple"},"acf":[],"yoast_head":"<!-- This site is optimized with the Yoast SEO plugin v26.8 - https:\/\/yoast.com\/product\/yoast-seo-wordpress\/ -->\n<title>Tumbona Santorini | SUNS muebles de jard\u00edn<\/title>\n<meta name=\"description\" content=\"\u00bfBuscas la tumbona Santorini? SUNS te ofrece la tumbona Santorini de alta calidad, que combina durabilidad y dise\u00f1o.\" \/>\n<meta name=\"robots\" content=\"index, follow, max-snippet:-1, max-image-preview:large, max-video-preview:-1\" \/>\n<link rel=\"canonical\" href=\"https:\/\/hello-suns.com\/es\/productos\/santorini\/\" \/>\n<meta property=\"og:locale\" content=\"es_ES\" \/>\n<meta property=\"og:type\" content=\"article\" \/>\n<meta property=\"og:title\" content=\"Tumbona Santorini | SUNS muebles de jard\u00edn\" \/>\n<meta property=\"og:description\" content=\"\u00bfBuscas la tumbona Santorini? SUNS te ofrece la tumbona Santorini de alta calidad, que combina durabilidad y dise\u00f1o.\" \/>\n<meta property=\"og:url\" content=\"https:\/\/hello-suns.com\/es\/productos\/santorini\/\" \/>\n<meta property=\"og:site_name\" content=\"SUNS\" \/>\n<meta property=\"article:modified_time\" content=\"2025-09-09T12:12:48+00:00\" \/>\n<meta property=\"og:image\" content=\"https:\/\/hello-suns.com\/app\/uploads\/2025\/01\/Santorini-SUNS-loungechairhocker-CS-NMW-Free-25-1-2500-2.png\" \/>\n\t<meta property=\"og:image:width\" content=\"2500\" \/>\n\t<meta property=\"og:image:height\" content=\"1667\" \/>\n\t<meta property=\"og:image:type\" content=\"image\/png\" \/>\n<meta name=\"twitter:card\" content=\"summary_large_image\" \/>\n<meta name=\"twitter:label1\" content=\"Est. reading time\" \/>\n\t<meta name=\"twitter:data1\" content=\"3 minutes\" \/>\n<script type=\"application\/ld+json\" class=\"yoast-schema-graph\">{\"@context\":\"https:\/\/schema.org\",\"@graph\":[{\"@type\":\"WebPage\",\"@id\":\"https:\/\/hello-suns.com\/es\/productos\/santorini\/\",\"url\":\"https:\/\/hello-suns.com\/es\/productos\/santorini\/\",\"name\":\"Tumbona Santorini | SUNS muebles de jard\u00edn\",\"isPartOf\":{\"@id\":\"https:\/\/hello-suns.com\/es\/#website\"},\"primaryImageOfPage\":{\"@id\":\"https:\/\/hello-suns.com\/es\/productos\/santorini\/#primaryimage\"},\"image\":{\"@id\":\"https:\/\/hello-suns.com\/es\/productos\/santorini\/#primaryimage\"},\"thumbnailUrl\":\"https:\/\/hello-suns.com\/app\/uploads\/2025\/01\/Santorini-SUNS-loungechairhocker-CS-NMW-Free-25-1-2500-2.png\",\"datePublished\":\"2025-01-28T13:40:43+00:00\",\"dateModified\":\"2025-09-09T12:12:48+00:00\",\"description\":\"\u00bfBuscas la tumbona Santorini? SUNS te ofrece la tumbona Santorini de alta calidad, que combina durabilidad y dise\u00f1o.\",\"breadcrumb\":{\"@id\":\"https:\/\/hello-suns.com\/es\/productos\/santorini\/#breadcrumb\"},\"inLanguage\":\"es-ES\",\"potentialAction\":[{\"@type\":\"ReadAction\",\"target\":[\"https:\/\/hello-suns.com\/es\/productos\/santorini\/\"]}]},{\"@type\":\"ImageObject\",\"inLanguage\":\"es-ES\",\"@id\":\"https:\/\/hello-suns.com\/es\/productos\/santorini\/#primaryimage\",\"url\":\"https:\/\/hello-suns.com\/app\/uploads\/2025\/01\/Santorini-SUNS-loungechairhocker-CS-NMW-Free-25-1-2500-2.png\",\"contentUrl\":\"https:\/\/hello-suns.com\/app\/uploads\/2025\/01\/Santorini-SUNS-loungechairhocker-CS-NMW-Free-25-1-2500-2.png\",\"width\":2500,\"height\":1667},{\"@type\":\"BreadcrumbList\",\"@id\":\"https:\/\/hello-suns.com\/es\/productos\/santorini\/#breadcrumb\",\"itemListElement\":[{\"@type\":\"ListItem\",\"position\":1,\"name\":\"\",\"item\":\"https:\/\/hello-suns.com\/es\/\"},{\"@type\":\"ListItem\",\"position\":2,\"name\":\"Productos\",\"item\":\"https:\/\/hello-suns.com\/es\/productos\/\"},{\"@type\":\"ListItem\",\"position\":3,\"name\":\"Santorini\"}]},{\"@type\":\"WebSite\",\"@id\":\"https:\/\/hello-suns.com\/es\/#website\",\"url\":\"https:\/\/hello-suns.com\/es\/\",\"name\":\"SUNS\",\"description\":\"Outdoor Lifestyle\",\"potentialAction\":[{\"@type\":\"SearchAction\",\"target\":{\"@type\":\"EntryPoint\",\"urlTemplate\":\"https:\/\/hello-suns.com\/es\/?s={search_term_string}\"},\"query-input\":{\"@type\":\"PropertyValueSpecification\",\"valueRequired\":true,\"valueName\":\"search_term_string\"}}],\"inLanguage\":\"es-ES\"}]}<\/script>\n<!-- \/ Yoast SEO plugin. -->","yoast_head_json":{"title":"Tumbona Santorini | SUNS muebles de jard\u00edn","description":"\u00bfBuscas la tumbona Santorini? SUNS te ofrece la tumbona Santorini de alta calidad, que combina durabilidad y dise\u00f1o.","robots":{"index":"index","follow":"follow","max-snippet":"max-snippet:-1","max-image-preview":"max-image-preview:large","max-video-preview":"max-video-preview:-1"},"canonical":"https:\/\/hello-suns.com\/es\/productos\/santorini\/","og_locale":"es_ES","og_type":"article","og_title":"Tumbona Santorini | SUNS muebles de jard\u00edn","og_description":"\u00bfBuscas la tumbona Santorini? SUNS te ofrece la tumbona Santorini de alta calidad, que combina durabilidad y dise\u00f1o.","og_url":"https:\/\/hello-suns.com\/es\/productos\/santorini\/","og_site_name":"SUNS","article_modified_time":"2025-09-09T12:12:48+00:00","og_image":[{"width":2500,"height":1667,"url":"https:\/\/hello-suns.com\/app\/uploads\/2025\/01\/Santorini-SUNS-loungechairhocker-CS-NMW-Free-25-1-2500-2.png","type":"image\/png"}],"twitter_card":"summary_large_image","twitter_misc":{"Est. reading time":"3 minutes"},"schema":{"@context":"https:\/\/schema.org","@graph":[{"@type":"WebPage","@id":"https:\/\/hello-suns.com\/es\/productos\/santorini\/","url":"https:\/\/hello-suns.com\/es\/productos\/santorini\/","name":"Tumbona Santorini | SUNS muebles de jard\u00edn","isPartOf":{"@id":"https:\/\/hello-suns.com\/es\/#website"},"primaryImageOfPage":{"@id":"https:\/\/hello-suns.com\/es\/productos\/santorini\/#primaryimage"},"image":{"@id":"https:\/\/hello-suns.com\/es\/productos\/santorini\/#primaryimage"},"thumbnailUrl":"https:\/\/hello-suns.com\/app\/uploads\/2025\/01\/Santorini-SUNS-loungechairhocker-CS-NMW-Free-25-1-2500-2.png","datePublished":"2025-01-28T13:40:43+00:00","dateModified":"2025-09-09T12:12:48+00:00","description":"\u00bfBuscas la tumbona Santorini? SUNS te ofrece la tumbona Santorini de alta calidad, que combina durabilidad y dise\u00f1o.","breadcrumb":{"@id":"https:\/\/hello-suns.com\/es\/productos\/santorini\/#breadcrumb"},"inLanguage":"es-ES","potentialAction":[{"@type":"ReadAction","target":["https:\/\/hello-suns.com\/es\/productos\/santorini\/"]}]},{"@type":"ImageObject","inLanguage":"es-ES","@id":"https:\/\/hello-suns.com\/es\/productos\/santorini\/#primaryimage","url":"https:\/\/hello-suns.com\/app\/uploads\/2025\/01\/Santorini-SUNS-loungechairhocker-CS-NMW-Free-25-1-2500-2.png","contentUrl":"https:\/\/hello-suns.com\/app\/uploads\/2025\/01\/Santorini-SUNS-loungechairhocker-CS-NMW-Free-25-1-2500-2.png","width":2500,"height":1667},{"@type":"BreadcrumbList","@id":"https:\/\/hello-suns.com\/es\/productos\/santorini\/#breadcrumb","itemListElement":[{"@type":"ListItem","position":1,"name":"","item":"https:\/\/hello-suns.com\/es\/"},{"@type":"ListItem","position":2,"name":"Productos","item":"https:\/\/hello-suns.com\/es\/productos\/"},{"@type":"ListItem","position":3,"name":"Santorini"}]},{"@type":"WebSite","@id":"https:\/\/hello-suns.com\/es\/#website","url":"https:\/\/hello-suns.com\/es\/","name":"SUNS","description":"Outdoor Lifestyle","potentialAction":[{"@type":"SearchAction","target":{"@type":"EntryPoint","urlTemplate":"https:\/\/hello-suns.com\/es\/?s={search_term_string}"},"query-input":{"@type":"PropertyValueSpecification","valueRequired":true,"valueName":"search_term_string"}}],"inLanguage":"es-ES"}]}},"_links":{"self":[{"href":"https:\/\/hello-suns.com\/es\/wp-json\/wp\/v2\/product\/16649","targetHints":{"allow":["GET"]}}],"collection":[{"href":"https:\/\/hello-suns.com\/es\/wp-json\/wp\/v2\/product"}],"about":[{"href":"https:\/\/hello-suns.com\/es\/wp-json\/wp\/v2\/types\/product"}],"replies":[{"embeddable":true,"href":"https:\/\/hello-suns.com\/es\/wp-json\/wp\/v2\/comments?post=16649"}],"wp:featuredmedia":[{"embeddable":true,"href":"https:\/\/hello-suns.com\/es\/wp-json\/wp\/v2\/media\/16651"}],"wp:attachment":[{"href":"https:\/\/hello-suns.com\/es\/wp-json\/wp\/v2\/media?parent=16649"}],"wp:term":[{"taxonomy":"product_brand","embeddable":true,"href":"https:\/\/hello-suns.com\/es\/wp-json\/wp\/v2\/product_brand?post=16649"},{"taxonomy":"product_cat","embeddable":true,"href":"https:\/\/hello-suns.com\/es\/wp-json\/wp\/v2\/product_cat?post=16649"},{"taxonomy":"product_tag","embeddable":true,"href":"https:\/\/hello-suns.com\/es\/wp-json\/wp\/v2\/product_tag?post=16649"},{"taxonomy":"material","embeddable":true,"href":"https:\/\/hello-suns.com\/es\/wp-json\/wp\/v2\/material?post=16649"}],"curies":[{"name":"wp","href":"https:\/\/api.w.org\/{rel}","templated":true}]}}