{"id":16643,"date":"2025-01-27T10:57:34","date_gmt":"2025-01-27T10:57:34","guid":{"rendered":"https:\/\/hello-suns.com\/producten\/limpiadores-y-protectores\/"},"modified":"2025-10-30T16:29:38","modified_gmt":"2025-10-30T16:29:38","slug":"limpiadores-y-protectores","status":"publish","type":"product","link":"https:\/\/hello-suns.com\/es\/productos\/limpiadores-y-protectores\/","title":{"rendered":"Limpiadores y protectores"},"content":{"rendered":"<h2 style=\"font-weight: 400;\">Perfecto en el mantenimiento de cualquier material<\/h2>\n<p class=\"p1\">Protege tus muebles de jard\u00edn en invierno y disfruta de una radiante vida al aire libre en verano. Con un mantenimiento adecuado, tus muebles quedar\u00e1n como nuevos, listos para cada momento soleado.<\/p>\n<p>La colecci\u00f3n de mantenimiento SUNS ofrece limpiadores y protectores especializados para mantener tus muebles y accesorios de jard\u00edn en las mejores condiciones. Especialmente desarrollados para distintos materiales, cada producto garantiza una belleza y durabilidad duraderas. Con nuestras f\u00f3rmulas ecol\u00f3gicas, disfrutar\u00e1s de un mantenimiento f\u00e1cil, duro con la suciedad pero respetuoso con el medio ambiente.<\/p>\n","protected":false},"excerpt":{"rendered":"<p>Perfecto en el mantenimiento de cualquier material Protege tus muebles de jard\u00edn en invierno y disfruta de una radiante vida al aire libre en verano. Con un mantenimiento adecuado, tus muebles quedar\u00e1n como nuevos, listos para cada momento soleado. La colecci\u00f3n de mantenimiento SUNS ofrece limpiadores y protectores especializados para mantener tus muebles y accesorios &hellip; <a href=\"https:\/\/hello-suns.com\/es\/productos\/limpiadores-y-protectores\/\">Continued<\/a><\/p>\n","protected":false},"featured_media":16647,"comment_status":"closed","ping_status":"closed","template":"","meta":{"_acf_changed":false},"product_brand":[],"product_cat":[813],"product_tag":[],"material":[],"class_list":{"0":"post-16643","1":"product","2":"type-product","3":"status-publish","4":"has-post-thumbnail","6":"product_cat-productos-de-mantenimiento","8":"first","9":"instock","10":"shipping-taxable","11":"product-type-simple"},"acf":[],"yoast_head":"<!-- This site is optimized with the Yoast SEO plugin v26.8 - https:\/\/yoast.com\/product\/yoast-seo-wordpress\/ -->\n<title>Descubre Limpiadores y Protectores | SUNS muebles de jard\u00edn<\/title>\n<meta name=\"description\" content=\"\u00bfBuscas limpiadores y protectores para muebles de jard\u00edn? SUNS te ofrece productos de alta calidad para proteger tus muebles durante mucho tiempo.\" \/>\n<meta name=\"robots\" content=\"index, follow, max-snippet:-1, max-image-preview:large, max-video-preview:-1\" \/>\n<link rel=\"canonical\" href=\"https:\/\/hello-suns.com\/es\/productos\/limpiadores-y-protectores\/\" \/>\n<meta property=\"og:locale\" content=\"es_ES\" \/>\n<meta property=\"og:type\" content=\"article\" \/>\n<meta property=\"og:title\" content=\"Descubre Limpiadores y Protectores | SUNS muebles de jard\u00edn\" \/>\n<meta property=\"og:description\" content=\"\u00bfBuscas limpiadores y protectores para muebles de jard\u00edn? SUNS te ofrece productos de alta calidad para proteger tus muebles durante mucho tiempo.\" \/>\n<meta property=\"og:url\" content=\"https:\/\/hello-suns.com\/es\/productos\/limpiadores-y-protectores\/\" \/>\n<meta property=\"og:site_name\" content=\"SUNS\" \/>\n<meta property=\"article:modified_time\" content=\"2025-10-30T16:29:38+00:00\" \/>\n<meta property=\"og:image\" content=\"https:\/\/hello-suns.com\/app\/uploads\/2025\/01\/01_Onderhoud-Free-24-2-2500-1024x682.png\" \/>\n\t<meta property=\"og:image:width\" content=\"1024\" \/>\n\t<meta property=\"og:image:height\" content=\"682\" \/>\n\t<meta property=\"og:image:type\" content=\"image\/png\" \/>\n<meta name=\"twitter:card\" content=\"summary_large_image\" \/>\n<meta name=\"twitter:label1\" content=\"Est. reading time\" \/>\n\t<meta name=\"twitter:data1\" content=\"2 minutes\" \/>\n<script type=\"application\/ld+json\" class=\"yoast-schema-graph\">{\"@context\":\"https:\/\/schema.org\",\"@graph\":[{\"@type\":\"WebPage\",\"@id\":\"https:\/\/hello-suns.com\/es\/productos\/limpiadores-y-protectores\/\",\"url\":\"https:\/\/hello-suns.com\/es\/productos\/limpiadores-y-protectores\/\",\"name\":\"Descubre Limpiadores y Protectores | SUNS muebles de jard\u00edn\",\"isPartOf\":{\"@id\":\"https:\/\/hello-suns.com\/es\/#website\"},\"primaryImageOfPage\":{\"@id\":\"https:\/\/hello-suns.com\/es\/productos\/limpiadores-y-protectores\/#primaryimage\"},\"image\":{\"@id\":\"https:\/\/hello-suns.com\/es\/productos\/limpiadores-y-protectores\/#primaryimage\"},\"thumbnailUrl\":\"https:\/\/hello-suns.com\/app\/uploads\/2025\/01\/01_Onderhoud-Free-24-2-2500.png\",\"datePublished\":\"2025-01-27T10:57:34+00:00\",\"dateModified\":\"2025-10-30T16:29:38+00:00\",\"description\":\"\u00bfBuscas limpiadores y protectores para muebles de jard\u00edn? SUNS te ofrece productos de alta calidad para proteger tus muebles durante mucho tiempo.\",\"breadcrumb\":{\"@id\":\"https:\/\/hello-suns.com\/es\/productos\/limpiadores-y-protectores\/#breadcrumb\"},\"inLanguage\":\"es-ES\",\"potentialAction\":[{\"@type\":\"ReadAction\",\"target\":[\"https:\/\/hello-suns.com\/es\/productos\/limpiadores-y-protectores\/\"]}]},{\"@type\":\"ImageObject\",\"inLanguage\":\"es-ES\",\"@id\":\"https:\/\/hello-suns.com\/es\/productos\/limpiadores-y-protectores\/#primaryimage\",\"url\":\"https:\/\/hello-suns.com\/app\/uploads\/2025\/01\/01_Onderhoud-Free-24-2-2500.png\",\"contentUrl\":\"https:\/\/hello-suns.com\/app\/uploads\/2025\/01\/01_Onderhoud-Free-24-2-2500.png\",\"width\":2500,\"height\":1666},{\"@type\":\"BreadcrumbList\",\"@id\":\"https:\/\/hello-suns.com\/es\/productos\/limpiadores-y-protectores\/#breadcrumb\",\"itemListElement\":[{\"@type\":\"ListItem\",\"position\":1,\"name\":\"\",\"item\":\"https:\/\/hello-suns.com\/es\/\"},{\"@type\":\"ListItem\",\"position\":2,\"name\":\"Productos\",\"item\":\"https:\/\/hello-suns.com\/es\/productos\/\"},{\"@type\":\"ListItem\",\"position\":3,\"name\":\"Limpiadores y protectores\"}]},{\"@type\":\"WebSite\",\"@id\":\"https:\/\/hello-suns.com\/es\/#website\",\"url\":\"https:\/\/hello-suns.com\/es\/\",\"name\":\"SUNS\",\"description\":\"Outdoor Lifestyle\",\"potentialAction\":[{\"@type\":\"SearchAction\",\"target\":{\"@type\":\"EntryPoint\",\"urlTemplate\":\"https:\/\/hello-suns.com\/es\/?s={search_term_string}\"},\"query-input\":{\"@type\":\"PropertyValueSpecification\",\"valueRequired\":true,\"valueName\":\"search_term_string\"}}],\"inLanguage\":\"es-ES\"}]}<\/script>\n<!-- \/ Yoast SEO plugin. -->","yoast_head_json":{"title":"Descubre Limpiadores y Protectores | SUNS muebles de jard\u00edn","description":"\u00bfBuscas limpiadores y protectores para muebles de jard\u00edn? SUNS te ofrece productos de alta calidad para proteger tus muebles durante mucho tiempo.","robots":{"index":"index","follow":"follow","max-snippet":"max-snippet:-1","max-image-preview":"max-image-preview:large","max-video-preview":"max-video-preview:-1"},"canonical":"https:\/\/hello-suns.com\/es\/productos\/limpiadores-y-protectores\/","og_locale":"es_ES","og_type":"article","og_title":"Descubre Limpiadores y Protectores | SUNS muebles de jard\u00edn","og_description":"\u00bfBuscas limpiadores y protectores para muebles de jard\u00edn? SUNS te ofrece productos de alta calidad para proteger tus muebles durante mucho tiempo.","og_url":"https:\/\/hello-suns.com\/es\/productos\/limpiadores-y-protectores\/","og_site_name":"SUNS","article_modified_time":"2025-10-30T16:29:38+00:00","og_image":[{"width":1024,"height":682,"url":"https:\/\/hello-suns.com\/app\/uploads\/2025\/01\/01_Onderhoud-Free-24-2-2500-1024x682.png","type":"image\/png"}],"twitter_card":"summary_large_image","twitter_misc":{"Est. reading time":"2 minutes"},"schema":{"@context":"https:\/\/schema.org","@graph":[{"@type":"WebPage","@id":"https:\/\/hello-suns.com\/es\/productos\/limpiadores-y-protectores\/","url":"https:\/\/hello-suns.com\/es\/productos\/limpiadores-y-protectores\/","name":"Descubre Limpiadores y Protectores | SUNS muebles de jard\u00edn","isPartOf":{"@id":"https:\/\/hello-suns.com\/es\/#website"},"primaryImageOfPage":{"@id":"https:\/\/hello-suns.com\/es\/productos\/limpiadores-y-protectores\/#primaryimage"},"image":{"@id":"https:\/\/hello-suns.com\/es\/productos\/limpiadores-y-protectores\/#primaryimage"},"thumbnailUrl":"https:\/\/hello-suns.com\/app\/uploads\/2025\/01\/01_Onderhoud-Free-24-2-2500.png","datePublished":"2025-01-27T10:57:34+00:00","dateModified":"2025-10-30T16:29:38+00:00","description":"\u00bfBuscas limpiadores y protectores para muebles de jard\u00edn? SUNS te ofrece productos de alta calidad para proteger tus muebles durante mucho tiempo.","breadcrumb":{"@id":"https:\/\/hello-suns.com\/es\/productos\/limpiadores-y-protectores\/#breadcrumb"},"inLanguage":"es-ES","potentialAction":[{"@type":"ReadAction","target":["https:\/\/hello-suns.com\/es\/productos\/limpiadores-y-protectores\/"]}]},{"@type":"ImageObject","inLanguage":"es-ES","@id":"https:\/\/hello-suns.com\/es\/productos\/limpiadores-y-protectores\/#primaryimage","url":"https:\/\/hello-suns.com\/app\/uploads\/2025\/01\/01_Onderhoud-Free-24-2-2500.png","contentUrl":"https:\/\/hello-suns.com\/app\/uploads\/2025\/01\/01_Onderhoud-Free-24-2-2500.png","width":2500,"height":1666},{"@type":"BreadcrumbList","@id":"https:\/\/hello-suns.com\/es\/productos\/limpiadores-y-protectores\/#breadcrumb","itemListElement":[{"@type":"ListItem","position":1,"name":"","item":"https:\/\/hello-suns.com\/es\/"},{"@type":"ListItem","position":2,"name":"Productos","item":"https:\/\/hello-suns.com\/es\/productos\/"},{"@type":"ListItem","position":3,"name":"Limpiadores y protectores"}]},{"@type":"WebSite","@id":"https:\/\/hello-suns.com\/es\/#website","url":"https:\/\/hello-suns.com\/es\/","name":"SUNS","description":"Outdoor Lifestyle","potentialAction":[{"@type":"SearchAction","target":{"@type":"EntryPoint","urlTemplate":"https:\/\/hello-suns.com\/es\/?s={search_term_string}"},"query-input":{"@type":"PropertyValueSpecification","valueRequired":true,"valueName":"search_term_string"}}],"inLanguage":"es-ES"}]}},"_links":{"self":[{"href":"https:\/\/hello-suns.com\/es\/wp-json\/wp\/v2\/product\/16643","targetHints":{"allow":["GET"]}}],"collection":[{"href":"https:\/\/hello-suns.com\/es\/wp-json\/wp\/v2\/product"}],"about":[{"href":"https:\/\/hello-suns.com\/es\/wp-json\/wp\/v2\/types\/product"}],"replies":[{"embeddable":true,"href":"https:\/\/hello-suns.com\/es\/wp-json\/wp\/v2\/comments?post=16643"}],"wp:featuredmedia":[{"embeddable":true,"href":"https:\/\/hello-suns.com\/es\/wp-json\/wp\/v2\/media\/16647"}],"wp:attachment":[{"href":"https:\/\/hello-suns.com\/es\/wp-json\/wp\/v2\/media?parent=16643"}],"wp:term":[{"taxonomy":"product_brand","embeddable":true,"href":"https:\/\/hello-suns.com\/es\/wp-json\/wp\/v2\/product_brand?post=16643"},{"taxonomy":"product_cat","embeddable":true,"href":"https:\/\/hello-suns.com\/es\/wp-json\/wp\/v2\/product_cat?post=16643"},{"taxonomy":"product_tag","embeddable":true,"href":"https:\/\/hello-suns.com\/es\/wp-json\/wp\/v2\/product_tag?post=16643"},{"taxonomy":"material","embeddable":true,"href":"https:\/\/hello-suns.com\/es\/wp-json\/wp\/v2\/material?post=16643"}],"curies":[{"name":"wp","href":"https:\/\/api.w.org\/{rel}","templated":true}]}}