{"id":16627,"date":"2025-01-27T12:59:14","date_gmt":"2025-01-27T12:59:14","guid":{"rendered":"https:\/\/hello-suns.com\/producten\/maranza\/"},"modified":"2025-09-12T09:42:05","modified_gmt":"2025-09-12T09:42:05","slug":"maranza-cenadores","status":"publish","type":"product","link":"https:\/\/hello-suns.com\/es\/productos\/maranza-cenadores\/","title":{"rendered":"Maranza"},"content":{"rendered":"<h2 style=\"font-weight: 400;\">Cambia con facilidad<\/h2>\n<p style=\"font-weight: 400;\">A\u00f1ade momentos extra de belleza a tu jard\u00edn o terraza y no dejes que la lluvia y el viento te saquen de tus casillas. SUNS ha creado la soluci\u00f3n ideal. Todo lo que tienes que hacer es disfrutar.<\/p>\n","protected":false},"excerpt":{"rendered":"<h3><span class=\"TextRun SCXW179566916 BCX0\" lang=\"NL-NL\" xml:lang=\"NL-NL\" data-contrast=\"auto\"><span class=\"NormalTextRun SCXW179566916 BCX0\">W<\/span><span class=\"NormalTextRun SCXW179566916 BCX0\">resistente a la intemperie<\/span><span class=\"NormalTextRun SCXW179566916 BCX0\"> y flexible<\/span><\/span><\/h3>\n<p style=\"font-weight: 400;\">Maranza es la soluci\u00f3n ideal para tu terraza. Con sus distintos tama\u00f1os, puedes crear f\u00e1cilmente la disposici\u00f3n que m\u00e1s te convenga. El cenador est\u00e1 fabricado en aluminio de alta calidad, lo que garantiza una construcci\u00f3n s\u00f3lida. Este cenador dispone de persianas flexibles en el techo. As\u00ed siempre puedes elegir si quieres sentarte al sol o a la sombra. Cuando las contraventanas est\u00e1n cerradas, tambi\u00e9n est\u00e1s protegido de la lluvia. El agua de lluvia se drena a trav\u00e9s de las patas de la estructura.<\/p>\n<p style=\"font-weight: 400;\">El Gazebo Maranza tambi\u00e9n tiene varias opciones. Por ejemplo, puedes equipar los laterales con pantallas laterales enrollables\/desplegables. Esto ofrece protecci\u00f3n contra el viento y la lluvia a la vez que m\u00e1s intimidad. Alternativamente, los paneles est\u00e1n formados por lamas de aluminio. Un complemento atractivo y pr\u00e1ctico para el cenador.<\/p>\n","protected":false},"featured_media":16634,"comment_status":"closed","ping_status":"closed","template":"","meta":{"_acf_changed":false},"product_brand":[],"product_cat":[810],"product_tag":[],"material":[],"class_list":{"0":"post-16627","1":"product","2":"type-product","3":"status-publish","4":"has-post-thumbnail","6":"product_cat-cenadores","8":"first","9":"instock","10":"shipping-taxable","11":"product-type-simple"},"acf":[],"yoast_head":"<!-- This site is optimized with the Yoast SEO plugin v26.8 - https:\/\/yoast.com\/product\/yoast-seo-wordpress\/ -->\n<title>Maranza toldo | SUNS Outdoor Lifestyle<\/title>\n<meta name=\"description\" content=\"\u00bfBuscas un toldo para tu jard\u00edn? Descubre el toldo Maranza, la soluci\u00f3n ideal para tu terraza, de SUNS muebles de jard\u00edn.\" \/>\n<meta name=\"robots\" content=\"index, follow, max-snippet:-1, max-image-preview:large, max-video-preview:-1\" \/>\n<link rel=\"canonical\" href=\"https:\/\/hello-suns.com\/es\/productos\/maranza-cenadores\/\" \/>\n<meta property=\"og:locale\" content=\"es_ES\" \/>\n<meta property=\"og:type\" content=\"article\" \/>\n<meta property=\"og:title\" content=\"Maranza toldo | SUNS Outdoor Lifestyle\" \/>\n<meta property=\"og:description\" content=\"\u00bfBuscas un toldo para tu jard\u00edn? Descubre el toldo Maranza, la soluci\u00f3n ideal para tu terraza, de SUNS muebles de jard\u00edn.\" \/>\n<meta property=\"og:url\" content=\"https:\/\/hello-suns.com\/es\/productos\/maranza-cenadores\/\" \/>\n<meta property=\"og:site_name\" content=\"SUNS\" \/>\n<meta property=\"article:modified_time\" content=\"2025-09-12T09:42:05+00:00\" \/>\n<meta property=\"og:image\" content=\"https:\/\/hello-suns.com\/app\/uploads\/2025\/01\/Maranza-SUNS-Gazebo-MRG-Free-21-3-2.png\" \/>\n\t<meta property=\"og:image:width\" content=\"2500\" \/>\n\t<meta property=\"og:image:height\" content=\"1667\" \/>\n\t<meta property=\"og:image:type\" content=\"image\/png\" \/>\n<meta name=\"twitter:card\" content=\"summary_large_image\" \/>\n<meta name=\"twitter:label1\" content=\"Est. reading time\" \/>\n\t<meta name=\"twitter:data1\" content=\"4 minutes\" \/>\n<script type=\"application\/ld+json\" class=\"yoast-schema-graph\">{\"@context\":\"https:\/\/schema.org\",\"@graph\":[{\"@type\":\"WebPage\",\"@id\":\"https:\/\/hello-suns.com\/es\/productos\/maranza-cenadores\/\",\"url\":\"https:\/\/hello-suns.com\/es\/productos\/maranza-cenadores\/\",\"name\":\"Maranza toldo | SUNS Outdoor Lifestyle\",\"isPartOf\":{\"@id\":\"https:\/\/hello-suns.com\/es\/#website\"},\"primaryImageOfPage\":{\"@id\":\"https:\/\/hello-suns.com\/es\/productos\/maranza-cenadores\/#primaryimage\"},\"image\":{\"@id\":\"https:\/\/hello-suns.com\/es\/productos\/maranza-cenadores\/#primaryimage\"},\"thumbnailUrl\":\"https:\/\/hello-suns.com\/app\/uploads\/2025\/01\/Maranza-SUNS-Gazebo-MRG-Free-21-3-2.png\",\"datePublished\":\"2025-01-27T12:59:14+00:00\",\"dateModified\":\"2025-09-12T09:42:05+00:00\",\"description\":\"\u00bfBuscas un toldo para tu jard\u00edn? Descubre el toldo Maranza, la soluci\u00f3n ideal para tu terraza, de SUNS muebles de jard\u00edn.\",\"breadcrumb\":{\"@id\":\"https:\/\/hello-suns.com\/es\/productos\/maranza-cenadores\/#breadcrumb\"},\"inLanguage\":\"es-ES\",\"potentialAction\":[{\"@type\":\"ReadAction\",\"target\":[\"https:\/\/hello-suns.com\/es\/productos\/maranza-cenadores\/\"]}]},{\"@type\":\"ImageObject\",\"inLanguage\":\"es-ES\",\"@id\":\"https:\/\/hello-suns.com\/es\/productos\/maranza-cenadores\/#primaryimage\",\"url\":\"https:\/\/hello-suns.com\/app\/uploads\/2025\/01\/Maranza-SUNS-Gazebo-MRG-Free-21-3-2.png\",\"contentUrl\":\"https:\/\/hello-suns.com\/app\/uploads\/2025\/01\/Maranza-SUNS-Gazebo-MRG-Free-21-3-2.png\",\"width\":2500,\"height\":1667},{\"@type\":\"BreadcrumbList\",\"@id\":\"https:\/\/hello-suns.com\/es\/productos\/maranza-cenadores\/#breadcrumb\",\"itemListElement\":[{\"@type\":\"ListItem\",\"position\":1,\"name\":\"\",\"item\":\"https:\/\/hello-suns.com\/es\/\"},{\"@type\":\"ListItem\",\"position\":2,\"name\":\"Productos\",\"item\":\"https:\/\/hello-suns.com\/es\/productos\/\"},{\"@type\":\"ListItem\",\"position\":3,\"name\":\"Maranza\"}]},{\"@type\":\"WebSite\",\"@id\":\"https:\/\/hello-suns.com\/es\/#website\",\"url\":\"https:\/\/hello-suns.com\/es\/\",\"name\":\"SUNS\",\"description\":\"Outdoor Lifestyle\",\"potentialAction\":[{\"@type\":\"SearchAction\",\"target\":{\"@type\":\"EntryPoint\",\"urlTemplate\":\"https:\/\/hello-suns.com\/es\/?s={search_term_string}\"},\"query-input\":{\"@type\":\"PropertyValueSpecification\",\"valueRequired\":true,\"valueName\":\"search_term_string\"}}],\"inLanguage\":\"es-ES\"}]}<\/script>\n<!-- \/ Yoast SEO plugin. -->","yoast_head_json":{"title":"Maranza toldo | SUNS Outdoor Lifestyle","description":"\u00bfBuscas un toldo para tu jard\u00edn? Descubre el toldo Maranza, la soluci\u00f3n ideal para tu terraza, de SUNS muebles de jard\u00edn.","robots":{"index":"index","follow":"follow","max-snippet":"max-snippet:-1","max-image-preview":"max-image-preview:large","max-video-preview":"max-video-preview:-1"},"canonical":"https:\/\/hello-suns.com\/es\/productos\/maranza-cenadores\/","og_locale":"es_ES","og_type":"article","og_title":"Maranza toldo | SUNS Outdoor Lifestyle","og_description":"\u00bfBuscas un toldo para tu jard\u00edn? Descubre el toldo Maranza, la soluci\u00f3n ideal para tu terraza, de SUNS muebles de jard\u00edn.","og_url":"https:\/\/hello-suns.com\/es\/productos\/maranza-cenadores\/","og_site_name":"SUNS","article_modified_time":"2025-09-12T09:42:05+00:00","og_image":[{"width":2500,"height":1667,"url":"https:\/\/hello-suns.com\/app\/uploads\/2025\/01\/Maranza-SUNS-Gazebo-MRG-Free-21-3-2.png","type":"image\/png"}],"twitter_card":"summary_large_image","twitter_misc":{"Est. reading time":"4 minutes"},"schema":{"@context":"https:\/\/schema.org","@graph":[{"@type":"WebPage","@id":"https:\/\/hello-suns.com\/es\/productos\/maranza-cenadores\/","url":"https:\/\/hello-suns.com\/es\/productos\/maranza-cenadores\/","name":"Maranza toldo | SUNS Outdoor Lifestyle","isPartOf":{"@id":"https:\/\/hello-suns.com\/es\/#website"},"primaryImageOfPage":{"@id":"https:\/\/hello-suns.com\/es\/productos\/maranza-cenadores\/#primaryimage"},"image":{"@id":"https:\/\/hello-suns.com\/es\/productos\/maranza-cenadores\/#primaryimage"},"thumbnailUrl":"https:\/\/hello-suns.com\/app\/uploads\/2025\/01\/Maranza-SUNS-Gazebo-MRG-Free-21-3-2.png","datePublished":"2025-01-27T12:59:14+00:00","dateModified":"2025-09-12T09:42:05+00:00","description":"\u00bfBuscas un toldo para tu jard\u00edn? Descubre el toldo Maranza, la soluci\u00f3n ideal para tu terraza, de SUNS muebles de jard\u00edn.","breadcrumb":{"@id":"https:\/\/hello-suns.com\/es\/productos\/maranza-cenadores\/#breadcrumb"},"inLanguage":"es-ES","potentialAction":[{"@type":"ReadAction","target":["https:\/\/hello-suns.com\/es\/productos\/maranza-cenadores\/"]}]},{"@type":"ImageObject","inLanguage":"es-ES","@id":"https:\/\/hello-suns.com\/es\/productos\/maranza-cenadores\/#primaryimage","url":"https:\/\/hello-suns.com\/app\/uploads\/2025\/01\/Maranza-SUNS-Gazebo-MRG-Free-21-3-2.png","contentUrl":"https:\/\/hello-suns.com\/app\/uploads\/2025\/01\/Maranza-SUNS-Gazebo-MRG-Free-21-3-2.png","width":2500,"height":1667},{"@type":"BreadcrumbList","@id":"https:\/\/hello-suns.com\/es\/productos\/maranza-cenadores\/#breadcrumb","itemListElement":[{"@type":"ListItem","position":1,"name":"","item":"https:\/\/hello-suns.com\/es\/"},{"@type":"ListItem","position":2,"name":"Productos","item":"https:\/\/hello-suns.com\/es\/productos\/"},{"@type":"ListItem","position":3,"name":"Maranza"}]},{"@type":"WebSite","@id":"https:\/\/hello-suns.com\/es\/#website","url":"https:\/\/hello-suns.com\/es\/","name":"SUNS","description":"Outdoor Lifestyle","potentialAction":[{"@type":"SearchAction","target":{"@type":"EntryPoint","urlTemplate":"https:\/\/hello-suns.com\/es\/?s={search_term_string}"},"query-input":{"@type":"PropertyValueSpecification","valueRequired":true,"valueName":"search_term_string"}}],"inLanguage":"es-ES"}]}},"_links":{"self":[{"href":"https:\/\/hello-suns.com\/es\/wp-json\/wp\/v2\/product\/16627","targetHints":{"allow":["GET"]}}],"collection":[{"href":"https:\/\/hello-suns.com\/es\/wp-json\/wp\/v2\/product"}],"about":[{"href":"https:\/\/hello-suns.com\/es\/wp-json\/wp\/v2\/types\/product"}],"replies":[{"embeddable":true,"href":"https:\/\/hello-suns.com\/es\/wp-json\/wp\/v2\/comments?post=16627"}],"wp:featuredmedia":[{"embeddable":true,"href":"https:\/\/hello-suns.com\/es\/wp-json\/wp\/v2\/media\/16634"}],"wp:attachment":[{"href":"https:\/\/hello-suns.com\/es\/wp-json\/wp\/v2\/media?parent=16627"}],"wp:term":[{"taxonomy":"product_brand","embeddable":true,"href":"https:\/\/hello-suns.com\/es\/wp-json\/wp\/v2\/product_brand?post=16627"},{"taxonomy":"product_cat","embeddable":true,"href":"https:\/\/hello-suns.com\/es\/wp-json\/wp\/v2\/product_cat?post=16627"},{"taxonomy":"product_tag","embeddable":true,"href":"https:\/\/hello-suns.com\/es\/wp-json\/wp\/v2\/product_tag?post=16627"},{"taxonomy":"material","embeddable":true,"href":"https:\/\/hello-suns.com\/es\/wp-json\/wp\/v2\/material?post=16627"}],"curies":[{"name":"wp","href":"https:\/\/api.w.org\/{rel}","templated":true}]}}