{"id":16600,"date":"2025-01-27T13:13:52","date_gmt":"2025-01-27T13:13:52","guid":{"rendered":"https:\/\/hello-suns.com\/producten\/rota\/"},"modified":"2025-09-12T10:01:13","modified_gmt":"2025-09-12T10:01:13","slug":"rota-cenadores","status":"publish","type":"product","link":"https:\/\/hello-suns.com\/es\/productos\/rota-cenadores\/","title":{"rendered":"Rota"},"content":{"rendered":"<h2 style=\"font-weight: 400;\">Siempre dispuesto a holgazanear<\/h2>\n<p style=\"font-weight: 400;\">Con Rota, puedes crear f\u00e1cilmente un lugar \u00edntimo para descansar al aire libre. Protegido del viento y la intemperie. Y agradablemente fresco en los d\u00edas calurosos. Ampl\u00eda tu temporada al aire libre y disfruta de momentos agradables.<\/p>\n","protected":false},"excerpt":{"rendered":"<h3 style=\"font-weight: 400;\">Cenador listo para tu terraza en varios tama\u00f1os<\/h3>\n<p style=\"font-weight: 400;\">Gracias a Rota, construir un cenador de terraza ya no es un proyecto de construcci\u00f3n complicado y largo: es una soluci\u00f3n inteligente con una larga vida \u00fatil. Es la soluci\u00f3n ideal llave en mano para tu terraza. Puedes colocarlo independiente o acoplado a una construcci\u00f3n existente. Con los 5 tama\u00f1os, puedes elegir f\u00e1cilmente el cenador que m\u00e1s te convenga. El cenador est\u00e1 fabricado en aluminio industrial de alta calidad, lo que garantiza una construcci\u00f3n s\u00f3lida. Adem\u00e1s, el cenador est\u00e1 equipado con persianas flexibles en el tejado. As\u00ed siempre puedes elegir si quieres sentarte al sol o a la sombra. Cuando las contraventanas est\u00e1n cerradas, \u00a1tambi\u00e9n est\u00e1s a salvo de la lluvia! El agua de lluvia se drena a trav\u00e9s de las patas de la estructura.<\/p>\n<p style=\"font-weight: 400;\">Rota tambi\u00e9n tiene la opci\u00f3n de instalar pantallas laterales enrollables\/desplegables. Esto proporciona protecci\u00f3n contra el viento y la lluvia y da m\u00e1s intimidad, un complemento pr\u00e1ctico para el cenador.<\/p>\n","protected":false},"featured_media":16603,"comment_status":"closed","ping_status":"closed","template":"","meta":{"_acf_changed":false},"product_brand":[],"product_cat":[810],"product_tag":[],"material":[],"class_list":{"0":"post-16600","1":"product","2":"type-product","3":"status-publish","4":"has-post-thumbnail","6":"product_cat-cenadores","8":"first","9":"instock","10":"shipping-taxable","11":"product-type-simple"},"acf":[],"yoast_head":"<!-- This site is optimized with the Yoast SEO plugin v26.8 - https:\/\/yoast.com\/product\/yoast-seo-wordpress\/ -->\n<title>Descubre Rota Gazebo | SUNS Outdoor Lifestyle<\/title>\n<meta name=\"description\" content=\"\u00bfBuscas un cenador rota? SUNS te ofrece cenadores Rota de alta calidad, ya fabricados, que combinan aluminio duradero y dise\u00f1o.\" \/>\n<meta name=\"robots\" content=\"index, follow, max-snippet:-1, max-image-preview:large, max-video-preview:-1\" \/>\n<link rel=\"canonical\" href=\"https:\/\/hello-suns.com\/es\/productos\/rota-cenadores\/\" \/>\n<meta property=\"og:locale\" content=\"es_ES\" \/>\n<meta property=\"og:type\" content=\"article\" \/>\n<meta property=\"og:title\" content=\"Descubre Rota Gazebo | SUNS Outdoor Lifestyle\" \/>\n<meta property=\"og:description\" content=\"\u00bfBuscas un cenador rota? SUNS te ofrece cenadores Rota de alta calidad, ya fabricados, que combinan aluminio duradero y dise\u00f1o.\" \/>\n<meta property=\"og:url\" content=\"https:\/\/hello-suns.com\/es\/productos\/rota-cenadores\/\" \/>\n<meta property=\"og:site_name\" content=\"SUNS\" \/>\n<meta property=\"article:modified_time\" content=\"2025-09-12T10:01:13+00:00\" \/>\n<meta property=\"og:image\" content=\"https:\/\/hello-suns.com\/app\/uploads\/2025\/01\/01_Rota-SUNS-Gazebo-MRG-Free-21-1-1-4.png\" \/>\n\t<meta property=\"og:image:width\" content=\"2500\" \/>\n\t<meta property=\"og:image:height\" content=\"1667\" \/>\n\t<meta property=\"og:image:type\" content=\"image\/png\" \/>\n<meta name=\"twitter:card\" content=\"summary_large_image\" \/>\n<meta name=\"twitter:label1\" content=\"Est. reading time\" \/>\n\t<meta name=\"twitter:data1\" content=\"5 minutes\" \/>\n<script type=\"application\/ld+json\" class=\"yoast-schema-graph\">{\"@context\":\"https:\/\/schema.org\",\"@graph\":[{\"@type\":\"WebPage\",\"@id\":\"https:\/\/hello-suns.com\/es\/productos\/rota-cenadores\/\",\"url\":\"https:\/\/hello-suns.com\/es\/productos\/rota-cenadores\/\",\"name\":\"Descubre Rota Gazebo | SUNS Outdoor Lifestyle\",\"isPartOf\":{\"@id\":\"https:\/\/hello-suns.com\/es\/#website\"},\"primaryImageOfPage\":{\"@id\":\"https:\/\/hello-suns.com\/es\/productos\/rota-cenadores\/#primaryimage\"},\"image\":{\"@id\":\"https:\/\/hello-suns.com\/es\/productos\/rota-cenadores\/#primaryimage\"},\"thumbnailUrl\":\"https:\/\/hello-suns.com\/app\/uploads\/2025\/01\/01_Rota-SUNS-Gazebo-MRG-Free-21-1-1-4.png\",\"datePublished\":\"2025-01-27T13:13:52+00:00\",\"dateModified\":\"2025-09-12T10:01:13+00:00\",\"description\":\"\u00bfBuscas un cenador rota? SUNS te ofrece cenadores Rota de alta calidad, ya fabricados, que combinan aluminio duradero y dise\u00f1o.\",\"breadcrumb\":{\"@id\":\"https:\/\/hello-suns.com\/es\/productos\/rota-cenadores\/#breadcrumb\"},\"inLanguage\":\"es-ES\",\"potentialAction\":[{\"@type\":\"ReadAction\",\"target\":[\"https:\/\/hello-suns.com\/es\/productos\/rota-cenadores\/\"]}]},{\"@type\":\"ImageObject\",\"inLanguage\":\"es-ES\",\"@id\":\"https:\/\/hello-suns.com\/es\/productos\/rota-cenadores\/#primaryimage\",\"url\":\"https:\/\/hello-suns.com\/app\/uploads\/2025\/01\/01_Rota-SUNS-Gazebo-MRG-Free-21-1-1-4.png\",\"contentUrl\":\"https:\/\/hello-suns.com\/app\/uploads\/2025\/01\/01_Rota-SUNS-Gazebo-MRG-Free-21-1-1-4.png\",\"width\":2500,\"height\":1667},{\"@type\":\"BreadcrumbList\",\"@id\":\"https:\/\/hello-suns.com\/es\/productos\/rota-cenadores\/#breadcrumb\",\"itemListElement\":[{\"@type\":\"ListItem\",\"position\":1,\"name\":\"\",\"item\":\"https:\/\/hello-suns.com\/es\/\"},{\"@type\":\"ListItem\",\"position\":2,\"name\":\"Productos\",\"item\":\"https:\/\/hello-suns.com\/es\/productos\/\"},{\"@type\":\"ListItem\",\"position\":3,\"name\":\"Rota\"}]},{\"@type\":\"WebSite\",\"@id\":\"https:\/\/hello-suns.com\/es\/#website\",\"url\":\"https:\/\/hello-suns.com\/es\/\",\"name\":\"SUNS\",\"description\":\"Outdoor Lifestyle\",\"potentialAction\":[{\"@type\":\"SearchAction\",\"target\":{\"@type\":\"EntryPoint\",\"urlTemplate\":\"https:\/\/hello-suns.com\/es\/?s={search_term_string}\"},\"query-input\":{\"@type\":\"PropertyValueSpecification\",\"valueRequired\":true,\"valueName\":\"search_term_string\"}}],\"inLanguage\":\"es-ES\"}]}<\/script>\n<!-- \/ Yoast SEO plugin. -->","yoast_head_json":{"title":"Descubre Rota Gazebo | SUNS Outdoor Lifestyle","description":"\u00bfBuscas un cenador rota? SUNS te ofrece cenadores Rota de alta calidad, ya fabricados, que combinan aluminio duradero y dise\u00f1o.","robots":{"index":"index","follow":"follow","max-snippet":"max-snippet:-1","max-image-preview":"max-image-preview:large","max-video-preview":"max-video-preview:-1"},"canonical":"https:\/\/hello-suns.com\/es\/productos\/rota-cenadores\/","og_locale":"es_ES","og_type":"article","og_title":"Descubre Rota Gazebo | SUNS Outdoor Lifestyle","og_description":"\u00bfBuscas un cenador rota? SUNS te ofrece cenadores Rota de alta calidad, ya fabricados, que combinan aluminio duradero y dise\u00f1o.","og_url":"https:\/\/hello-suns.com\/es\/productos\/rota-cenadores\/","og_site_name":"SUNS","article_modified_time":"2025-09-12T10:01:13+00:00","og_image":[{"width":2500,"height":1667,"url":"https:\/\/hello-suns.com\/app\/uploads\/2025\/01\/01_Rota-SUNS-Gazebo-MRG-Free-21-1-1-4.png","type":"image\/png"}],"twitter_card":"summary_large_image","twitter_misc":{"Est. reading time":"5 minutes"},"schema":{"@context":"https:\/\/schema.org","@graph":[{"@type":"WebPage","@id":"https:\/\/hello-suns.com\/es\/productos\/rota-cenadores\/","url":"https:\/\/hello-suns.com\/es\/productos\/rota-cenadores\/","name":"Descubre Rota Gazebo | SUNS Outdoor Lifestyle","isPartOf":{"@id":"https:\/\/hello-suns.com\/es\/#website"},"primaryImageOfPage":{"@id":"https:\/\/hello-suns.com\/es\/productos\/rota-cenadores\/#primaryimage"},"image":{"@id":"https:\/\/hello-suns.com\/es\/productos\/rota-cenadores\/#primaryimage"},"thumbnailUrl":"https:\/\/hello-suns.com\/app\/uploads\/2025\/01\/01_Rota-SUNS-Gazebo-MRG-Free-21-1-1-4.png","datePublished":"2025-01-27T13:13:52+00:00","dateModified":"2025-09-12T10:01:13+00:00","description":"\u00bfBuscas un cenador rota? SUNS te ofrece cenadores Rota de alta calidad, ya fabricados, que combinan aluminio duradero y dise\u00f1o.","breadcrumb":{"@id":"https:\/\/hello-suns.com\/es\/productos\/rota-cenadores\/#breadcrumb"},"inLanguage":"es-ES","potentialAction":[{"@type":"ReadAction","target":["https:\/\/hello-suns.com\/es\/productos\/rota-cenadores\/"]}]},{"@type":"ImageObject","inLanguage":"es-ES","@id":"https:\/\/hello-suns.com\/es\/productos\/rota-cenadores\/#primaryimage","url":"https:\/\/hello-suns.com\/app\/uploads\/2025\/01\/01_Rota-SUNS-Gazebo-MRG-Free-21-1-1-4.png","contentUrl":"https:\/\/hello-suns.com\/app\/uploads\/2025\/01\/01_Rota-SUNS-Gazebo-MRG-Free-21-1-1-4.png","width":2500,"height":1667},{"@type":"BreadcrumbList","@id":"https:\/\/hello-suns.com\/es\/productos\/rota-cenadores\/#breadcrumb","itemListElement":[{"@type":"ListItem","position":1,"name":"","item":"https:\/\/hello-suns.com\/es\/"},{"@type":"ListItem","position":2,"name":"Productos","item":"https:\/\/hello-suns.com\/es\/productos\/"},{"@type":"ListItem","position":3,"name":"Rota"}]},{"@type":"WebSite","@id":"https:\/\/hello-suns.com\/es\/#website","url":"https:\/\/hello-suns.com\/es\/","name":"SUNS","description":"Outdoor Lifestyle","potentialAction":[{"@type":"SearchAction","target":{"@type":"EntryPoint","urlTemplate":"https:\/\/hello-suns.com\/es\/?s={search_term_string}"},"query-input":{"@type":"PropertyValueSpecification","valueRequired":true,"valueName":"search_term_string"}}],"inLanguage":"es-ES"}]}},"_links":{"self":[{"href":"https:\/\/hello-suns.com\/es\/wp-json\/wp\/v2\/product\/16600","targetHints":{"allow":["GET"]}}],"collection":[{"href":"https:\/\/hello-suns.com\/es\/wp-json\/wp\/v2\/product"}],"about":[{"href":"https:\/\/hello-suns.com\/es\/wp-json\/wp\/v2\/types\/product"}],"replies":[{"embeddable":true,"href":"https:\/\/hello-suns.com\/es\/wp-json\/wp\/v2\/comments?post=16600"}],"wp:featuredmedia":[{"embeddable":true,"href":"https:\/\/hello-suns.com\/es\/wp-json\/wp\/v2\/media\/16603"}],"wp:attachment":[{"href":"https:\/\/hello-suns.com\/es\/wp-json\/wp\/v2\/media?parent=16600"}],"wp:term":[{"taxonomy":"product_brand","embeddable":true,"href":"https:\/\/hello-suns.com\/es\/wp-json\/wp\/v2\/product_brand?post=16600"},{"taxonomy":"product_cat","embeddable":true,"href":"https:\/\/hello-suns.com\/es\/wp-json\/wp\/v2\/product_cat?post=16600"},{"taxonomy":"product_tag","embeddable":true,"href":"https:\/\/hello-suns.com\/es\/wp-json\/wp\/v2\/product_tag?post=16600"},{"taxonomy":"material","embeddable":true,"href":"https:\/\/hello-suns.com\/es\/wp-json\/wp\/v2\/material?post=16600"}],"curies":[{"name":"wp","href":"https:\/\/api.w.org\/{rel}","templated":true}]}}