{"id":16209,"date":"2025-01-10T09:58:21","date_gmt":"2025-01-10T08:58:21","guid":{"rendered":"https:\/\/hello-suns.com\/producten\/aspen-2\/"},"modified":"2026-02-19T16:00:16","modified_gmt":"2026-02-19T15:00:16","slug":"aspen-conjuntos-de-salon","status":"publish","type":"product","link":"https:\/\/hello-suns.com\/es\/productos\/aspen-conjuntos-de-salon\/","title":{"rendered":"Aspen"},"content":{"rendered":"<h2 style=\"font-weight: 400;\">Sutil elocuencia<\/h2>\n<p style=\"font-weight: 400;\">En la rica colecci\u00f3n de SUNS, el conjunto de sal\u00f3n Aspen es sin duda uno de los elementos m\u00e1s sutilmente destacados. Elegante en su forma. Excepcionalmente c\u00f3moda desde primera hora de la ma\u00f1ana hasta el atardecer. La elecci\u00f3n definitiva para quienes no tienen nada que demostrar y s\u00ed mucho que decir.<\/p>\n","protected":false},"excerpt":{"rendered":"<h3>Repelente al agua y especialmente atractivo<\/h3>\n<p style=\"font-weight: 400;\">El conjunto de sal\u00f3n Aspen encaja en cualquier jard\u00edn gracias a su elegante uso de los materiales. El armaz\u00f3n de robusta teca confiere al conjunto un aspecto natural y una construcci\u00f3n s\u00f3lida. La madera de teca es resistente a todo tipo de inclemencias y tiene una larga vida \u00fatil.<\/p>\n<p style=\"font-weight: 400;\">Con su cl\u00e1sico asiento bajo, el Aspen es un sill\u00f3n bajo pur sang. Gracias a los generosos asientos y a los cojines bien acolchados, disfrutar\u00e1s de un asiento muy c\u00f3modo. Para la tapicer\u00eda se ha utilizado un tejido sometido a pruebas exhaustivas. Es repelente al agua, resistente a la intemperie y a los rayos UV. El conjunto tambi\u00e9n incorpora Quick Dry Foam\u00ae, que permite que el asiento y los respaldos se sequen r\u00e1pidamente tras un chaparr\u00f3n. Aspen puede ampliarse con mesas auxiliares o asientos individuales para obtener asientos adicionales.<\/p>\n<p style=\"font-weight: 400;\">Aspen tambi\u00e9n est\u00e1 disponible como sof\u00e1 cama para una relajaci\u00f3n m\u00e1xima. Adem\u00e1s del Aspen, SUNS tiene un modelo similar con una elegante estructura de aluminio: el conjunto de sal\u00f3n Kota.<\/p>\n","protected":false},"featured_media":55150,"comment_status":"closed","ping_status":"closed","template":"","meta":{"_acf_changed":false},"product_brand":[],"product_cat":[799,797],"product_tag":[],"material":[],"class_list":{"0":"post-16209","1":"product","2":"type-product","3":"status-publish","4":"has-post-thumbnail","6":"product_cat-conjuntos-de-salon","7":"product_cat-you-create-es","9":"first","10":"instock","11":"shipping-taxable","12":"product-type-simple"},"acf":[],"yoast_head":"<!-- This site is optimized with the Yoast SEO plugin v26.8 - https:\/\/yoast.com\/product\/yoast-seo-wordpress\/ -->\n<title>Aspen - SUNS Outdoor Lifestyle<\/title>\n<meta name=\"description\" content=\"Buscas un conjunto de sal\u00f3n Aspen? SUNS te ofrece conjuntos de sal\u00f3n de gran calidad. Disfruta de la m\u00e1xima comodidad y un dise\u00f1o duradero en tu jard\u00edn o terraza.\" \/>\n<meta name=\"robots\" content=\"index, follow, max-snippet:-1, max-image-preview:large, max-video-preview:-1\" \/>\n<link rel=\"canonical\" href=\"https:\/\/hello-suns.com\/es\/productos\/aspen-conjuntos-de-salon\/\" \/>\n<meta property=\"og:locale\" content=\"es_ES\" \/>\n<meta property=\"og:type\" content=\"article\" \/>\n<meta property=\"og:title\" content=\"Aspen - SUNS Outdoor Lifestyle\" \/>\n<meta property=\"og:description\" content=\"Buscas un conjunto de sal\u00f3n Aspen? SUNS te ofrece conjuntos de sal\u00f3n de gran calidad. Disfruta de la m\u00e1xima comodidad y un dise\u00f1o duradero en tu jard\u00edn o terraza.\" \/>\n<meta property=\"og:url\" content=\"https:\/\/hello-suns.com\/es\/productos\/aspen-conjuntos-de-salon\/\" \/>\n<meta property=\"og:site_name\" content=\"SUNS\" \/>\n<meta property=\"article:modified_time\" content=\"2026-02-19T15:00:16+00:00\" \/>\n<meta property=\"og:image\" content=\"https:\/\/hello-suns.com\/app\/uploads\/2025\/01\/Aspen-SUNS-Loungeset-TK-SSB-Free-26.png\" \/>\n\t<meta property=\"og:image:width\" content=\"3827\" \/>\n\t<meta property=\"og:image:height\" content=\"2551\" \/>\n\t<meta property=\"og:image:type\" content=\"image\/png\" \/>\n<meta name=\"twitter:card\" content=\"summary_large_image\" \/>\n<meta name=\"twitter:label1\" content=\"Est. reading time\" \/>\n\t<meta name=\"twitter:data1\" content=\"6 minutes\" \/>\n<script type=\"application\/ld+json\" class=\"yoast-schema-graph\">{\"@context\":\"https:\/\/schema.org\",\"@graph\":[{\"@type\":\"WebPage\",\"@id\":\"https:\/\/hello-suns.com\/es\/productos\/aspen-conjuntos-de-salon\/\",\"url\":\"https:\/\/hello-suns.com\/es\/productos\/aspen-conjuntos-de-salon\/\",\"name\":\"Aspen - SUNS Outdoor Lifestyle\",\"isPartOf\":{\"@id\":\"https:\/\/hello-suns.com\/es\/#website\"},\"primaryImageOfPage\":{\"@id\":\"https:\/\/hello-suns.com\/es\/productos\/aspen-conjuntos-de-salon\/#primaryimage\"},\"image\":{\"@id\":\"https:\/\/hello-suns.com\/es\/productos\/aspen-conjuntos-de-salon\/#primaryimage\"},\"thumbnailUrl\":\"https:\/\/hello-suns.com\/app\/uploads\/2025\/01\/Aspen-SUNS-Loungeset-TK-SSB-Free-26.png\",\"datePublished\":\"2025-01-10T08:58:21+00:00\",\"dateModified\":\"2026-02-19T15:00:16+00:00\",\"description\":\"Buscas un conjunto de sal\u00f3n Aspen? SUNS te ofrece conjuntos de sal\u00f3n de gran calidad. Disfruta de la m\u00e1xima comodidad y un dise\u00f1o duradero en tu jard\u00edn o terraza.\",\"breadcrumb\":{\"@id\":\"https:\/\/hello-suns.com\/es\/productos\/aspen-conjuntos-de-salon\/#breadcrumb\"},\"inLanguage\":\"es-ES\",\"potentialAction\":[{\"@type\":\"ReadAction\",\"target\":[\"https:\/\/hello-suns.com\/es\/productos\/aspen-conjuntos-de-salon\/\"]}]},{\"@type\":\"ImageObject\",\"inLanguage\":\"es-ES\",\"@id\":\"https:\/\/hello-suns.com\/es\/productos\/aspen-conjuntos-de-salon\/#primaryimage\",\"url\":\"https:\/\/hello-suns.com\/app\/uploads\/2025\/01\/Aspen-SUNS-Loungeset-TK-SSB-Free-26.png\",\"contentUrl\":\"https:\/\/hello-suns.com\/app\/uploads\/2025\/01\/Aspen-SUNS-Loungeset-TK-SSB-Free-26.png\",\"width\":3827,\"height\":2551},{\"@type\":\"BreadcrumbList\",\"@id\":\"https:\/\/hello-suns.com\/es\/productos\/aspen-conjuntos-de-salon\/#breadcrumb\",\"itemListElement\":[{\"@type\":\"ListItem\",\"position\":1,\"name\":\"\",\"item\":\"https:\/\/hello-suns.com\/es\/\"},{\"@type\":\"ListItem\",\"position\":2,\"name\":\"Productos\",\"item\":\"https:\/\/hello-suns.com\/es\/productos\/\"},{\"@type\":\"ListItem\",\"position\":3,\"name\":\"Aspen\"}]},{\"@type\":\"WebSite\",\"@id\":\"https:\/\/hello-suns.com\/es\/#website\",\"url\":\"https:\/\/hello-suns.com\/es\/\",\"name\":\"SUNS\",\"description\":\"Outdoor Lifestyle\",\"potentialAction\":[{\"@type\":\"SearchAction\",\"target\":{\"@type\":\"EntryPoint\",\"urlTemplate\":\"https:\/\/hello-suns.com\/es\/?s={search_term_string}\"},\"query-input\":{\"@type\":\"PropertyValueSpecification\",\"valueRequired\":true,\"valueName\":\"search_term_string\"}}],\"inLanguage\":\"es-ES\"}]}<\/script>\n<!-- \/ Yoast SEO plugin. -->","yoast_head_json":{"title":"Aspen - SUNS Outdoor Lifestyle","description":"Buscas un conjunto de sal\u00f3n Aspen? SUNS te ofrece conjuntos de sal\u00f3n de gran calidad. Disfruta de la m\u00e1xima comodidad y un dise\u00f1o duradero en tu jard\u00edn o terraza.","robots":{"index":"index","follow":"follow","max-snippet":"max-snippet:-1","max-image-preview":"max-image-preview:large","max-video-preview":"max-video-preview:-1"},"canonical":"https:\/\/hello-suns.com\/es\/productos\/aspen-conjuntos-de-salon\/","og_locale":"es_ES","og_type":"article","og_title":"Aspen - SUNS Outdoor Lifestyle","og_description":"Buscas un conjunto de sal\u00f3n Aspen? SUNS te ofrece conjuntos de sal\u00f3n de gran calidad. Disfruta de la m\u00e1xima comodidad y un dise\u00f1o duradero en tu jard\u00edn o terraza.","og_url":"https:\/\/hello-suns.com\/es\/productos\/aspen-conjuntos-de-salon\/","og_site_name":"SUNS","article_modified_time":"2026-02-19T15:00:16+00:00","og_image":[{"width":3827,"height":2551,"url":"https:\/\/hello-suns.com\/app\/uploads\/2025\/01\/Aspen-SUNS-Loungeset-TK-SSB-Free-26.png","type":"image\/png"}],"twitter_card":"summary_large_image","twitter_misc":{"Est. reading time":"6 minutes"},"schema":{"@context":"https:\/\/schema.org","@graph":[{"@type":"WebPage","@id":"https:\/\/hello-suns.com\/es\/productos\/aspen-conjuntos-de-salon\/","url":"https:\/\/hello-suns.com\/es\/productos\/aspen-conjuntos-de-salon\/","name":"Aspen - SUNS Outdoor Lifestyle","isPartOf":{"@id":"https:\/\/hello-suns.com\/es\/#website"},"primaryImageOfPage":{"@id":"https:\/\/hello-suns.com\/es\/productos\/aspen-conjuntos-de-salon\/#primaryimage"},"image":{"@id":"https:\/\/hello-suns.com\/es\/productos\/aspen-conjuntos-de-salon\/#primaryimage"},"thumbnailUrl":"https:\/\/hello-suns.com\/app\/uploads\/2025\/01\/Aspen-SUNS-Loungeset-TK-SSB-Free-26.png","datePublished":"2025-01-10T08:58:21+00:00","dateModified":"2026-02-19T15:00:16+00:00","description":"Buscas un conjunto de sal\u00f3n Aspen? SUNS te ofrece conjuntos de sal\u00f3n de gran calidad. Disfruta de la m\u00e1xima comodidad y un dise\u00f1o duradero en tu jard\u00edn o terraza.","breadcrumb":{"@id":"https:\/\/hello-suns.com\/es\/productos\/aspen-conjuntos-de-salon\/#breadcrumb"},"inLanguage":"es-ES","potentialAction":[{"@type":"ReadAction","target":["https:\/\/hello-suns.com\/es\/productos\/aspen-conjuntos-de-salon\/"]}]},{"@type":"ImageObject","inLanguage":"es-ES","@id":"https:\/\/hello-suns.com\/es\/productos\/aspen-conjuntos-de-salon\/#primaryimage","url":"https:\/\/hello-suns.com\/app\/uploads\/2025\/01\/Aspen-SUNS-Loungeset-TK-SSB-Free-26.png","contentUrl":"https:\/\/hello-suns.com\/app\/uploads\/2025\/01\/Aspen-SUNS-Loungeset-TK-SSB-Free-26.png","width":3827,"height":2551},{"@type":"BreadcrumbList","@id":"https:\/\/hello-suns.com\/es\/productos\/aspen-conjuntos-de-salon\/#breadcrumb","itemListElement":[{"@type":"ListItem","position":1,"name":"","item":"https:\/\/hello-suns.com\/es\/"},{"@type":"ListItem","position":2,"name":"Productos","item":"https:\/\/hello-suns.com\/es\/productos\/"},{"@type":"ListItem","position":3,"name":"Aspen"}]},{"@type":"WebSite","@id":"https:\/\/hello-suns.com\/es\/#website","url":"https:\/\/hello-suns.com\/es\/","name":"SUNS","description":"Outdoor Lifestyle","potentialAction":[{"@type":"SearchAction","target":{"@type":"EntryPoint","urlTemplate":"https:\/\/hello-suns.com\/es\/?s={search_term_string}"},"query-input":{"@type":"PropertyValueSpecification","valueRequired":true,"valueName":"search_term_string"}}],"inLanguage":"es-ES"}]}},"_links":{"self":[{"href":"https:\/\/hello-suns.com\/es\/wp-json\/wp\/v2\/product\/16209","targetHints":{"allow":["GET"]}}],"collection":[{"href":"https:\/\/hello-suns.com\/es\/wp-json\/wp\/v2\/product"}],"about":[{"href":"https:\/\/hello-suns.com\/es\/wp-json\/wp\/v2\/types\/product"}],"replies":[{"embeddable":true,"href":"https:\/\/hello-suns.com\/es\/wp-json\/wp\/v2\/comments?post=16209"}],"wp:featuredmedia":[{"embeddable":true,"href":"https:\/\/hello-suns.com\/es\/wp-json\/wp\/v2\/media\/55150"}],"wp:attachment":[{"href":"https:\/\/hello-suns.com\/es\/wp-json\/wp\/v2\/media?parent=16209"}],"wp:term":[{"taxonomy":"product_brand","embeddable":true,"href":"https:\/\/hello-suns.com\/es\/wp-json\/wp\/v2\/product_brand?post=16209"},{"taxonomy":"product_cat","embeddable":true,"href":"https:\/\/hello-suns.com\/es\/wp-json\/wp\/v2\/product_cat?post=16209"},{"taxonomy":"product_tag","embeddable":true,"href":"https:\/\/hello-suns.com\/es\/wp-json\/wp\/v2\/product_tag?post=16209"},{"taxonomy":"material","embeddable":true,"href":"https:\/\/hello-suns.com\/es\/wp-json\/wp\/v2\/material?post=16209"}],"curies":[{"name":"wp","href":"https:\/\/api.w.org\/{rel}","templated":true}]}}