{"id":16182,"date":"2025-01-10T12:33:37","date_gmt":"2025-01-10T11:33:37","guid":{"rendered":"https:\/\/hello-suns.com\/producten\/aspen-redondo\/"},"modified":"2026-02-19T15:16:03","modified_gmt":"2026-02-19T14:16:03","slug":"aspen-redondo-conjuntos-de-salon","status":"publish","type":"product","link":"https:\/\/hello-suns.com\/es\/productos\/aspen-redondo-conjuntos-de-salon\/","title":{"rendered":"Aspen | redondo"},"content":{"rendered":"<h2 style=\"font-weight: 400;\">Curvas ejemplares<\/h2>\n<p style=\"font-weight: 400;\">En la rica colecci\u00f3n de SUNS, el conjunto de sal\u00f3n Aspen es sin duda uno de los m\u00e1s destacados. Experimenta las cualidades de Aspen en su \u00faltimo y curvil\u00edneo dise\u00f1o y disfruta del m\u00e1ximo confort en un dise\u00f1o atrevido.<\/p>\n","protected":false},"excerpt":{"rendered":"<h3 style=\"font-weight: 400;\">Repelente al agua y especialmente atractivo<\/h3>\n<p style=\"font-weight: 400;\">El juego de sal\u00f3n Aspen redondo a\u00f1ade bellas formas curvas a la popular l\u00ednea Aspen. Las nuevas secciones de esquina son semicirculares, lo que te permite ampliar la zona de asientos de forma l\u00fadica. O fusionar estas piezas en una unidad redonda para utilizarla como sof\u00e1.<\/p>\n<p style=\"font-weight: 400;\">Gracias a los amplios asientos y a los cojines bien acolchados, disfrutar\u00e1s de un asiento muy c\u00f3modo. Para la tapicer\u00eda se ha utilizado un tejido sometido a pruebas exhaustivas. Es repelente al agua, resistente a la intemperie y a los rayos UV. El conjunto tambi\u00e9n incorpora Quick Dry Foam\u00ae, que permite que el asiento y los respaldos se sequen r\u00e1pidamente tras un chaparr\u00f3n.<\/p>\n<p style=\"font-weight: 400;\">El conjunto de sal\u00f3n Aspen redondo puede ampliarse con mesas de sal\u00f3n semicirculares con cojines de mesa opcionales. Tambi\u00e9n hay disponible un taburete curvo que, junto con dos grandes rinconeras, forma un acogedor sof\u00e1 cama.<\/p>\n","protected":false},"featured_media":16184,"comment_status":"closed","ping_status":"closed","template":"","meta":{"_acf_changed":false},"product_brand":[],"product_cat":[799,797],"product_tag":[],"material":[],"class_list":{"0":"post-16182","1":"product","2":"type-product","3":"status-publish","4":"has-post-thumbnail","6":"product_cat-conjuntos-de-salon","7":"product_cat-you-create-es","9":"first","10":"instock","11":"shipping-taxable","12":"product-type-simple"},"acf":[],"yoast_head":"<!-- This site is optimized with the Yoast SEO plugin v26.8 - https:\/\/yoast.com\/product\/yoast-seo-wordpress\/ -->\n<title>Aspen Lounge Set Redondo | SUNS Outdoor Lifestyle<\/title>\n<meta name=\"description\" content=\"\u00bfBuscas un juego de sal\u00f3n redondo de \u00e1lamo? SUNS te ofrece conjuntos de sal\u00f3n de gran calidad. Disfruta de la m\u00e1xima comodidad y un dise\u00f1o duradero en tu jard\u00edn o terraza.\" \/>\n<meta name=\"robots\" content=\"index, follow, max-snippet:-1, max-image-preview:large, max-video-preview:-1\" \/>\n<link rel=\"canonical\" href=\"https:\/\/hello-suns.com\/es\/productos\/aspen-redondo-conjuntos-de-salon\/\" \/>\n<meta property=\"og:locale\" content=\"es_ES\" \/>\n<meta property=\"og:type\" content=\"article\" \/>\n<meta property=\"og:title\" content=\"Aspen Lounge Set Redondo | SUNS Outdoor Lifestyle\" \/>\n<meta property=\"og:description\" content=\"\u00bfBuscas un juego de sal\u00f3n redondo de \u00e1lamo? SUNS te ofrece conjuntos de sal\u00f3n de gran calidad. Disfruta de la m\u00e1xima comodidad y un dise\u00f1o duradero en tu jard\u00edn o terraza.\" \/>\n<meta property=\"og:url\" content=\"https:\/\/hello-suns.com\/es\/productos\/aspen-redondo-conjuntos-de-salon\/\" \/>\n<meta property=\"og:site_name\" content=\"SUNS\" \/>\n<meta property=\"article:modified_time\" content=\"2026-02-19T14:16:03+00:00\" \/>\n<meta property=\"og:image\" content=\"https:\/\/hello-suns.com\/app\/uploads\/2025\/01\/01_Aspen-Termoli-SUNS-loungeset-round-TK-NG-free-25-3-2500-2.png\" \/>\n\t<meta property=\"og:image:width\" content=\"2500\" \/>\n\t<meta property=\"og:image:height\" content=\"1667\" \/>\n\t<meta property=\"og:image:type\" content=\"image\/png\" \/>\n<meta name=\"twitter:card\" content=\"summary_large_image\" \/>\n<meta name=\"twitter:label1\" content=\"Est. reading time\" \/>\n\t<meta name=\"twitter:data1\" content=\"4 minutes\" \/>\n<script type=\"application\/ld+json\" class=\"yoast-schema-graph\">{\"@context\":\"https:\/\/schema.org\",\"@graph\":[{\"@type\":\"WebPage\",\"@id\":\"https:\/\/hello-suns.com\/es\/productos\/aspen-redondo-conjuntos-de-salon\/\",\"url\":\"https:\/\/hello-suns.com\/es\/productos\/aspen-redondo-conjuntos-de-salon\/\",\"name\":\"Aspen Lounge Set Redondo | SUNS Outdoor Lifestyle\",\"isPartOf\":{\"@id\":\"https:\/\/hello-suns.com\/es\/#website\"},\"primaryImageOfPage\":{\"@id\":\"https:\/\/hello-suns.com\/es\/productos\/aspen-redondo-conjuntos-de-salon\/#primaryimage\"},\"image\":{\"@id\":\"https:\/\/hello-suns.com\/es\/productos\/aspen-redondo-conjuntos-de-salon\/#primaryimage\"},\"thumbnailUrl\":\"https:\/\/hello-suns.com\/app\/uploads\/2025\/01\/01_Aspen-Termoli-SUNS-loungeset-round-TK-NG-free-25-3-2500-2.png\",\"datePublished\":\"2025-01-10T11:33:37+00:00\",\"dateModified\":\"2026-02-19T14:16:03+00:00\",\"description\":\"\u00bfBuscas un juego de sal\u00f3n redondo de \u00e1lamo? SUNS te ofrece conjuntos de sal\u00f3n de gran calidad. Disfruta de la m\u00e1xima comodidad y un dise\u00f1o duradero en tu jard\u00edn o terraza.\",\"breadcrumb\":{\"@id\":\"https:\/\/hello-suns.com\/es\/productos\/aspen-redondo-conjuntos-de-salon\/#breadcrumb\"},\"inLanguage\":\"es-ES\",\"potentialAction\":[{\"@type\":\"ReadAction\",\"target\":[\"https:\/\/hello-suns.com\/es\/productos\/aspen-redondo-conjuntos-de-salon\/\"]}]},{\"@type\":\"ImageObject\",\"inLanguage\":\"es-ES\",\"@id\":\"https:\/\/hello-suns.com\/es\/productos\/aspen-redondo-conjuntos-de-salon\/#primaryimage\",\"url\":\"https:\/\/hello-suns.com\/app\/uploads\/2025\/01\/01_Aspen-Termoli-SUNS-loungeset-round-TK-NG-free-25-3-2500-2.png\",\"contentUrl\":\"https:\/\/hello-suns.com\/app\/uploads\/2025\/01\/01_Aspen-Termoli-SUNS-loungeset-round-TK-NG-free-25-3-2500-2.png\",\"width\":2500,\"height\":1667},{\"@type\":\"BreadcrumbList\",\"@id\":\"https:\/\/hello-suns.com\/es\/productos\/aspen-redondo-conjuntos-de-salon\/#breadcrumb\",\"itemListElement\":[{\"@type\":\"ListItem\",\"position\":1,\"name\":\"\",\"item\":\"https:\/\/hello-suns.com\/es\/\"},{\"@type\":\"ListItem\",\"position\":2,\"name\":\"Productos\",\"item\":\"https:\/\/hello-suns.com\/es\/productos\/\"},{\"@type\":\"ListItem\",\"position\":3,\"name\":\"Aspen | redondo\"}]},{\"@type\":\"WebSite\",\"@id\":\"https:\/\/hello-suns.com\/es\/#website\",\"url\":\"https:\/\/hello-suns.com\/es\/\",\"name\":\"SUNS\",\"description\":\"Outdoor Lifestyle\",\"potentialAction\":[{\"@type\":\"SearchAction\",\"target\":{\"@type\":\"EntryPoint\",\"urlTemplate\":\"https:\/\/hello-suns.com\/es\/?s={search_term_string}\"},\"query-input\":{\"@type\":\"PropertyValueSpecification\",\"valueRequired\":true,\"valueName\":\"search_term_string\"}}],\"inLanguage\":\"es-ES\"}]}<\/script>\n<!-- \/ Yoast SEO plugin. -->","yoast_head_json":{"title":"Aspen Lounge Set Redondo | SUNS Outdoor Lifestyle","description":"\u00bfBuscas un juego de sal\u00f3n redondo de \u00e1lamo? SUNS te ofrece conjuntos de sal\u00f3n de gran calidad. Disfruta de la m\u00e1xima comodidad y un dise\u00f1o duradero en tu jard\u00edn o terraza.","robots":{"index":"index","follow":"follow","max-snippet":"max-snippet:-1","max-image-preview":"max-image-preview:large","max-video-preview":"max-video-preview:-1"},"canonical":"https:\/\/hello-suns.com\/es\/productos\/aspen-redondo-conjuntos-de-salon\/","og_locale":"es_ES","og_type":"article","og_title":"Aspen Lounge Set Redondo | SUNS Outdoor Lifestyle","og_description":"\u00bfBuscas un juego de sal\u00f3n redondo de \u00e1lamo? SUNS te ofrece conjuntos de sal\u00f3n de gran calidad. Disfruta de la m\u00e1xima comodidad y un dise\u00f1o duradero en tu jard\u00edn o terraza.","og_url":"https:\/\/hello-suns.com\/es\/productos\/aspen-redondo-conjuntos-de-salon\/","og_site_name":"SUNS","article_modified_time":"2026-02-19T14:16:03+00:00","og_image":[{"width":2500,"height":1667,"url":"https:\/\/hello-suns.com\/app\/uploads\/2025\/01\/01_Aspen-Termoli-SUNS-loungeset-round-TK-NG-free-25-3-2500-2.png","type":"image\/png"}],"twitter_card":"summary_large_image","twitter_misc":{"Est. reading time":"4 minutes"},"schema":{"@context":"https:\/\/schema.org","@graph":[{"@type":"WebPage","@id":"https:\/\/hello-suns.com\/es\/productos\/aspen-redondo-conjuntos-de-salon\/","url":"https:\/\/hello-suns.com\/es\/productos\/aspen-redondo-conjuntos-de-salon\/","name":"Aspen Lounge Set Redondo | SUNS Outdoor Lifestyle","isPartOf":{"@id":"https:\/\/hello-suns.com\/es\/#website"},"primaryImageOfPage":{"@id":"https:\/\/hello-suns.com\/es\/productos\/aspen-redondo-conjuntos-de-salon\/#primaryimage"},"image":{"@id":"https:\/\/hello-suns.com\/es\/productos\/aspen-redondo-conjuntos-de-salon\/#primaryimage"},"thumbnailUrl":"https:\/\/hello-suns.com\/app\/uploads\/2025\/01\/01_Aspen-Termoli-SUNS-loungeset-round-TK-NG-free-25-3-2500-2.png","datePublished":"2025-01-10T11:33:37+00:00","dateModified":"2026-02-19T14:16:03+00:00","description":"\u00bfBuscas un juego de sal\u00f3n redondo de \u00e1lamo? SUNS te ofrece conjuntos de sal\u00f3n de gran calidad. Disfruta de la m\u00e1xima comodidad y un dise\u00f1o duradero en tu jard\u00edn o terraza.","breadcrumb":{"@id":"https:\/\/hello-suns.com\/es\/productos\/aspen-redondo-conjuntos-de-salon\/#breadcrumb"},"inLanguage":"es-ES","potentialAction":[{"@type":"ReadAction","target":["https:\/\/hello-suns.com\/es\/productos\/aspen-redondo-conjuntos-de-salon\/"]}]},{"@type":"ImageObject","inLanguage":"es-ES","@id":"https:\/\/hello-suns.com\/es\/productos\/aspen-redondo-conjuntos-de-salon\/#primaryimage","url":"https:\/\/hello-suns.com\/app\/uploads\/2025\/01\/01_Aspen-Termoli-SUNS-loungeset-round-TK-NG-free-25-3-2500-2.png","contentUrl":"https:\/\/hello-suns.com\/app\/uploads\/2025\/01\/01_Aspen-Termoli-SUNS-loungeset-round-TK-NG-free-25-3-2500-2.png","width":2500,"height":1667},{"@type":"BreadcrumbList","@id":"https:\/\/hello-suns.com\/es\/productos\/aspen-redondo-conjuntos-de-salon\/#breadcrumb","itemListElement":[{"@type":"ListItem","position":1,"name":"","item":"https:\/\/hello-suns.com\/es\/"},{"@type":"ListItem","position":2,"name":"Productos","item":"https:\/\/hello-suns.com\/es\/productos\/"},{"@type":"ListItem","position":3,"name":"Aspen | redondo"}]},{"@type":"WebSite","@id":"https:\/\/hello-suns.com\/es\/#website","url":"https:\/\/hello-suns.com\/es\/","name":"SUNS","description":"Outdoor Lifestyle","potentialAction":[{"@type":"SearchAction","target":{"@type":"EntryPoint","urlTemplate":"https:\/\/hello-suns.com\/es\/?s={search_term_string}"},"query-input":{"@type":"PropertyValueSpecification","valueRequired":true,"valueName":"search_term_string"}}],"inLanguage":"es-ES"}]}},"_links":{"self":[{"href":"https:\/\/hello-suns.com\/es\/wp-json\/wp\/v2\/product\/16182","targetHints":{"allow":["GET"]}}],"collection":[{"href":"https:\/\/hello-suns.com\/es\/wp-json\/wp\/v2\/product"}],"about":[{"href":"https:\/\/hello-suns.com\/es\/wp-json\/wp\/v2\/types\/product"}],"replies":[{"embeddable":true,"href":"https:\/\/hello-suns.com\/es\/wp-json\/wp\/v2\/comments?post=16182"}],"wp:featuredmedia":[{"embeddable":true,"href":"https:\/\/hello-suns.com\/es\/wp-json\/wp\/v2\/media\/16184"}],"wp:attachment":[{"href":"https:\/\/hello-suns.com\/es\/wp-json\/wp\/v2\/media?parent=16182"}],"wp:term":[{"taxonomy":"product_brand","embeddable":true,"href":"https:\/\/hello-suns.com\/es\/wp-json\/wp\/v2\/product_brand?post=16182"},{"taxonomy":"product_cat","embeddable":true,"href":"https:\/\/hello-suns.com\/es\/wp-json\/wp\/v2\/product_cat?post=16182"},{"taxonomy":"product_tag","embeddable":true,"href":"https:\/\/hello-suns.com\/es\/wp-json\/wp\/v2\/product_tag?post=16182"},{"taxonomy":"material","embeddable":true,"href":"https:\/\/hello-suns.com\/es\/wp-json\/wp\/v2\/material?post=16182"}],"curies":[{"name":"wp","href":"https:\/\/api.w.org\/{rel}","templated":true}]}}