{"id":16144,"date":"2025-01-10T12:58:08","date_gmt":"2025-01-10T12:58:08","guid":{"rendered":"https:\/\/hello-suns.com\/producten\/avero-3\/"},"modified":"2025-09-09T09:14:31","modified_gmt":"2025-09-09T09:14:31","slug":"avero-conjuntos-de-salon","status":"publish","type":"product","link":"https:\/\/hello-suns.com\/es\/productos\/avero-conjuntos-de-salon\/","title":{"rendered":"Avero"},"content":{"rendered":"<h2 style=\"font-weight: 400;\">Confort en un dise\u00f1o sofisticado<\/h2>\n<p style=\"font-weight: 400;\">Forma y funcionalidad se unen en el conjunto de sal\u00f3n SUNS Avero. El esbelto y elegante armaz\u00f3n, ensartado con cordaje de alta calidad, hace sutil referencia a los ic\u00f3nicos dise\u00f1os de muebles de los a\u00f1os 50. La generosa amortiguaci\u00f3n subraya el confort.<\/p>\n","protected":false},"excerpt":{"rendered":"<h3 style=\"font-weight: 400;\">Elegante juego de sal\u00f3n de cuerda<\/h3>\n<p style=\"font-weight: 400;\">Avero es un conjunto de sal\u00f3n elegante y extremadamente c\u00f3modo que pone de manifiesto la comodidad y el lujo de un sof\u00e1 de interior. El asiento se inclina ligeramente hacia atr\u00e1s, proporcionando una sentada agradablemente relajada. Los cojines generosamente acolchados hacen el resto. Esto es relajarse en optima forma.<\/p>\n<p style=\"font-weight: 400;\">Su elegante dise\u00f1o hace que Avero atraiga todas las miradas en cualquier terraza. El esbelto marco de aluminio est\u00e1 atado con cuerda de primera calidad. Esto le da un aspecto elegante que se realza con la combinaci\u00f3n de colores naturales en tonos suaves. Gracias a los materiales de alta calidad resistentes a la intemperie con los que est\u00e1 fabricado Avero, este conjunto de sal\u00f3n puede estar en el exterior todo el a\u00f1o. SUNS Avero tambi\u00e9n est\u00e1 disponible como conjunto de sof\u00e1 con sillas y bancos independientes.<\/p>\n","protected":false},"featured_media":16152,"comment_status":"closed","ping_status":"closed","template":"","meta":{"_acf_changed":false},"product_brand":[],"product_cat":[799],"product_tag":[],"material":[],"class_list":{"0":"post-16144","1":"product","2":"type-product","3":"status-publish","4":"has-post-thumbnail","6":"product_cat-conjuntos-de-salon","8":"first","9":"instock","10":"shipping-taxable","11":"product-type-simple"},"acf":[],"yoast_head":"<!-- This site is optimized with the Yoast SEO plugin v26.8 - https:\/\/yoast.com\/product\/yoast-seo-wordpress\/ -->\n<title>Descubre el Conjunto de Tumbona Avero | SUNS Outdoor Lifestyle<\/title>\n<meta name=\"description\" content=\"\u00bfBuscas un elegante conjunto de sal\u00f3n avero? SUNS ofrece conjuntos de sal\u00f3n de lujo que combinan a la perfecci\u00f3n comodidad, durabilidad y dise\u00f1o contempor\u00e1neo.\" \/>\n<meta name=\"robots\" content=\"index, follow, max-snippet:-1, max-image-preview:large, max-video-preview:-1\" \/>\n<link rel=\"canonical\" href=\"https:\/\/hello-suns.com\/es\/productos\/avero-conjuntos-de-salon\/\" \/>\n<meta property=\"og:locale\" content=\"es_ES\" \/>\n<meta property=\"og:type\" content=\"article\" \/>\n<meta property=\"og:title\" content=\"Descubre el Conjunto de Tumbona Avero | SUNS Outdoor Lifestyle\" \/>\n<meta property=\"og:description\" content=\"\u00bfBuscas un elegante conjunto de sal\u00f3n avero? SUNS ofrece conjuntos de sal\u00f3n de lujo que combinan a la perfecci\u00f3n comodidad, durabilidad y dise\u00f1o contempor\u00e1neo.\" \/>\n<meta property=\"og:url\" content=\"https:\/\/hello-suns.com\/es\/productos\/avero-conjuntos-de-salon\/\" \/>\n<meta property=\"og:site_name\" content=\"SUNS\" \/>\n<meta property=\"article:modified_time\" content=\"2025-09-09T09:14:31+00:00\" \/>\n<meta property=\"og:image\" content=\"https:\/\/hello-suns.com\/app\/uploads\/2025\/01\/01_Loungeset_SUNS_Avero_mrg_Natural_6pcs-3.png\" \/>\n\t<meta property=\"og:image:width\" content=\"2500\" \/>\n\t<meta property=\"og:image:height\" content=\"1667\" \/>\n\t<meta property=\"og:image:type\" content=\"image\/png\" \/>\n<meta name=\"twitter:card\" content=\"summary_large_image\" \/>\n<meta name=\"twitter:label1\" content=\"Est. reading time\" \/>\n\t<meta name=\"twitter:data1\" content=\"6 minutes\" \/>\n<script type=\"application\/ld+json\" class=\"yoast-schema-graph\">{\"@context\":\"https:\/\/schema.org\",\"@graph\":[{\"@type\":\"WebPage\",\"@id\":\"https:\/\/hello-suns.com\/es\/productos\/avero-conjuntos-de-salon\/\",\"url\":\"https:\/\/hello-suns.com\/es\/productos\/avero-conjuntos-de-salon\/\",\"name\":\"Descubre el Conjunto de Tumbona Avero | SUNS Outdoor Lifestyle\",\"isPartOf\":{\"@id\":\"https:\/\/hello-suns.com\/es\/#website\"},\"primaryImageOfPage\":{\"@id\":\"https:\/\/hello-suns.com\/es\/productos\/avero-conjuntos-de-salon\/#primaryimage\"},\"image\":{\"@id\":\"https:\/\/hello-suns.com\/es\/productos\/avero-conjuntos-de-salon\/#primaryimage\"},\"thumbnailUrl\":\"https:\/\/hello-suns.com\/app\/uploads\/2025\/01\/01_Loungeset_SUNS_Avero_mrg_Natural_6pcs-3.png\",\"datePublished\":\"2025-01-10T12:58:08+00:00\",\"dateModified\":\"2025-09-09T09:14:31+00:00\",\"description\":\"\u00bfBuscas un elegante conjunto de sal\u00f3n avero? SUNS ofrece conjuntos de sal\u00f3n de lujo que combinan a la perfecci\u00f3n comodidad, durabilidad y dise\u00f1o contempor\u00e1neo.\",\"breadcrumb\":{\"@id\":\"https:\/\/hello-suns.com\/es\/productos\/avero-conjuntos-de-salon\/#breadcrumb\"},\"inLanguage\":\"es-ES\",\"potentialAction\":[{\"@type\":\"ReadAction\",\"target\":[\"https:\/\/hello-suns.com\/es\/productos\/avero-conjuntos-de-salon\/\"]}]},{\"@type\":\"ImageObject\",\"inLanguage\":\"es-ES\",\"@id\":\"https:\/\/hello-suns.com\/es\/productos\/avero-conjuntos-de-salon\/#primaryimage\",\"url\":\"https:\/\/hello-suns.com\/app\/uploads\/2025\/01\/01_Loungeset_SUNS_Avero_mrg_Natural_6pcs-3.png\",\"contentUrl\":\"https:\/\/hello-suns.com\/app\/uploads\/2025\/01\/01_Loungeset_SUNS_Avero_mrg_Natural_6pcs-3.png\",\"width\":2500,\"height\":1667},{\"@type\":\"BreadcrumbList\",\"@id\":\"https:\/\/hello-suns.com\/es\/productos\/avero-conjuntos-de-salon\/#breadcrumb\",\"itemListElement\":[{\"@type\":\"ListItem\",\"position\":1,\"name\":\"\",\"item\":\"https:\/\/hello-suns.com\/es\/\"},{\"@type\":\"ListItem\",\"position\":2,\"name\":\"Productos\",\"item\":\"https:\/\/hello-suns.com\/es\/productos\/\"},{\"@type\":\"ListItem\",\"position\":3,\"name\":\"Avero\"}]},{\"@type\":\"WebSite\",\"@id\":\"https:\/\/hello-suns.com\/es\/#website\",\"url\":\"https:\/\/hello-suns.com\/es\/\",\"name\":\"SUNS\",\"description\":\"Outdoor Lifestyle\",\"potentialAction\":[{\"@type\":\"SearchAction\",\"target\":{\"@type\":\"EntryPoint\",\"urlTemplate\":\"https:\/\/hello-suns.com\/es\/?s={search_term_string}\"},\"query-input\":{\"@type\":\"PropertyValueSpecification\",\"valueRequired\":true,\"valueName\":\"search_term_string\"}}],\"inLanguage\":\"es-ES\"}]}<\/script>\n<!-- \/ Yoast SEO plugin. -->","yoast_head_json":{"title":"Descubre el Conjunto de Tumbona Avero | SUNS Outdoor Lifestyle","description":"\u00bfBuscas un elegante conjunto de sal\u00f3n avero? SUNS ofrece conjuntos de sal\u00f3n de lujo que combinan a la perfecci\u00f3n comodidad, durabilidad y dise\u00f1o contempor\u00e1neo.","robots":{"index":"index","follow":"follow","max-snippet":"max-snippet:-1","max-image-preview":"max-image-preview:large","max-video-preview":"max-video-preview:-1"},"canonical":"https:\/\/hello-suns.com\/es\/productos\/avero-conjuntos-de-salon\/","og_locale":"es_ES","og_type":"article","og_title":"Descubre el Conjunto de Tumbona Avero | SUNS Outdoor Lifestyle","og_description":"\u00bfBuscas un elegante conjunto de sal\u00f3n avero? SUNS ofrece conjuntos de sal\u00f3n de lujo que combinan a la perfecci\u00f3n comodidad, durabilidad y dise\u00f1o contempor\u00e1neo.","og_url":"https:\/\/hello-suns.com\/es\/productos\/avero-conjuntos-de-salon\/","og_site_name":"SUNS","article_modified_time":"2025-09-09T09:14:31+00:00","og_image":[{"width":2500,"height":1667,"url":"https:\/\/hello-suns.com\/app\/uploads\/2025\/01\/01_Loungeset_SUNS_Avero_mrg_Natural_6pcs-3.png","type":"image\/png"}],"twitter_card":"summary_large_image","twitter_misc":{"Est. reading time":"6 minutes"},"schema":{"@context":"https:\/\/schema.org","@graph":[{"@type":"WebPage","@id":"https:\/\/hello-suns.com\/es\/productos\/avero-conjuntos-de-salon\/","url":"https:\/\/hello-suns.com\/es\/productos\/avero-conjuntos-de-salon\/","name":"Descubre el Conjunto de Tumbona Avero | SUNS Outdoor Lifestyle","isPartOf":{"@id":"https:\/\/hello-suns.com\/es\/#website"},"primaryImageOfPage":{"@id":"https:\/\/hello-suns.com\/es\/productos\/avero-conjuntos-de-salon\/#primaryimage"},"image":{"@id":"https:\/\/hello-suns.com\/es\/productos\/avero-conjuntos-de-salon\/#primaryimage"},"thumbnailUrl":"https:\/\/hello-suns.com\/app\/uploads\/2025\/01\/01_Loungeset_SUNS_Avero_mrg_Natural_6pcs-3.png","datePublished":"2025-01-10T12:58:08+00:00","dateModified":"2025-09-09T09:14:31+00:00","description":"\u00bfBuscas un elegante conjunto de sal\u00f3n avero? SUNS ofrece conjuntos de sal\u00f3n de lujo que combinan a la perfecci\u00f3n comodidad, durabilidad y dise\u00f1o contempor\u00e1neo.","breadcrumb":{"@id":"https:\/\/hello-suns.com\/es\/productos\/avero-conjuntos-de-salon\/#breadcrumb"},"inLanguage":"es-ES","potentialAction":[{"@type":"ReadAction","target":["https:\/\/hello-suns.com\/es\/productos\/avero-conjuntos-de-salon\/"]}]},{"@type":"ImageObject","inLanguage":"es-ES","@id":"https:\/\/hello-suns.com\/es\/productos\/avero-conjuntos-de-salon\/#primaryimage","url":"https:\/\/hello-suns.com\/app\/uploads\/2025\/01\/01_Loungeset_SUNS_Avero_mrg_Natural_6pcs-3.png","contentUrl":"https:\/\/hello-suns.com\/app\/uploads\/2025\/01\/01_Loungeset_SUNS_Avero_mrg_Natural_6pcs-3.png","width":2500,"height":1667},{"@type":"BreadcrumbList","@id":"https:\/\/hello-suns.com\/es\/productos\/avero-conjuntos-de-salon\/#breadcrumb","itemListElement":[{"@type":"ListItem","position":1,"name":"","item":"https:\/\/hello-suns.com\/es\/"},{"@type":"ListItem","position":2,"name":"Productos","item":"https:\/\/hello-suns.com\/es\/productos\/"},{"@type":"ListItem","position":3,"name":"Avero"}]},{"@type":"WebSite","@id":"https:\/\/hello-suns.com\/es\/#website","url":"https:\/\/hello-suns.com\/es\/","name":"SUNS","description":"Outdoor Lifestyle","potentialAction":[{"@type":"SearchAction","target":{"@type":"EntryPoint","urlTemplate":"https:\/\/hello-suns.com\/es\/?s={search_term_string}"},"query-input":{"@type":"PropertyValueSpecification","valueRequired":true,"valueName":"search_term_string"}}],"inLanguage":"es-ES"}]}},"_links":{"self":[{"href":"https:\/\/hello-suns.com\/es\/wp-json\/wp\/v2\/product\/16144","targetHints":{"allow":["GET"]}}],"collection":[{"href":"https:\/\/hello-suns.com\/es\/wp-json\/wp\/v2\/product"}],"about":[{"href":"https:\/\/hello-suns.com\/es\/wp-json\/wp\/v2\/types\/product"}],"replies":[{"embeddable":true,"href":"https:\/\/hello-suns.com\/es\/wp-json\/wp\/v2\/comments?post=16144"}],"wp:featuredmedia":[{"embeddable":true,"href":"https:\/\/hello-suns.com\/es\/wp-json\/wp\/v2\/media\/16152"}],"wp:attachment":[{"href":"https:\/\/hello-suns.com\/es\/wp-json\/wp\/v2\/media?parent=16144"}],"wp:term":[{"taxonomy":"product_brand","embeddable":true,"href":"https:\/\/hello-suns.com\/es\/wp-json\/wp\/v2\/product_brand?post=16144"},{"taxonomy":"product_cat","embeddable":true,"href":"https:\/\/hello-suns.com\/es\/wp-json\/wp\/v2\/product_cat?post=16144"},{"taxonomy":"product_tag","embeddable":true,"href":"https:\/\/hello-suns.com\/es\/wp-json\/wp\/v2\/product_tag?post=16144"},{"taxonomy":"material","embeddable":true,"href":"https:\/\/hello-suns.com\/es\/wp-json\/wp\/v2\/material?post=16144"}],"curies":[{"name":"wp","href":"https:\/\/api.w.org\/{rel}","templated":true}]}}