{"id":16071,"date":"2025-01-13T07:43:07","date_gmt":"2025-01-13T06:43:07","guid":{"rendered":"https:\/\/hello-suns.com\/producten\/evora-aluminio-2\/"},"modified":"2026-02-03T10:18:39","modified_gmt":"2026-02-03T09:18:39","slug":"evora-aluminio-conjuntos-de-salon","status":"publish","type":"product","link":"https:\/\/hello-suns.com\/es\/productos\/evora-aluminio-conjuntos-de-salon\/","title":{"rendered":"Evora | aluminio"},"content":{"rendered":"<h2 style=\"font-weight: 400;\">Crea tu propio momento de descanso<\/h2>\n<p style=\"font-weight: 400;\">D\u00e9jate sorprender gratamente por el confort y el dise\u00f1o de buen gusto del Evora. Da rienda suelta a tu imaginaci\u00f3n y monta tu conjunto de sal\u00f3n ideal. Crea tu propio momento de paz o comparte esa sensaci\u00f3n de puro lujo con tus amigos. Nada te detendr\u00e1.<\/p>\n","protected":false},"excerpt":{"rendered":"<h3 style=\"font-weight: 400;\">Elegante aluminio<\/h3>\n<p style=\"font-weight: 400;\">El conjunto de sal\u00f3n Evora es nuestra nueva generaci\u00f3n de muebles de sal\u00f3n, basada en el popular dise\u00f1o Portofino. La estructura est\u00e1 acabada en elegante aluminio. Los lujosos cojines y el asiento est\u00e1n profusamente acolchados para ofrecer una comodidad \u00f3ptima al sentarse o tumbarse, y est\u00e1n revestidos con tejido hidr\u00f3fugo y resistente a la intemperie de alta calidad. El conjunto de sal\u00f3n puede ampliarse con extras opcionales: un reposabrazos, un coj\u00edn para la mesa auxiliar y un coj\u00edn para las mesas auxiliares.<\/p>\n<p style=\"font-weight: 400;\">Este conjunto de sal\u00f3n forma parte de la gama T\u00fa Creas. Esto significa que el Evora consta de varios elementos individuales que puedes combinar libremente. Una esquina fija, bancos sueltos, mesas auxiliares adicionales o s\u00f3lo una mesa auxiliar suelta, una disposici\u00f3n con una chaise longue: elige a tu gusto y crea la disposici\u00f3n ideal para tu jard\u00edn o terraza. Es bueno saberlo: Evora est\u00e1 equipado con Quick Dry Foam\u00ae. Gracias a un innovador n\u00facleo de estructura celular abierta, los cojines y el asiento se secan r\u00e1pidamente. As\u00ed que no te preocupes por un chaparr\u00f3n. Idea: combina dos chaise longues en un sof\u00e1 cama para disfrutar del m\u00e1ximo confort.<\/p>\n","protected":false},"featured_media":16074,"comment_status":"closed","ping_status":"closed","template":"","meta":{"_acf_changed":false},"product_brand":[],"product_cat":[799,797],"product_tag":[],"material":[],"class_list":{"0":"post-16071","1":"product","2":"type-product","3":"status-publish","4":"has-post-thumbnail","6":"product_cat-conjuntos-de-salon","7":"product_cat-you-create-es","9":"first","10":"instock","11":"shipping-taxable","12":"product-type-simple"},"acf":[],"yoast_head":"<!-- This site is optimized with the Yoast SEO plugin v26.8 - https:\/\/yoast.com\/product\/yoast-seo-wordpress\/ -->\n<title>Descubre Evora Lougeset Aluminio | SUNS Outdoor Lifestyle<\/title>\n<meta name=\"description\" content=\"\u00bfBuscas un elegante conjunto de sal\u00f3n evora de aluminio? SUNS ofrece conjuntos de sal\u00f3n de lujo con un dise\u00f1o moderno, materiales duraderos y el m\u00e1ximo confort.\" \/>\n<meta name=\"robots\" content=\"index, follow, max-snippet:-1, max-image-preview:large, max-video-preview:-1\" \/>\n<link rel=\"canonical\" href=\"https:\/\/hello-suns.com\/es\/productos\/evora-aluminio-conjuntos-de-salon\/\" \/>\n<meta property=\"og:locale\" content=\"es_ES\" \/>\n<meta property=\"og:type\" content=\"article\" \/>\n<meta property=\"og:title\" content=\"Descubre Evora Lougeset Aluminio | SUNS Outdoor Lifestyle\" \/>\n<meta property=\"og:description\" content=\"\u00bfBuscas un elegante conjunto de sal\u00f3n evora de aluminio? SUNS ofrece conjuntos de sal\u00f3n de lujo con un dise\u00f1o moderno, materiales duraderos y el m\u00e1ximo confort.\" \/>\n<meta property=\"og:url\" content=\"https:\/\/hello-suns.com\/es\/productos\/evora-aluminio-conjuntos-de-salon\/\" \/>\n<meta property=\"og:site_name\" content=\"SUNS\" \/>\n<meta property=\"article:modified_time\" content=\"2026-02-03T09:18:39+00:00\" \/>\n<meta property=\"og:image\" content=\"https:\/\/hello-suns.com\/app\/uploads\/2025\/01\/01_Loungeset_SUNS_Evora_alu_mw_softgreen_tablecushion-2500-3pix.png\" \/>\n\t<meta property=\"og:image:width\" content=\"2500\" \/>\n\t<meta property=\"og:image:height\" content=\"1667\" \/>\n\t<meta property=\"og:image:type\" content=\"image\/png\" \/>\n<meta name=\"twitter:card\" content=\"summary_large_image\" \/>\n<meta name=\"twitter:label1\" content=\"Est. reading time\" \/>\n\t<meta name=\"twitter:data1\" content=\"6 minutes\" \/>\n<script type=\"application\/ld+json\" class=\"yoast-schema-graph\">{\"@context\":\"https:\/\/schema.org\",\"@graph\":[{\"@type\":\"WebPage\",\"@id\":\"https:\/\/hello-suns.com\/es\/productos\/evora-aluminio-conjuntos-de-salon\/\",\"url\":\"https:\/\/hello-suns.com\/es\/productos\/evora-aluminio-conjuntos-de-salon\/\",\"name\":\"Descubre Evora Lougeset Aluminio | SUNS Outdoor Lifestyle\",\"isPartOf\":{\"@id\":\"https:\/\/hello-suns.com\/es\/#website\"},\"primaryImageOfPage\":{\"@id\":\"https:\/\/hello-suns.com\/es\/productos\/evora-aluminio-conjuntos-de-salon\/#primaryimage\"},\"image\":{\"@id\":\"https:\/\/hello-suns.com\/es\/productos\/evora-aluminio-conjuntos-de-salon\/#primaryimage\"},\"thumbnailUrl\":\"https:\/\/hello-suns.com\/app\/uploads\/2025\/01\/01_Loungeset_SUNS_Evora_alu_mw_softgreen_tablecushion-2500-3pix.png\",\"datePublished\":\"2025-01-13T06:43:07+00:00\",\"dateModified\":\"2026-02-03T09:18:39+00:00\",\"description\":\"\u00bfBuscas un elegante conjunto de sal\u00f3n evora de aluminio? SUNS ofrece conjuntos de sal\u00f3n de lujo con un dise\u00f1o moderno, materiales duraderos y el m\u00e1ximo confort.\",\"breadcrumb\":{\"@id\":\"https:\/\/hello-suns.com\/es\/productos\/evora-aluminio-conjuntos-de-salon\/#breadcrumb\"},\"inLanguage\":\"es-ES\",\"potentialAction\":[{\"@type\":\"ReadAction\",\"target\":[\"https:\/\/hello-suns.com\/es\/productos\/evora-aluminio-conjuntos-de-salon\/\"]}]},{\"@type\":\"ImageObject\",\"inLanguage\":\"es-ES\",\"@id\":\"https:\/\/hello-suns.com\/es\/productos\/evora-aluminio-conjuntos-de-salon\/#primaryimage\",\"url\":\"https:\/\/hello-suns.com\/app\/uploads\/2025\/01\/01_Loungeset_SUNS_Evora_alu_mw_softgreen_tablecushion-2500-3pix.png\",\"contentUrl\":\"https:\/\/hello-suns.com\/app\/uploads\/2025\/01\/01_Loungeset_SUNS_Evora_alu_mw_softgreen_tablecushion-2500-3pix.png\",\"width\":2500,\"height\":1667},{\"@type\":\"BreadcrumbList\",\"@id\":\"https:\/\/hello-suns.com\/es\/productos\/evora-aluminio-conjuntos-de-salon\/#breadcrumb\",\"itemListElement\":[{\"@type\":\"ListItem\",\"position\":1,\"name\":\"\",\"item\":\"https:\/\/hello-suns.com\/es\/\"},{\"@type\":\"ListItem\",\"position\":2,\"name\":\"Productos\",\"item\":\"https:\/\/hello-suns.com\/es\/productos\/\"},{\"@type\":\"ListItem\",\"position\":3,\"name\":\"Evora | aluminio\"}]},{\"@type\":\"WebSite\",\"@id\":\"https:\/\/hello-suns.com\/es\/#website\",\"url\":\"https:\/\/hello-suns.com\/es\/\",\"name\":\"SUNS\",\"description\":\"Outdoor Lifestyle\",\"potentialAction\":[{\"@type\":\"SearchAction\",\"target\":{\"@type\":\"EntryPoint\",\"urlTemplate\":\"https:\/\/hello-suns.com\/es\/?s={search_term_string}\"},\"query-input\":{\"@type\":\"PropertyValueSpecification\",\"valueRequired\":true,\"valueName\":\"search_term_string\"}}],\"inLanguage\":\"es-ES\"}]}<\/script>\n<!-- \/ Yoast SEO plugin. -->","yoast_head_json":{"title":"Descubre Evora Lougeset Aluminio | SUNS Outdoor Lifestyle","description":"\u00bfBuscas un elegante conjunto de sal\u00f3n evora de aluminio? SUNS ofrece conjuntos de sal\u00f3n de lujo con un dise\u00f1o moderno, materiales duraderos y el m\u00e1ximo confort.","robots":{"index":"index","follow":"follow","max-snippet":"max-snippet:-1","max-image-preview":"max-image-preview:large","max-video-preview":"max-video-preview:-1"},"canonical":"https:\/\/hello-suns.com\/es\/productos\/evora-aluminio-conjuntos-de-salon\/","og_locale":"es_ES","og_type":"article","og_title":"Descubre Evora Lougeset Aluminio | SUNS Outdoor Lifestyle","og_description":"\u00bfBuscas un elegante conjunto de sal\u00f3n evora de aluminio? SUNS ofrece conjuntos de sal\u00f3n de lujo con un dise\u00f1o moderno, materiales duraderos y el m\u00e1ximo confort.","og_url":"https:\/\/hello-suns.com\/es\/productos\/evora-aluminio-conjuntos-de-salon\/","og_site_name":"SUNS","article_modified_time":"2026-02-03T09:18:39+00:00","og_image":[{"width":2500,"height":1667,"url":"https:\/\/hello-suns.com\/app\/uploads\/2025\/01\/01_Loungeset_SUNS_Evora_alu_mw_softgreen_tablecushion-2500-3pix.png","type":"image\/png"}],"twitter_card":"summary_large_image","twitter_misc":{"Est. reading time":"6 minutes"},"schema":{"@context":"https:\/\/schema.org","@graph":[{"@type":"WebPage","@id":"https:\/\/hello-suns.com\/es\/productos\/evora-aluminio-conjuntos-de-salon\/","url":"https:\/\/hello-suns.com\/es\/productos\/evora-aluminio-conjuntos-de-salon\/","name":"Descubre Evora Lougeset Aluminio | SUNS Outdoor Lifestyle","isPartOf":{"@id":"https:\/\/hello-suns.com\/es\/#website"},"primaryImageOfPage":{"@id":"https:\/\/hello-suns.com\/es\/productos\/evora-aluminio-conjuntos-de-salon\/#primaryimage"},"image":{"@id":"https:\/\/hello-suns.com\/es\/productos\/evora-aluminio-conjuntos-de-salon\/#primaryimage"},"thumbnailUrl":"https:\/\/hello-suns.com\/app\/uploads\/2025\/01\/01_Loungeset_SUNS_Evora_alu_mw_softgreen_tablecushion-2500-3pix.png","datePublished":"2025-01-13T06:43:07+00:00","dateModified":"2026-02-03T09:18:39+00:00","description":"\u00bfBuscas un elegante conjunto de sal\u00f3n evora de aluminio? SUNS ofrece conjuntos de sal\u00f3n de lujo con un dise\u00f1o moderno, materiales duraderos y el m\u00e1ximo confort.","breadcrumb":{"@id":"https:\/\/hello-suns.com\/es\/productos\/evora-aluminio-conjuntos-de-salon\/#breadcrumb"},"inLanguage":"es-ES","potentialAction":[{"@type":"ReadAction","target":["https:\/\/hello-suns.com\/es\/productos\/evora-aluminio-conjuntos-de-salon\/"]}]},{"@type":"ImageObject","inLanguage":"es-ES","@id":"https:\/\/hello-suns.com\/es\/productos\/evora-aluminio-conjuntos-de-salon\/#primaryimage","url":"https:\/\/hello-suns.com\/app\/uploads\/2025\/01\/01_Loungeset_SUNS_Evora_alu_mw_softgreen_tablecushion-2500-3pix.png","contentUrl":"https:\/\/hello-suns.com\/app\/uploads\/2025\/01\/01_Loungeset_SUNS_Evora_alu_mw_softgreen_tablecushion-2500-3pix.png","width":2500,"height":1667},{"@type":"BreadcrumbList","@id":"https:\/\/hello-suns.com\/es\/productos\/evora-aluminio-conjuntos-de-salon\/#breadcrumb","itemListElement":[{"@type":"ListItem","position":1,"name":"","item":"https:\/\/hello-suns.com\/es\/"},{"@type":"ListItem","position":2,"name":"Productos","item":"https:\/\/hello-suns.com\/es\/productos\/"},{"@type":"ListItem","position":3,"name":"Evora | aluminio"}]},{"@type":"WebSite","@id":"https:\/\/hello-suns.com\/es\/#website","url":"https:\/\/hello-suns.com\/es\/","name":"SUNS","description":"Outdoor Lifestyle","potentialAction":[{"@type":"SearchAction","target":{"@type":"EntryPoint","urlTemplate":"https:\/\/hello-suns.com\/es\/?s={search_term_string}"},"query-input":{"@type":"PropertyValueSpecification","valueRequired":true,"valueName":"search_term_string"}}],"inLanguage":"es-ES"}]}},"_links":{"self":[{"href":"https:\/\/hello-suns.com\/es\/wp-json\/wp\/v2\/product\/16071","targetHints":{"allow":["GET"]}}],"collection":[{"href":"https:\/\/hello-suns.com\/es\/wp-json\/wp\/v2\/product"}],"about":[{"href":"https:\/\/hello-suns.com\/es\/wp-json\/wp\/v2\/types\/product"}],"replies":[{"embeddable":true,"href":"https:\/\/hello-suns.com\/es\/wp-json\/wp\/v2\/comments?post=16071"}],"wp:featuredmedia":[{"embeddable":true,"href":"https:\/\/hello-suns.com\/es\/wp-json\/wp\/v2\/media\/16074"}],"wp:attachment":[{"href":"https:\/\/hello-suns.com\/es\/wp-json\/wp\/v2\/media?parent=16071"}],"wp:term":[{"taxonomy":"product_brand","embeddable":true,"href":"https:\/\/hello-suns.com\/es\/wp-json\/wp\/v2\/product_brand?post=16071"},{"taxonomy":"product_cat","embeddable":true,"href":"https:\/\/hello-suns.com\/es\/wp-json\/wp\/v2\/product_cat?post=16071"},{"taxonomy":"product_tag","embeddable":true,"href":"https:\/\/hello-suns.com\/es\/wp-json\/wp\/v2\/product_tag?post=16071"},{"taxonomy":"material","embeddable":true,"href":"https:\/\/hello-suns.com\/es\/wp-json\/wp\/v2\/material?post=16071"}],"curies":[{"name":"wp","href":"https:\/\/api.w.org\/{rel}","templated":true}]}}