{"id":16040,"date":"2025-01-13T09:41:15","date_gmt":"2025-01-13T09:41:15","guid":{"rendered":"https:\/\/hello-suns.com\/producten\/memphis\/"},"modified":"2025-09-09T09:25:25","modified_gmt":"2025-09-09T09:25:25","slug":"memphis-conjuntos-de-salon","status":"publish","type":"product","link":"https:\/\/hello-suns.com\/es\/productos\/memphis-conjuntos-de-salon\/","title":{"rendered":"Memphis"},"content":{"rendered":"<h2 style=\"font-weight: 400;\">Largas veladas al aire libre<\/h2>\n<p style=\"font-weight: 400;\">Las buenas conversaciones con tu familia, amigos o parientes no pueden durar m\u00e1s. Disfruta de una agradable compa\u00f1\u00eda a\u00fan m\u00e1s tiempo con tu conjunto de sal\u00f3n SUNS. Convierte tu jard\u00edn o terraza en un lugar de reuni\u00f3n a tu estilo. Toma asiento y alarga las veladas todo lo que quieras.<\/p>\n","protected":false},"excerpt":{"rendered":"<h3 style=\"font-weight: 400;\">Dise\u00f1o y confort en su m\u00e1xima expresi\u00f3n<\/h3>\n<p style=\"font-weight: 400;\">Un conjunto de sal\u00f3n que combina un dise\u00f1o realista, un aspecto elegante y una funcionalidad sofisticada; eso es el SUNS Memphis. El aluminio duradero y la teca natural hacen de este conjunto un regalo para la vista. Los cojines generosamente acolchados garantizan un agradable confort de asiento en este conjunto de sal\u00f3n. Los cojines est\u00e1n recubiertos de un tejido de exterior de primera calidad, resistente a nuestro clima cambiante. El conjunto de sal\u00f3n viene de serie sin reposabrazos. Opcionalmente, hay disponible un reposabrazos a juego en la misma tela. Adem\u00e1s, SUNS Memphis tiene una mesa abatible a juego. Esto significa que el tablero de la mesa puede ajustarse f\u00e1cilmente a la altura deseada. As\u00ed podr\u00e1s trabajar c\u00f3modamente con el port\u00e1til o tomar un tentempi\u00e9. Gracias al uso de construcciones ingeniosas y materiales duraderos, este conjunto es c\u00f3modo y de f\u00e1cil mantenimiento.<\/p>\n","protected":false},"featured_media":16049,"comment_status":"closed","ping_status":"closed","template":"","meta":{"_acf_changed":false},"product_brand":[],"product_cat":[799],"product_tag":[],"material":[],"class_list":{"0":"post-16040","1":"product","2":"type-product","3":"status-publish","4":"has-post-thumbnail","6":"product_cat-conjuntos-de-salon","8":"first","9":"instock","10":"shipping-taxable","11":"product-type-simple"},"acf":[],"yoast_head":"<!-- This site is optimized with the Yoast SEO plugin v26.8 - https:\/\/yoast.com\/product\/yoast-seo-wordpress\/ -->\n<title>Descubre el Juego de Sal\u00f3n Memphis | SUNS Outdoor Lifestyle<\/title>\n<meta name=\"description\" content=\"\u00bfBuscas un elegante conjunto de sal\u00f3n Memphis? SUNS ofrece conjuntos de sal\u00f3n de lujo que combinan comodidad, dise\u00f1o y durabilidad para un espacio exterior moderno.\" \/>\n<meta name=\"robots\" content=\"index, follow, max-snippet:-1, max-image-preview:large, max-video-preview:-1\" \/>\n<link rel=\"canonical\" href=\"https:\/\/hello-suns.com\/es\/productos\/memphis-conjuntos-de-salon\/\" \/>\n<meta property=\"og:locale\" content=\"es_ES\" \/>\n<meta property=\"og:type\" content=\"article\" \/>\n<meta property=\"og:title\" content=\"Descubre el Juego de Sal\u00f3n Memphis | SUNS Outdoor Lifestyle\" \/>\n<meta property=\"og:description\" content=\"\u00bfBuscas un elegante conjunto de sal\u00f3n Memphis? SUNS ofrece conjuntos de sal\u00f3n de lujo que combinan comodidad, dise\u00f1o y durabilidad para un espacio exterior moderno.\" \/>\n<meta property=\"og:url\" content=\"https:\/\/hello-suns.com\/es\/productos\/memphis-conjuntos-de-salon\/\" \/>\n<meta property=\"og:site_name\" content=\"SUNS\" \/>\n<meta property=\"article:modified_time\" content=\"2025-09-09T09:25:25+00:00\" \/>\n<meta property=\"og:image\" content=\"https:\/\/hello-suns.com\/app\/uploads\/2025\/01\/01_Loungeset_SUNS_Memphis_mrg_lightanthracite_4.png\" \/>\n\t<meta property=\"og:image:width\" content=\"2500\" \/>\n\t<meta property=\"og:image:height\" content=\"1667\" \/>\n\t<meta property=\"og:image:type\" content=\"image\/png\" \/>\n<meta name=\"twitter:card\" content=\"summary_large_image\" \/>\n<meta name=\"twitter:label1\" content=\"Est. reading time\" \/>\n\t<meta name=\"twitter:data1\" content=\"6 minutes\" \/>\n<script type=\"application\/ld+json\" class=\"yoast-schema-graph\">{\"@context\":\"https:\/\/schema.org\",\"@graph\":[{\"@type\":\"WebPage\",\"@id\":\"https:\/\/hello-suns.com\/es\/productos\/memphis-conjuntos-de-salon\/\",\"url\":\"https:\/\/hello-suns.com\/es\/productos\/memphis-conjuntos-de-salon\/\",\"name\":\"Descubre el Juego de Sal\u00f3n Memphis | SUNS Outdoor Lifestyle\",\"isPartOf\":{\"@id\":\"https:\/\/hello-suns.com\/es\/#website\"},\"primaryImageOfPage\":{\"@id\":\"https:\/\/hello-suns.com\/es\/productos\/memphis-conjuntos-de-salon\/#primaryimage\"},\"image\":{\"@id\":\"https:\/\/hello-suns.com\/es\/productos\/memphis-conjuntos-de-salon\/#primaryimage\"},\"thumbnailUrl\":\"https:\/\/hello-suns.com\/app\/uploads\/2025\/01\/01_Loungeset_SUNS_Memphis_mrg_lightanthracite_4.png\",\"datePublished\":\"2025-01-13T09:41:15+00:00\",\"dateModified\":\"2025-09-09T09:25:25+00:00\",\"description\":\"\u00bfBuscas un elegante conjunto de sal\u00f3n Memphis? SUNS ofrece conjuntos de sal\u00f3n de lujo que combinan comodidad, dise\u00f1o y durabilidad para un espacio exterior moderno.\",\"breadcrumb\":{\"@id\":\"https:\/\/hello-suns.com\/es\/productos\/memphis-conjuntos-de-salon\/#breadcrumb\"},\"inLanguage\":\"es-ES\",\"potentialAction\":[{\"@type\":\"ReadAction\",\"target\":[\"https:\/\/hello-suns.com\/es\/productos\/memphis-conjuntos-de-salon\/\"]}]},{\"@type\":\"ImageObject\",\"inLanguage\":\"es-ES\",\"@id\":\"https:\/\/hello-suns.com\/es\/productos\/memphis-conjuntos-de-salon\/#primaryimage\",\"url\":\"https:\/\/hello-suns.com\/app\/uploads\/2025\/01\/01_Loungeset_SUNS_Memphis_mrg_lightanthracite_4.png\",\"contentUrl\":\"https:\/\/hello-suns.com\/app\/uploads\/2025\/01\/01_Loungeset_SUNS_Memphis_mrg_lightanthracite_4.png\",\"width\":2500,\"height\":1667},{\"@type\":\"BreadcrumbList\",\"@id\":\"https:\/\/hello-suns.com\/es\/productos\/memphis-conjuntos-de-salon\/#breadcrumb\",\"itemListElement\":[{\"@type\":\"ListItem\",\"position\":1,\"name\":\"\",\"item\":\"https:\/\/hello-suns.com\/es\/\"},{\"@type\":\"ListItem\",\"position\":2,\"name\":\"Productos\",\"item\":\"https:\/\/hello-suns.com\/es\/productos\/\"},{\"@type\":\"ListItem\",\"position\":3,\"name\":\"Memphis\"}]},{\"@type\":\"WebSite\",\"@id\":\"https:\/\/hello-suns.com\/es\/#website\",\"url\":\"https:\/\/hello-suns.com\/es\/\",\"name\":\"SUNS\",\"description\":\"Outdoor Lifestyle\",\"potentialAction\":[{\"@type\":\"SearchAction\",\"target\":{\"@type\":\"EntryPoint\",\"urlTemplate\":\"https:\/\/hello-suns.com\/es\/?s={search_term_string}\"},\"query-input\":{\"@type\":\"PropertyValueSpecification\",\"valueRequired\":true,\"valueName\":\"search_term_string\"}}],\"inLanguage\":\"es-ES\"}]}<\/script>\n<!-- \/ Yoast SEO plugin. -->","yoast_head_json":{"title":"Descubre el Juego de Sal\u00f3n Memphis | SUNS Outdoor Lifestyle","description":"\u00bfBuscas un elegante conjunto de sal\u00f3n Memphis? SUNS ofrece conjuntos de sal\u00f3n de lujo que combinan comodidad, dise\u00f1o y durabilidad para un espacio exterior moderno.","robots":{"index":"index","follow":"follow","max-snippet":"max-snippet:-1","max-image-preview":"max-image-preview:large","max-video-preview":"max-video-preview:-1"},"canonical":"https:\/\/hello-suns.com\/es\/productos\/memphis-conjuntos-de-salon\/","og_locale":"es_ES","og_type":"article","og_title":"Descubre el Juego de Sal\u00f3n Memphis | SUNS Outdoor Lifestyle","og_description":"\u00bfBuscas un elegante conjunto de sal\u00f3n Memphis? SUNS ofrece conjuntos de sal\u00f3n de lujo que combinan comodidad, dise\u00f1o y durabilidad para un espacio exterior moderno.","og_url":"https:\/\/hello-suns.com\/es\/productos\/memphis-conjuntos-de-salon\/","og_site_name":"SUNS","article_modified_time":"2025-09-09T09:25:25+00:00","og_image":[{"width":2500,"height":1667,"url":"https:\/\/hello-suns.com\/app\/uploads\/2025\/01\/01_Loungeset_SUNS_Memphis_mrg_lightanthracite_4.png","type":"image\/png"}],"twitter_card":"summary_large_image","twitter_misc":{"Est. reading time":"6 minutes"},"schema":{"@context":"https:\/\/schema.org","@graph":[{"@type":"WebPage","@id":"https:\/\/hello-suns.com\/es\/productos\/memphis-conjuntos-de-salon\/","url":"https:\/\/hello-suns.com\/es\/productos\/memphis-conjuntos-de-salon\/","name":"Descubre el Juego de Sal\u00f3n Memphis | SUNS Outdoor Lifestyle","isPartOf":{"@id":"https:\/\/hello-suns.com\/es\/#website"},"primaryImageOfPage":{"@id":"https:\/\/hello-suns.com\/es\/productos\/memphis-conjuntos-de-salon\/#primaryimage"},"image":{"@id":"https:\/\/hello-suns.com\/es\/productos\/memphis-conjuntos-de-salon\/#primaryimage"},"thumbnailUrl":"https:\/\/hello-suns.com\/app\/uploads\/2025\/01\/01_Loungeset_SUNS_Memphis_mrg_lightanthracite_4.png","datePublished":"2025-01-13T09:41:15+00:00","dateModified":"2025-09-09T09:25:25+00:00","description":"\u00bfBuscas un elegante conjunto de sal\u00f3n Memphis? SUNS ofrece conjuntos de sal\u00f3n de lujo que combinan comodidad, dise\u00f1o y durabilidad para un espacio exterior moderno.","breadcrumb":{"@id":"https:\/\/hello-suns.com\/es\/productos\/memphis-conjuntos-de-salon\/#breadcrumb"},"inLanguage":"es-ES","potentialAction":[{"@type":"ReadAction","target":["https:\/\/hello-suns.com\/es\/productos\/memphis-conjuntos-de-salon\/"]}]},{"@type":"ImageObject","inLanguage":"es-ES","@id":"https:\/\/hello-suns.com\/es\/productos\/memphis-conjuntos-de-salon\/#primaryimage","url":"https:\/\/hello-suns.com\/app\/uploads\/2025\/01\/01_Loungeset_SUNS_Memphis_mrg_lightanthracite_4.png","contentUrl":"https:\/\/hello-suns.com\/app\/uploads\/2025\/01\/01_Loungeset_SUNS_Memphis_mrg_lightanthracite_4.png","width":2500,"height":1667},{"@type":"BreadcrumbList","@id":"https:\/\/hello-suns.com\/es\/productos\/memphis-conjuntos-de-salon\/#breadcrumb","itemListElement":[{"@type":"ListItem","position":1,"name":"","item":"https:\/\/hello-suns.com\/es\/"},{"@type":"ListItem","position":2,"name":"Productos","item":"https:\/\/hello-suns.com\/es\/productos\/"},{"@type":"ListItem","position":3,"name":"Memphis"}]},{"@type":"WebSite","@id":"https:\/\/hello-suns.com\/es\/#website","url":"https:\/\/hello-suns.com\/es\/","name":"SUNS","description":"Outdoor Lifestyle","potentialAction":[{"@type":"SearchAction","target":{"@type":"EntryPoint","urlTemplate":"https:\/\/hello-suns.com\/es\/?s={search_term_string}"},"query-input":{"@type":"PropertyValueSpecification","valueRequired":true,"valueName":"search_term_string"}}],"inLanguage":"es-ES"}]}},"_links":{"self":[{"href":"https:\/\/hello-suns.com\/es\/wp-json\/wp\/v2\/product\/16040","targetHints":{"allow":["GET"]}}],"collection":[{"href":"https:\/\/hello-suns.com\/es\/wp-json\/wp\/v2\/product"}],"about":[{"href":"https:\/\/hello-suns.com\/es\/wp-json\/wp\/v2\/types\/product"}],"replies":[{"embeddable":true,"href":"https:\/\/hello-suns.com\/es\/wp-json\/wp\/v2\/comments?post=16040"}],"wp:featuredmedia":[{"embeddable":true,"href":"https:\/\/hello-suns.com\/es\/wp-json\/wp\/v2\/media\/16049"}],"wp:attachment":[{"href":"https:\/\/hello-suns.com\/es\/wp-json\/wp\/v2\/media?parent=16040"}],"wp:term":[{"taxonomy":"product_brand","embeddable":true,"href":"https:\/\/hello-suns.com\/es\/wp-json\/wp\/v2\/product_brand?post=16040"},{"taxonomy":"product_cat","embeddable":true,"href":"https:\/\/hello-suns.com\/es\/wp-json\/wp\/v2\/product_cat?post=16040"},{"taxonomy":"product_tag","embeddable":true,"href":"https:\/\/hello-suns.com\/es\/wp-json\/wp\/v2\/product_tag?post=16040"},{"taxonomy":"material","embeddable":true,"href":"https:\/\/hello-suns.com\/es\/wp-json\/wp\/v2\/material?post=16040"}],"curies":[{"name":"wp","href":"https:\/\/api.w.org\/{rel}","templated":true}]}}