{"id":15926,"date":"2025-01-13T10:31:50","date_gmt":"2025-01-13T10:31:50","guid":{"rendered":"https:\/\/hello-suns.com\/producten\/merano-2\/"},"modified":"2025-09-09T09:26:49","modified_gmt":"2025-09-09T09:26:49","slug":"merano-conjuntos-de-salon","status":"publish","type":"product","link":"https:\/\/hello-suns.com\/es\/productos\/merano-conjuntos-de-salon\/","title":{"rendered":"Merano"},"content":{"rendered":"<h2 style=\"font-weight: 400;\">El poder de la sencillez<\/h2>\n<p style=\"font-weight: 400;\">SUNS devuelve el dise\u00f1o a su esencia en el conjunto de sal\u00f3n Merano. La altura del respaldo, el asiento y el \u00e1ngulo de inclinaci\u00f3n est\u00e1n perfectamente equilibrados. El armaz\u00f3n tiene una presencia sutil. Un dise\u00f1o atemporal que destaca en cualquier terraza.<\/p>\n","protected":false},"excerpt":{"rendered":"<h3 style=\"font-weight: 400;\">Juego de sal\u00f3n elegante y c\u00f3modo<\/h3>\n<p style=\"font-weight: 400;\">Con un dise\u00f1o minimalista, este conjunto es un complemento elegante para cualquier jard\u00edn. La estructura es de acero inoxidable con reposabrazos de teca. El conjunto tiene un respaldo relativamente alto, que garantiza un asiento c\u00f3modo. Los cojines est\u00e1n recubiertos de un tejido de exterior de alta calidad, que hace que el conjunto sea resistente a la intemperie. SUNS Merano significa disfrute, incluso en el jard\u00edn m\u00e1s peque\u00f1o.<\/p>\n<p style=\"font-weight: 400;\">Este conjunto tambi\u00e9n est\u00e1 disponible como conjunto de sof\u00e1 con sof\u00e1 y sillas independientes.<\/p>\n","protected":false},"featured_media":15931,"comment_status":"closed","ping_status":"closed","template":"","meta":{"_acf_changed":false},"product_brand":[],"product_cat":[799],"product_tag":[],"material":[],"class_list":{"0":"post-15926","1":"product","2":"type-product","3":"status-publish","4":"has-post-thumbnail","6":"product_cat-conjuntos-de-salon","8":"first","9":"instock","10":"shipping-taxable","11":"product-type-simple"},"acf":[],"yoast_head":"<!-- This site is optimized with the Yoast SEO plugin v26.8 - https:\/\/yoast.com\/product\/yoast-seo-wordpress\/ -->\n<title>Descubre el Conjunto de Tumbona Merango | SUNS Outdoor Lifestyle<\/title>\n<meta name=\"description\" content=\"\u00bfBuscas un elegante conjunto de sal\u00f3n merano? SUNS ofrece conjuntos de sal\u00f3n de lujo que combinan comodidad, elegancia y durabilidad para un espacio exterior moderno.\" \/>\n<meta name=\"robots\" content=\"index, follow, max-snippet:-1, max-image-preview:large, max-video-preview:-1\" \/>\n<link rel=\"canonical\" href=\"https:\/\/hello-suns.com\/es\/productos\/merano-conjuntos-de-salon\/\" \/>\n<meta property=\"og:locale\" content=\"es_ES\" \/>\n<meta property=\"og:type\" content=\"article\" \/>\n<meta property=\"og:title\" content=\"Descubre el Conjunto de Tumbona Merango | SUNS Outdoor Lifestyle\" \/>\n<meta property=\"og:description\" content=\"\u00bfBuscas un elegante conjunto de sal\u00f3n merano? SUNS ofrece conjuntos de sal\u00f3n de lujo que combinan comodidad, elegancia y durabilidad para un espacio exterior moderno.\" \/>\n<meta property=\"og:url\" content=\"https:\/\/hello-suns.com\/es\/productos\/merano-conjuntos-de-salon\/\" \/>\n<meta property=\"og:site_name\" content=\"SUNS\" \/>\n<meta property=\"article:modified_time\" content=\"2025-09-09T09:26:49+00:00\" \/>\n<meta property=\"og:image\" content=\"https:\/\/hello-suns.com\/app\/uploads\/2025\/01\/01_Loungeset_SUNS_Merano_MRG_softgrey_5pcs_4.png\" \/>\n\t<meta property=\"og:image:width\" content=\"2500\" \/>\n\t<meta property=\"og:image:height\" content=\"1667\" \/>\n\t<meta property=\"og:image:type\" content=\"image\/png\" \/>\n<meta name=\"twitter:card\" content=\"summary_large_image\" \/>\n<meta name=\"twitter:label1\" content=\"Est. reading time\" \/>\n\t<meta name=\"twitter:data1\" content=\"6 minutes\" \/>\n<script type=\"application\/ld+json\" class=\"yoast-schema-graph\">{\"@context\":\"https:\/\/schema.org\",\"@graph\":[{\"@type\":\"WebPage\",\"@id\":\"https:\/\/hello-suns.com\/es\/productos\/merano-conjuntos-de-salon\/\",\"url\":\"https:\/\/hello-suns.com\/es\/productos\/merano-conjuntos-de-salon\/\",\"name\":\"Descubre el Conjunto de Tumbona Merango | SUNS Outdoor Lifestyle\",\"isPartOf\":{\"@id\":\"https:\/\/hello-suns.com\/es\/#website\"},\"primaryImageOfPage\":{\"@id\":\"https:\/\/hello-suns.com\/es\/productos\/merano-conjuntos-de-salon\/#primaryimage\"},\"image\":{\"@id\":\"https:\/\/hello-suns.com\/es\/productos\/merano-conjuntos-de-salon\/#primaryimage\"},\"thumbnailUrl\":\"https:\/\/hello-suns.com\/app\/uploads\/2025\/01\/01_Loungeset_SUNS_Merano_MRG_softgrey_5pcs_4.png\",\"datePublished\":\"2025-01-13T10:31:50+00:00\",\"dateModified\":\"2025-09-09T09:26:49+00:00\",\"description\":\"\u00bfBuscas un elegante conjunto de sal\u00f3n merano? SUNS ofrece conjuntos de sal\u00f3n de lujo que combinan comodidad, elegancia y durabilidad para un espacio exterior moderno.\",\"breadcrumb\":{\"@id\":\"https:\/\/hello-suns.com\/es\/productos\/merano-conjuntos-de-salon\/#breadcrumb\"},\"inLanguage\":\"es-ES\",\"potentialAction\":[{\"@type\":\"ReadAction\",\"target\":[\"https:\/\/hello-suns.com\/es\/productos\/merano-conjuntos-de-salon\/\"]}]},{\"@type\":\"ImageObject\",\"inLanguage\":\"es-ES\",\"@id\":\"https:\/\/hello-suns.com\/es\/productos\/merano-conjuntos-de-salon\/#primaryimage\",\"url\":\"https:\/\/hello-suns.com\/app\/uploads\/2025\/01\/01_Loungeset_SUNS_Merano_MRG_softgrey_5pcs_4.png\",\"contentUrl\":\"https:\/\/hello-suns.com\/app\/uploads\/2025\/01\/01_Loungeset_SUNS_Merano_MRG_softgrey_5pcs_4.png\",\"width\":2500,\"height\":1667},{\"@type\":\"BreadcrumbList\",\"@id\":\"https:\/\/hello-suns.com\/es\/productos\/merano-conjuntos-de-salon\/#breadcrumb\",\"itemListElement\":[{\"@type\":\"ListItem\",\"position\":1,\"name\":\"\",\"item\":\"https:\/\/hello-suns.com\/es\/\"},{\"@type\":\"ListItem\",\"position\":2,\"name\":\"Productos\",\"item\":\"https:\/\/hello-suns.com\/es\/productos\/\"},{\"@type\":\"ListItem\",\"position\":3,\"name\":\"Merano\"}]},{\"@type\":\"WebSite\",\"@id\":\"https:\/\/hello-suns.com\/es\/#website\",\"url\":\"https:\/\/hello-suns.com\/es\/\",\"name\":\"SUNS\",\"description\":\"Outdoor Lifestyle\",\"potentialAction\":[{\"@type\":\"SearchAction\",\"target\":{\"@type\":\"EntryPoint\",\"urlTemplate\":\"https:\/\/hello-suns.com\/es\/?s={search_term_string}\"},\"query-input\":{\"@type\":\"PropertyValueSpecification\",\"valueRequired\":true,\"valueName\":\"search_term_string\"}}],\"inLanguage\":\"es-ES\"}]}<\/script>\n<!-- \/ Yoast SEO plugin. -->","yoast_head_json":{"title":"Descubre el Conjunto de Tumbona Merango | SUNS Outdoor Lifestyle","description":"\u00bfBuscas un elegante conjunto de sal\u00f3n merano? SUNS ofrece conjuntos de sal\u00f3n de lujo que combinan comodidad, elegancia y durabilidad para un espacio exterior moderno.","robots":{"index":"index","follow":"follow","max-snippet":"max-snippet:-1","max-image-preview":"max-image-preview:large","max-video-preview":"max-video-preview:-1"},"canonical":"https:\/\/hello-suns.com\/es\/productos\/merano-conjuntos-de-salon\/","og_locale":"es_ES","og_type":"article","og_title":"Descubre el Conjunto de Tumbona Merango | SUNS Outdoor Lifestyle","og_description":"\u00bfBuscas un elegante conjunto de sal\u00f3n merano? SUNS ofrece conjuntos de sal\u00f3n de lujo que combinan comodidad, elegancia y durabilidad para un espacio exterior moderno.","og_url":"https:\/\/hello-suns.com\/es\/productos\/merano-conjuntos-de-salon\/","og_site_name":"SUNS","article_modified_time":"2025-09-09T09:26:49+00:00","og_image":[{"width":2500,"height":1667,"url":"https:\/\/hello-suns.com\/app\/uploads\/2025\/01\/01_Loungeset_SUNS_Merano_MRG_softgrey_5pcs_4.png","type":"image\/png"}],"twitter_card":"summary_large_image","twitter_misc":{"Est. reading time":"6 minutes"},"schema":{"@context":"https:\/\/schema.org","@graph":[{"@type":"WebPage","@id":"https:\/\/hello-suns.com\/es\/productos\/merano-conjuntos-de-salon\/","url":"https:\/\/hello-suns.com\/es\/productos\/merano-conjuntos-de-salon\/","name":"Descubre el Conjunto de Tumbona Merango | SUNS Outdoor Lifestyle","isPartOf":{"@id":"https:\/\/hello-suns.com\/es\/#website"},"primaryImageOfPage":{"@id":"https:\/\/hello-suns.com\/es\/productos\/merano-conjuntos-de-salon\/#primaryimage"},"image":{"@id":"https:\/\/hello-suns.com\/es\/productos\/merano-conjuntos-de-salon\/#primaryimage"},"thumbnailUrl":"https:\/\/hello-suns.com\/app\/uploads\/2025\/01\/01_Loungeset_SUNS_Merano_MRG_softgrey_5pcs_4.png","datePublished":"2025-01-13T10:31:50+00:00","dateModified":"2025-09-09T09:26:49+00:00","description":"\u00bfBuscas un elegante conjunto de sal\u00f3n merano? SUNS ofrece conjuntos de sal\u00f3n de lujo que combinan comodidad, elegancia y durabilidad para un espacio exterior moderno.","breadcrumb":{"@id":"https:\/\/hello-suns.com\/es\/productos\/merano-conjuntos-de-salon\/#breadcrumb"},"inLanguage":"es-ES","potentialAction":[{"@type":"ReadAction","target":["https:\/\/hello-suns.com\/es\/productos\/merano-conjuntos-de-salon\/"]}]},{"@type":"ImageObject","inLanguage":"es-ES","@id":"https:\/\/hello-suns.com\/es\/productos\/merano-conjuntos-de-salon\/#primaryimage","url":"https:\/\/hello-suns.com\/app\/uploads\/2025\/01\/01_Loungeset_SUNS_Merano_MRG_softgrey_5pcs_4.png","contentUrl":"https:\/\/hello-suns.com\/app\/uploads\/2025\/01\/01_Loungeset_SUNS_Merano_MRG_softgrey_5pcs_4.png","width":2500,"height":1667},{"@type":"BreadcrumbList","@id":"https:\/\/hello-suns.com\/es\/productos\/merano-conjuntos-de-salon\/#breadcrumb","itemListElement":[{"@type":"ListItem","position":1,"name":"","item":"https:\/\/hello-suns.com\/es\/"},{"@type":"ListItem","position":2,"name":"Productos","item":"https:\/\/hello-suns.com\/es\/productos\/"},{"@type":"ListItem","position":3,"name":"Merano"}]},{"@type":"WebSite","@id":"https:\/\/hello-suns.com\/es\/#website","url":"https:\/\/hello-suns.com\/es\/","name":"SUNS","description":"Outdoor Lifestyle","potentialAction":[{"@type":"SearchAction","target":{"@type":"EntryPoint","urlTemplate":"https:\/\/hello-suns.com\/es\/?s={search_term_string}"},"query-input":{"@type":"PropertyValueSpecification","valueRequired":true,"valueName":"search_term_string"}}],"inLanguage":"es-ES"}]}},"_links":{"self":[{"href":"https:\/\/hello-suns.com\/es\/wp-json\/wp\/v2\/product\/15926","targetHints":{"allow":["GET"]}}],"collection":[{"href":"https:\/\/hello-suns.com\/es\/wp-json\/wp\/v2\/product"}],"about":[{"href":"https:\/\/hello-suns.com\/es\/wp-json\/wp\/v2\/types\/product"}],"replies":[{"embeddable":true,"href":"https:\/\/hello-suns.com\/es\/wp-json\/wp\/v2\/comments?post=15926"}],"wp:featuredmedia":[{"embeddable":true,"href":"https:\/\/hello-suns.com\/es\/wp-json\/wp\/v2\/media\/15931"}],"wp:attachment":[{"href":"https:\/\/hello-suns.com\/es\/wp-json\/wp\/v2\/media?parent=15926"}],"wp:term":[{"taxonomy":"product_brand","embeddable":true,"href":"https:\/\/hello-suns.com\/es\/wp-json\/wp\/v2\/product_brand?post=15926"},{"taxonomy":"product_cat","embeddable":true,"href":"https:\/\/hello-suns.com\/es\/wp-json\/wp\/v2\/product_cat?post=15926"},{"taxonomy":"product_tag","embeddable":true,"href":"https:\/\/hello-suns.com\/es\/wp-json\/wp\/v2\/product_tag?post=15926"},{"taxonomy":"material","embeddable":true,"href":"https:\/\/hello-suns.com\/es\/wp-json\/wp\/v2\/material?post=15926"}],"curies":[{"name":"wp","href":"https:\/\/api.w.org\/{rel}","templated":true}]}}