{"id":15925,"date":"2025-01-13T09:36:33","date_gmt":"2025-01-13T08:36:33","guid":{"rendered":"https:\/\/hello-suns.com\/producten\/bellano\/"},"modified":"2026-02-03T09:25:01","modified_gmt":"2026-02-03T08:25:01","slug":"conjunto-de-sofa","status":"publish","type":"product","link":"https:\/\/hello-suns.com\/es\/productos\/conjunto-de-sofa\/","title":{"rendered":"Bellano"},"content":{"rendered":"<h2 style=\"font-weight: 400;\">Inclinaci\u00f3n por la belleza<\/h2>\n<p style=\"font-weight: 400;\">Formas org\u00e1nicas flexibles. Acabado elegante. Bellano encuentra la belleza en un sutil equilibrio. Si\u00e9ntate en el generoso abrazo de estas encantadoras ba\u00f1eras y disfruta de maravillosos momentos al aire libre. Con estilo.<\/p>\n","protected":false},"excerpt":{"rendered":"<h3 style=\"font-weight: 400;\">Confort llamativo<\/h3>\n<p style=\"font-weight: 400;\">El conjunto de sof\u00e1s SUNS Bellano es un encantador conjunto de sof\u00e1s de teca. La elegante forma de ba\u00f1era redonda y los estilizados respaldos y apoyos laterales crean un aspecto lujoso. El armaz\u00f3n es de teca certificada, con bellas curvas y al mismo tiempo un acabado limpio. La tela rodea parcialmente el armaz\u00f3n, dejando a la vista los detalles de la estructura de teca.<\/p>\n<p style=\"font-weight: 400;\">El conjunto de sof\u00e1s Bellano tiene un asiento profundo y relajado. Los cojines ricamente acolchados garantizan un buen apoyo y una comodidad \u00f3ptima. Tanto el asiento como los cojines decorativos sueltos est\u00e1n tapizados en nuestra tela de exterior de primera calidad, totalmente resistente a la intemperie y maravillosamente suave al tacto. El conjunto de sof\u00e1s Bellano combina bien con las mesas auxiliares <a href=\"https:\/\/hello-suns.com\/es\/productos\/farzi\/\"><strong><u>Farzi<\/u><\/strong><\/a> y<u> <strong><a href=\"https:\/\/hello-suns.com\/es\/productos\/termoli-4\/\">Termoli.<\/a><\/strong><\/u><\/p>\n","protected":false},"featured_media":15927,"comment_status":"closed","ping_status":"closed","template":"","meta":{"_acf_changed":false},"product_brand":[],"product_cat":[800],"product_tag":[],"material":[],"class_list":{"0":"post-15925","1":"product","2":"type-product","3":"status-publish","4":"has-post-thumbnail","6":"product_cat-conjuntos-de-sofa","8":"first","9":"instock","10":"shipping-taxable","11":"product-type-simple"},"acf":[],"yoast_head":"<!-- This site is optimized with the Yoast SEO plugin v26.8 - https:\/\/yoast.com\/product\/yoast-seo-wordpress\/ -->\n<title>Descubre Bellano Sofasetl | SUNS Outdoor Lifestyle<\/title>\n<meta name=\"description\" content=\"\u00bfBuscas un elegante conjunto de sof\u00e1 Bellano? SUNS ofrece conjuntos de sof\u00e1 de lujo que combinan comodidad, durabilidad y dise\u00f1o contempor\u00e1neo.\" \/>\n<meta name=\"robots\" content=\"index, follow, max-snippet:-1, max-image-preview:large, max-video-preview:-1\" \/>\n<link rel=\"canonical\" href=\"https:\/\/hello-suns.com\/es\/productos\/conjunto-de-sofa\/\" \/>\n<meta property=\"og:locale\" content=\"es_ES\" \/>\n<meta property=\"og:type\" content=\"article\" \/>\n<meta property=\"og:title\" content=\"Descubre Bellano Sofasetl | SUNS Outdoor Lifestyle\" \/>\n<meta property=\"og:description\" content=\"\u00bfBuscas un elegante conjunto de sof\u00e1 Bellano? SUNS ofrece conjuntos de sof\u00e1 de lujo que combinan comodidad, durabilidad y dise\u00f1o contempor\u00e1neo.\" \/>\n<meta property=\"og:url\" content=\"https:\/\/hello-suns.com\/es\/productos\/conjunto-de-sofa\/\" \/>\n<meta property=\"og:site_name\" content=\"SUNS\" \/>\n<meta property=\"article:modified_time\" content=\"2026-02-03T08:25:01+00:00\" \/>\n<meta property=\"og:image\" content=\"https:\/\/hello-suns.com\/app\/uploads\/2025\/01\/01_Bellano-SUNS-Sofaset-TK-NG-Free-23-1-2500-pix-3.png\" \/>\n\t<meta property=\"og:image:width\" content=\"2500\" \/>\n\t<meta property=\"og:image:height\" content=\"1667\" \/>\n\t<meta property=\"og:image:type\" content=\"image\/png\" \/>\n<meta name=\"twitter:card\" content=\"summary_large_image\" \/>\n<meta name=\"twitter:label1\" content=\"Est. reading time\" \/>\n\t<meta name=\"twitter:data1\" content=\"5 minutes\" \/>\n<script type=\"application\/ld+json\" class=\"yoast-schema-graph\">{\"@context\":\"https:\/\/schema.org\",\"@graph\":[{\"@type\":\"WebPage\",\"@id\":\"https:\/\/hello-suns.com\/es\/productos\/conjunto-de-sofa\/\",\"url\":\"https:\/\/hello-suns.com\/es\/productos\/conjunto-de-sofa\/\",\"name\":\"Descubre Bellano Sofasetl | SUNS Outdoor Lifestyle\",\"isPartOf\":{\"@id\":\"https:\/\/hello-suns.com\/es\/#website\"},\"primaryImageOfPage\":{\"@id\":\"https:\/\/hello-suns.com\/es\/productos\/conjunto-de-sofa\/#primaryimage\"},\"image\":{\"@id\":\"https:\/\/hello-suns.com\/es\/productos\/conjunto-de-sofa\/#primaryimage\"},\"thumbnailUrl\":\"https:\/\/hello-suns.com\/app\/uploads\/2025\/01\/01_Bellano-SUNS-Sofaset-TK-NG-Free-23-1-2500-pix-3.png\",\"datePublished\":\"2025-01-13T08:36:33+00:00\",\"dateModified\":\"2026-02-03T08:25:01+00:00\",\"description\":\"\u00bfBuscas un elegante conjunto de sof\u00e1 Bellano? SUNS ofrece conjuntos de sof\u00e1 de lujo que combinan comodidad, durabilidad y dise\u00f1o contempor\u00e1neo.\",\"breadcrumb\":{\"@id\":\"https:\/\/hello-suns.com\/es\/productos\/conjunto-de-sofa\/#breadcrumb\"},\"inLanguage\":\"es-ES\",\"potentialAction\":[{\"@type\":\"ReadAction\",\"target\":[\"https:\/\/hello-suns.com\/es\/productos\/conjunto-de-sofa\/\"]}]},{\"@type\":\"ImageObject\",\"inLanguage\":\"es-ES\",\"@id\":\"https:\/\/hello-suns.com\/es\/productos\/conjunto-de-sofa\/#primaryimage\",\"url\":\"https:\/\/hello-suns.com\/app\/uploads\/2025\/01\/01_Bellano-SUNS-Sofaset-TK-NG-Free-23-1-2500-pix-3.png\",\"contentUrl\":\"https:\/\/hello-suns.com\/app\/uploads\/2025\/01\/01_Bellano-SUNS-Sofaset-TK-NG-Free-23-1-2500-pix-3.png\",\"width\":2500,\"height\":1667},{\"@type\":\"BreadcrumbList\",\"@id\":\"https:\/\/hello-suns.com\/es\/productos\/conjunto-de-sofa\/#breadcrumb\",\"itemListElement\":[{\"@type\":\"ListItem\",\"position\":1,\"name\":\"\",\"item\":\"https:\/\/hello-suns.com\/es\/\"},{\"@type\":\"ListItem\",\"position\":2,\"name\":\"Productos\",\"item\":\"https:\/\/hello-suns.com\/es\/productos\/\"},{\"@type\":\"ListItem\",\"position\":3,\"name\":\"Bellano\"}]},{\"@type\":\"WebSite\",\"@id\":\"https:\/\/hello-suns.com\/es\/#website\",\"url\":\"https:\/\/hello-suns.com\/es\/\",\"name\":\"SUNS\",\"description\":\"Outdoor Lifestyle\",\"potentialAction\":[{\"@type\":\"SearchAction\",\"target\":{\"@type\":\"EntryPoint\",\"urlTemplate\":\"https:\/\/hello-suns.com\/es\/?s={search_term_string}\"},\"query-input\":{\"@type\":\"PropertyValueSpecification\",\"valueRequired\":true,\"valueName\":\"search_term_string\"}}],\"inLanguage\":\"es-ES\"}]}<\/script>\n<!-- \/ Yoast SEO plugin. -->","yoast_head_json":{"title":"Descubre Bellano Sofasetl | SUNS Outdoor Lifestyle","description":"\u00bfBuscas un elegante conjunto de sof\u00e1 Bellano? SUNS ofrece conjuntos de sof\u00e1 de lujo que combinan comodidad, durabilidad y dise\u00f1o contempor\u00e1neo.","robots":{"index":"index","follow":"follow","max-snippet":"max-snippet:-1","max-image-preview":"max-image-preview:large","max-video-preview":"max-video-preview:-1"},"canonical":"https:\/\/hello-suns.com\/es\/productos\/conjunto-de-sofa\/","og_locale":"es_ES","og_type":"article","og_title":"Descubre Bellano Sofasetl | SUNS Outdoor Lifestyle","og_description":"\u00bfBuscas un elegante conjunto de sof\u00e1 Bellano? SUNS ofrece conjuntos de sof\u00e1 de lujo que combinan comodidad, durabilidad y dise\u00f1o contempor\u00e1neo.","og_url":"https:\/\/hello-suns.com\/es\/productos\/conjunto-de-sofa\/","og_site_name":"SUNS","article_modified_time":"2026-02-03T08:25:01+00:00","og_image":[{"width":2500,"height":1667,"url":"https:\/\/hello-suns.com\/app\/uploads\/2025\/01\/01_Bellano-SUNS-Sofaset-TK-NG-Free-23-1-2500-pix-3.png","type":"image\/png"}],"twitter_card":"summary_large_image","twitter_misc":{"Est. reading time":"5 minutes"},"schema":{"@context":"https:\/\/schema.org","@graph":[{"@type":"WebPage","@id":"https:\/\/hello-suns.com\/es\/productos\/conjunto-de-sofa\/","url":"https:\/\/hello-suns.com\/es\/productos\/conjunto-de-sofa\/","name":"Descubre Bellano Sofasetl | SUNS Outdoor Lifestyle","isPartOf":{"@id":"https:\/\/hello-suns.com\/es\/#website"},"primaryImageOfPage":{"@id":"https:\/\/hello-suns.com\/es\/productos\/conjunto-de-sofa\/#primaryimage"},"image":{"@id":"https:\/\/hello-suns.com\/es\/productos\/conjunto-de-sofa\/#primaryimage"},"thumbnailUrl":"https:\/\/hello-suns.com\/app\/uploads\/2025\/01\/01_Bellano-SUNS-Sofaset-TK-NG-Free-23-1-2500-pix-3.png","datePublished":"2025-01-13T08:36:33+00:00","dateModified":"2026-02-03T08:25:01+00:00","description":"\u00bfBuscas un elegante conjunto de sof\u00e1 Bellano? SUNS ofrece conjuntos de sof\u00e1 de lujo que combinan comodidad, durabilidad y dise\u00f1o contempor\u00e1neo.","breadcrumb":{"@id":"https:\/\/hello-suns.com\/es\/productos\/conjunto-de-sofa\/#breadcrumb"},"inLanguage":"es-ES","potentialAction":[{"@type":"ReadAction","target":["https:\/\/hello-suns.com\/es\/productos\/conjunto-de-sofa\/"]}]},{"@type":"ImageObject","inLanguage":"es-ES","@id":"https:\/\/hello-suns.com\/es\/productos\/conjunto-de-sofa\/#primaryimage","url":"https:\/\/hello-suns.com\/app\/uploads\/2025\/01\/01_Bellano-SUNS-Sofaset-TK-NG-Free-23-1-2500-pix-3.png","contentUrl":"https:\/\/hello-suns.com\/app\/uploads\/2025\/01\/01_Bellano-SUNS-Sofaset-TK-NG-Free-23-1-2500-pix-3.png","width":2500,"height":1667},{"@type":"BreadcrumbList","@id":"https:\/\/hello-suns.com\/es\/productos\/conjunto-de-sofa\/#breadcrumb","itemListElement":[{"@type":"ListItem","position":1,"name":"","item":"https:\/\/hello-suns.com\/es\/"},{"@type":"ListItem","position":2,"name":"Productos","item":"https:\/\/hello-suns.com\/es\/productos\/"},{"@type":"ListItem","position":3,"name":"Bellano"}]},{"@type":"WebSite","@id":"https:\/\/hello-suns.com\/es\/#website","url":"https:\/\/hello-suns.com\/es\/","name":"SUNS","description":"Outdoor Lifestyle","potentialAction":[{"@type":"SearchAction","target":{"@type":"EntryPoint","urlTemplate":"https:\/\/hello-suns.com\/es\/?s={search_term_string}"},"query-input":{"@type":"PropertyValueSpecification","valueRequired":true,"valueName":"search_term_string"}}],"inLanguage":"es-ES"}]}},"_links":{"self":[{"href":"https:\/\/hello-suns.com\/es\/wp-json\/wp\/v2\/product\/15925","targetHints":{"allow":["GET"]}}],"collection":[{"href":"https:\/\/hello-suns.com\/es\/wp-json\/wp\/v2\/product"}],"about":[{"href":"https:\/\/hello-suns.com\/es\/wp-json\/wp\/v2\/types\/product"}],"replies":[{"embeddable":true,"href":"https:\/\/hello-suns.com\/es\/wp-json\/wp\/v2\/comments?post=15925"}],"wp:featuredmedia":[{"embeddable":true,"href":"https:\/\/hello-suns.com\/es\/wp-json\/wp\/v2\/media\/15927"}],"wp:attachment":[{"href":"https:\/\/hello-suns.com\/es\/wp-json\/wp\/v2\/media?parent=15925"}],"wp:term":[{"taxonomy":"product_brand","embeddable":true,"href":"https:\/\/hello-suns.com\/es\/wp-json\/wp\/v2\/product_brand?post=15925"},{"taxonomy":"product_cat","embeddable":true,"href":"https:\/\/hello-suns.com\/es\/wp-json\/wp\/v2\/product_cat?post=15925"},{"taxonomy":"product_tag","embeddable":true,"href":"https:\/\/hello-suns.com\/es\/wp-json\/wp\/v2\/product_tag?post=15925"},{"taxonomy":"material","embeddable":true,"href":"https:\/\/hello-suns.com\/es\/wp-json\/wp\/v2\/material?post=15925"}],"curies":[{"name":"wp","href":"https:\/\/api.w.org\/{rel}","templated":true}]}}