{"id":15904,"date":"2025-01-13T10:37:32","date_gmt":"2025-01-13T09:37:32","guid":{"rendered":"https:\/\/hello-suns.com\/producten\/blocchi\/"},"modified":"2026-02-19T12:14:31","modified_gmt":"2026-02-19T11:14:31","slug":"blocchi-conjunto-de-sofa","status":"publish","type":"product","link":"https:\/\/hello-suns.com\/es\/productos\/blocchi-conjunto-de-sofa\/","title":{"rendered":"Blocchi"},"content":{"rendered":"<h2 style=\"font-weight: 400;\">Balance de hoy<\/h2>\n<p style=\"font-weight: 400;\">Ejercicio y relajaci\u00f3n entran en perfecto equilibrio cuando te permites el lujo de este conjunto de sof\u00e1 SUNS Blocchi. Termina tu jornada laboral y abre el siguiente cap\u00edtulo de tu d\u00eda con pura relajaci\u00f3n. Un placer para la vista y un alivio para tu cuerpo. Rel\u00e1jate.<\/p>\n","protected":false},"excerpt":{"rendered":"<h3 style=\"font-weight: 400;\">Atractivo dise\u00f1o org\u00e1nico<\/h3>\n<p style=\"font-weight: 400;\">El conjunto de sof\u00e1s SUNS Blocchi sorprende por su dise\u00f1o l\u00fadico y org\u00e1nico. Atractivas formas redondeadas, totalmente de tela. Voluminosos elementos de asiento moldeados. Un asiento muy relajado. Blocchi es un conjunto llamativo que realza literalmente el ambiente de un interior moderno. El conjunto de sof\u00e1s est\u00e1 acabado con un tejido exterior de primera calidad, con un revestimiento especial en el interior y el exterior que impide que la humedad penetre hasta el n\u00facleo. La tela es suave al tacto y est\u00e1 procesada con estilo, con costuras m\u00ednimas para un aspecto limpio y agradable. Con cada elemento se incluyen cojines decorativos del mismo tejido. Los cojines sueltos dan a Blocchi un car\u00e1cter juguet\u00f3n y te permiten crear tu rinc\u00f3n perfecto para comidas, bebidas y momentos de relax al aire libre.<\/p>\n<p style=\"font-weight: 400;\">Blocchi forma parte del programa SUNS T\u00fa Creas, que te permite combinar los distintos elementos a tu gusto y montar as\u00ed tu conjunto ideal. SUNS Blocchi tambi\u00e9n ofrece un sof\u00e1 cama que puedes colocar por separado o integrar en el conjunto de sof\u00e1s. SUNS Blocchi combina perfectamente con las mesas auxiliares Farzi o Termoli.<\/p>\n","protected":false},"featured_media":15917,"comment_status":"closed","ping_status":"closed","template":"","meta":{"_acf_changed":false},"product_brand":[],"product_cat":[800,797],"product_tag":[],"material":[],"class_list":{"0":"post-15904","1":"product","2":"type-product","3":"status-publish","4":"has-post-thumbnail","6":"product_cat-conjuntos-de-sofa","7":"product_cat-you-create-es","9":"first","10":"instock","11":"shipping-taxable","12":"product-type-simple"},"acf":[],"yoast_head":"<!-- This site is optimized with the Yoast SEO plugin v26.8 - https:\/\/yoast.com\/product\/yoast-seo-wordpress\/ -->\n<title>Descubre el conjunto de sof\u00e1s Blocchi | SUNS Outdoor Lifestyle<\/title>\n<meta name=\"description\" content=\"Buscas un elegante conjunto de sof\u00e1 Blocchi? SUNS ofrece conjuntos de sof\u00e1 modernos y c\u00f3modos que combinan a la perfecci\u00f3n durabilidad, lujo y dise\u00f1o contempor\u00e1neo.\" \/>\n<meta name=\"robots\" content=\"index, follow, max-snippet:-1, max-image-preview:large, max-video-preview:-1\" \/>\n<link rel=\"canonical\" href=\"https:\/\/hello-suns.com\/es\/productos\/blocchi-conjunto-de-sofa\/\" \/>\n<meta property=\"og:locale\" content=\"es_ES\" \/>\n<meta property=\"og:type\" content=\"article\" \/>\n<meta property=\"og:title\" content=\"Descubre el conjunto de sof\u00e1s Blocchi | SUNS Outdoor Lifestyle\" \/>\n<meta property=\"og:description\" content=\"Buscas un elegante conjunto de sof\u00e1 Blocchi? SUNS ofrece conjuntos de sof\u00e1 modernos y c\u00f3modos que combinan a la perfecci\u00f3n durabilidad, lujo y dise\u00f1o contempor\u00e1neo.\" \/>\n<meta property=\"og:url\" content=\"https:\/\/hello-suns.com\/es\/productos\/blocchi-conjunto-de-sofa\/\" \/>\n<meta property=\"og:site_name\" content=\"SUNS\" \/>\n<meta property=\"article:modified_time\" content=\"2026-02-19T11:14:31+00:00\" \/>\n<meta property=\"og:image\" content=\"https:\/\/hello-suns.com\/app\/uploads\/2025\/01\/01_Blocchi-SUNS-loungeset4pcsround-WGB-free-25-2500-2.png\" \/>\n\t<meta property=\"og:image:width\" content=\"2500\" \/>\n\t<meta property=\"og:image:height\" content=\"1667\" \/>\n\t<meta property=\"og:image:type\" content=\"image\/png\" \/>\n<meta name=\"twitter:card\" content=\"summary_large_image\" \/>\n<meta name=\"twitter:label1\" content=\"Est. reading time\" \/>\n\t<meta name=\"twitter:data1\" content=\"6 minutes\" \/>\n<script type=\"application\/ld+json\" class=\"yoast-schema-graph\">{\"@context\":\"https:\/\/schema.org\",\"@graph\":[{\"@type\":\"WebPage\",\"@id\":\"https:\/\/hello-suns.com\/es\/productos\/blocchi-conjunto-de-sofa\/\",\"url\":\"https:\/\/hello-suns.com\/es\/productos\/blocchi-conjunto-de-sofa\/\",\"name\":\"Descubre el conjunto de sof\u00e1s Blocchi | SUNS Outdoor Lifestyle\",\"isPartOf\":{\"@id\":\"https:\/\/hello-suns.com\/es\/#website\"},\"primaryImageOfPage\":{\"@id\":\"https:\/\/hello-suns.com\/es\/productos\/blocchi-conjunto-de-sofa\/#primaryimage\"},\"image\":{\"@id\":\"https:\/\/hello-suns.com\/es\/productos\/blocchi-conjunto-de-sofa\/#primaryimage\"},\"thumbnailUrl\":\"https:\/\/hello-suns.com\/app\/uploads\/2025\/01\/01_Blocchi-SUNS-loungeset4pcsround-WGB-free-25-2500-2.png\",\"datePublished\":\"2025-01-13T09:37:32+00:00\",\"dateModified\":\"2026-02-19T11:14:31+00:00\",\"description\":\"Buscas un elegante conjunto de sof\u00e1 Blocchi? SUNS ofrece conjuntos de sof\u00e1 modernos y c\u00f3modos que combinan a la perfecci\u00f3n durabilidad, lujo y dise\u00f1o contempor\u00e1neo.\",\"breadcrumb\":{\"@id\":\"https:\/\/hello-suns.com\/es\/productos\/blocchi-conjunto-de-sofa\/#breadcrumb\"},\"inLanguage\":\"es-ES\",\"potentialAction\":[{\"@type\":\"ReadAction\",\"target\":[\"https:\/\/hello-suns.com\/es\/productos\/blocchi-conjunto-de-sofa\/\"]}]},{\"@type\":\"ImageObject\",\"inLanguage\":\"es-ES\",\"@id\":\"https:\/\/hello-suns.com\/es\/productos\/blocchi-conjunto-de-sofa\/#primaryimage\",\"url\":\"https:\/\/hello-suns.com\/app\/uploads\/2025\/01\/01_Blocchi-SUNS-loungeset4pcsround-WGB-free-25-2500-2.png\",\"contentUrl\":\"https:\/\/hello-suns.com\/app\/uploads\/2025\/01\/01_Blocchi-SUNS-loungeset4pcsround-WGB-free-25-2500-2.png\",\"width\":2500,\"height\":1667},{\"@type\":\"BreadcrumbList\",\"@id\":\"https:\/\/hello-suns.com\/es\/productos\/blocchi-conjunto-de-sofa\/#breadcrumb\",\"itemListElement\":[{\"@type\":\"ListItem\",\"position\":1,\"name\":\"\",\"item\":\"https:\/\/hello-suns.com\/es\/\"},{\"@type\":\"ListItem\",\"position\":2,\"name\":\"Productos\",\"item\":\"https:\/\/hello-suns.com\/es\/productos\/\"},{\"@type\":\"ListItem\",\"position\":3,\"name\":\"Blocchi\"}]},{\"@type\":\"WebSite\",\"@id\":\"https:\/\/hello-suns.com\/es\/#website\",\"url\":\"https:\/\/hello-suns.com\/es\/\",\"name\":\"SUNS\",\"description\":\"Outdoor Lifestyle\",\"potentialAction\":[{\"@type\":\"SearchAction\",\"target\":{\"@type\":\"EntryPoint\",\"urlTemplate\":\"https:\/\/hello-suns.com\/es\/?s={search_term_string}\"},\"query-input\":{\"@type\":\"PropertyValueSpecification\",\"valueRequired\":true,\"valueName\":\"search_term_string\"}}],\"inLanguage\":\"es-ES\"}]}<\/script>\n<!-- \/ Yoast SEO plugin. -->","yoast_head_json":{"title":"Descubre el conjunto de sof\u00e1s Blocchi | SUNS Outdoor Lifestyle","description":"Buscas un elegante conjunto de sof\u00e1 Blocchi? SUNS ofrece conjuntos de sof\u00e1 modernos y c\u00f3modos que combinan a la perfecci\u00f3n durabilidad, lujo y dise\u00f1o contempor\u00e1neo.","robots":{"index":"index","follow":"follow","max-snippet":"max-snippet:-1","max-image-preview":"max-image-preview:large","max-video-preview":"max-video-preview:-1"},"canonical":"https:\/\/hello-suns.com\/es\/productos\/blocchi-conjunto-de-sofa\/","og_locale":"es_ES","og_type":"article","og_title":"Descubre el conjunto de sof\u00e1s Blocchi | SUNS Outdoor Lifestyle","og_description":"Buscas un elegante conjunto de sof\u00e1 Blocchi? SUNS ofrece conjuntos de sof\u00e1 modernos y c\u00f3modos que combinan a la perfecci\u00f3n durabilidad, lujo y dise\u00f1o contempor\u00e1neo.","og_url":"https:\/\/hello-suns.com\/es\/productos\/blocchi-conjunto-de-sofa\/","og_site_name":"SUNS","article_modified_time":"2026-02-19T11:14:31+00:00","og_image":[{"width":2500,"height":1667,"url":"https:\/\/hello-suns.com\/app\/uploads\/2025\/01\/01_Blocchi-SUNS-loungeset4pcsround-WGB-free-25-2500-2.png","type":"image\/png"}],"twitter_card":"summary_large_image","twitter_misc":{"Est. reading time":"6 minutes"},"schema":{"@context":"https:\/\/schema.org","@graph":[{"@type":"WebPage","@id":"https:\/\/hello-suns.com\/es\/productos\/blocchi-conjunto-de-sofa\/","url":"https:\/\/hello-suns.com\/es\/productos\/blocchi-conjunto-de-sofa\/","name":"Descubre el conjunto de sof\u00e1s Blocchi | SUNS Outdoor Lifestyle","isPartOf":{"@id":"https:\/\/hello-suns.com\/es\/#website"},"primaryImageOfPage":{"@id":"https:\/\/hello-suns.com\/es\/productos\/blocchi-conjunto-de-sofa\/#primaryimage"},"image":{"@id":"https:\/\/hello-suns.com\/es\/productos\/blocchi-conjunto-de-sofa\/#primaryimage"},"thumbnailUrl":"https:\/\/hello-suns.com\/app\/uploads\/2025\/01\/01_Blocchi-SUNS-loungeset4pcsround-WGB-free-25-2500-2.png","datePublished":"2025-01-13T09:37:32+00:00","dateModified":"2026-02-19T11:14:31+00:00","description":"Buscas un elegante conjunto de sof\u00e1 Blocchi? SUNS ofrece conjuntos de sof\u00e1 modernos y c\u00f3modos que combinan a la perfecci\u00f3n durabilidad, lujo y dise\u00f1o contempor\u00e1neo.","breadcrumb":{"@id":"https:\/\/hello-suns.com\/es\/productos\/blocchi-conjunto-de-sofa\/#breadcrumb"},"inLanguage":"es-ES","potentialAction":[{"@type":"ReadAction","target":["https:\/\/hello-suns.com\/es\/productos\/blocchi-conjunto-de-sofa\/"]}]},{"@type":"ImageObject","inLanguage":"es-ES","@id":"https:\/\/hello-suns.com\/es\/productos\/blocchi-conjunto-de-sofa\/#primaryimage","url":"https:\/\/hello-suns.com\/app\/uploads\/2025\/01\/01_Blocchi-SUNS-loungeset4pcsround-WGB-free-25-2500-2.png","contentUrl":"https:\/\/hello-suns.com\/app\/uploads\/2025\/01\/01_Blocchi-SUNS-loungeset4pcsround-WGB-free-25-2500-2.png","width":2500,"height":1667},{"@type":"BreadcrumbList","@id":"https:\/\/hello-suns.com\/es\/productos\/blocchi-conjunto-de-sofa\/#breadcrumb","itemListElement":[{"@type":"ListItem","position":1,"name":"","item":"https:\/\/hello-suns.com\/es\/"},{"@type":"ListItem","position":2,"name":"Productos","item":"https:\/\/hello-suns.com\/es\/productos\/"},{"@type":"ListItem","position":3,"name":"Blocchi"}]},{"@type":"WebSite","@id":"https:\/\/hello-suns.com\/es\/#website","url":"https:\/\/hello-suns.com\/es\/","name":"SUNS","description":"Outdoor Lifestyle","potentialAction":[{"@type":"SearchAction","target":{"@type":"EntryPoint","urlTemplate":"https:\/\/hello-suns.com\/es\/?s={search_term_string}"},"query-input":{"@type":"PropertyValueSpecification","valueRequired":true,"valueName":"search_term_string"}}],"inLanguage":"es-ES"}]}},"_links":{"self":[{"href":"https:\/\/hello-suns.com\/es\/wp-json\/wp\/v2\/product\/15904","targetHints":{"allow":["GET"]}}],"collection":[{"href":"https:\/\/hello-suns.com\/es\/wp-json\/wp\/v2\/product"}],"about":[{"href":"https:\/\/hello-suns.com\/es\/wp-json\/wp\/v2\/types\/product"}],"replies":[{"embeddable":true,"href":"https:\/\/hello-suns.com\/es\/wp-json\/wp\/v2\/comments?post=15904"}],"wp:featuredmedia":[{"embeddable":true,"href":"https:\/\/hello-suns.com\/es\/wp-json\/wp\/v2\/media\/15917"}],"wp:attachment":[{"href":"https:\/\/hello-suns.com\/es\/wp-json\/wp\/v2\/media?parent=15904"}],"wp:term":[{"taxonomy":"product_brand","embeddable":true,"href":"https:\/\/hello-suns.com\/es\/wp-json\/wp\/v2\/product_brand?post=15904"},{"taxonomy":"product_cat","embeddable":true,"href":"https:\/\/hello-suns.com\/es\/wp-json\/wp\/v2\/product_cat?post=15904"},{"taxonomy":"product_tag","embeddable":true,"href":"https:\/\/hello-suns.com\/es\/wp-json\/wp\/v2\/product_tag?post=15904"},{"taxonomy":"material","embeddable":true,"href":"https:\/\/hello-suns.com\/es\/wp-json\/wp\/v2\/material?post=15904"}],"curies":[{"name":"wp","href":"https:\/\/api.w.org\/{rel}","templated":true}]}}