{"id":15902,"date":"2025-01-13T11:14:57","date_gmt":"2025-01-13T11:14:57","guid":{"rendered":"https:\/\/hello-suns.com\/producten\/dolce\/"},"modified":"2025-09-11T08:43:09","modified_gmt":"2025-09-11T08:43:09","slug":"dolce-conjuntos-de-sofa","status":"publish","type":"product","link":"https:\/\/hello-suns.com\/es\/productos\/dolce-conjuntos-de-sofa\/","title":{"rendered":"Dolce"},"content":{"rendered":"<h2 style=\"font-weight: 400;\">El atractivo de los acentos<\/h2>\n<p style=\"font-weight: 400;\">La belleza suele estar en las cosas peque\u00f1as. En un acento especial, o una elecci\u00f3n de dise\u00f1o sorprendente. Exactamente eso es lo que distingue al conjunto de sof\u00e1s Dolce. Este conjunto, con su llamativo tejido, tiene una apariencia especial que no renuncia a una comodidad de asiento excepcional.<\/p>\n","protected":false},"excerpt":{"rendered":"<h3 style=\"font-weight: 400;\">Sorprendentemente elegante<\/h3>\n<p style=\"font-weight: 400;\">La Silla Dolce fue la inspiraci\u00f3n para este nuevo conjunto de sof\u00e1s. El dise\u00f1o es sorprendentemente elegante y el tejido -un gui\u00f1o de dise\u00f1o juguet\u00f3n- ofrece una agradable comodidad de asiento. Perfecto para una comida o cena prolongada al aire libre, incluso en jardines de tama\u00f1o modesto.<\/p>\n<p style=\"font-weight: 400;\">Los armazones del sof\u00e1 de 2 plazas y las sillas son de aluminio resistente, por lo que este conjunto puede aguantar una paliza. Los generosos cojines est\u00e1n acabados en un tejido exterior hidr\u00f3fugo de primera calidad y rellenos de espuma de secado r\u00e1pido. Tanto la estructura como los cojines est\u00e1n disponibles en varios colores que resultan excelentes para combinar. El conjunto de sof\u00e1s Dolce puede combinarse f\u00e1cilmente con las mesas auxiliares de las colecciones SUNS.<\/p>\n","protected":false},"featured_media":15905,"comment_status":"closed","ping_status":"closed","template":"","meta":{"_acf_changed":false},"product_brand":[],"product_cat":[800],"product_tag":[],"material":[],"class_list":{"0":"post-15902","1":"product","2":"type-product","3":"status-publish","4":"has-post-thumbnail","6":"product_cat-conjuntos-de-sofa","8":"first","9":"instock","10":"shipping-taxable","11":"product-type-simple"},"acf":[],"yoast_head":"<!-- This site is optimized with the Yoast SEO plugin v26.8 - https:\/\/yoast.com\/product\/yoast-seo-wordpress\/ -->\n<title>Descubre el Conjunto de Sof\u00e1 Dolce | SUNS Outdoor Lifestyle<\/title>\n<meta name=\"description\" content=\"\u00bfBuscas un elegante conjunto de sof\u00e1 Dolce? SUNS ofrece conjuntos de sof\u00e1 de lujo que combinan comodidad, durabilidad y dise\u00f1o elegante.\" \/>\n<meta name=\"robots\" content=\"index, follow, max-snippet:-1, max-image-preview:large, max-video-preview:-1\" \/>\n<link rel=\"canonical\" href=\"https:\/\/hello-suns.com\/es\/productos\/dolce-conjuntos-de-sofa\/\" \/>\n<meta property=\"og:locale\" content=\"es_ES\" \/>\n<meta property=\"og:type\" content=\"article\" \/>\n<meta property=\"og:title\" content=\"Descubre el Conjunto de Sof\u00e1 Dolce | SUNS Outdoor Lifestyle\" \/>\n<meta property=\"og:description\" content=\"\u00bfBuscas un elegante conjunto de sof\u00e1 Dolce? SUNS ofrece conjuntos de sof\u00e1 de lujo que combinan comodidad, durabilidad y dise\u00f1o elegante.\" \/>\n<meta property=\"og:url\" content=\"https:\/\/hello-suns.com\/es\/productos\/dolce-conjuntos-de-sofa\/\" \/>\n<meta property=\"og:site_name\" content=\"SUNS\" \/>\n<meta property=\"article:modified_time\" content=\"2025-09-11T08:43:09+00:00\" \/>\n<meta property=\"og:image\" content=\"https:\/\/hello-suns.com\/app\/uploads\/2025\/01\/01_Dolce-SUNS-Sofaset-CS-NG-free-25-2500-2.png\" \/>\n\t<meta property=\"og:image:width\" content=\"2500\" \/>\n\t<meta property=\"og:image:height\" content=\"1667\" \/>\n\t<meta property=\"og:image:type\" content=\"image\/png\" \/>\n<meta name=\"twitter:card\" content=\"summary_large_image\" \/>\n<meta name=\"twitter:label1\" content=\"Est. reading time\" \/>\n\t<meta name=\"twitter:data1\" content=\"4 minutes\" \/>\n<script type=\"application\/ld+json\" class=\"yoast-schema-graph\">{\"@context\":\"https:\/\/schema.org\",\"@graph\":[{\"@type\":\"WebPage\",\"@id\":\"https:\/\/hello-suns.com\/es\/productos\/dolce-conjuntos-de-sofa\/\",\"url\":\"https:\/\/hello-suns.com\/es\/productos\/dolce-conjuntos-de-sofa\/\",\"name\":\"Descubre el Conjunto de Sof\u00e1 Dolce | SUNS Outdoor Lifestyle\",\"isPartOf\":{\"@id\":\"https:\/\/hello-suns.com\/es\/#website\"},\"primaryImageOfPage\":{\"@id\":\"https:\/\/hello-suns.com\/es\/productos\/dolce-conjuntos-de-sofa\/#primaryimage\"},\"image\":{\"@id\":\"https:\/\/hello-suns.com\/es\/productos\/dolce-conjuntos-de-sofa\/#primaryimage\"},\"thumbnailUrl\":\"https:\/\/hello-suns.com\/app\/uploads\/2025\/01\/01_Dolce-SUNS-Sofaset-CS-NG-free-25-2500-2.png\",\"datePublished\":\"2025-01-13T11:14:57+00:00\",\"dateModified\":\"2025-09-11T08:43:09+00:00\",\"description\":\"\u00bfBuscas un elegante conjunto de sof\u00e1 Dolce? SUNS ofrece conjuntos de sof\u00e1 de lujo que combinan comodidad, durabilidad y dise\u00f1o elegante.\",\"breadcrumb\":{\"@id\":\"https:\/\/hello-suns.com\/es\/productos\/dolce-conjuntos-de-sofa\/#breadcrumb\"},\"inLanguage\":\"es-ES\",\"potentialAction\":[{\"@type\":\"ReadAction\",\"target\":[\"https:\/\/hello-suns.com\/es\/productos\/dolce-conjuntos-de-sofa\/\"]}]},{\"@type\":\"ImageObject\",\"inLanguage\":\"es-ES\",\"@id\":\"https:\/\/hello-suns.com\/es\/productos\/dolce-conjuntos-de-sofa\/#primaryimage\",\"url\":\"https:\/\/hello-suns.com\/app\/uploads\/2025\/01\/01_Dolce-SUNS-Sofaset-CS-NG-free-25-2500-2.png\",\"contentUrl\":\"https:\/\/hello-suns.com\/app\/uploads\/2025\/01\/01_Dolce-SUNS-Sofaset-CS-NG-free-25-2500-2.png\",\"width\":2500,\"height\":1667},{\"@type\":\"BreadcrumbList\",\"@id\":\"https:\/\/hello-suns.com\/es\/productos\/dolce-conjuntos-de-sofa\/#breadcrumb\",\"itemListElement\":[{\"@type\":\"ListItem\",\"position\":1,\"name\":\"\",\"item\":\"https:\/\/hello-suns.com\/es\/\"},{\"@type\":\"ListItem\",\"position\":2,\"name\":\"Productos\",\"item\":\"https:\/\/hello-suns.com\/es\/productos\/\"},{\"@type\":\"ListItem\",\"position\":3,\"name\":\"Dolce\"}]},{\"@type\":\"WebSite\",\"@id\":\"https:\/\/hello-suns.com\/es\/#website\",\"url\":\"https:\/\/hello-suns.com\/es\/\",\"name\":\"SUNS\",\"description\":\"Outdoor Lifestyle\",\"potentialAction\":[{\"@type\":\"SearchAction\",\"target\":{\"@type\":\"EntryPoint\",\"urlTemplate\":\"https:\/\/hello-suns.com\/es\/?s={search_term_string}\"},\"query-input\":{\"@type\":\"PropertyValueSpecification\",\"valueRequired\":true,\"valueName\":\"search_term_string\"}}],\"inLanguage\":\"es-ES\"}]}<\/script>\n<!-- \/ Yoast SEO plugin. -->","yoast_head_json":{"title":"Descubre el Conjunto de Sof\u00e1 Dolce | SUNS Outdoor Lifestyle","description":"\u00bfBuscas un elegante conjunto de sof\u00e1 Dolce? SUNS ofrece conjuntos de sof\u00e1 de lujo que combinan comodidad, durabilidad y dise\u00f1o elegante.","robots":{"index":"index","follow":"follow","max-snippet":"max-snippet:-1","max-image-preview":"max-image-preview:large","max-video-preview":"max-video-preview:-1"},"canonical":"https:\/\/hello-suns.com\/es\/productos\/dolce-conjuntos-de-sofa\/","og_locale":"es_ES","og_type":"article","og_title":"Descubre el Conjunto de Sof\u00e1 Dolce | SUNS Outdoor Lifestyle","og_description":"\u00bfBuscas un elegante conjunto de sof\u00e1 Dolce? SUNS ofrece conjuntos de sof\u00e1 de lujo que combinan comodidad, durabilidad y dise\u00f1o elegante.","og_url":"https:\/\/hello-suns.com\/es\/productos\/dolce-conjuntos-de-sofa\/","og_site_name":"SUNS","article_modified_time":"2025-09-11T08:43:09+00:00","og_image":[{"width":2500,"height":1667,"url":"https:\/\/hello-suns.com\/app\/uploads\/2025\/01\/01_Dolce-SUNS-Sofaset-CS-NG-free-25-2500-2.png","type":"image\/png"}],"twitter_card":"summary_large_image","twitter_misc":{"Est. reading time":"4 minutes"},"schema":{"@context":"https:\/\/schema.org","@graph":[{"@type":"WebPage","@id":"https:\/\/hello-suns.com\/es\/productos\/dolce-conjuntos-de-sofa\/","url":"https:\/\/hello-suns.com\/es\/productos\/dolce-conjuntos-de-sofa\/","name":"Descubre el Conjunto de Sof\u00e1 Dolce | SUNS Outdoor Lifestyle","isPartOf":{"@id":"https:\/\/hello-suns.com\/es\/#website"},"primaryImageOfPage":{"@id":"https:\/\/hello-suns.com\/es\/productos\/dolce-conjuntos-de-sofa\/#primaryimage"},"image":{"@id":"https:\/\/hello-suns.com\/es\/productos\/dolce-conjuntos-de-sofa\/#primaryimage"},"thumbnailUrl":"https:\/\/hello-suns.com\/app\/uploads\/2025\/01\/01_Dolce-SUNS-Sofaset-CS-NG-free-25-2500-2.png","datePublished":"2025-01-13T11:14:57+00:00","dateModified":"2025-09-11T08:43:09+00:00","description":"\u00bfBuscas un elegante conjunto de sof\u00e1 Dolce? SUNS ofrece conjuntos de sof\u00e1 de lujo que combinan comodidad, durabilidad y dise\u00f1o elegante.","breadcrumb":{"@id":"https:\/\/hello-suns.com\/es\/productos\/dolce-conjuntos-de-sofa\/#breadcrumb"},"inLanguage":"es-ES","potentialAction":[{"@type":"ReadAction","target":["https:\/\/hello-suns.com\/es\/productos\/dolce-conjuntos-de-sofa\/"]}]},{"@type":"ImageObject","inLanguage":"es-ES","@id":"https:\/\/hello-suns.com\/es\/productos\/dolce-conjuntos-de-sofa\/#primaryimage","url":"https:\/\/hello-suns.com\/app\/uploads\/2025\/01\/01_Dolce-SUNS-Sofaset-CS-NG-free-25-2500-2.png","contentUrl":"https:\/\/hello-suns.com\/app\/uploads\/2025\/01\/01_Dolce-SUNS-Sofaset-CS-NG-free-25-2500-2.png","width":2500,"height":1667},{"@type":"BreadcrumbList","@id":"https:\/\/hello-suns.com\/es\/productos\/dolce-conjuntos-de-sofa\/#breadcrumb","itemListElement":[{"@type":"ListItem","position":1,"name":"","item":"https:\/\/hello-suns.com\/es\/"},{"@type":"ListItem","position":2,"name":"Productos","item":"https:\/\/hello-suns.com\/es\/productos\/"},{"@type":"ListItem","position":3,"name":"Dolce"}]},{"@type":"WebSite","@id":"https:\/\/hello-suns.com\/es\/#website","url":"https:\/\/hello-suns.com\/es\/","name":"SUNS","description":"Outdoor Lifestyle","potentialAction":[{"@type":"SearchAction","target":{"@type":"EntryPoint","urlTemplate":"https:\/\/hello-suns.com\/es\/?s={search_term_string}"},"query-input":{"@type":"PropertyValueSpecification","valueRequired":true,"valueName":"search_term_string"}}],"inLanguage":"es-ES"}]}},"_links":{"self":[{"href":"https:\/\/hello-suns.com\/es\/wp-json\/wp\/v2\/product\/15902","targetHints":{"allow":["GET"]}}],"collection":[{"href":"https:\/\/hello-suns.com\/es\/wp-json\/wp\/v2\/product"}],"about":[{"href":"https:\/\/hello-suns.com\/es\/wp-json\/wp\/v2\/types\/product"}],"replies":[{"embeddable":true,"href":"https:\/\/hello-suns.com\/es\/wp-json\/wp\/v2\/comments?post=15902"}],"wp:featuredmedia":[{"embeddable":true,"href":"https:\/\/hello-suns.com\/es\/wp-json\/wp\/v2\/media\/15905"}],"wp:attachment":[{"href":"https:\/\/hello-suns.com\/es\/wp-json\/wp\/v2\/media?parent=15902"}],"wp:term":[{"taxonomy":"product_brand","embeddable":true,"href":"https:\/\/hello-suns.com\/es\/wp-json\/wp\/v2\/product_brand?post=15902"},{"taxonomy":"product_cat","embeddable":true,"href":"https:\/\/hello-suns.com\/es\/wp-json\/wp\/v2\/product_cat?post=15902"},{"taxonomy":"product_tag","embeddable":true,"href":"https:\/\/hello-suns.com\/es\/wp-json\/wp\/v2\/product_tag?post=15902"},{"taxonomy":"material","embeddable":true,"href":"https:\/\/hello-suns.com\/es\/wp-json\/wp\/v2\/material?post=15902"}],"curies":[{"name":"wp","href":"https:\/\/api.w.org\/{rel}","templated":true}]}}