{"id":15887,"date":"2025-01-13T10:52:15","date_gmt":"2025-01-13T10:52:15","guid":{"rendered":"https:\/\/hello-suns.com\/producten\/nappa-2\/"},"modified":"2025-09-09T14:46:26","modified_gmt":"2025-09-09T14:46:26","slug":"nappa-sillas-lounge","status":"publish","type":"product","link":"https:\/\/hello-suns.com\/es\/productos\/nappa-sillas-lounge\/","title":{"rendered":"Nappa"},"content":{"rendered":"<h2>El cl\u00e1sico del dise\u00f1o actual<\/h2>\n<p>El sill\u00f3n Nappa combina un toque cl\u00e1sico con materiales contempor\u00e1neos para un confort de asiento excepcional.<\/p>\n","protected":false},"excerpt":{"rendered":"<h3>Sorprendentemente elegante<\/h3>\n<p>La tumbona Nappa tiene un dise\u00f1o sorprendentemente elegante. Los asientos de malla de cuerda de primera calidad ofrecen una agradable comodidad de asiento. Dentro de la l\u00ednea de productos Nappa, tambi\u00e9n encontrar\u00e1s una silla y un taburete de bar.<\/p>\n","protected":false},"featured_media":15893,"comment_status":"closed","ping_status":"closed","template":"","meta":{"_acf_changed":false},"product_brand":[],"product_cat":[796],"product_tag":[],"material":[],"class_list":{"0":"post-15887","1":"product","2":"type-product","3":"status-publish","4":"has-post-thumbnail","6":"product_cat-sillas-lounge","8":"first","9":"instock","10":"shipping-taxable","11":"product-type-simple"},"acf":[],"yoast_head":"<!-- This site is optimized with the Yoast SEO plugin v26.8 - https:\/\/yoast.com\/product\/yoast-seo-wordpress\/ -->\n<title>Descubre la tumbona Nappa | SUNS Outdoor Lifestyle<\/title>\n<meta name=\"description\" content=\"\u00bfBuscas una elegante tumbona de napa? SUNS te ofrece c\u00f3modas tumbonas con un dise\u00f1o contempor\u00e1neo y materiales duraderos.\" \/>\n<meta name=\"robots\" content=\"index, follow, max-snippet:-1, max-image-preview:large, max-video-preview:-1\" \/>\n<link rel=\"canonical\" href=\"https:\/\/hello-suns.com\/es\/productos\/nappa-sillas-lounge\/\" \/>\n<meta property=\"og:locale\" content=\"es_ES\" \/>\n<meta property=\"og:type\" content=\"article\" \/>\n<meta property=\"og:title\" content=\"Descubre la tumbona Nappa | SUNS Outdoor Lifestyle\" \/>\n<meta property=\"og:description\" content=\"\u00bfBuscas una elegante tumbona de napa? SUNS te ofrece c\u00f3modas tumbonas con un dise\u00f1o contempor\u00e1neo y materiales duraderos.\" \/>\n<meta property=\"og:url\" content=\"https:\/\/hello-suns.com\/es\/productos\/nappa-sillas-lounge\/\" \/>\n<meta property=\"og:site_name\" content=\"SUNS\" \/>\n<meta property=\"article:modified_time\" content=\"2025-09-09T14:46:26+00:00\" \/>\n<meta property=\"og:image\" content=\"https:\/\/hello-suns.com\/app\/uploads\/2025\/01\/01_Nappa-SUNS-Sofaset-CS-NG-free-25-2500-2-1.png\" \/>\n\t<meta property=\"og:image:width\" content=\"2500\" \/>\n\t<meta property=\"og:image:height\" content=\"1667\" \/>\n\t<meta property=\"og:image:type\" content=\"image\/png\" \/>\n<meta name=\"twitter:card\" content=\"summary_large_image\" \/>\n<meta name=\"twitter:label1\" content=\"Est. reading time\" \/>\n\t<meta name=\"twitter:data1\" content=\"3 minutes\" \/>\n<script type=\"application\/ld+json\" class=\"yoast-schema-graph\">{\"@context\":\"https:\/\/schema.org\",\"@graph\":[{\"@type\":\"WebPage\",\"@id\":\"https:\/\/hello-suns.com\/es\/productos\/nappa-sillas-lounge\/\",\"url\":\"https:\/\/hello-suns.com\/es\/productos\/nappa-sillas-lounge\/\",\"name\":\"Descubre la tumbona Nappa | SUNS Outdoor Lifestyle\",\"isPartOf\":{\"@id\":\"https:\/\/hello-suns.com\/es\/#website\"},\"primaryImageOfPage\":{\"@id\":\"https:\/\/hello-suns.com\/es\/productos\/nappa-sillas-lounge\/#primaryimage\"},\"image\":{\"@id\":\"https:\/\/hello-suns.com\/es\/productos\/nappa-sillas-lounge\/#primaryimage\"},\"thumbnailUrl\":\"https:\/\/hello-suns.com\/app\/uploads\/2025\/01\/01_Nappa-SUNS-Sofaset-CS-NG-free-25-2500-2-1.png\",\"datePublished\":\"2025-01-13T10:52:15+00:00\",\"dateModified\":\"2025-09-09T14:46:26+00:00\",\"description\":\"\u00bfBuscas una elegante tumbona de napa? SUNS te ofrece c\u00f3modas tumbonas con un dise\u00f1o contempor\u00e1neo y materiales duraderos.\",\"breadcrumb\":{\"@id\":\"https:\/\/hello-suns.com\/es\/productos\/nappa-sillas-lounge\/#breadcrumb\"},\"inLanguage\":\"es-ES\",\"potentialAction\":[{\"@type\":\"ReadAction\",\"target\":[\"https:\/\/hello-suns.com\/es\/productos\/nappa-sillas-lounge\/\"]}]},{\"@type\":\"ImageObject\",\"inLanguage\":\"es-ES\",\"@id\":\"https:\/\/hello-suns.com\/es\/productos\/nappa-sillas-lounge\/#primaryimage\",\"url\":\"https:\/\/hello-suns.com\/app\/uploads\/2025\/01\/01_Nappa-SUNS-Sofaset-CS-NG-free-25-2500-2-1.png\",\"contentUrl\":\"https:\/\/hello-suns.com\/app\/uploads\/2025\/01\/01_Nappa-SUNS-Sofaset-CS-NG-free-25-2500-2-1.png\",\"width\":2500,\"height\":1667},{\"@type\":\"BreadcrumbList\",\"@id\":\"https:\/\/hello-suns.com\/es\/productos\/nappa-sillas-lounge\/#breadcrumb\",\"itemListElement\":[{\"@type\":\"ListItem\",\"position\":1,\"name\":\"\",\"item\":\"https:\/\/hello-suns.com\/es\/\"},{\"@type\":\"ListItem\",\"position\":2,\"name\":\"Productos\",\"item\":\"https:\/\/hello-suns.com\/es\/productos\/\"},{\"@type\":\"ListItem\",\"position\":3,\"name\":\"Nappa\"}]},{\"@type\":\"WebSite\",\"@id\":\"https:\/\/hello-suns.com\/es\/#website\",\"url\":\"https:\/\/hello-suns.com\/es\/\",\"name\":\"SUNS\",\"description\":\"Outdoor Lifestyle\",\"potentialAction\":[{\"@type\":\"SearchAction\",\"target\":{\"@type\":\"EntryPoint\",\"urlTemplate\":\"https:\/\/hello-suns.com\/es\/?s={search_term_string}\"},\"query-input\":{\"@type\":\"PropertyValueSpecification\",\"valueRequired\":true,\"valueName\":\"search_term_string\"}}],\"inLanguage\":\"es-ES\"}]}<\/script>\n<!-- \/ Yoast SEO plugin. -->","yoast_head_json":{"title":"Descubre la tumbona Nappa | SUNS Outdoor Lifestyle","description":"\u00bfBuscas una elegante tumbona de napa? SUNS te ofrece c\u00f3modas tumbonas con un dise\u00f1o contempor\u00e1neo y materiales duraderos.","robots":{"index":"index","follow":"follow","max-snippet":"max-snippet:-1","max-image-preview":"max-image-preview:large","max-video-preview":"max-video-preview:-1"},"canonical":"https:\/\/hello-suns.com\/es\/productos\/nappa-sillas-lounge\/","og_locale":"es_ES","og_type":"article","og_title":"Descubre la tumbona Nappa | SUNS Outdoor Lifestyle","og_description":"\u00bfBuscas una elegante tumbona de napa? SUNS te ofrece c\u00f3modas tumbonas con un dise\u00f1o contempor\u00e1neo y materiales duraderos.","og_url":"https:\/\/hello-suns.com\/es\/productos\/nappa-sillas-lounge\/","og_site_name":"SUNS","article_modified_time":"2025-09-09T14:46:26+00:00","og_image":[{"width":2500,"height":1667,"url":"https:\/\/hello-suns.com\/app\/uploads\/2025\/01\/01_Nappa-SUNS-Sofaset-CS-NG-free-25-2500-2-1.png","type":"image\/png"}],"twitter_card":"summary_large_image","twitter_misc":{"Est. reading time":"3 minutes"},"schema":{"@context":"https:\/\/schema.org","@graph":[{"@type":"WebPage","@id":"https:\/\/hello-suns.com\/es\/productos\/nappa-sillas-lounge\/","url":"https:\/\/hello-suns.com\/es\/productos\/nappa-sillas-lounge\/","name":"Descubre la tumbona Nappa | SUNS Outdoor Lifestyle","isPartOf":{"@id":"https:\/\/hello-suns.com\/es\/#website"},"primaryImageOfPage":{"@id":"https:\/\/hello-suns.com\/es\/productos\/nappa-sillas-lounge\/#primaryimage"},"image":{"@id":"https:\/\/hello-suns.com\/es\/productos\/nappa-sillas-lounge\/#primaryimage"},"thumbnailUrl":"https:\/\/hello-suns.com\/app\/uploads\/2025\/01\/01_Nappa-SUNS-Sofaset-CS-NG-free-25-2500-2-1.png","datePublished":"2025-01-13T10:52:15+00:00","dateModified":"2025-09-09T14:46:26+00:00","description":"\u00bfBuscas una elegante tumbona de napa? SUNS te ofrece c\u00f3modas tumbonas con un dise\u00f1o contempor\u00e1neo y materiales duraderos.","breadcrumb":{"@id":"https:\/\/hello-suns.com\/es\/productos\/nappa-sillas-lounge\/#breadcrumb"},"inLanguage":"es-ES","potentialAction":[{"@type":"ReadAction","target":["https:\/\/hello-suns.com\/es\/productos\/nappa-sillas-lounge\/"]}]},{"@type":"ImageObject","inLanguage":"es-ES","@id":"https:\/\/hello-suns.com\/es\/productos\/nappa-sillas-lounge\/#primaryimage","url":"https:\/\/hello-suns.com\/app\/uploads\/2025\/01\/01_Nappa-SUNS-Sofaset-CS-NG-free-25-2500-2-1.png","contentUrl":"https:\/\/hello-suns.com\/app\/uploads\/2025\/01\/01_Nappa-SUNS-Sofaset-CS-NG-free-25-2500-2-1.png","width":2500,"height":1667},{"@type":"BreadcrumbList","@id":"https:\/\/hello-suns.com\/es\/productos\/nappa-sillas-lounge\/#breadcrumb","itemListElement":[{"@type":"ListItem","position":1,"name":"","item":"https:\/\/hello-suns.com\/es\/"},{"@type":"ListItem","position":2,"name":"Productos","item":"https:\/\/hello-suns.com\/es\/productos\/"},{"@type":"ListItem","position":3,"name":"Nappa"}]},{"@type":"WebSite","@id":"https:\/\/hello-suns.com\/es\/#website","url":"https:\/\/hello-suns.com\/es\/","name":"SUNS","description":"Outdoor Lifestyle","potentialAction":[{"@type":"SearchAction","target":{"@type":"EntryPoint","urlTemplate":"https:\/\/hello-suns.com\/es\/?s={search_term_string}"},"query-input":{"@type":"PropertyValueSpecification","valueRequired":true,"valueName":"search_term_string"}}],"inLanguage":"es-ES"}]}},"_links":{"self":[{"href":"https:\/\/hello-suns.com\/es\/wp-json\/wp\/v2\/product\/15887","targetHints":{"allow":["GET"]}}],"collection":[{"href":"https:\/\/hello-suns.com\/es\/wp-json\/wp\/v2\/product"}],"about":[{"href":"https:\/\/hello-suns.com\/es\/wp-json\/wp\/v2\/types\/product"}],"replies":[{"embeddable":true,"href":"https:\/\/hello-suns.com\/es\/wp-json\/wp\/v2\/comments?post=15887"}],"wp:featuredmedia":[{"embeddable":true,"href":"https:\/\/hello-suns.com\/es\/wp-json\/wp\/v2\/media\/15893"}],"wp:attachment":[{"href":"https:\/\/hello-suns.com\/es\/wp-json\/wp\/v2\/media?parent=15887"}],"wp:term":[{"taxonomy":"product_brand","embeddable":true,"href":"https:\/\/hello-suns.com\/es\/wp-json\/wp\/v2\/product_brand?post=15887"},{"taxonomy":"product_cat","embeddable":true,"href":"https:\/\/hello-suns.com\/es\/wp-json\/wp\/v2\/product_cat?post=15887"},{"taxonomy":"product_tag","embeddable":true,"href":"https:\/\/hello-suns.com\/es\/wp-json\/wp\/v2\/product_tag?post=15887"},{"taxonomy":"material","embeddable":true,"href":"https:\/\/hello-suns.com\/es\/wp-json\/wp\/v2\/material?post=15887"}],"curies":[{"name":"wp","href":"https:\/\/api.w.org\/{rel}","templated":true}]}}