{"id":15790,"date":"2025-01-13T12:42:32","date_gmt":"2025-01-13T11:42:32","guid":{"rendered":"https:\/\/hello-suns.com\/producten\/portofino-2\/"},"modified":"2026-02-23T11:35:31","modified_gmt":"2026-02-23T10:35:31","slug":"portofino-conjuntos-de-salon","status":"publish","type":"product","link":"https:\/\/hello-suns.com\/es\/productos\/portofino-conjuntos-de-salon\/","title":{"rendered":"Portofino"},"content":{"rendered":"<h2 style=\"font-weight: 400;\">Fuera de tu zona de confort<\/h2>\n<p style=\"font-weight: 400;\">Atr\u00e9vete a mirar tu jard\u00edn o terraza de forma diferente y crea el lugar m\u00e1s excepcional al que llamar hogar con SUNS. Portofino resalta tu creatividad y tu gusto \u00fanico con una combinaci\u00f3n de dise\u00f1o distintivo, materiales ricos y opciones de color contempor\u00e1neas. Incomparable, indispensable desde el primer d\u00eda.<\/p>\n","protected":false},"excerpt":{"rendered":"<h3 style=\"font-weight: 400;\">El lujo de combinar<\/h3>\n<p style=\"font-weight: 400;\">Portofino es un conjunto de tumbona baja. La teca es la base elegante y resistente a la intemperie de este conjunto. Los lujosos cojines, ricamente acolchados, garantizan una comodidad \u00f3ptima al sentarse o tumbarse. Los cojines deslizantes son cosa del pasado. Gracias a la innovadora fijaci\u00f3n de los cojines, siempre se mantienen en su sitio. Portofino es tumbarse con total libertad. Tambi\u00e9n es posible colocar cojines en las mesas laterales.<\/p>\n<p style=\"font-weight: 400;\">Hemos desarrollado este conjunto de sal\u00f3n dentro del programa T\u00fa Creas. Esto significa que el Portofino consta de varios elementos individuales que puedes combinar libremente. Crea tu conjunto definitivo con sof\u00e1s individuales, una esquina fija, una mesa auxiliar adicional o combinaciones con una chaise longue. Tambi\u00e9n hay reposabrazos y cojines enrollables opcionales para el Portofino. El conjunto puede ampliarse a\u00fan m\u00e1s con una mesa auxiliar a juego totalmente de madera de teca. Sugerencia de estilo: combina dos chaise longues para crear un sof\u00e1 cama.<\/p>\n","protected":false},"featured_media":15792,"comment_status":"closed","ping_status":"closed","template":"","meta":{"_acf_changed":false},"product_brand":[],"product_cat":[799,797],"product_tag":[],"material":[],"class_list":{"0":"post-15790","1":"product","2":"type-product","3":"status-publish","4":"has-post-thumbnail","6":"product_cat-conjuntos-de-salon","7":"product_cat-you-create-es","9":"first","10":"instock","11":"shipping-taxable","12":"product-type-simple"},"acf":[],"yoast_head":"<!-- This site is optimized with the Yoast SEO plugin v26.8 - https:\/\/yoast.com\/product\/yoast-seo-wordpress\/ -->\n<title>Tumbona Portofino | SUNS Outdoor Lifestyle<\/title>\n<meta name=\"description\" content=\"\u00bfBuscas un lujoso conjunto de sal\u00f3n Portofino? SUNS combina estilo, comodidad y calidad en un conjunto duradero para una experiencia moderna y relajada al aire libre.\" \/>\n<meta name=\"robots\" content=\"index, follow, max-snippet:-1, max-image-preview:large, max-video-preview:-1\" \/>\n<link rel=\"canonical\" href=\"https:\/\/hello-suns.com\/es\/productos\/portofino-conjuntos-de-salon\/\" \/>\n<meta property=\"og:locale\" content=\"es_ES\" \/>\n<meta property=\"og:type\" content=\"article\" \/>\n<meta property=\"og:title\" content=\"Tumbona Portofino | SUNS Outdoor Lifestyle\" \/>\n<meta property=\"og:description\" content=\"\u00bfBuscas un lujoso conjunto de sal\u00f3n Portofino? SUNS combina estilo, comodidad y calidad en un conjunto duradero para una experiencia moderna y relajada al aire libre.\" \/>\n<meta property=\"og:url\" content=\"https:\/\/hello-suns.com\/es\/productos\/portofino-conjuntos-de-salon\/\" \/>\n<meta property=\"og:site_name\" content=\"SUNS\" \/>\n<meta property=\"article:modified_time\" content=\"2026-02-23T10:35:31+00:00\" \/>\n<meta property=\"og:image\" content=\"https:\/\/hello-suns.com\/app\/uploads\/2025\/01\/01_Portofino-SUNS-6pc-LoungesetCushion-side-table-CS-NG-Free-23-1-2500-pix-3.png\" \/>\n\t<meta property=\"og:image:width\" content=\"2500\" \/>\n\t<meta property=\"og:image:height\" content=\"1667\" \/>\n\t<meta property=\"og:image:type\" content=\"image\/png\" \/>\n<meta name=\"twitter:card\" content=\"summary_large_image\" \/>\n<meta name=\"twitter:label1\" content=\"Est. reading time\" \/>\n\t<meta name=\"twitter:data1\" content=\"7 minutes\" \/>\n<script type=\"application\/ld+json\" class=\"yoast-schema-graph\">{\"@context\":\"https:\/\/schema.org\",\"@graph\":[{\"@type\":\"WebPage\",\"@id\":\"https:\/\/hello-suns.com\/es\/productos\/portofino-conjuntos-de-salon\/\",\"url\":\"https:\/\/hello-suns.com\/es\/productos\/portofino-conjuntos-de-salon\/\",\"name\":\"Tumbona Portofino | SUNS Outdoor Lifestyle\",\"isPartOf\":{\"@id\":\"https:\/\/hello-suns.com\/es\/#website\"},\"primaryImageOfPage\":{\"@id\":\"https:\/\/hello-suns.com\/es\/productos\/portofino-conjuntos-de-salon\/#primaryimage\"},\"image\":{\"@id\":\"https:\/\/hello-suns.com\/es\/productos\/portofino-conjuntos-de-salon\/#primaryimage\"},\"thumbnailUrl\":\"https:\/\/hello-suns.com\/app\/uploads\/2025\/01\/01_Portofino-SUNS-6pc-LoungesetCushion-side-table-CS-NG-Free-23-1-2500-pix-3.png\",\"datePublished\":\"2025-01-13T11:42:32+00:00\",\"dateModified\":\"2026-02-23T10:35:31+00:00\",\"description\":\"\u00bfBuscas un lujoso conjunto de sal\u00f3n Portofino? SUNS combina estilo, comodidad y calidad en un conjunto duradero para una experiencia moderna y relajada al aire libre.\",\"breadcrumb\":{\"@id\":\"https:\/\/hello-suns.com\/es\/productos\/portofino-conjuntos-de-salon\/#breadcrumb\"},\"inLanguage\":\"es-ES\",\"potentialAction\":[{\"@type\":\"ReadAction\",\"target\":[\"https:\/\/hello-suns.com\/es\/productos\/portofino-conjuntos-de-salon\/\"]}]},{\"@type\":\"ImageObject\",\"inLanguage\":\"es-ES\",\"@id\":\"https:\/\/hello-suns.com\/es\/productos\/portofino-conjuntos-de-salon\/#primaryimage\",\"url\":\"https:\/\/hello-suns.com\/app\/uploads\/2025\/01\/01_Portofino-SUNS-6pc-LoungesetCushion-side-table-CS-NG-Free-23-1-2500-pix-3.png\",\"contentUrl\":\"https:\/\/hello-suns.com\/app\/uploads\/2025\/01\/01_Portofino-SUNS-6pc-LoungesetCushion-side-table-CS-NG-Free-23-1-2500-pix-3.png\",\"width\":2500,\"height\":1667},{\"@type\":\"BreadcrumbList\",\"@id\":\"https:\/\/hello-suns.com\/es\/productos\/portofino-conjuntos-de-salon\/#breadcrumb\",\"itemListElement\":[{\"@type\":\"ListItem\",\"position\":1,\"name\":\"\",\"item\":\"https:\/\/hello-suns.com\/es\/\"},{\"@type\":\"ListItem\",\"position\":2,\"name\":\"Productos\",\"item\":\"https:\/\/hello-suns.com\/es\/productos\/\"},{\"@type\":\"ListItem\",\"position\":3,\"name\":\"Portofino\"}]},{\"@type\":\"WebSite\",\"@id\":\"https:\/\/hello-suns.com\/es\/#website\",\"url\":\"https:\/\/hello-suns.com\/es\/\",\"name\":\"SUNS\",\"description\":\"Outdoor Lifestyle\",\"potentialAction\":[{\"@type\":\"SearchAction\",\"target\":{\"@type\":\"EntryPoint\",\"urlTemplate\":\"https:\/\/hello-suns.com\/es\/?s={search_term_string}\"},\"query-input\":{\"@type\":\"PropertyValueSpecification\",\"valueRequired\":true,\"valueName\":\"search_term_string\"}}],\"inLanguage\":\"es-ES\"}]}<\/script>\n<!-- \/ Yoast SEO plugin. -->","yoast_head_json":{"title":"Tumbona Portofino | SUNS Outdoor Lifestyle","description":"\u00bfBuscas un lujoso conjunto de sal\u00f3n Portofino? SUNS combina estilo, comodidad y calidad en un conjunto duradero para una experiencia moderna y relajada al aire libre.","robots":{"index":"index","follow":"follow","max-snippet":"max-snippet:-1","max-image-preview":"max-image-preview:large","max-video-preview":"max-video-preview:-1"},"canonical":"https:\/\/hello-suns.com\/es\/productos\/portofino-conjuntos-de-salon\/","og_locale":"es_ES","og_type":"article","og_title":"Tumbona Portofino | SUNS Outdoor Lifestyle","og_description":"\u00bfBuscas un lujoso conjunto de sal\u00f3n Portofino? SUNS combina estilo, comodidad y calidad en un conjunto duradero para una experiencia moderna y relajada al aire libre.","og_url":"https:\/\/hello-suns.com\/es\/productos\/portofino-conjuntos-de-salon\/","og_site_name":"SUNS","article_modified_time":"2026-02-23T10:35:31+00:00","og_image":[{"width":2500,"height":1667,"url":"https:\/\/hello-suns.com\/app\/uploads\/2025\/01\/01_Portofino-SUNS-6pc-LoungesetCushion-side-table-CS-NG-Free-23-1-2500-pix-3.png","type":"image\/png"}],"twitter_card":"summary_large_image","twitter_misc":{"Est. reading time":"7 minutes"},"schema":{"@context":"https:\/\/schema.org","@graph":[{"@type":"WebPage","@id":"https:\/\/hello-suns.com\/es\/productos\/portofino-conjuntos-de-salon\/","url":"https:\/\/hello-suns.com\/es\/productos\/portofino-conjuntos-de-salon\/","name":"Tumbona Portofino | SUNS Outdoor Lifestyle","isPartOf":{"@id":"https:\/\/hello-suns.com\/es\/#website"},"primaryImageOfPage":{"@id":"https:\/\/hello-suns.com\/es\/productos\/portofino-conjuntos-de-salon\/#primaryimage"},"image":{"@id":"https:\/\/hello-suns.com\/es\/productos\/portofino-conjuntos-de-salon\/#primaryimage"},"thumbnailUrl":"https:\/\/hello-suns.com\/app\/uploads\/2025\/01\/01_Portofino-SUNS-6pc-LoungesetCushion-side-table-CS-NG-Free-23-1-2500-pix-3.png","datePublished":"2025-01-13T11:42:32+00:00","dateModified":"2026-02-23T10:35:31+00:00","description":"\u00bfBuscas un lujoso conjunto de sal\u00f3n Portofino? SUNS combina estilo, comodidad y calidad en un conjunto duradero para una experiencia moderna y relajada al aire libre.","breadcrumb":{"@id":"https:\/\/hello-suns.com\/es\/productos\/portofino-conjuntos-de-salon\/#breadcrumb"},"inLanguage":"es-ES","potentialAction":[{"@type":"ReadAction","target":["https:\/\/hello-suns.com\/es\/productos\/portofino-conjuntos-de-salon\/"]}]},{"@type":"ImageObject","inLanguage":"es-ES","@id":"https:\/\/hello-suns.com\/es\/productos\/portofino-conjuntos-de-salon\/#primaryimage","url":"https:\/\/hello-suns.com\/app\/uploads\/2025\/01\/01_Portofino-SUNS-6pc-LoungesetCushion-side-table-CS-NG-Free-23-1-2500-pix-3.png","contentUrl":"https:\/\/hello-suns.com\/app\/uploads\/2025\/01\/01_Portofino-SUNS-6pc-LoungesetCushion-side-table-CS-NG-Free-23-1-2500-pix-3.png","width":2500,"height":1667},{"@type":"BreadcrumbList","@id":"https:\/\/hello-suns.com\/es\/productos\/portofino-conjuntos-de-salon\/#breadcrumb","itemListElement":[{"@type":"ListItem","position":1,"name":"","item":"https:\/\/hello-suns.com\/es\/"},{"@type":"ListItem","position":2,"name":"Productos","item":"https:\/\/hello-suns.com\/es\/productos\/"},{"@type":"ListItem","position":3,"name":"Portofino"}]},{"@type":"WebSite","@id":"https:\/\/hello-suns.com\/es\/#website","url":"https:\/\/hello-suns.com\/es\/","name":"SUNS","description":"Outdoor Lifestyle","potentialAction":[{"@type":"SearchAction","target":{"@type":"EntryPoint","urlTemplate":"https:\/\/hello-suns.com\/es\/?s={search_term_string}"},"query-input":{"@type":"PropertyValueSpecification","valueRequired":true,"valueName":"search_term_string"}}],"inLanguage":"es-ES"}]}},"_links":{"self":[{"href":"https:\/\/hello-suns.com\/es\/wp-json\/wp\/v2\/product\/15790","targetHints":{"allow":["GET"]}}],"collection":[{"href":"https:\/\/hello-suns.com\/es\/wp-json\/wp\/v2\/product"}],"about":[{"href":"https:\/\/hello-suns.com\/es\/wp-json\/wp\/v2\/types\/product"}],"replies":[{"embeddable":true,"href":"https:\/\/hello-suns.com\/es\/wp-json\/wp\/v2\/comments?post=15790"}],"wp:featuredmedia":[{"embeddable":true,"href":"https:\/\/hello-suns.com\/es\/wp-json\/wp\/v2\/media\/15792"}],"wp:attachment":[{"href":"https:\/\/hello-suns.com\/es\/wp-json\/wp\/v2\/media?parent=15790"}],"wp:term":[{"taxonomy":"product_brand","embeddable":true,"href":"https:\/\/hello-suns.com\/es\/wp-json\/wp\/v2\/product_brand?post=15790"},{"taxonomy":"product_cat","embeddable":true,"href":"https:\/\/hello-suns.com\/es\/wp-json\/wp\/v2\/product_cat?post=15790"},{"taxonomy":"product_tag","embeddable":true,"href":"https:\/\/hello-suns.com\/es\/wp-json\/wp\/v2\/product_tag?post=15790"},{"taxonomy":"material","embeddable":true,"href":"https:\/\/hello-suns.com\/es\/wp-json\/wp\/v2\/material?post=15790"}],"curies":[{"name":"wp","href":"https:\/\/api.w.org\/{rel}","templated":true}]}}