{"id":15751,"date":"2025-01-13T12:45:46","date_gmt":"2025-01-13T11:45:46","guid":{"rendered":"https:\/\/hello-suns.com\/producten\/kota\/"},"modified":"2026-02-23T09:44:43","modified_gmt":"2026-02-23T08:44:43","slug":"kota","status":"publish","type":"product","link":"https:\/\/hello-suns.com\/es\/productos\/kota\/","title":{"rendered":"Kota"},"content":{"rendered":"<h2 style=\"font-weight: 400;\">Jugar con los elementos<\/h2>\n<p style=\"font-weight: 400;\">Sigue sorprendi\u00e9ndote con las infinitas posibilidades que te ofrece Kota. Juega con los distintos elementos y haz de tu jard\u00edn el lugar definitivo al que volver a casa. \u00bfJuguet\u00f3n, resistente, elegante o sutil? Este conjunto es tan flexible como t\u00fa.<\/p>\n","protected":false},"excerpt":{"rendered":"<h3 style=\"font-weight: 400;\">La pareja ideal<\/h3>\n<p style=\"font-weight: 400;\">El conjunto de sof\u00e1s Kota est\u00e1 formado por sof\u00e1s individuales, que te dan toda la libertad para crear tu disposici\u00f3n ideal. El Kota ofrece una aut\u00e9ntica sensaci\u00f3n de sal\u00f3n gracias a su asiento extra bajo. No en vano, a este tipo de sof\u00e1 se le llama \u201ctumbona baja\u201d. Gracias a los cojines firmemente acolchados del asiento y el respaldo, este conjunto de sof\u00e1 ofrece una comodidad de asiento sin precedentes. Adem\u00e1s, los cojines est\u00e1n hechos de Quick Dry Foam\u00ae, por lo que el conjunto se seca r\u00e1pidamente despu\u00e9s de una ducha.<\/p>\n<p style=\"font-weight: 400;\">Kota es un conjunto modular dentro del programa T\u00fa Creas. En \u00e9l, puedes elegir varios elementos individuales, como sof\u00e1s de dos o tres plazas, una mesa auxiliar, mesas auxiliares o no, y crear el conjunto perfecto para tu situaci\u00f3n. Kota es el descanso tal y como debe ser: sentarse relajadamente con la familia y los amigos y disfrutar de la noche de verano. Kota tambi\u00e9n est\u00e1 disponible como conjunto de sal\u00f3n y como sof\u00e1 cama.<\/p>\n","protected":false},"featured_media":15773,"comment_status":"closed","ping_status":"closed","template":"","meta":{"_acf_changed":false},"product_brand":[],"product_cat":[800,797],"product_tag":[],"material":[],"class_list":{"0":"post-15751","1":"product","2":"type-product","3":"status-publish","4":"has-post-thumbnail","6":"product_cat-conjuntos-de-sofa","7":"product_cat-you-create-es","9":"first","10":"instock","11":"shipping-taxable","12":"product-type-simple"},"acf":[],"yoast_head":"<!-- This site is optimized with the Yoast SEO plugin v26.8 - https:\/\/yoast.com\/product\/yoast-seo-wordpress\/ -->\n<title>Descubre el Conjunto de Sof\u00e1 Kota | SUNS Outdoor Lifestyle<\/title>\n<meta name=\"description\" content=\"\u00bfBuscas un elegante conjunto de sof\u00e1 kota? SUNS ofrece conjuntos de sof\u00e1 c\u00f3modos y duraderos con un dise\u00f1o moderno, perfectos para un lujoso espacio exterior.\" \/>\n<meta name=\"robots\" content=\"index, follow, max-snippet:-1, max-image-preview:large, max-video-preview:-1\" \/>\n<link rel=\"canonical\" href=\"https:\/\/hello-suns.com\/es\/productos\/kota\/\" \/>\n<meta property=\"og:locale\" content=\"es_ES\" \/>\n<meta property=\"og:type\" content=\"article\" \/>\n<meta property=\"og:title\" content=\"Descubre el Conjunto de Sof\u00e1 Kota | SUNS Outdoor Lifestyle\" \/>\n<meta property=\"og:description\" content=\"\u00bfBuscas un elegante conjunto de sof\u00e1 kota? SUNS ofrece conjuntos de sof\u00e1 c\u00f3modos y duraderos con un dise\u00f1o moderno, perfectos para un lujoso espacio exterior.\" \/>\n<meta property=\"og:url\" content=\"https:\/\/hello-suns.com\/es\/productos\/kota\/\" \/>\n<meta property=\"og:site_name\" content=\"SUNS\" \/>\n<meta property=\"article:modified_time\" content=\"2026-02-23T08:44:43+00:00\" \/>\n<meta property=\"og:image\" content=\"https:\/\/hello-suns.com\/app\/uploads\/2025\/01\/01_Kota-SUNS-Loungeset-Ibiza-TK-CS-NG-Free-23-1-2500-pix-2.png\" \/>\n\t<meta property=\"og:image:width\" content=\"2500\" \/>\n\t<meta property=\"og:image:height\" content=\"1667\" \/>\n\t<meta property=\"og:image:type\" content=\"image\/png\" \/>\n<meta name=\"twitter:card\" content=\"summary_large_image\" \/>\n<meta name=\"twitter:label1\" content=\"Est. reading time\" \/>\n\t<meta name=\"twitter:data1\" content=\"4 minutes\" \/>\n<script type=\"application\/ld+json\" class=\"yoast-schema-graph\">{\"@context\":\"https:\/\/schema.org\",\"@graph\":[{\"@type\":\"WebPage\",\"@id\":\"https:\/\/hello-suns.com\/es\/productos\/kota\/\",\"url\":\"https:\/\/hello-suns.com\/es\/productos\/kota\/\",\"name\":\"Descubre el Conjunto de Sof\u00e1 Kota | SUNS Outdoor Lifestyle\",\"isPartOf\":{\"@id\":\"https:\/\/hello-suns.com\/es\/#website\"},\"primaryImageOfPage\":{\"@id\":\"https:\/\/hello-suns.com\/es\/productos\/kota\/#primaryimage\"},\"image\":{\"@id\":\"https:\/\/hello-suns.com\/es\/productos\/kota\/#primaryimage\"},\"thumbnailUrl\":\"https:\/\/hello-suns.com\/app\/uploads\/2025\/01\/01_Kota-SUNS-Loungeset-Ibiza-TK-CS-NG-Free-23-1-2500-pix-2.png\",\"datePublished\":\"2025-01-13T11:45:46+00:00\",\"dateModified\":\"2026-02-23T08:44:43+00:00\",\"description\":\"\u00bfBuscas un elegante conjunto de sof\u00e1 kota? SUNS ofrece conjuntos de sof\u00e1 c\u00f3modos y duraderos con un dise\u00f1o moderno, perfectos para un lujoso espacio exterior.\",\"breadcrumb\":{\"@id\":\"https:\/\/hello-suns.com\/es\/productos\/kota\/#breadcrumb\"},\"inLanguage\":\"es-ES\",\"potentialAction\":[{\"@type\":\"ReadAction\",\"target\":[\"https:\/\/hello-suns.com\/es\/productos\/kota\/\"]}]},{\"@type\":\"ImageObject\",\"inLanguage\":\"es-ES\",\"@id\":\"https:\/\/hello-suns.com\/es\/productos\/kota\/#primaryimage\",\"url\":\"https:\/\/hello-suns.com\/app\/uploads\/2025\/01\/01_Kota-SUNS-Loungeset-Ibiza-TK-CS-NG-Free-23-1-2500-pix-2.png\",\"contentUrl\":\"https:\/\/hello-suns.com\/app\/uploads\/2025\/01\/01_Kota-SUNS-Loungeset-Ibiza-TK-CS-NG-Free-23-1-2500-pix-2.png\",\"width\":2500,\"height\":1667},{\"@type\":\"BreadcrumbList\",\"@id\":\"https:\/\/hello-suns.com\/es\/productos\/kota\/#breadcrumb\",\"itemListElement\":[{\"@type\":\"ListItem\",\"position\":1,\"name\":\"\",\"item\":\"https:\/\/hello-suns.com\/es\/\"},{\"@type\":\"ListItem\",\"position\":2,\"name\":\"Productos\",\"item\":\"https:\/\/hello-suns.com\/es\/productos\/\"},{\"@type\":\"ListItem\",\"position\":3,\"name\":\"Kota\"}]},{\"@type\":\"WebSite\",\"@id\":\"https:\/\/hello-suns.com\/es\/#website\",\"url\":\"https:\/\/hello-suns.com\/es\/\",\"name\":\"SUNS\",\"description\":\"Outdoor Lifestyle\",\"potentialAction\":[{\"@type\":\"SearchAction\",\"target\":{\"@type\":\"EntryPoint\",\"urlTemplate\":\"https:\/\/hello-suns.com\/es\/?s={search_term_string}\"},\"query-input\":{\"@type\":\"PropertyValueSpecification\",\"valueRequired\":true,\"valueName\":\"search_term_string\"}}],\"inLanguage\":\"es-ES\"}]}<\/script>\n<!-- \/ Yoast SEO plugin. -->","yoast_head_json":{"title":"Descubre el Conjunto de Sof\u00e1 Kota | SUNS Outdoor Lifestyle","description":"\u00bfBuscas un elegante conjunto de sof\u00e1 kota? SUNS ofrece conjuntos de sof\u00e1 c\u00f3modos y duraderos con un dise\u00f1o moderno, perfectos para un lujoso espacio exterior.","robots":{"index":"index","follow":"follow","max-snippet":"max-snippet:-1","max-image-preview":"max-image-preview:large","max-video-preview":"max-video-preview:-1"},"canonical":"https:\/\/hello-suns.com\/es\/productos\/kota\/","og_locale":"es_ES","og_type":"article","og_title":"Descubre el Conjunto de Sof\u00e1 Kota | SUNS Outdoor Lifestyle","og_description":"\u00bfBuscas un elegante conjunto de sof\u00e1 kota? SUNS ofrece conjuntos de sof\u00e1 c\u00f3modos y duraderos con un dise\u00f1o moderno, perfectos para un lujoso espacio exterior.","og_url":"https:\/\/hello-suns.com\/es\/productos\/kota\/","og_site_name":"SUNS","article_modified_time":"2026-02-23T08:44:43+00:00","og_image":[{"width":2500,"height":1667,"url":"https:\/\/hello-suns.com\/app\/uploads\/2025\/01\/01_Kota-SUNS-Loungeset-Ibiza-TK-CS-NG-Free-23-1-2500-pix-2.png","type":"image\/png"}],"twitter_card":"summary_large_image","twitter_misc":{"Est. reading time":"4 minutes"},"schema":{"@context":"https:\/\/schema.org","@graph":[{"@type":"WebPage","@id":"https:\/\/hello-suns.com\/es\/productos\/kota\/","url":"https:\/\/hello-suns.com\/es\/productos\/kota\/","name":"Descubre el Conjunto de Sof\u00e1 Kota | SUNS Outdoor Lifestyle","isPartOf":{"@id":"https:\/\/hello-suns.com\/es\/#website"},"primaryImageOfPage":{"@id":"https:\/\/hello-suns.com\/es\/productos\/kota\/#primaryimage"},"image":{"@id":"https:\/\/hello-suns.com\/es\/productos\/kota\/#primaryimage"},"thumbnailUrl":"https:\/\/hello-suns.com\/app\/uploads\/2025\/01\/01_Kota-SUNS-Loungeset-Ibiza-TK-CS-NG-Free-23-1-2500-pix-2.png","datePublished":"2025-01-13T11:45:46+00:00","dateModified":"2026-02-23T08:44:43+00:00","description":"\u00bfBuscas un elegante conjunto de sof\u00e1 kota? SUNS ofrece conjuntos de sof\u00e1 c\u00f3modos y duraderos con un dise\u00f1o moderno, perfectos para un lujoso espacio exterior.","breadcrumb":{"@id":"https:\/\/hello-suns.com\/es\/productos\/kota\/#breadcrumb"},"inLanguage":"es-ES","potentialAction":[{"@type":"ReadAction","target":["https:\/\/hello-suns.com\/es\/productos\/kota\/"]}]},{"@type":"ImageObject","inLanguage":"es-ES","@id":"https:\/\/hello-suns.com\/es\/productos\/kota\/#primaryimage","url":"https:\/\/hello-suns.com\/app\/uploads\/2025\/01\/01_Kota-SUNS-Loungeset-Ibiza-TK-CS-NG-Free-23-1-2500-pix-2.png","contentUrl":"https:\/\/hello-suns.com\/app\/uploads\/2025\/01\/01_Kota-SUNS-Loungeset-Ibiza-TK-CS-NG-Free-23-1-2500-pix-2.png","width":2500,"height":1667},{"@type":"BreadcrumbList","@id":"https:\/\/hello-suns.com\/es\/productos\/kota\/#breadcrumb","itemListElement":[{"@type":"ListItem","position":1,"name":"","item":"https:\/\/hello-suns.com\/es\/"},{"@type":"ListItem","position":2,"name":"Productos","item":"https:\/\/hello-suns.com\/es\/productos\/"},{"@type":"ListItem","position":3,"name":"Kota"}]},{"@type":"WebSite","@id":"https:\/\/hello-suns.com\/es\/#website","url":"https:\/\/hello-suns.com\/es\/","name":"SUNS","description":"Outdoor Lifestyle","potentialAction":[{"@type":"SearchAction","target":{"@type":"EntryPoint","urlTemplate":"https:\/\/hello-suns.com\/es\/?s={search_term_string}"},"query-input":{"@type":"PropertyValueSpecification","valueRequired":true,"valueName":"search_term_string"}}],"inLanguage":"es-ES"}]}},"_links":{"self":[{"href":"https:\/\/hello-suns.com\/es\/wp-json\/wp\/v2\/product\/15751","targetHints":{"allow":["GET"]}}],"collection":[{"href":"https:\/\/hello-suns.com\/es\/wp-json\/wp\/v2\/product"}],"about":[{"href":"https:\/\/hello-suns.com\/es\/wp-json\/wp\/v2\/types\/product"}],"replies":[{"embeddable":true,"href":"https:\/\/hello-suns.com\/es\/wp-json\/wp\/v2\/comments?post=15751"}],"wp:featuredmedia":[{"embeddable":true,"href":"https:\/\/hello-suns.com\/es\/wp-json\/wp\/v2\/media\/15773"}],"wp:attachment":[{"href":"https:\/\/hello-suns.com\/es\/wp-json\/wp\/v2\/media?parent=15751"}],"wp:term":[{"taxonomy":"product_brand","embeddable":true,"href":"https:\/\/hello-suns.com\/es\/wp-json\/wp\/v2\/product_brand?post=15751"},{"taxonomy":"product_cat","embeddable":true,"href":"https:\/\/hello-suns.com\/es\/wp-json\/wp\/v2\/product_cat?post=15751"},{"taxonomy":"product_tag","embeddable":true,"href":"https:\/\/hello-suns.com\/es\/wp-json\/wp\/v2\/product_tag?post=15751"},{"taxonomy":"material","embeddable":true,"href":"https:\/\/hello-suns.com\/es\/wp-json\/wp\/v2\/material?post=15751"}],"curies":[{"name":"wp","href":"https:\/\/api.w.org\/{rel}","templated":true}]}}