{"id":15738,"date":"2025-01-13T12:49:10","date_gmt":"2025-01-13T12:49:10","guid":{"rendered":"https:\/\/hello-suns.com\/producten\/sorrento-2\/"},"modified":"2025-09-09T14:01:44","modified_gmt":"2025-09-09T14:01:44","slug":"sorrento-sillas-lounge","status":"publish","type":"product","link":"https:\/\/hello-suns.com\/es\/productos\/sorrento-sillas-lounge\/","title":{"rendered":"Sorrento"},"content":{"rendered":"<h2>Delicioso dura m\u00e1s<\/h2>\n<p>Combina un elegante dise\u00f1o de silla con materiales excepcionales y esto es lo que obtienes: un maravilloso confort de asiento que lucir\u00e1 en tu jard\u00edn durante a\u00f1os. La tumbona Sorrento es disfrute.<\/p>\n","protected":false},"excerpt":{"rendered":"<h3>Tumbona de cuerda con generosos cojines<\/h3>\n<p>La tumbona Sorrento es quiz\u00e1 el superlativo en comodidad de asiento. La base de aluminio garantiza una construcci\u00f3n s\u00f3lida. El trabajo en cuerda da encanto al conjunto. \u00a1Y luego est\u00e1n los cojines! El interior de los cojines es de Espuma de Secado R\u00e1pido. Esto permite que se sequen r\u00e1pidamente despu\u00e9s de una ducha. El tejido exterior de alta calidad es hidr\u00f3fugo, fungicida, resistente a la intemperie y tiene un tacto maravillosamente suave. La tumbona Sorrento tambi\u00e9n est\u00e1 disponible como conjunto de sof\u00e1 y conjunto de tumbona con disposici\u00f3n esquinera fija o como conjunto de tumbona con chaise longue.<\/p>\n","protected":false},"featured_media":15739,"comment_status":"closed","ping_status":"closed","template":"","meta":{"_acf_changed":false},"product_brand":[],"product_cat":[796],"product_tag":[],"material":[],"class_list":{"0":"post-15738","1":"product","2":"type-product","3":"status-publish","4":"has-post-thumbnail","6":"product_cat-sillas-lounge","8":"first","9":"instock","10":"shipping-taxable","11":"product-type-simple"},"acf":[],"yoast_head":"<!-- This site is optimized with the Yoast SEO plugin v26.8 - https:\/\/yoast.com\/product\/yoast-seo-wordpress\/ -->\n<title>Descubre la tumbona Sorrento | SUNS Outdoor Lifestyle<\/title>\n<meta name=\"description\" content=\"\u00bfBuscas una elegante tumbona Sorrento? SUNS te ofrece c\u00f3modas tumbonas de dise\u00f1o moderno y calidad duradera para tu espacio exterior.\" \/>\n<meta name=\"robots\" content=\"index, follow, max-snippet:-1, max-image-preview:large, max-video-preview:-1\" \/>\n<link rel=\"canonical\" href=\"https:\/\/hello-suns.com\/es\/productos\/sorrento-sillas-lounge\/\" \/>\n<meta property=\"og:locale\" content=\"es_ES\" \/>\n<meta property=\"og:type\" content=\"article\" \/>\n<meta property=\"og:title\" content=\"Descubre la tumbona Sorrento | SUNS Outdoor Lifestyle\" \/>\n<meta property=\"og:description\" content=\"\u00bfBuscas una elegante tumbona Sorrento? SUNS te ofrece c\u00f3modas tumbonas de dise\u00f1o moderno y calidad duradera para tu espacio exterior.\" \/>\n<meta property=\"og:url\" content=\"https:\/\/hello-suns.com\/es\/productos\/sorrento-sillas-lounge\/\" \/>\n<meta property=\"og:site_name\" content=\"SUNS\" \/>\n<meta property=\"article:modified_time\" content=\"2025-09-09T14:01:44+00:00\" \/>\n<meta property=\"og:image\" content=\"https:\/\/hello-suns.com\/app\/uploads\/2025\/01\/01_Sorrento-SUNS-Loungechair-MRG-FIW-CS-SMW-Free-22-1-2500-2-1024x683.png\" \/>\n\t<meta property=\"og:image:width\" content=\"1024\" \/>\n\t<meta property=\"og:image:height\" content=\"683\" \/>\n\t<meta property=\"og:image:type\" content=\"image\/png\" \/>\n<meta name=\"twitter:card\" content=\"summary_large_image\" \/>\n<meta name=\"twitter:label1\" content=\"Est. reading time\" \/>\n\t<meta name=\"twitter:data1\" content=\"3 minutes\" \/>\n<script type=\"application\/ld+json\" class=\"yoast-schema-graph\">{\"@context\":\"https:\/\/schema.org\",\"@graph\":[{\"@type\":\"WebPage\",\"@id\":\"https:\/\/hello-suns.com\/es\/productos\/sorrento-sillas-lounge\/\",\"url\":\"https:\/\/hello-suns.com\/es\/productos\/sorrento-sillas-lounge\/\",\"name\":\"Descubre la tumbona Sorrento | SUNS Outdoor Lifestyle\",\"isPartOf\":{\"@id\":\"https:\/\/hello-suns.com\/es\/#website\"},\"primaryImageOfPage\":{\"@id\":\"https:\/\/hello-suns.com\/es\/productos\/sorrento-sillas-lounge\/#primaryimage\"},\"image\":{\"@id\":\"https:\/\/hello-suns.com\/es\/productos\/sorrento-sillas-lounge\/#primaryimage\"},\"thumbnailUrl\":\"https:\/\/hello-suns.com\/app\/uploads\/2025\/01\/01_Sorrento-SUNS-Loungechair-MRG-FIW-CS-SMW-Free-22-1-2500-2.png\",\"datePublished\":\"2025-01-13T12:49:10+00:00\",\"dateModified\":\"2025-09-09T14:01:44+00:00\",\"description\":\"\u00bfBuscas una elegante tumbona Sorrento? SUNS te ofrece c\u00f3modas tumbonas de dise\u00f1o moderno y calidad duradera para tu espacio exterior.\",\"breadcrumb\":{\"@id\":\"https:\/\/hello-suns.com\/es\/productos\/sorrento-sillas-lounge\/#breadcrumb\"},\"inLanguage\":\"es-ES\",\"potentialAction\":[{\"@type\":\"ReadAction\",\"target\":[\"https:\/\/hello-suns.com\/es\/productos\/sorrento-sillas-lounge\/\"]}]},{\"@type\":\"ImageObject\",\"inLanguage\":\"es-ES\",\"@id\":\"https:\/\/hello-suns.com\/es\/productos\/sorrento-sillas-lounge\/#primaryimage\",\"url\":\"https:\/\/hello-suns.com\/app\/uploads\/2025\/01\/01_Sorrento-SUNS-Loungechair-MRG-FIW-CS-SMW-Free-22-1-2500-2.png\",\"contentUrl\":\"https:\/\/hello-suns.com\/app\/uploads\/2025\/01\/01_Sorrento-SUNS-Loungechair-MRG-FIW-CS-SMW-Free-22-1-2500-2.png\",\"width\":2500,\"height\":1667},{\"@type\":\"BreadcrumbList\",\"@id\":\"https:\/\/hello-suns.com\/es\/productos\/sorrento-sillas-lounge\/#breadcrumb\",\"itemListElement\":[{\"@type\":\"ListItem\",\"position\":1,\"name\":\"\",\"item\":\"https:\/\/hello-suns.com\/es\/\"},{\"@type\":\"ListItem\",\"position\":2,\"name\":\"Productos\",\"item\":\"https:\/\/hello-suns.com\/es\/productos\/\"},{\"@type\":\"ListItem\",\"position\":3,\"name\":\"Sorrento\"}]},{\"@type\":\"WebSite\",\"@id\":\"https:\/\/hello-suns.com\/es\/#website\",\"url\":\"https:\/\/hello-suns.com\/es\/\",\"name\":\"SUNS\",\"description\":\"Outdoor Lifestyle\",\"potentialAction\":[{\"@type\":\"SearchAction\",\"target\":{\"@type\":\"EntryPoint\",\"urlTemplate\":\"https:\/\/hello-suns.com\/es\/?s={search_term_string}\"},\"query-input\":{\"@type\":\"PropertyValueSpecification\",\"valueRequired\":true,\"valueName\":\"search_term_string\"}}],\"inLanguage\":\"es-ES\"}]}<\/script>\n<!-- \/ Yoast SEO plugin. -->","yoast_head_json":{"title":"Descubre la tumbona Sorrento | SUNS Outdoor Lifestyle","description":"\u00bfBuscas una elegante tumbona Sorrento? SUNS te ofrece c\u00f3modas tumbonas de dise\u00f1o moderno y calidad duradera para tu espacio exterior.","robots":{"index":"index","follow":"follow","max-snippet":"max-snippet:-1","max-image-preview":"max-image-preview:large","max-video-preview":"max-video-preview:-1"},"canonical":"https:\/\/hello-suns.com\/es\/productos\/sorrento-sillas-lounge\/","og_locale":"es_ES","og_type":"article","og_title":"Descubre la tumbona Sorrento | SUNS Outdoor Lifestyle","og_description":"\u00bfBuscas una elegante tumbona Sorrento? SUNS te ofrece c\u00f3modas tumbonas de dise\u00f1o moderno y calidad duradera para tu espacio exterior.","og_url":"https:\/\/hello-suns.com\/es\/productos\/sorrento-sillas-lounge\/","og_site_name":"SUNS","article_modified_time":"2025-09-09T14:01:44+00:00","og_image":[{"width":1024,"height":683,"url":"https:\/\/hello-suns.com\/app\/uploads\/2025\/01\/01_Sorrento-SUNS-Loungechair-MRG-FIW-CS-SMW-Free-22-1-2500-2-1024x683.png","type":"image\/png"}],"twitter_card":"summary_large_image","twitter_misc":{"Est. reading time":"3 minutes"},"schema":{"@context":"https:\/\/schema.org","@graph":[{"@type":"WebPage","@id":"https:\/\/hello-suns.com\/es\/productos\/sorrento-sillas-lounge\/","url":"https:\/\/hello-suns.com\/es\/productos\/sorrento-sillas-lounge\/","name":"Descubre la tumbona Sorrento | SUNS Outdoor Lifestyle","isPartOf":{"@id":"https:\/\/hello-suns.com\/es\/#website"},"primaryImageOfPage":{"@id":"https:\/\/hello-suns.com\/es\/productos\/sorrento-sillas-lounge\/#primaryimage"},"image":{"@id":"https:\/\/hello-suns.com\/es\/productos\/sorrento-sillas-lounge\/#primaryimage"},"thumbnailUrl":"https:\/\/hello-suns.com\/app\/uploads\/2025\/01\/01_Sorrento-SUNS-Loungechair-MRG-FIW-CS-SMW-Free-22-1-2500-2.png","datePublished":"2025-01-13T12:49:10+00:00","dateModified":"2025-09-09T14:01:44+00:00","description":"\u00bfBuscas una elegante tumbona Sorrento? SUNS te ofrece c\u00f3modas tumbonas de dise\u00f1o moderno y calidad duradera para tu espacio exterior.","breadcrumb":{"@id":"https:\/\/hello-suns.com\/es\/productos\/sorrento-sillas-lounge\/#breadcrumb"},"inLanguage":"es-ES","potentialAction":[{"@type":"ReadAction","target":["https:\/\/hello-suns.com\/es\/productos\/sorrento-sillas-lounge\/"]}]},{"@type":"ImageObject","inLanguage":"es-ES","@id":"https:\/\/hello-suns.com\/es\/productos\/sorrento-sillas-lounge\/#primaryimage","url":"https:\/\/hello-suns.com\/app\/uploads\/2025\/01\/01_Sorrento-SUNS-Loungechair-MRG-FIW-CS-SMW-Free-22-1-2500-2.png","contentUrl":"https:\/\/hello-suns.com\/app\/uploads\/2025\/01\/01_Sorrento-SUNS-Loungechair-MRG-FIW-CS-SMW-Free-22-1-2500-2.png","width":2500,"height":1667},{"@type":"BreadcrumbList","@id":"https:\/\/hello-suns.com\/es\/productos\/sorrento-sillas-lounge\/#breadcrumb","itemListElement":[{"@type":"ListItem","position":1,"name":"","item":"https:\/\/hello-suns.com\/es\/"},{"@type":"ListItem","position":2,"name":"Productos","item":"https:\/\/hello-suns.com\/es\/productos\/"},{"@type":"ListItem","position":3,"name":"Sorrento"}]},{"@type":"WebSite","@id":"https:\/\/hello-suns.com\/es\/#website","url":"https:\/\/hello-suns.com\/es\/","name":"SUNS","description":"Outdoor Lifestyle","potentialAction":[{"@type":"SearchAction","target":{"@type":"EntryPoint","urlTemplate":"https:\/\/hello-suns.com\/es\/?s={search_term_string}"},"query-input":{"@type":"PropertyValueSpecification","valueRequired":true,"valueName":"search_term_string"}}],"inLanguage":"es-ES"}]}},"_links":{"self":[{"href":"https:\/\/hello-suns.com\/es\/wp-json\/wp\/v2\/product\/15738","targetHints":{"allow":["GET"]}}],"collection":[{"href":"https:\/\/hello-suns.com\/es\/wp-json\/wp\/v2\/product"}],"about":[{"href":"https:\/\/hello-suns.com\/es\/wp-json\/wp\/v2\/types\/product"}],"replies":[{"embeddable":true,"href":"https:\/\/hello-suns.com\/es\/wp-json\/wp\/v2\/comments?post=15738"}],"wp:featuredmedia":[{"embeddable":true,"href":"https:\/\/hello-suns.com\/es\/wp-json\/wp\/v2\/media\/15739"}],"wp:attachment":[{"href":"https:\/\/hello-suns.com\/es\/wp-json\/wp\/v2\/media?parent=15738"}],"wp:term":[{"taxonomy":"product_brand","embeddable":true,"href":"https:\/\/hello-suns.com\/es\/wp-json\/wp\/v2\/product_brand?post=15738"},{"taxonomy":"product_cat","embeddable":true,"href":"https:\/\/hello-suns.com\/es\/wp-json\/wp\/v2\/product_cat?post=15738"},{"taxonomy":"product_tag","embeddable":true,"href":"https:\/\/hello-suns.com\/es\/wp-json\/wp\/v2\/product_tag?post=15738"},{"taxonomy":"material","embeddable":true,"href":"https:\/\/hello-suns.com\/es\/wp-json\/wp\/v2\/material?post=15738"}],"curies":[{"name":"wp","href":"https:\/\/api.w.org\/{rel}","templated":true}]}}