{"id":15724,"date":"2025-01-13T12:35:45","date_gmt":"2025-01-13T12:35:45","guid":{"rendered":"https:\/\/hello-suns.com\/producten\/lucia\/"},"modified":"2025-09-11T08:35:42","modified_gmt":"2025-09-11T08:35:42","slug":"lucia-conjuntos-de-sofa","status":"publish","type":"product","link":"https:\/\/hello-suns.com\/es\/productos\/lucia-conjuntos-de-sofa\/","title":{"rendered":"Luc\u00eda"},"content":{"rendered":"<h2 style=\"font-weight: 400;\">Crea tu propio lujo<\/h2>\n<p style=\"font-weight: 400;\">Disfruta del lujo puro en un estilo inconfundible. Lo redondo y lo cuadrado se unen agradablemente en el dise\u00f1o de SUNS Lucia. Produce elementos de asiento para exteriores que parecen sacados directamente de un interior de dise\u00f1o. Crea tu espacio exterior ideal con SUNS Lucia.<\/p>\n","protected":false},"excerpt":{"rendered":"<p style=\"font-weight: 400;\">El conjunto de sof\u00e1s SUNS Lucia es sin\u00f3nimo de descanso al m\u00e1s alto nivel. El caracter\u00edstico armaz\u00f3n tubular de aluminio industrial confiere al conjunto una construcci\u00f3n s\u00f3lida. Las generosas proporciones garantizan una agradable comodidad de asiento. Destaca el tapizado de los reposabrazos, que aumenta la comodidad y el aspecto.<\/p>\n<p style=\"font-weight: 400;\">SUNS Lucia est\u00e1 equipada, naturalmente, con cojines de asiento y respaldo de alta calidad. Est\u00e1n tapizados en nuestro tejido premium para exteriores, que combina la resistencia a la intemperie con un tacto agradablemente suave. SUNS Lucia forma parte del programa T\u00fa Creas de SUNS, en el que puedes combinar varios elementos de asiento y mesas auxiliares para crear tu disposici\u00f3n ideal. En el programa SUNS Lucia tambi\u00e9n hay disponibles un <u>conjunto de sal\u00f3n<\/u> (con disposici\u00f3n de esquina fija) y una <u>tumbona<\/u>.<\/p>\n","protected":false},"featured_media":15725,"comment_status":"closed","ping_status":"closed","template":"","meta":{"_acf_changed":false},"product_brand":[],"product_cat":[800,797],"product_tag":[],"material":[],"class_list":{"0":"post-15724","1":"product","2":"type-product","3":"status-publish","4":"has-post-thumbnail","6":"product_cat-conjuntos-de-sofa","7":"product_cat-you-create-es","9":"first","10":"instock","11":"shipping-taxable","12":"product-type-simple"},"acf":[],"yoast_head":"<!-- This site is optimized with the Yoast SEO plugin v26.8 - https:\/\/yoast.com\/product\/yoast-seo-wordpress\/ -->\n<title>Descubre el Conjunto de Sof\u00e1 Lucia | SUNS Outdoor Lifestyle<\/title>\n<meta name=\"description\" content=\"\u00bfBuscas un elegante conjunto de sof\u00e1 lucia? SUNS ofrece conjuntos de sof\u00e1 lujosos y duraderos que combinan a la perfecci\u00f3n comodidad, dise\u00f1o moderno y calidad.\" \/>\n<meta name=\"robots\" content=\"index, follow, max-snippet:-1, max-image-preview:large, max-video-preview:-1\" \/>\n<link rel=\"canonical\" href=\"https:\/\/hello-suns.com\/es\/productos\/lucia-conjuntos-de-sofa\/\" \/>\n<meta property=\"og:locale\" content=\"es_ES\" \/>\n<meta property=\"og:type\" content=\"article\" \/>\n<meta property=\"og:title\" content=\"Descubre el Conjunto de Sof\u00e1 Lucia | SUNS Outdoor Lifestyle\" \/>\n<meta property=\"og:description\" content=\"\u00bfBuscas un elegante conjunto de sof\u00e1 lucia? SUNS ofrece conjuntos de sof\u00e1 lujosos y duraderos que combinan a la perfecci\u00f3n comodidad, dise\u00f1o moderno y calidad.\" \/>\n<meta property=\"og:url\" content=\"https:\/\/hello-suns.com\/es\/productos\/lucia-conjuntos-de-sofa\/\" \/>\n<meta property=\"og:site_name\" content=\"SUNS\" \/>\n<meta property=\"article:modified_time\" content=\"2025-09-11T08:35:42+00:00\" \/>\n<meta property=\"og:image\" content=\"https:\/\/hello-suns.com\/app\/uploads\/2025\/01\/01_Lucia-SUNS-Sofaset5pcs-CS-NG-Free-25-2-2500-2.png\" \/>\n\t<meta property=\"og:image:width\" content=\"2500\" \/>\n\t<meta property=\"og:image:height\" content=\"1667\" \/>\n\t<meta property=\"og:image:type\" content=\"image\/png\" \/>\n<meta name=\"twitter:card\" content=\"summary_large_image\" \/>\n<meta name=\"twitter:label1\" content=\"Est. reading time\" \/>\n\t<meta name=\"twitter:data1\" content=\"4 minutes\" \/>\n<script type=\"application\/ld+json\" class=\"yoast-schema-graph\">{\"@context\":\"https:\/\/schema.org\",\"@graph\":[{\"@type\":\"WebPage\",\"@id\":\"https:\/\/hello-suns.com\/es\/productos\/lucia-conjuntos-de-sofa\/\",\"url\":\"https:\/\/hello-suns.com\/es\/productos\/lucia-conjuntos-de-sofa\/\",\"name\":\"Descubre el Conjunto de Sof\u00e1 Lucia | SUNS Outdoor Lifestyle\",\"isPartOf\":{\"@id\":\"https:\/\/hello-suns.com\/es\/#website\"},\"primaryImageOfPage\":{\"@id\":\"https:\/\/hello-suns.com\/es\/productos\/lucia-conjuntos-de-sofa\/#primaryimage\"},\"image\":{\"@id\":\"https:\/\/hello-suns.com\/es\/productos\/lucia-conjuntos-de-sofa\/#primaryimage\"},\"thumbnailUrl\":\"https:\/\/hello-suns.com\/app\/uploads\/2025\/01\/01_Lucia-SUNS-Sofaset5pcs-CS-NG-Free-25-2-2500-2.png\",\"datePublished\":\"2025-01-13T12:35:45+00:00\",\"dateModified\":\"2025-09-11T08:35:42+00:00\",\"description\":\"\u00bfBuscas un elegante conjunto de sof\u00e1 lucia? SUNS ofrece conjuntos de sof\u00e1 lujosos y duraderos que combinan a la perfecci\u00f3n comodidad, dise\u00f1o moderno y calidad.\",\"breadcrumb\":{\"@id\":\"https:\/\/hello-suns.com\/es\/productos\/lucia-conjuntos-de-sofa\/#breadcrumb\"},\"inLanguage\":\"es-ES\",\"potentialAction\":[{\"@type\":\"ReadAction\",\"target\":[\"https:\/\/hello-suns.com\/es\/productos\/lucia-conjuntos-de-sofa\/\"]}]},{\"@type\":\"ImageObject\",\"inLanguage\":\"es-ES\",\"@id\":\"https:\/\/hello-suns.com\/es\/productos\/lucia-conjuntos-de-sofa\/#primaryimage\",\"url\":\"https:\/\/hello-suns.com\/app\/uploads\/2025\/01\/01_Lucia-SUNS-Sofaset5pcs-CS-NG-Free-25-2-2500-2.png\",\"contentUrl\":\"https:\/\/hello-suns.com\/app\/uploads\/2025\/01\/01_Lucia-SUNS-Sofaset5pcs-CS-NG-Free-25-2-2500-2.png\",\"width\":2500,\"height\":1667},{\"@type\":\"BreadcrumbList\",\"@id\":\"https:\/\/hello-suns.com\/es\/productos\/lucia-conjuntos-de-sofa\/#breadcrumb\",\"itemListElement\":[{\"@type\":\"ListItem\",\"position\":1,\"name\":\"\",\"item\":\"https:\/\/hello-suns.com\/es\/\"},{\"@type\":\"ListItem\",\"position\":2,\"name\":\"Productos\",\"item\":\"https:\/\/hello-suns.com\/es\/productos\/\"},{\"@type\":\"ListItem\",\"position\":3,\"name\":\"Luc\u00eda\"}]},{\"@type\":\"WebSite\",\"@id\":\"https:\/\/hello-suns.com\/es\/#website\",\"url\":\"https:\/\/hello-suns.com\/es\/\",\"name\":\"SUNS\",\"description\":\"Outdoor Lifestyle\",\"potentialAction\":[{\"@type\":\"SearchAction\",\"target\":{\"@type\":\"EntryPoint\",\"urlTemplate\":\"https:\/\/hello-suns.com\/es\/?s={search_term_string}\"},\"query-input\":{\"@type\":\"PropertyValueSpecification\",\"valueRequired\":true,\"valueName\":\"search_term_string\"}}],\"inLanguage\":\"es-ES\"}]}<\/script>\n<!-- \/ Yoast SEO plugin. -->","yoast_head_json":{"title":"Descubre el Conjunto de Sof\u00e1 Lucia | SUNS Outdoor Lifestyle","description":"\u00bfBuscas un elegante conjunto de sof\u00e1 lucia? SUNS ofrece conjuntos de sof\u00e1 lujosos y duraderos que combinan a la perfecci\u00f3n comodidad, dise\u00f1o moderno y calidad.","robots":{"index":"index","follow":"follow","max-snippet":"max-snippet:-1","max-image-preview":"max-image-preview:large","max-video-preview":"max-video-preview:-1"},"canonical":"https:\/\/hello-suns.com\/es\/productos\/lucia-conjuntos-de-sofa\/","og_locale":"es_ES","og_type":"article","og_title":"Descubre el Conjunto de Sof\u00e1 Lucia | SUNS Outdoor Lifestyle","og_description":"\u00bfBuscas un elegante conjunto de sof\u00e1 lucia? SUNS ofrece conjuntos de sof\u00e1 lujosos y duraderos que combinan a la perfecci\u00f3n comodidad, dise\u00f1o moderno y calidad.","og_url":"https:\/\/hello-suns.com\/es\/productos\/lucia-conjuntos-de-sofa\/","og_site_name":"SUNS","article_modified_time":"2025-09-11T08:35:42+00:00","og_image":[{"width":2500,"height":1667,"url":"https:\/\/hello-suns.com\/app\/uploads\/2025\/01\/01_Lucia-SUNS-Sofaset5pcs-CS-NG-Free-25-2-2500-2.png","type":"image\/png"}],"twitter_card":"summary_large_image","twitter_misc":{"Est. reading time":"4 minutes"},"schema":{"@context":"https:\/\/schema.org","@graph":[{"@type":"WebPage","@id":"https:\/\/hello-suns.com\/es\/productos\/lucia-conjuntos-de-sofa\/","url":"https:\/\/hello-suns.com\/es\/productos\/lucia-conjuntos-de-sofa\/","name":"Descubre el Conjunto de Sof\u00e1 Lucia | SUNS Outdoor Lifestyle","isPartOf":{"@id":"https:\/\/hello-suns.com\/es\/#website"},"primaryImageOfPage":{"@id":"https:\/\/hello-suns.com\/es\/productos\/lucia-conjuntos-de-sofa\/#primaryimage"},"image":{"@id":"https:\/\/hello-suns.com\/es\/productos\/lucia-conjuntos-de-sofa\/#primaryimage"},"thumbnailUrl":"https:\/\/hello-suns.com\/app\/uploads\/2025\/01\/01_Lucia-SUNS-Sofaset5pcs-CS-NG-Free-25-2-2500-2.png","datePublished":"2025-01-13T12:35:45+00:00","dateModified":"2025-09-11T08:35:42+00:00","description":"\u00bfBuscas un elegante conjunto de sof\u00e1 lucia? SUNS ofrece conjuntos de sof\u00e1 lujosos y duraderos que combinan a la perfecci\u00f3n comodidad, dise\u00f1o moderno y calidad.","breadcrumb":{"@id":"https:\/\/hello-suns.com\/es\/productos\/lucia-conjuntos-de-sofa\/#breadcrumb"},"inLanguage":"es-ES","potentialAction":[{"@type":"ReadAction","target":["https:\/\/hello-suns.com\/es\/productos\/lucia-conjuntos-de-sofa\/"]}]},{"@type":"ImageObject","inLanguage":"es-ES","@id":"https:\/\/hello-suns.com\/es\/productos\/lucia-conjuntos-de-sofa\/#primaryimage","url":"https:\/\/hello-suns.com\/app\/uploads\/2025\/01\/01_Lucia-SUNS-Sofaset5pcs-CS-NG-Free-25-2-2500-2.png","contentUrl":"https:\/\/hello-suns.com\/app\/uploads\/2025\/01\/01_Lucia-SUNS-Sofaset5pcs-CS-NG-Free-25-2-2500-2.png","width":2500,"height":1667},{"@type":"BreadcrumbList","@id":"https:\/\/hello-suns.com\/es\/productos\/lucia-conjuntos-de-sofa\/#breadcrumb","itemListElement":[{"@type":"ListItem","position":1,"name":"","item":"https:\/\/hello-suns.com\/es\/"},{"@type":"ListItem","position":2,"name":"Productos","item":"https:\/\/hello-suns.com\/es\/productos\/"},{"@type":"ListItem","position":3,"name":"Luc\u00eda"}]},{"@type":"WebSite","@id":"https:\/\/hello-suns.com\/es\/#website","url":"https:\/\/hello-suns.com\/es\/","name":"SUNS","description":"Outdoor Lifestyle","potentialAction":[{"@type":"SearchAction","target":{"@type":"EntryPoint","urlTemplate":"https:\/\/hello-suns.com\/es\/?s={search_term_string}"},"query-input":{"@type":"PropertyValueSpecification","valueRequired":true,"valueName":"search_term_string"}}],"inLanguage":"es-ES"}]}},"_links":{"self":[{"href":"https:\/\/hello-suns.com\/es\/wp-json\/wp\/v2\/product\/15724","targetHints":{"allow":["GET"]}}],"collection":[{"href":"https:\/\/hello-suns.com\/es\/wp-json\/wp\/v2\/product"}],"about":[{"href":"https:\/\/hello-suns.com\/es\/wp-json\/wp\/v2\/types\/product"}],"replies":[{"embeddable":true,"href":"https:\/\/hello-suns.com\/es\/wp-json\/wp\/v2\/comments?post=15724"}],"wp:featuredmedia":[{"embeddable":true,"href":"https:\/\/hello-suns.com\/es\/wp-json\/wp\/v2\/media\/15725"}],"wp:attachment":[{"href":"https:\/\/hello-suns.com\/es\/wp-json\/wp\/v2\/media?parent=15724"}],"wp:term":[{"taxonomy":"product_brand","embeddable":true,"href":"https:\/\/hello-suns.com\/es\/wp-json\/wp\/v2\/product_brand?post=15724"},{"taxonomy":"product_cat","embeddable":true,"href":"https:\/\/hello-suns.com\/es\/wp-json\/wp\/v2\/product_cat?post=15724"},{"taxonomy":"product_tag","embeddable":true,"href":"https:\/\/hello-suns.com\/es\/wp-json\/wp\/v2\/product_tag?post=15724"},{"taxonomy":"material","embeddable":true,"href":"https:\/\/hello-suns.com\/es\/wp-json\/wp\/v2\/material?post=15724"}],"curies":[{"name":"wp","href":"https:\/\/api.w.org\/{rel}","templated":true}]}}